{"id":908,"date":"2019-04-22T11:49:33","date_gmt":"2019-04-22T14:49:33","guid":{"rendered":"https:\/\/www3.unicentro.br\/ppgh\/?page_id=908"},"modified":"2019-06-03T13:50:51","modified_gmt":"2019-06-03T16:50:51","slug":"quantitativo","status":"publish","type":"page","link":"https:\/\/www3.unicentro.br\/ppgh\/quantitativo\/","title":{"rendered":"Quantitativo"},"content":{"rendered":"<h4 style=\"text-align: center\"><strong>QUANTITATIVO 2017\/2018 &#8211; PPGH<\/strong><\/h4>\n<p><strong>DEFESAS<\/strong><\/p>\n<ul>\n<li>100% das bancas de defesa de disserta\u00e7\u00e3o com Membros Externos;<\/li>\n<li>m\u00e9dia de 5, 22 defesas\/por docente permanente durante o quadri\u00eanio (68 defesas no quadri\u00eanio);<\/li>\n<li>Taxa de TITULA\u00c7\u00c3O Geral = 94,45% (68 titulados);<\/li>\n<li>Taxa de EVAS\u00c3O = 5,55% (4 desligados\/abandono);<\/li>\n<li>Tempo m\u00e9dio de titula\u00e7\u00e3o:<\/li>\n<li>TURMA 2015 = 87,5%;<\/li>\n<li>TURMA 2016 = 90%;<\/li>\n<li>TURMA 2017 = 100%<\/li>\n<\/ul>\n<p>&nbsp;<\/p>\n<p><strong>PUBLICA\u00c7\u00d5ES<\/strong><\/p>\n<ul>\n<li>100% dos alunos publicaram em Anais de eventos cient\u00edficos da \u00e1rea;<\/li>\n<li>TURMA 2015 = 33,3% de Alunos publicaram em Revistas Cient\u00edficas da \u00c1rea;<\/li>\n<li>TURMA 2016 = 50% de Alunos publicaram em Revistas Cient\u00edficas da \u00c1rea;<\/li>\n<li>TURMA 2017 = 41,18% Alunos publicaram em Revistas Cient\u00edficas da \u00c1rea;<\/li>\n<\/ul>\n<p>&nbsp;<\/p>\n<p><strong>BOLSISTAS<\/strong><\/p>\n<ul>\n<li>100% dos discentes bolsistas defenderam no prazo de 24 meses;<\/li>\n<li>100% dos discentes bolsistas foram titulados no quadri\u00eanio;<\/li>\n<li>52% dos discentes bolsistas publicaram em Revistas Cient\u00edficas da \u00c1rea;<\/li>\n<\/ul>\n<p>&nbsp;<\/p>\n<p><strong>DOCENTES<\/strong><\/p>\n<ul>\n<li>corpo docente com 30% superior ao m\u00ednimo, de doutores, estabelecido pela CAPES;<\/li>\n<li>+ de 5 docentes (38,46%) permanentes com mais de 5 orienta\u00e7\u00f5es (cota de expertise);<\/li>\n<li>1 docente permanente com menos de 5 anos de doutorado (taxa de renova\u00e7\u00e3o);<\/li>\n<li>92,31%docentes permanentes (12) em Regime Integral \u00e0 IES;<\/li>\n<li>76,92% docentes permanentes (10) s\u00e3o L\u00edderes de Grupo de Pesquisa;<\/li>\n<li>69,23% docentes permanentes (9) foram organizadores de eventos cient\u00edfico da \u00e1rea;<\/li>\n<li>53,85% dos docentes permanentes (7) foram conferencistas em eventos cient\u00edficos da \u00e1rea.<\/li>\n<li>diversifica\u00e7\u00e3o dos(as) docentes do Programa em rela\u00e7\u00e3o \u00e0s institui\u00e7\u00f5es nas quais se doutoraram = 6 PPGs = USP = 1 (7,69 %); FIOCRUZ = 1 (7,69 %); UFRJ = 1 (7,69 %); UNESP = 2 (15,38 %); UFPR = 3 (23,08 %); UFSC = 5 (38,46 %);<\/li>\n<li>76,92%docentes permanentes (10) com est\u00e1gio de p\u00f3s-doutorado no Brasil e no exterior;<\/li>\n<li>15,38%docentes permanentes (2) com bolsas de Produtividade em Pesquisa junto ao CNPq;<\/li>\n<li>1 docente colaborador = 7,69% em rela\u00e7\u00e3o ao total de docentes permanentes do Programa;<\/li>\n<li>38,46% de professores (5) pertencentes ao n\u00facleo permanente (docentes permanentes desde a implanta\u00e7\u00e3o);<\/li>\n<li>100% dos docentes permanentes Coordenadores de Projetos de Pesquisa;<\/li>\n<li>76,92% docentes permanentes (10) com responsabilidades na oferta de ao menos duas disciplinas obrigat\u00f3rias e\/ou eletivas durante o quadri\u00eanio;<\/li>\n<li>100% dos docentes permanentes com orienta\u00e7\u00e3o de no m\u00ednimo 3 discentes no quadri\u00eanio;<\/li>\n<li>100% dos docentes permanentes com responsabilidades na oferta de disciplinas obrigat\u00f3rias, eletivas na gradua\u00e7\u00e3o durante o quadri\u00eanio;<\/li>\n<li>53,85% docentes permanentes (7) com pelo menos 4 orienta\u00e7\u00f5es de Inicia\u00e7\u00e3o Cient\u00edfica e 76,92%docentes permanentes (10) com orienta\u00e7\u00f5es de Inicia\u00e7\u00e3o Cient\u00edfica (IC) e Trabalho de Conclus\u00e3o de Curso (TCC);<\/li>\n<\/ul>\n<p style=\"text-align: right\"><span style=\"font-size: 8pt\">Atualizado em 09\/05\/2019<\/span><\/p>\n","protected":false},"excerpt":{"rendered":"<p>QUANTITATIVO 2017\/2018 &#8211; PPGH DEFESAS 100% das bancas de defesa de disserta\u00e7\u00e3o com Membros Externos; m\u00e9dia de 5, 22 defesas\/por docente permanente durante o quadri\u00eanio (68 defesas no quadri\u00eanio); Taxa de TITULA\u00c7\u00c3O Geral = 94,45% (68 titulados); Taxa de EVAS\u00c3O = 5,55% (4 desligados\/abandono); Tempo m\u00e9dio de titula\u00e7\u00e3o: TURMA 2015 = 87,5%; TURMA 2016 = [&hellip;]<\/p>\n","protected":false},"author":3,"featured_media":0,"parent":0,"menu_order":0,"comment_status":"closed","ping_status":"closed","template":"","meta":{"_exactmetrics_skip_tracking":false,"_exactmetrics_sitenote_active":false,"_exactmetrics_sitenote_note":"","_exactmetrics_sitenote_category":0,"footnotes":"","_links_to":"","_links_to_target":""},"class_list":["post-908","page","type-page","status-publish","hentry"],"_links":{"self":[{"href":"https:\/\/www3.unicentro.br\/ppgh\/wp-json\/wp\/v2\/pages\/908","targetHints":{"allow":["GET"]}}],"collection":[{"href":"https:\/\/www3.unicentro.br\/ppgh\/wp-json\/wp\/v2\/pages"}],"about":[{"href":"https:\/\/www3.unicentro.br\/ppgh\/wp-json\/wp\/v2\/types\/page"}],"author":[{"embeddable":true,"href":"https:\/\/www3.unicentro.br\/ppgh\/wp-json\/wp\/v2\/users\/3"}],"replies":[{"embeddable":true,"href":"https:\/\/www3.unicentro.br\/ppgh\/wp-json\/wp\/v2\/comments?post=908"}],"version-history":[{"count":0,"href":"https:\/\/www3.unicentro.br\/ppgh\/wp-json\/wp\/v2\/pages\/908\/revisions"}],"wp:attachment":[{"href":"https:\/\/www3.unicentro.br\/ppgh\/wp-json\/wp\/v2\/media?parent=908"}],"curies":[{"name":"wp","href":"https:\/\/api.w.org\/{rel}","templated":true}]}}