{"id":901,"date":"2019-04-22T11:39:05","date_gmt":"2019-04-22T14:39:05","guid":{"rendered":"https:\/\/www3.unicentro.br\/ppgh\/?page_id=901"},"modified":"2022-09-22T11:10:38","modified_gmt":"2022-09-22T14:10:38","slug":"infraestrutura","status":"publish","type":"page","link":"https:\/\/www3.unicentro.br\/ppgh\/infraestrutura\/","title":{"rendered":"Infraestrutura"},"content":{"rendered":"<p>O PPGH conta com a seguinte infraestrutura, abaixo descrita de forma sucinta, para a realiza\u00e7\u00e3o de suas atividades:<\/p>\n<ul>\n<li>Sala da coordena\u00e7\u00e3o do PPGH<\/li>\n<li>Sala da secretaria para atendimento ao p\u00fablico e servi\u00e7os de rotina do PPGH<\/li>\n<li>Sala de reuni\u00f5es equipada com <em>datashow<\/em> e tela para proje\u00e7\u00e3o<\/li>\n<li>01 sala para a realiza\u00e7\u00e3o das aulas, qualifica\u00e7\u00f5es e defesas, equipadas com <em>datashow<\/em>, tela para proje\u00e7\u00e3o, televis\u00e3o 50 polegadas<\/li>\n<li>01 sala para a realiza\u00e7\u00e3o das aulas equipada com <em>datashow<\/em> e tela para proje\u00e7\u00e3o (Campus Santa Cruz)<\/li>\n<li>01 sala para atividades do N\u00facleo de Estudos \u00c9tnico-Raciais<\/li>\n<li>01 sala para atividades do Laborat\u00f3rio dos Povos Eslavos e Faxinalenses<\/li>\n<li>01 sala para atividades do Laborat\u00f3rio de Ensino em Hist\u00f3ria<\/li>\n<li>01 sala para atividades do Laborat\u00f3rio do N\u00facleo de Pesquisa em Hist\u00f3ria da Viol\u00eancia<\/li>\n<li>01 sala para atividades do Laborat\u00f3rio do Grupo de Pesquisa Cultura, Etnias e Identifica\u00e7\u00f5es (Campus Santa Cruz)<\/li>\n<li>01 sala para atividades do Laborat\u00f3rio de Hist\u00f3ria das Ci\u00eancias, Corpo e Cultura (Campus Santa Cruz)<\/li>\n<li>08 gabinetes para as atividades dos professores<\/li>\n<li>02 amplos audit\u00f3rios para realiza\u00e7\u00e3o de eventos, equipados com tel\u00e3o, compartilhados com outros cursos que funcionam no campus<\/li>\n<li>01 sala de inform\u00e1tica compartilhada com outros cursos de p\u00f3s-gradua\u00e7\u00e3o<\/li>\n<li>01 espa\u00e7o amplo que comp\u00f5e o Centro de Documenta\u00e7\u00e3o e Mem\u00f3ria \u2013 CEDOC<\/li>\n<\/ul>\n<p>Todas as salas dos laborat\u00f3rios, al\u00e9m das salas da coordena\u00e7\u00e3o, secretaria e espa\u00e7os dos Centros de Documenta\u00e7\u00e3o e Mem\u00f3ria, possuem equipamentos de inform\u00e1tica.<\/p>\n<p>No in\u00edcio de 2022 ser\u00e3o conclu\u00eddas as obras do pr\u00e9dio pr\u00f3prio do CEDOC\/I &#8211; Centro de Documenta\u00e7\u00e3o e Mem\u00f3ria do Campus de Irati, de forma que o espa\u00e7o que ele atualmente ocupa ser\u00e1 disponibilizado para o Curso de Gradua\u00e7\u00e3o em Hist\u00f3ria e o Programa de P\u00f3s-Gradua\u00e7\u00e3o em Hist\u00f3ria, ampliando-se, assim, a infraestrutura dispon\u00edvel para as atividades do PPGH.<\/p>\n","protected":false},"excerpt":{"rendered":"<p>O PPGH conta com a seguinte infraestrutura, abaixo descrita de forma sucinta, para a realiza\u00e7\u00e3o de suas atividades: Sala da coordena\u00e7\u00e3o do PPGH Sala da secretaria para atendimento ao p\u00fablico e servi\u00e7os de rotina do PPGH Sala de reuni\u00f5es equipada com datashow e tela para proje\u00e7\u00e3o 01 sala para a realiza\u00e7\u00e3o das aulas, qualifica\u00e7\u00f5es e [&hellip;]<\/p>\n","protected":false},"author":3,"featured_media":0,"parent":0,"menu_order":0,"comment_status":"closed","ping_status":"closed","template":"","meta":{"_exactmetrics_skip_tracking":false,"_exactmetrics_sitenote_active":false,"_exactmetrics_sitenote_note":"","_exactmetrics_sitenote_category":0,"footnotes":"","_links_to":"","_links_to_target":""},"class_list":["post-901","page","type-page","status-publish","hentry"],"_links":{"self":[{"href":"https:\/\/www3.unicentro.br\/ppgh\/wp-json\/wp\/v2\/pages\/901","targetHints":{"allow":["GET"]}}],"collection":[{"href":"https:\/\/www3.unicentro.br\/ppgh\/wp-json\/wp\/v2\/pages"}],"about":[{"href":"https:\/\/www3.unicentro.br\/ppgh\/wp-json\/wp\/v2\/types\/page"}],"author":[{"embeddable":true,"href":"https:\/\/www3.unicentro.br\/ppgh\/wp-json\/wp\/v2\/users\/3"}],"replies":[{"embeddable":true,"href":"https:\/\/www3.unicentro.br\/ppgh\/wp-json\/wp\/v2\/comments?post=901"}],"version-history":[{"count":0,"href":"https:\/\/www3.unicentro.br\/ppgh\/wp-json\/wp\/v2\/pages\/901\/revisions"}],"wp:attachment":[{"href":"https:\/\/www3.unicentro.br\/ppgh\/wp-json\/wp\/v2\/media?parent=901"}],"curies":[{"name":"wp","href":"https:\/\/api.w.org\/{rel}","templated":true}]}}