{"id":89,"date":"2018-07-12T00:00:00","date_gmt":"2018-07-12T03:00:00","guid":{"rendered":"https:\/\/www3.unicentro.br\/ppgh\/processo-de-selecao\/"},"modified":"2023-12-19T15:10:52","modified_gmt":"2023-12-19T18:10:52","slug":"processo-de-selecao","status":"publish","type":"page","link":"https:\/\/www3.unicentro.br\/ppgh\/processo-de-selecao\/","title":{"rendered":"Processo de Sele\u00e7\u00e3o"},"content":{"rendered":"<p>Os documentos necess\u00e1rios, o cronograma e a forma de inscri\u00e7\u00e3o para a sele\u00e7\u00e3o do corpo discente s\u00e3o definidos anualmente pelo colegiado e publicados a cada processo\u00a0seletivo em editais pr\u00f3prios.<\/p>\n<p>Ao inscrever-se no processo seletivo o candidato declara conhecer e concordar com as normas publicadas pelo Programa. A sele\u00e7\u00e3o dos candidatos a aluno regular cabe \u00e0 Comiss\u00e3o de Sele\u00e7\u00e3o, com homologa\u00e7\u00e3o do resultado pelo Colegiado.<\/p>\n<p>O processo seletivo dos alunos regulares \u00e9 realizado conforme normativa pr\u00f3pria, em locais e datas definidos no calend\u00e1rio anual e detalhados em edital pr\u00f3prio.<\/p>\n<p>A sele\u00e7\u00e3o dos alunos n\u00e3o regulares \u00e9 de compet\u00eancia do(a) professor(a) da<br \/>\nrespectiva disciplina, homologada a sele\u00e7\u00e3o pelo Colegiado.<\/p>\n<p>No ato da inscri\u00e7\u00e3o, o candidato pode indicar at\u00e9 tr\u00eas nomes de orientadores pretendidos (por ordem de prefer\u00eancia) conforme a rela\u00e7\u00e3o constante na p\u00e1gina do programa e disponibilidade de vagas\/orienta\u00e7\u00e3o por professor. Tal indica\u00e7\u00e3o deve ter por base os v\u00ednculos entre o projeto de pesquisa\u00a0submetido e a produ\u00e7\u00e3o cient\u00edfica dos docentes selecionados.<\/p>\n<p><strong>O processo de sele\u00e7\u00e3o consta das seguintes fases:<\/strong><br \/>\na) an\u00e1lise e avalia\u00e7\u00e3o do projeto de pesquisa, de car\u00e1ter eliminat\u00f3rio, considerando a \u00e1rea de\u00a0concentra\u00e7\u00e3o e as linhas de pesquisa. \u00c9 considerado aprovado na primeira fase o candidato\u00a0que, no projeto de pesquisa, obtiver nota igual ou superior a sete inteiros (7,0).<\/p>\n<p>b) prova escrita, a partir de bibliografia indicada pela comiss\u00e3o de sele\u00e7\u00e3o, de car\u00e1ter\u00a0eliminat\u00f3rio, com dura\u00e7\u00e3o de 04 (quatro) horas. \u00c9 considerado aprovado na segunda fase o\u00a0candidato que, na prova escrita, obtiver nota igual ou superior a sete inteiros (7,0).<\/p>\n<p>c) argui\u00e7\u00e3o, que dever\u00e1 ater-se fundamentalmente ao projeto de pesquisa apresentado pelo\u00a0candidato e, opcionalmente, a perguntas e coment\u00e1rios sobre a prova escrita. \u00c9 considerado\u00a0aprovado, na terceira fase, o candidato que, na argui\u00e7\u00e3o, obtiver nota igual ou superior a sete\u00a0inteiros (7,0).<\/p>\n<p><strong>Profici\u00eancia em l\u00edngua estrangeira<\/strong><br \/>\n&#8211; no ato da matr\u00edcula o estudante dever\u00e1 apresentar certificado de profici\u00eancia em l\u00edngua\u00a0estrangeira, ingl\u00eas, franc\u00eas, espanhol ou italiano, emitidos pela UNICENTRO ou em conson\u00e2ncia\u00a0com a <a href=\"https:\/\/www3.unicentro.br\/ppgh\/wp-content\/uploads\/sites\/47\/2023\/10\/IN-01.23-PROPESP-Estabelece-parametros-e-condicoes-para-comprovacao-de-proficiencia-em-lingua-estrangeira.pdf\">Instru\u00e7\u00e3o Normativa 01\/2023 \u2013 Propesp\/Unicentro<\/a> em seus artigos 3\u00ba e 4\u00ba;<\/p>\n<p><strong>Crit\u00e9rios de sele\u00e7\u00e3o e resultado final<\/strong><br \/>\n&#8211; A classifica\u00e7\u00e3o dos candidatos \u00e9 feita pela m\u00e9dia aritm\u00e9tica das tr\u00eas fases do processo de\u00a0sele\u00e7\u00e3o, descrito no item 2.<br \/>\n&#8211; Em caso de empate prevalecer\u00e1 o crit\u00e9rio de melhor curr\u00edculo; em caso de persist\u00eancia no\u00a0empate, prevalece o crit\u00e9rio da maior nota na prova escrita.<br \/>\n&#8211;\u00a0 A an\u00e1lise do Curriculum Lattes ter\u00e1 como par\u00e2metro instrumento institucional previamente\u00a0definido pelo colegiado que se reserva o direito de solicitar comprova\u00e7\u00e3o documental.<\/p>\n<p>A Comiss\u00e3o de Sele\u00e7\u00e3o divulgar\u00e1 a lista dos candidatos aprovados no processo de sele\u00e7\u00e3o no\u00a0mural e site do programa, ap\u00f3s homologa\u00e7\u00e3o do Colegiado.<\/p>\n<p>A rela\u00e7\u00e3o das vagas, por docente, s\u00e3o publicadas em edital sobre a distribui\u00e7\u00e3o de\u00a0orienta\u00e7\u00e3o para aquele respectivo ano.<\/p>\n<p>&nbsp;<\/p>\n<p><a href=\"https:\/\/www3.unicentro.br\/ppgh\/wp-content\/uploads\/sites\/47\/2023\/12\/Edital-no22-2023-Selecao-2024-Estudante-Regular.pdf\">Edital n\u00ba 22\/2023-PPGH\/UNICENTRO &#8211; Abertura das inscri\u00e7\u00f5es para o ingresso de estudantes regulares no curso de Mestrado em Hist\u00f3ria<\/a><\/p>\n<p>&nbsp;<\/p>\n","protected":false},"excerpt":{"rendered":"<p>Os documentos necess\u00e1rios, o cronograma e a forma de inscri\u00e7\u00e3o para a sele\u00e7\u00e3o do corpo discente s\u00e3o definidos anualmente pelo colegiado e publicados a cada processo\u00a0seletivo em editais pr\u00f3prios. Ao inscrever-se no processo seletivo o candidato declara conhecer e concordar com as normas publicadas pelo Programa. A sele\u00e7\u00e3o dos candidatos a aluno regular cabe \u00e0 [&hellip;]<\/p>\n","protected":false},"author":3,"featured_media":0,"parent":0,"menu_order":0,"comment_status":"closed","ping_status":"closed","template":"","meta":{"_exactmetrics_skip_tracking":false,"_exactmetrics_sitenote_active":false,"_exactmetrics_sitenote_note":"","_exactmetrics_sitenote_category":0,"footnotes":"","_links_to":"","_links_to_target":""},"class_list":["post-89","page","type-page","status-publish","hentry"],"_links":{"self":[{"href":"https:\/\/www3.unicentro.br\/ppgh\/wp-json\/wp\/v2\/pages\/89","targetHints":{"allow":["GET"]}}],"collection":[{"href":"https:\/\/www3.unicentro.br\/ppgh\/wp-json\/wp\/v2\/pages"}],"about":[{"href":"https:\/\/www3.unicentro.br\/ppgh\/wp-json\/wp\/v2\/types\/page"}],"author":[{"embeddable":true,"href":"https:\/\/www3.unicentro.br\/ppgh\/wp-json\/wp\/v2\/users\/3"}],"replies":[{"embeddable":true,"href":"https:\/\/www3.unicentro.br\/ppgh\/wp-json\/wp\/v2\/comments?post=89"}],"version-history":[{"count":2,"href":"https:\/\/www3.unicentro.br\/ppgh\/wp-json\/wp\/v2\/pages\/89\/revisions"}],"predecessor-version":[{"id":2840,"href":"https:\/\/www3.unicentro.br\/ppgh\/wp-json\/wp\/v2\/pages\/89\/revisions\/2840"}],"wp:attachment":[{"href":"https:\/\/www3.unicentro.br\/ppgh\/wp-json\/wp\/v2\/media?parent=89"}],"curies":[{"name":"wp","href":"https:\/\/api.w.org\/{rel}","templated":true}]}}