{"id":87,"date":"2018-07-11T00:00:00","date_gmt":"2018-07-11T03:00:00","guid":{"rendered":"https:\/\/www3.unicentro.br\/ppgh\/forms\/"},"modified":"2023-11-23T18:45:53","modified_gmt":"2023-11-23T21:45:53","slug":"forms","status":"publish","type":"page","link":"https:\/\/www3.unicentro.br\/ppgh\/en\/forms\/","title":{"rendered":"Forms"},"content":{"rendered":"<ul>\n<li>Acceptance letter\u00a0<a href=\"http:\/\/www2.unicentro.br\/ppgh\/files\/2014\/07\/CARTA-DE-ACEITE.doc\">[.doc]<\/a> <a href=\"http:\/\/www2.unicentro.br\/ppgh\/files\/2014\/07\/CARTA-DE-ACEITE.pdf\">[.pdf]<\/a>\u00a0(Portuguese only)<\/li>\n<li>Composition of Examination Committee \u2013 Professor\u00a0<a href=\"http:\/\/www2.unicentro.br\/ppgh\/files\/2014\/07\/SOLICITA\u00c7\u00c3O-DE-COMPOSI\u00c7\u00c3O-DE-BANCA-DE-DEFESA-DOCENTE.doc\">[.doc]<\/a> <a href=\"http:\/\/www2.unicentro.br\/ppgh\/files\/2014\/07\/COMPOSI\u00c7\u00c3O-DE-BANCA-DE-DEFESA-DOCENTE.pdf\">[.pdf]<\/a>\u00a0(Portuguese only)<\/li>\n<li>Composition of Qualification Committee \u2013 Professor\u00a0<a href=\"http:\/\/www2.unicentro.br\/ppgh\/files\/2014\/07\/COMPOSI\u00c7\u00c3O-DE-BANCA-DE-QUALIFICA\u00c7\u00c3O-docente.doc\">[.doc]<\/a> <a href=\"http:\/\/www2.unicentro.br\/ppgh\/files\/2014\/07\/COMPOSI_O_DE_BANCA_DE_QUALIFICA_O_docente_5489da9196e6b.pdf\">[.pdf]<\/a>\u00a0(Portuguese only)<\/li>\n<li>Activities planning <a href=\"http:\/\/www2.unicentro.br\/ppgh\/files\/2014\/07\/Formul\u00e1rio-Plano-de-atividades.doc\">[.doc]<\/a> <a href=\"http:\/\/www2.unicentro.br\/ppgh\/files\/2014\/07\/Plano_de_atividades.pdf\">[.pdf]<\/a>\u00a0(Portuguese only)<\/li>\n<li>Teaching trainee\u2019s planning\u00a0<a href=\"http:\/\/www2.unicentro.br\/ppgh\/files\/2014\/07\/Formul\u00e1rio-Plano-de-Est\u00e1gio-de-Doc\u00eancia.doc\">[.doc]<\/a> <a href=\"http:\/\/www2.unicentro.br\/ppgh\/files\/2014\/07\/Formul\u00e1rio-Plano-de-Est\u00e1gio-de-Doc\u00eancia.pdf\">[.pdf]<\/a>\u00a0(Portuguese only)<\/li>\n<li>Schedule activities report\u00a0<a href=\"http:\/\/www2.unicentro.br\/ppgh\/files\/2014\/07\/Relat_rio_das_atividades_programadas_5489e0fe036c8.doc\">[.doc]<\/a> <a href=\"http:\/\/www2.unicentro.br\/ppgh\/files\/2014\/07\/Relat_rio_das_atividades_programadas_5489e19cb00f1.pdf\">[.pdf]<\/a>\u00a0(Portuguese only)<\/li>\n<li>Ending teaching trainee repor\u00a0<a href=\"http:\/\/www2.unicentro.br\/ppgh\/files\/2014\/07\/Formul\u00e1rio-Relat\u00f3rio-de-Est\u00e1gio-de-Doc\u00eancia.doc\">[.doc]<\/a> <a href=\"http:\/\/www2.unicentro.br\/ppgh\/files\/2014\/07\/Formul\u00e1rio-Relat\u00f3rio-de-Est\u00e1gio-de-Doc\u00eancia.pdf\">[.pdf]<\/a>\u00a0(Portuguese only)<\/li>\n<li>Semestral grants and scholarship report\u00a0<a href=\"http:\/\/www2.unicentro.br\/ppgh\/files\/2014\/07\/Formul\u00e1rio-Relat\u00f3rio-Semestral-Atividades.doc\">[.doc]<\/a> <a href=\"http:\/\/www2.unicentro.br\/ppgh\/files\/2014\/07\/Formul\u00e1rio-Relat\u00f3rio-Semestral-Atividades.pdf\">[.pdf]<\/a>\u00a0(Portuguese only)<\/li>\n<li>Request for Examination of Dissertation &#8211; Student\u00a0<a href=\"http:\/\/www2.unicentro.br\/ppgh\/files\/2014\/07\/SOLICITA\u00c7\u00c3O-DE-EXAME-DE-DEFESA-DE-DISSERTA\u00c7\u00c3O-estudante.doc\">[.doc]<\/a>\u00a0 <a href=\"http:\/\/www2.unicentro.br\/ppgh\/files\/2014\/07\/SOLICITA_O_DE_EXAME_DE_DEFESA_DE_DISSERTA_O_estudante_5489e0d61e0c41.pdf\">[.pdf]<\/a>\u00a0(Portuguese only)<\/li>\n<li>Request for Qualification of Dissertation \u2013 Student\u00a0<a href=\"http:\/\/www2.unicentro.br\/ppgh\/files\/2014\/07\/SOLICITA_O_DE_EXAME_DE_QUALIFICA_O_estudante_5489d9634207b.doc\">[.doc]<\/a> <a href=\"http:\/\/www2.unicentro.br\/ppgh\/files\/2014\/07\/SOLICITA_O_DE_EXAME_DE_QUALIFICA_O_estudante_5489dbf6dc9ac.pdf\">[.pdf]<\/a>\u00a0(Portuguese only)<\/li>\n<\/ul>\n","protected":false},"excerpt":{"rendered":"<p>Acceptance letter\u00a0[.doc] [.pdf]\u00a0(Portuguese only) Composition of Examination Committee \u2013 Professor\u00a0[.doc] [.pdf]\u00a0(Portuguese only) Composition of Qualification Committee \u2013 Professor\u00a0[.doc] [.pdf]\u00a0(Portuguese only) Activities planning [.doc] [.pdf]\u00a0(Portuguese only) Teaching trainee\u2019s planning\u00a0[.doc] [.pdf]\u00a0(Portuguese only) Schedule activities report\u00a0[.doc] [.pdf]\u00a0(Portuguese only) Ending teaching trainee repor\u00a0[.doc] [.pdf]\u00a0(Portuguese only) Semestral grants and scholarship report\u00a0[.doc] [.pdf]\u00a0(Portuguese only) Request for Examination of Dissertation &#8211; Student\u00a0[.doc]\u00a0 [&hellip;]<\/p>\n","protected":false},"author":3,"featured_media":0,"parent":0,"menu_order":0,"comment_status":"closed","ping_status":"closed","template":"","meta":{"_exactmetrics_skip_tracking":false,"_exactmetrics_sitenote_active":false,"_exactmetrics_sitenote_note":"","_exactmetrics_sitenote_category":0,"footnotes":"","_links_to":"","_links_to_target":""},"class_list":["post-87","page","type-page","status-publish","hentry"],"_links":{"self":[{"href":"https:\/\/www3.unicentro.br\/ppgh\/wp-json\/wp\/v2\/pages\/87","targetHints":{"allow":["GET"]}}],"collection":[{"href":"https:\/\/www3.unicentro.br\/ppgh\/wp-json\/wp\/v2\/pages"}],"about":[{"href":"https:\/\/www3.unicentro.br\/ppgh\/wp-json\/wp\/v2\/types\/page"}],"author":[{"embeddable":true,"href":"https:\/\/www3.unicentro.br\/ppgh\/wp-json\/wp\/v2\/users\/3"}],"replies":[{"embeddable":true,"href":"https:\/\/www3.unicentro.br\/ppgh\/wp-json\/wp\/v2\/comments?post=87"}],"version-history":[{"count":1,"href":"https:\/\/www3.unicentro.br\/ppgh\/wp-json\/wp\/v2\/pages\/87\/revisions"}],"predecessor-version":[{"id":2517,"href":"https:\/\/www3.unicentro.br\/ppgh\/wp-json\/wp\/v2\/pages\/87\/revisions\/2517"}],"wp:attachment":[{"href":"https:\/\/www3.unicentro.br\/ppgh\/wp-json\/wp\/v2\/media?parent=87"}],"curies":[{"name":"wp","href":"https:\/\/api.w.org\/{rel}","templated":true}]}}