{"id":83,"date":"2018-07-11T00:00:00","date_gmt":"2018-07-11T03:00:00","guid":{"rendered":"https:\/\/www3.unicentro.br\/ppgh\/regulatory-standards\/"},"modified":"2023-11-23T18:49:11","modified_gmt":"2023-11-23T21:49:11","slug":"regulatory-standards","status":"publish","type":"page","link":"https:\/\/www3.unicentro.br\/ppgh\/en\/regulatory-standards\/","title":{"rendered":"Regulatory Standards"},"content":{"rendered":"<ul>\n<li><span style=\"font-family: arial, helvetica, sans-serif\"><a href=\"http:\/\/www2.unicentro.br\/ppgh\/files\/2014\/07\/NORMAS_PARA_PRORROGA_O_E_TRANCAMENTO_DE_MATR_CULA_5655fa65142f7.pdf\">Rules for extension and locking of inscription (Portuguese only)<\/a><\/span><\/li>\n<li><span style=\"font-family: arial, helvetica, sans-serif\"><a href=\"http:\/\/www2.unicentro.br\/ppgh\/files\/2014\/07\/NORMAS_PARA_DESIST_NCIA_E_TROCA_DE_ORIENTA_O_5655fa9f3deff.pdf\">Rules for giving up and exchange of advisor (Portuguese only)<\/a><\/span><\/li>\n<li><span style=\"font-family: arial, helvetica, sans-serif\"><a href=\"http:\/\/www2.unicentro.br\/ppgh\/files\/2017\/12\/Normas-para-credenciamento-e-recredenciamento-de-docentes-06-12-2017.pdf\">Rules for teacher\u2019s accreditation and re-accreditation (Portuguese only)<\/a><\/span><\/li>\n<li><span style=\"font-family: arial, helvetica, sans-serif\"><a href=\"http:\/\/www2.unicentro.br\/ppgh\/files\/2014\/07\/NORMAS_dos_textos_para_qualifica_o_e_defesa_PPGH_UNICENTRO.pdf\">Normas para a apresenta\u00e7\u00e3o dos textos da qualifica\u00e7\u00e3o e defesa de disserta\u00e7\u00e3o no \u00e2mbito do PPGH-Unicentro<\/a><\/span><\/li>\n<li><span style=\"font-family: arial, helvetica, sans-serif\"><a href=\"http:\/\/www2.unicentro.br\/ppgh\/files\/2015\/02\/Normas_para_elei_o_54dca96e8243d.pdf\">Rules for the presentation of qualification and examination material, applicable to dissertations in the ambit of the History Graduate Program\/Unicentro (Portuguese only)<\/a><\/span><\/li>\n<li><a href=\"http:\/\/www2.unicentro.br\/ppgh\/files\/2014\/07\/NORMAS-PARA-CONCESSA\u0303O-E-MANUTENC\u0327A\u0303O-DE-BOLSAS-DE-ESTUDOS-Maio-2017.pdf\"><span style=\"font-family: arial, helvetica, sans-serif\">Rules for granting and maintaining scholarships (Portuguese only)<\/span><\/a><\/li>\n<\/ul>\n","protected":false},"excerpt":{"rendered":"<p>Rules for extension and locking of inscription (Portuguese only) Rules for giving up and exchange of advisor (Portuguese only) Rules for teacher\u2019s accreditation and re-accreditation (Portuguese only) Normas para a apresenta\u00e7\u00e3o dos textos da qualifica\u00e7\u00e3o e defesa de disserta\u00e7\u00e3o no \u00e2mbito do PPGH-Unicentro Rules for the presentation of qualification and examination material, applicable to dissertations [&hellip;]<\/p>\n","protected":false},"author":3,"featured_media":0,"parent":0,"menu_order":0,"comment_status":"closed","ping_status":"closed","template":"","meta":{"_exactmetrics_skip_tracking":false,"_exactmetrics_sitenote_active":false,"_exactmetrics_sitenote_note":"","_exactmetrics_sitenote_category":0,"footnotes":"","_links_to":"","_links_to_target":""},"class_list":["post-83","page","type-page","status-publish","hentry"],"_links":{"self":[{"href":"https:\/\/www3.unicentro.br\/ppgh\/wp-json\/wp\/v2\/pages\/83","targetHints":{"allow":["GET"]}}],"collection":[{"href":"https:\/\/www3.unicentro.br\/ppgh\/wp-json\/wp\/v2\/pages"}],"about":[{"href":"https:\/\/www3.unicentro.br\/ppgh\/wp-json\/wp\/v2\/types\/page"}],"author":[{"embeddable":true,"href":"https:\/\/www3.unicentro.br\/ppgh\/wp-json\/wp\/v2\/users\/3"}],"replies":[{"embeddable":true,"href":"https:\/\/www3.unicentro.br\/ppgh\/wp-json\/wp\/v2\/comments?post=83"}],"version-history":[{"count":1,"href":"https:\/\/www3.unicentro.br\/ppgh\/wp-json\/wp\/v2\/pages\/83\/revisions"}],"predecessor-version":[{"id":2521,"href":"https:\/\/www3.unicentro.br\/ppgh\/wp-json\/wp\/v2\/pages\/83\/revisions\/2521"}],"wp:attachment":[{"href":"https:\/\/www3.unicentro.br\/ppgh\/wp-json\/wp\/v2\/media?parent=83"}],"curies":[{"name":"wp","href":"https:\/\/api.w.org\/{rel}","templated":true}]}}