{"id":81,"date":"2018-07-11T00:00:00","date_gmt":"2018-07-11T03:00:00","guid":{"rendered":"https:\/\/www3.unicentro.br\/ppgh\/students\/"},"modified":"2023-11-23T18:52:16","modified_gmt":"2023-11-23T21:52:16","slug":"students","status":"publish","type":"page","link":"https:\/\/www3.unicentro.br\/ppgh\/en\/students\/","title":{"rendered":"Students"},"content":{"rendered":"<h4>CLASS 2017<\/h4>\n<ul>\n<li>Andr\u00e9 Lu\u00eds Andrade Silva<\/li>\n<li>Bruno Cezar Bio Augusto<\/li>\n<li>Caroline Cassoli Gon\u00e7alves<\/li>\n<li>Claudete Maria Petriw<\/li>\n<li>Eliane Aparecida Miranda Gomes dos Santos<\/li>\n<li>Elisiane Zvir<\/li>\n<li>Elizabete Nizer Sell<\/li>\n<li>Fabio Marcelo Andrade Silva<\/li>\n<li>Felipe Raul Rachelle<\/li>\n<li>Helen Karine Czarnieski<\/li>\n<li>Jeferson do Nascimento Machado<\/li>\n<li>J\u00e9ssica Fernanda Pszdzimirski<\/li>\n<li>Julio Cesar Braga<\/li>\n<li>J\u00falio C\u00e9sar Franco<\/li>\n<li>Nikolas Corrent<\/li>\n<li>William Bruno Correa<\/li>\n<li>William Franco Gon\u00e7alves<\/li>\n<\/ul>\n<h4>CLASS 2016<\/h4>\n<ul>\n<li>Anderson Teixeira Renzcherchen<\/li>\n<li>Camila Biranoski<\/li>\n<li>Dalvana Fernandes<\/li>\n<li>Denis Henrique Fiuza<\/li>\n<li>Edison Luiz de Jesus<\/li>\n<li>Eloi Giovane Muchalovski<\/li>\n<li>Fernando Marciniak<\/li>\n<li>Filipe Arnaldo Cezarinho<\/li>\n<li>Leandro de Castro Tavares<\/li>\n<li>Leonardo Henrique Lopes Soczek<\/li>\n<li>Lucas Kosinski<\/li>\n<li>Luiz Eduardo Horst<\/li>\n<li>Marcelo Alberto Pinto<\/li>\n<li>M\u00e1rcia Eliza Dor\u00e9<\/li>\n<li>Maria Gisele Vargas Batista<\/li>\n<li>M\u00e1rio S\u00e9rgio Deina<\/li>\n<li>Pedro Henrique Wasilewski Almeida<\/li>\n<li>Samuel da Cruz Cardoso<\/li>\n<li>Thiago Ribeiro<\/li>\n<li>Tiago Boruch<\/li>\n<\/ul>\n<h4>CLASS 2015<\/h4>\n<ul>\n<li>Angelica Stachuk<\/li>\n<li>Augusto Borges<\/li>\n<li>Carla Aparecida Rigo<\/li>\n<li>Handressa Louanne Rossi<\/li>\n<li>Jaine Menoncin<\/li>\n<li>J\u00f3ice Bernaski<\/li>\n<li>Josimar de Jesus Vitor do Nascimento<\/li>\n<li>Karina de Fatima Visentin Bochnia<\/li>\n<li>Marcela Cristiane Cavalheiro Miranda Francescon<\/li>\n<li>Maycon Andr\u00e9 Zanin<\/li>\n<li>Melody Forcelini<\/li>\n<li>Paulo Gelson Rodrigues<\/li>\n<li>Sonia Vanessa Langaro<\/li>\n<li>Tiago Vicente Penteado Bomfim<\/li>\n<li>Wagner Henrique Neres Fiuza<\/li>\n<li>William Ribeiro Pinto<\/li>\n<\/ul>\n<h4>CLASS 2014<\/h4>\n<ul>\n<li>Andre Abreu da Silva<\/li>\n<li>Cleide Ferreira da Silva<\/li>\n<li>Jorge Luiz Zaluski<\/li>\n<li>Megi Monique Maria Dias<\/li>\n<li>Robson Luiz de Bastos Silvestri<\/li>\n<li>Rodolfo Grande Neto<\/li>\n<li>Rodrigo Fid\u00e9lis Renauer<\/li>\n<\/ul>\n<h4>CLASS 2013<\/h4>\n<ul>\n<li>Adriana Mika<\/li>\n<li>Ana Paula Galv\u00e3o de Meira<\/li>\n<li>Clayton Barbosa Ferreira Filho<\/li>\n<li>Cleusi Teresinha Bobato Stadler<\/li>\n<li>Eder Augusto Gurski<\/li>\n<li>Gerson Pietta<\/li>\n<li>In\u00eas VAl\u00e9ria Antoczecen<\/li>\n<li>Ivan Gapinski<\/li>\n<li>Luiz Gustavo de Oliveira<\/li>\n<li>Mariani Bandeira Cruz Oliveira<\/li>\n<li>Marisangela Lins de Almeida<\/li>\n<li>Milene Aparecida Padilha<\/li>\n<li>Neide dos Santos Rodrigues<\/li>\n<li>Rodrigo dos Santos<\/li>\n<li>Rosenaldo de Carvalho<\/li>\n<li>Valdir Machado Guimar\u00e3es<\/li>\n<li>Vanessa Cristina Chucailo<\/li>\n<li>Wallas Jefferson de Lima<\/li>\n<li>Wislaine Carneiro de Oliveira<\/li>\n<\/ul>\n<h4>CLASS 2012<\/h4>\n<ul>\n<li>Bruna Silva<\/li>\n<li>Eduardo Mady Barbosa<\/li>\n<li>Eliane Crestiane Lupepsa Costenaro<\/li>\n<li>Jacieli Domingues Pereira<\/li>\n<li>Leonilso Souza Santos<\/li>\n<li>Louren\u00e7o Resende da Costa<\/li>\n<li>Monique G\u00e4rtner<\/li>\n<li>Regiane Maneira<\/li>\n<li>Rog\u00e9rio Vial<\/li>\n<\/ul>\n","protected":false},"excerpt":{"rendered":"<p>CLASS 2017 Andr\u00e9 Lu\u00eds Andrade Silva Bruno Cezar Bio Augusto Caroline Cassoli Gon\u00e7alves Claudete Maria Petriw Eliane Aparecida Miranda Gomes dos Santos Elisiane Zvir Elizabete Nizer Sell Fabio Marcelo Andrade Silva Felipe Raul Rachelle Helen Karine Czarnieski Jeferson do Nascimento Machado J\u00e9ssica Fernanda Pszdzimirski Julio Cesar Braga J\u00falio C\u00e9sar Franco Nikolas Corrent William Bruno Correa [&hellip;]<\/p>\n","protected":false},"author":3,"featured_media":0,"parent":0,"menu_order":0,"comment_status":"closed","ping_status":"closed","template":"","meta":{"_exactmetrics_skip_tracking":false,"_exactmetrics_sitenote_active":false,"_exactmetrics_sitenote_note":"","_exactmetrics_sitenote_category":0,"footnotes":"","_links_to":"","_links_to_target":""},"class_list":["post-81","page","type-page","status-publish","hentry"],"_links":{"self":[{"href":"https:\/\/www3.unicentro.br\/ppgh\/wp-json\/wp\/v2\/pages\/81","targetHints":{"allow":["GET"]}}],"collection":[{"href":"https:\/\/www3.unicentro.br\/ppgh\/wp-json\/wp\/v2\/pages"}],"about":[{"href":"https:\/\/www3.unicentro.br\/ppgh\/wp-json\/wp\/v2\/types\/page"}],"author":[{"embeddable":true,"href":"https:\/\/www3.unicentro.br\/ppgh\/wp-json\/wp\/v2\/users\/3"}],"replies":[{"embeddable":true,"href":"https:\/\/www3.unicentro.br\/ppgh\/wp-json\/wp\/v2\/comments?post=81"}],"version-history":[{"count":1,"href":"https:\/\/www3.unicentro.br\/ppgh\/wp-json\/wp\/v2\/pages\/81\/revisions"}],"predecessor-version":[{"id":2525,"href":"https:\/\/www3.unicentro.br\/ppgh\/wp-json\/wp\/v2\/pages\/81\/revisions\/2525"}],"wp:attachment":[{"href":"https:\/\/www3.unicentro.br\/ppgh\/wp-json\/wp\/v2\/media?parent=81"}],"curies":[{"name":"wp","href":"https:\/\/api.w.org\/{rel}","templated":true}]}}