{"id":80,"date":"2018-07-11T00:00:00","date_gmt":"2018-07-11T03:00:00","guid":{"rendered":"https:\/\/www3.unicentro.br\/ppgh\/faculty-by-research-line\/"},"modified":"2023-11-23T18:44:26","modified_gmt":"2023-11-23T21:44:26","slug":"faculty-by-research-line","status":"publish","type":"page","link":"https:\/\/www3.unicentro.br\/ppgh\/en\/faculty-by-research-line\/","title":{"rendered":"Faculty by Research Line"},"content":{"rendered":"<h4><strong>Spaces of experiences and power relations<\/strong><\/h4>\n<ul>\n<li>Ana Maria Rufino Gillies<\/li>\n<li>Ancelmo Sch\u00f6rner<\/li>\n<li>Beatriz Anselmo Olinto<\/li>\n<li>Geyso Dongley Germinari<\/li>\n<li>Helio Sochodolak<\/li>\n<li>Jos\u00e9 Adilc\u0327on Campigoto<\/li>\n<li>Jos\u00e9 Miguel Arias Neto<\/li>\n<li>Nadia Maria Guariza<\/li>\n<li>Os\u00e9ias de Oliveira<\/li>\n<\/ul>\n<h4><strong>Simbolic spaces, environment, and corporaties<\/strong><\/h4>\n<ul>\n<li>Ariane Carla Pereira Fernandes<\/li>\n<li>J\u00f3 Klanovicz<\/li>\n<li>Nadia Maria Guariza<\/li>\n<li>Rosemeri Moreira<\/li>\n<li>Vanderlei Sebasti\u00e3o de Souza<\/li>\n<\/ul>\n","protected":false},"excerpt":{"rendered":"<p>Spaces of experiences and power relations Ana Maria Rufino Gillies Ancelmo Sch\u00f6rner Beatriz Anselmo Olinto Geyso Dongley Germinari Helio Sochodolak Jos\u00e9 Adilc\u0327on Campigoto Jos\u00e9 Miguel Arias Neto Nadia Maria Guariza Os\u00e9ias de Oliveira Simbolic spaces, environment, and corporaties Ariane Carla Pereira Fernandes J\u00f3 Klanovicz Nadia Maria Guariza Rosemeri Moreira Vanderlei Sebasti\u00e3o de Souza<\/p>\n","protected":false},"author":3,"featured_media":0,"parent":0,"menu_order":0,"comment_status":"closed","ping_status":"closed","template":"","meta":{"_exactmetrics_skip_tracking":false,"_exactmetrics_sitenote_active":false,"_exactmetrics_sitenote_note":"","_exactmetrics_sitenote_category":0,"footnotes":"","_links_to":"","_links_to_target":""},"class_list":["post-80","page","type-page","status-publish","hentry"],"_links":{"self":[{"href":"https:\/\/www3.unicentro.br\/ppgh\/wp-json\/wp\/v2\/pages\/80","targetHints":{"allow":["GET"]}}],"collection":[{"href":"https:\/\/www3.unicentro.br\/ppgh\/wp-json\/wp\/v2\/pages"}],"about":[{"href":"https:\/\/www3.unicentro.br\/ppgh\/wp-json\/wp\/v2\/types\/page"}],"author":[{"embeddable":true,"href":"https:\/\/www3.unicentro.br\/ppgh\/wp-json\/wp\/v2\/users\/3"}],"replies":[{"embeddable":true,"href":"https:\/\/www3.unicentro.br\/ppgh\/wp-json\/wp\/v2\/comments?post=80"}],"version-history":[{"count":1,"href":"https:\/\/www3.unicentro.br\/ppgh\/wp-json\/wp\/v2\/pages\/80\/revisions"}],"predecessor-version":[{"id":2515,"href":"https:\/\/www3.unicentro.br\/ppgh\/wp-json\/wp\/v2\/pages\/80\/revisions\/2515"}],"wp:attachment":[{"href":"https:\/\/www3.unicentro.br\/ppgh\/wp-json\/wp\/v2\/media?parent=80"}],"curies":[{"name":"wp","href":"https:\/\/api.w.org\/{rel}","templated":true}]}}