{"id":736,"date":"2019-03-13T08:18:35","date_gmt":"2019-03-13T11:18:35","guid":{"rendered":"https:\/\/www3.unicentro.br\/ppgh\/?page_id=736"},"modified":"2024-11-19T15:08:05","modified_gmt":"2024-11-19T18:08:05","slug":"credenciamento","status":"publish","type":"page","link":"https:\/\/www3.unicentro.br\/ppgh\/credenciamento\/","title":{"rendered":"Credenciamento"},"content":{"rendered":"<h4 style=\"text-align: center\"><a href=\"https:\/\/www3.unicentro.br\/ppgh\/wp-content\/uploads\/sites\/47\/2020\/09\/Normas-para-credenciamento-e-recredenciamento-de-docentes-24-09-2020.pdf\">Normas e Crit\u00e9rios para Credenciamento e Recredenciamento de Docentes Permanentes e Colaboradores no PPGH\/UNICENTRO<\/a><\/h4>\n<p dir=\"ltr\">O credenciamento e o recredenciamento de docentes no PPGH\/UNICENTRO respeitam os crit\u00e9rios estabelecidos pela CAPES, \u00f3rg\u00e3os da UNICENTRO-PR respons\u00e1veis pela normatiza\u00e7\u00e3o da p\u00f3s-gradua\u00e7\u00e3o e regulamentos do PPGH, bem como o plano de desenvolvimento estrat\u00e9gico do PPGH.<br \/>\nO colegiado \u00e9 respons\u00e1vel por deliberar pelo credenciamento ou recredenciamento tendo por base o relat\u00f3rio anual da comiss\u00e3o de avalia\u00e7\u00e3o interna do PPGH.<\/p>\n<p dir=\"ltr\">O Credenciamento e Recredenciamento, no momento est\u00e1 suspenso, em fun\u00e7\u00e3o do equil\u00edbrio da meta de orienta\u00e7\u00f5es, atendendo aos crit\u00e9rios de avalia\u00e7\u00e3o da CAPES.<\/p>\n<p dir=\"ltr\">Download do formul\u00e1rio: <a href=\"https:\/\/www3.unicentro.br\/ppgh\/wp-content\/uploads\/sites\/47\/2024\/11\/INSTRUCAO-NORMATIVA-N-o-02-2024-\u2013-Credenciamento-e-Recredenciamento-de-Docentes-Permanentes-e-Colaboradores_PPGH.pdf\">PDF\u00a0<\/a> <a href=\"https:\/\/www3.unicentro.br\/ppgh\/wp-content\/uploads\/sites\/47\/2024\/11\/INSTRUCAO-NORMATIVA-N-o-02-2024-\u2013-Credenciamento-e-Recredenciamento-de-Docentes-Permanentes-e-Colaboradores_PPGH.docx\">.DOC<\/a><\/p>\n<p>&nbsp;<\/p>\n<p>&nbsp;<\/p>\n","protected":false},"excerpt":{"rendered":"<p>Normas e Crit\u00e9rios para Credenciamento e Recredenciamento de Docentes Permanentes e Colaboradores no PPGH\/UNICENTRO O credenciamento e o recredenciamento de docentes no PPGH\/UNICENTRO respeitam os crit\u00e9rios estabelecidos pela CAPES, \u00f3rg\u00e3os da UNICENTRO-PR respons\u00e1veis pela normatiza\u00e7\u00e3o da p\u00f3s-gradua\u00e7\u00e3o e regulamentos do PPGH, bem como o plano de desenvolvimento estrat\u00e9gico do PPGH. O colegiado \u00e9 respons\u00e1vel por [&hellip;]<\/p>\n","protected":false},"author":6,"featured_media":0,"parent":0,"menu_order":0,"comment_status":"closed","ping_status":"closed","template":"","meta":{"_exactmetrics_skip_tracking":false,"_exactmetrics_sitenote_active":false,"_exactmetrics_sitenote_note":"","_exactmetrics_sitenote_category":0,"footnotes":"","_links_to":"","_links_to_target":""},"class_list":["post-736","page","type-page","status-publish","hentry"],"_links":{"self":[{"href":"https:\/\/www3.unicentro.br\/ppgh\/wp-json\/wp\/v2\/pages\/736","targetHints":{"allow":["GET"]}}],"collection":[{"href":"https:\/\/www3.unicentro.br\/ppgh\/wp-json\/wp\/v2\/pages"}],"about":[{"href":"https:\/\/www3.unicentro.br\/ppgh\/wp-json\/wp\/v2\/types\/page"}],"author":[{"embeddable":true,"href":"https:\/\/www3.unicentro.br\/ppgh\/wp-json\/wp\/v2\/users\/6"}],"replies":[{"embeddable":true,"href":"https:\/\/www3.unicentro.br\/ppgh\/wp-json\/wp\/v2\/comments?post=736"}],"version-history":[{"count":2,"href":"https:\/\/www3.unicentro.br\/ppgh\/wp-json\/wp\/v2\/pages\/736\/revisions"}],"predecessor-version":[{"id":3368,"href":"https:\/\/www3.unicentro.br\/ppgh\/wp-json\/wp\/v2\/pages\/736\/revisions\/3368"}],"wp:attachment":[{"href":"https:\/\/www3.unicentro.br\/ppgh\/wp-json\/wp\/v2\/media?parent=736"}],"curies":[{"name":"wp","href":"https:\/\/api.w.org\/{rel}","templated":true}]}}