{"id":71,"date":"2018-06-14T00:00:00","date_gmt":"2018-06-14T03:00:00","guid":{"rendered":"https:\/\/www3.unicentro.br\/ppgh\/avaliacao-capes\/"},"modified":"2026-03-10T14:56:07","modified_gmt":"2026-03-10T17:56:07","slug":"avaliacao-capes","status":"publish","type":"page","link":"https:\/\/www3.unicentro.br\/ppgh\/avaliacao-capes\/","title":{"rendered":"Avalia\u00e7\u00e3o Capes"},"content":{"rendered":"<div class=\"wpb-content-wrapper\"><p>[vc_row][vc_column][vc_column_text css=&#8221;&#8221;]<strong>FICHA DE AVALIA\u00c7\u00c3O<\/strong><\/p>\n<p><strong>Tipo de Avalia\u00e7\u00e3o:<\/strong> AVALIA\u00c7\u00c3O DE PROGRAMAS<br \/>\n<strong>Institui\u00e7\u00e3o de Ensino:<\/strong> UNIVERSIDADE ESTADUAL DO CENTRO-OESTE (UNICENTRO)<br \/>\n<strong>Programa:<\/strong> H\u00edst\u00f3ria (40014010008P5)<br \/>\n<strong>Modalidade:<\/strong> ACAD\u00caMICO<br \/>\n<strong>\u00c1rea de Avalia\u00e7\u00e3o:<\/strong> HIST\u00d3RIA<br \/>\n<strong>Per\u00edodo de Avalia\u00e7\u00e3o:<\/strong> Avalia\u00e7\u00e3o Quadrienal (2021-2024)<br \/>\n<strong>Nota:<\/strong> 4<\/p>\n<p><strong><a href=\"https:\/\/www3.unicentro.br\/ppgh\/wp-content\/uploads\/sites\/47\/2026\/03\/Resultado-Quadrienal-2021-2024.pdf\"><span style=\"font-family: arial, helvetica, sans-serif\">Ficha de Avalia\u00e7\u00e3o<\/span><\/a><\/strong><\/p>\n<hr \/>\n<p><a href=\"https:\/\/www3.unicentro.br\/ppgh\/wp-content\/uploads\/sites\/47\/2026\/03\/Relatorio-de-Avaliacao-da-Area-de-Historia-Capes-Quadrienal-2021-24.pdf\"><strong>Relat\u00f3rio Geral de Avalia\u00e7\u00e3o Quadrienal da \u00c1rea &#8211; 2025<\/strong><\/a><\/p>\n<p><a href=\"https:\/\/www3.unicentro.br\/ppgh\/wp-content\/uploads\/sites\/47\/2026\/03\/HISTORIA_FICHA_2025_2028.pdf\"><strong>Documento de \u00c1rea &#8211; 2021 &#8211; 2024<\/strong><\/a>[\/vc_column_text][vc_column_text]<strong>FICHA DE AVALIA\u00c7\u00c3O<\/strong><\/p>\n<p><strong>Tipo de Avalia\u00e7\u00e3o:<\/strong> AVALIA\u00c7\u00c3O DE PROGRAMAS<br \/>\n<strong>Institui\u00e7\u00e3o de Ensino:<\/strong> UNIVERSIDADE ESTADUAL DO CENTRO-OESTE (UNICENTRO)<br \/>\n<strong>Programa:<\/strong> H\u00edst\u00f3ria (40014010008P5)<br \/>\n<strong>Modalidade:<\/strong> ACAD\u00caMICO<br \/>\n<strong>\u00c1rea de Avalia\u00e7\u00e3o:<\/strong> HIST\u00d3RIA<br \/>\n<strong>Per\u00edodo de Avalia\u00e7\u00e3o:<\/strong> Avalia\u00e7\u00e3o Quadrienal (2013-2016)<br \/>\n<strong>Nota:<\/strong> 3 (2013-2016)<\/p>\n<p><span style=\"font-family: arial, helvetica, sans-serif\"><a href=\"https:\/\/www2.unicentro.br\/ppgh\/files\/2018\/06\/ficha_recomendacao_40014010008P5.pdf\">Ficha de recomenda\u00e7\u00e3o<\/a><\/span><\/p>\n<hr \/>\n<p><a href=\"http:\/\/capes.gov.br\/images\/documentos\/Relatorios_quadrienal_2017\/20122017-Historia_relatorio-de-avaliacao-quadrienal-2017_final.pdf\"><strong>Relat\u00f3rio Geral de Avalia\u00e7\u00e3o Quadrienal da \u00c1rea &#8211; 2017<\/strong><\/a><\/p>\n<p><strong><a href=\"http:\/\/capes.gov.br\/images\/documentos\/Documentos_de_area_2017\/40_hist_docarea_2016.pdf\">Documento de \u00c1rea &#8211; 2017<\/a><\/strong>[\/vc_column_text][\/vc_column][vc_column][\/vc_column][vc_column][\/vc_column][vc_column][\/vc_column][\/vc_row]<\/p>\n<\/div>","protected":false},"excerpt":{"rendered":"<p>[vc_row][vc_column][vc_column_text css=&#8221;&#8221;]FICHA DE AVALIA\u00c7\u00c3O Tipo de Avalia\u00e7\u00e3o: AVALIA\u00c7\u00c3O DE PROGRAMAS Institui\u00e7\u00e3o de Ensino: UNIVERSIDADE ESTADUAL DO CENTRO-OESTE (UNICENTRO) Programa: H\u00edst\u00f3ria (40014010008P5) Modalidade: ACAD\u00caMICO \u00c1rea de Avalia\u00e7\u00e3o: HIST\u00d3RIA Per\u00edodo de Avalia\u00e7\u00e3o: Avalia\u00e7\u00e3o Quadrienal (2021-2024) Nota: 4 Ficha de Avalia\u00e7\u00e3o Relat\u00f3rio Geral de Avalia\u00e7\u00e3o Quadrienal da \u00c1rea &#8211; 2025 Documento de \u00c1rea &#8211; 2021 &#8211; 2024[\/vc_column_text][vc_column_text]FICHA DE [&hellip;]<\/p>\n","protected":false},"author":3,"featured_media":0,"parent":0,"menu_order":0,"comment_status":"closed","ping_status":"closed","template":"","meta":{"_exactmetrics_skip_tracking":false,"_exactmetrics_sitenote_active":false,"_exactmetrics_sitenote_note":"","_exactmetrics_sitenote_category":0,"footnotes":"","_links_to":"","_links_to_target":""},"class_list":["post-71","page","type-page","status-publish","hentry"],"_links":{"self":[{"href":"https:\/\/www3.unicentro.br\/ppgh\/wp-json\/wp\/v2\/pages\/71","targetHints":{"allow":["GET"]}}],"collection":[{"href":"https:\/\/www3.unicentro.br\/ppgh\/wp-json\/wp\/v2\/pages"}],"about":[{"href":"https:\/\/www3.unicentro.br\/ppgh\/wp-json\/wp\/v2\/types\/page"}],"author":[{"embeddable":true,"href":"https:\/\/www3.unicentro.br\/ppgh\/wp-json\/wp\/v2\/users\/3"}],"replies":[{"embeddable":true,"href":"https:\/\/www3.unicentro.br\/ppgh\/wp-json\/wp\/v2\/comments?post=71"}],"version-history":[{"count":2,"href":"https:\/\/www3.unicentro.br\/ppgh\/wp-json\/wp\/v2\/pages\/71\/revisions"}],"predecessor-version":[{"id":3806,"href":"https:\/\/www3.unicentro.br\/ppgh\/wp-json\/wp\/v2\/pages\/71\/revisions\/3806"}],"wp:attachment":[{"href":"https:\/\/www3.unicentro.br\/ppgh\/wp-json\/wp\/v2\/media?parent=71"}],"curies":[{"name":"wp","href":"https:\/\/api.w.org\/{rel}","templated":true}]}}