{"id":59,"date":"2015-02-06T00:00:00","date_gmt":"2015-02-06T02:00:00","guid":{"rendered":"https:\/\/www3.unicentro.br\/ppgh\/portarias\/"},"modified":"2023-12-14T17:39:15","modified_gmt":"2023-12-14T20:39:15","slug":"portarias","status":"publish","type":"page","link":"https:\/\/www3.unicentro.br\/ppgh\/portarias\/","title":{"rendered":"Portarias"},"content":{"rendered":"<p><strong>GEST\u00c3O 2023\/2025<\/strong><\/p>\n<ul>\n<li><a href=\"https:\/\/www3.unicentro.br\/ppgh\/wp-content\/uploads\/sites\/47\/2023\/12\/Portaria-no-735-GR-Designa-Coordenador-e-Vice-Coordenador-PPGH_Danilo-e-Helio.pdf\">Portaria n\u00ba 735-GR\/UNICENTRO, de 29\/06\/2023 &#8211; Designa Coordenador e Vice-Coordenador do PPGH<\/a><\/li>\n<li><a href=\"https:\/\/www3.unicentro.br\/ppgh\/wp-content\/uploads\/sites\/47\/2023\/12\/Portaria-no-45-GR-Designa-Colegiado-do-PPGH.pdf\">Portaria n\u00ba 45-PROPESP\/UNICENTRO, de 03\/07\/2023 &#8211; Designa Colegiado do Programa de P\u00f3s-Gradua\u00e7\u00e3o em Hist\u00f3ria &#8211; PPGH<\/a><\/li>\n<li><a href=\"https:\/\/www3.unicentro.br\/ppgh\/wp-content\/uploads\/sites\/47\/2023\/12\/PORTARIA-No-62-PROPESP-Representante-Dicente.pdf\">Portaria n\u00ba 62-PROPESP\/UNICENTRO, de 22\/08\/2023 &#8211; Designa representante discente no Colegiado do PPGH<\/a><\/li>\n<li><a href=\"https:\/\/www3.unicentro.br\/ppgh\/wp-content\/uploads\/sites\/47\/2023\/12\/PORTARIA-No01-2023-COMISSAO-DE-SELECAO.pdf\">Portaria n\u00ba 01-PPGH\/UNICENTRO, de 18\/08\/2023 &#8211; Designa a Comiss\u00e3o de Sele\u00e7\u00e3o para ingresso de Estudantes Regulares no PPGH<\/a><\/li>\n<li><a href=\"https:\/\/www3.unicentro.br\/ppgh\/wp-content\/uploads\/sites\/47\/2023\/12\/PORTARIA-No02-2023-COMISSAO-DE-AUTOAVALIACAO.pdf\">Portaria n\u00ba 02 &#8211; PPGH\/UNICENTRO, de 18\/08\/2023 &#8211; Designa a Comiss\u00e3o de Autoavalia\u00e7\u00e3o do PPGH<\/a><\/li>\n<\/ul>\n<p><strong>GEST\u00c3O 2021\/2022<\/strong><\/p>\n<ul>\n<li><a href=\"https:\/\/www3.unicentro.br\/ppgh\/wp-content\/uploads\/sites\/47\/2023\/12\/Portaria-no-130-GR-Designacao-Coordenadora-e-Vice-Coordenadora-PPGH.pdf\">Portaria n\u00ba 130-GR\/UNICENTRO, de 08\/03\/2021 &#8211; Designa Coordenadora e Vice-Coordenadora do PPGH<\/a><\/li>\n<li><a href=\"https:\/\/www3.unicentro.br\/ppgh\/wp-content\/uploads\/sites\/47\/2023\/12\/Portaria-no-24-GR-Prorroga-Designacao-Coordenadora-e-Vice-Coordenadora-PPGH.pdf\">Portaria n\u00ba 24-GR\/UNICENTRO, de 02\/01\/2023 &#8211; Prorroga o per\u00edodo de designa\u00e7\u00e3o do Coordenadora e Vice-Coordenadora do PPGH<\/a><\/li>\n<li><a href=\"https:\/\/www3.unicentro.br\/ppgh\/wp-content\/uploads\/sites\/47\/2023\/12\/Portaria-no-30-PROPESP-Designacao-do-Colegiado_revogada-pela-portaria-39.pdf\">Portaria n\u00ba 30-PROPESP\/UNICENTRO, de 08\/03\/2021 &#8211; Designa Colegiado do Programa de P\u00f3s-Gradua\u00e7\u00e3o em Hist\u00f3ria &#8211; PPGH<\/a><\/li>\n<li><a href=\"https:\/\/www3.unicentro.br\/ppgh\/wp-content\/uploads\/sites\/47\/2023\/12\/Portaria-no-30-PROPESP-Designacao-do-Colegiado_revogada-pela-portaria-39.pdf\">Portaria n\u00ba 39-PROPESP\/UNICENTRO, de 30\/03\/2021 &#8211; Altera composi\u00e7\u00e3o do Colegiado do Programa de P\u00f3s-Gradua\u00e7\u00e3o em Hist\u00f3ria &#8211; PPGH<\/a><\/li>\n<li><a href=\"https:\/\/www3.unicentro.br\/ppgh\/wp-content\/uploads\/sites\/47\/2023\/12\/Portaria-no62-PROPESP-Altera-a-composicao-do-Colegiado.pdf\">Portaria n\u00ba 62-PROPESP\/UNICENTRO, de 06\/12\/2021 &#8211; Altera composi\u00e7\u00e3o do Colegiado do Programa de P\u00f3s-Gradua\u00e7\u00e3o em Hist\u00f3ria &#8211; PPGH<\/a><\/li>\n<li><a href=\"https:\/\/www3.unicentro.br\/ppgh\/wp-content\/uploads\/sites\/47\/2023\/12\/PORTARIA-No-14-PROPESP-Prorroga-Colegiado.pdf\">Portaria n\u00ba 14-PROPESP\/UNICENTRO, de 07\/02\/2023 &#8211; Prorroga o per\u00edodo de designa\u00e7\u00e3o do Colegiado do Programa de P\u00f3s-Gradua\u00e7\u00e3o em Hist\u00f3ria &#8211; PPGH<\/a><\/li>\n<li><a href=\"https:\/\/www3.unicentro.br\/ppgh\/wp-content\/uploads\/sites\/47\/2023\/12\/Portaria-no65-PROPESP-Designa-representante-discente-no-Colegiado.pdf\">Portaria n\u00ba 65-PROPESP\/UNICENTRO, de 15\/12\/2021 &#8211; Designa representante discente no Colegiado do PPGH<\/a><\/li>\n<\/ul>\n<p><strong>GEST\u00c3O 2019\/2020<\/strong><\/p>\n<ul>\n<li><a href=\"https:\/\/www3.unicentro.br\/ppgh\/wp-content\/uploads\/sites\/47\/2023\/12\/PORTARIA-No52-2019-DESIGNA-COORDENADOR-E-VICE-COORDENADOR-DO-PPGH.pdf\">Portaria n\u00ba 52-GR\/UNICENTRO, de 30\/01\/2019 &#8211; Designa Coordenador e Vice-Coordenador do PPGH<\/a><\/li>\n<li><a href=\"https:\/\/www3.unicentro.br\/ppgh\/wp-content\/uploads\/sites\/47\/2023\/12\/PORTARIA-No-1107-2019-DESIGNA-VICE-COORDENADOR-DO-PPGH_Nadia.pdf\">Portaria n\u00ba 1.107-GR\/UNICENTRO, de 20\/12\/2019 &#8211; Designa Vice-Coordenadora do PPGH<\/a><\/li>\n<li><a href=\"https:\/\/www3.unicentro.br\/ppgh\/wp-content\/uploads\/sites\/47\/2023\/12\/Portaria-no908-GR-Prorroga-Coordenador-e-Vice-Coordenador.pdf\">Portaria n\u00ba 908-GR\/UNICENTRO, de 18\/12\/2020 &#8211; Prorroga o per\u00edodo de designa\u00e7\u00e3o do Coordenador e Vice-Coordenadora do PPGH<\/a><\/li>\n<li><a href=\"https:\/\/www3.unicentro.br\/ppgh\/wp-content\/uploads\/sites\/47\/2023\/12\/PORTARIA-No9-2019-DESIGNA-COLEGIADO-DO-PPGH.pdf\">Portaria n\u00ba 09-PROPESP\/UNICENTRO, de 28\/02\/2019 &#8211; Designa Colegiado do Programa de P\u00f3s-Gradua\u00e7\u00e3o em Hist\u00f3ria &#8211; PPGH<\/a><\/li>\n<li><a href=\"https:\/\/www3.unicentro.br\/ppgh\/wp-content\/uploads\/sites\/47\/2023\/12\/Portaria-no-08-PROPESP-Designacao-do-Colegiado_Oseias-e-Nadia.pdf\">Portaria n\u00ba 08-PROPESP\/UNICENTRO, de 13\/05\/2020 &#8211; Designa Colegiado do Programa de P\u00f3s-Gradua\u00e7\u00e3o em Hist\u00f3ria &#8211; PPGH<\/a><\/li>\n<li><a href=\"https:\/\/www3.unicentro.br\/ppgh\/wp-content\/uploads\/sites\/47\/2023\/12\/Portaria-no1-PROPESP-Prorroga-Colegiado_Oseias-e-Nadia.pdf\">Portaria n\u00ba 01-PROPESP\/UNICENTRO, de 03\/02\/2021 &#8211; Prorroga o per\u00edodo de designa\u00e7\u00e3o do Colegiado do Programa de P\u00f3s-Gradua\u00e7\u00e3o em Hist\u00f3ria &#8211; PPGH<\/a><\/li>\n<li><a href=\"https:\/\/www3.unicentro.br\/ppgh\/wp-content\/uploads\/sites\/47\/2023\/12\/Port-no-57-Prorroga-Colegiado-PPGH.pdf\">Portaria n\u00ba 57-PROPESP\/UNICENTRO, de 12\/08\/2019 &#8211; Prorroga o per\u00edodo de designa\u00e7\u00e3o do Colegiado do Programa de P\u00f3s-Gradua\u00e7\u00e3o em Hist\u00f3ria &#8211; PPGH<\/a><\/li>\n<li><a href=\"https:\/\/www3.unicentro.br\/ppgh\/wp-content\/uploads\/sites\/47\/2023\/12\/Portaria-no41-PROPESP-Designa-representante-discente_Dhyandra-Montani.pdf\">Portaria n\u00ba 41-PROPESP\/UNICENTRO, de 16\/12\/2020 &#8211; Designa representante discente no Colegiado do PPGH<\/a><\/li>\n<\/ul>\n<p><strong>GEST\u00c3O 2017\/2018<\/strong><\/p>\n<ul>\n<li><a href=\"https:\/\/www2.unicentro.br\/ppgh\/files\/2018\/07\/PORTARIA-N\u00ba02-2017-COMISS\u00c3O-DE-BOLSA.pdf\">Portaria n\u00ba 2-PPGH\/UNICENTRO, de 11\/04\/2017 &#8211; Designa membros para compor a Comiss\u00e3o de Bolsas do PPGH<\/a><\/li>\n<li><a href=\"https:\/\/www2.unicentro.br\/ppgh\/files\/2018\/08\/PORTARIA-N\u00ba03-2017-AVALIA\u00c7\u00c3O-INTERNA.pdf\">Portaria n\u00ba3 &#8211; PPGH\/UNICENTRO, de 18\/05\/2017 &#8211; Designa a Comiss\u00e3o de Avalia\u00e7\u00e3o Interna do PPGH<\/a><\/li>\n<li><a href=\"https:\/\/www2.unicentro.br\/ppgh\/files\/2018\/08\/PORTARIA-N\u00ba04-2017-COMISS\u00c3O-DE-SELE\u00c7\u00c3O.pdf\">Portaria n\u00ba4 &#8211; PPGH\/UNICENTRO, de 18\/09\/2017 &#8211; Designa a Comiss\u00e3o de Sele\u00e7\u00e3o para ingresso de Estudantes Regulares no PPGH<\/a><\/li>\n<li><a href=\"https:\/\/www2.unicentro.br\/ppgh\/files\/2018\/07\/PORTARIA-N\u00ba16-2017-Colegiado.pdf\">Portaria n\u00ba 16-PROPESP\/UNICENTRO, de 10\/05\/2017 &#8211; Designa Colegiado do Programa de P\u00f3s-Gradua\u00e7\u00e3o em Hist\u00f3ria &#8211; PPGH<\/a><\/li>\n<li><a href=\"https:\/\/www2.unicentro.br\/ppgh\/files\/2018\/07\/PORTARIA-N\u00ba27-2017-representante-discente-Maycon.pdf\">Portaria n\u00ba 27-PROPESP\/UNICENTRO, de 21\/07\/2017 &#8211; Designa representante discente no Colegiado do PPGH<\/a><\/li>\n<li><a href=\"https:\/\/www2.unicentro.br\/ppgh\/files\/2018\/07\/PORTARIA-OSEIAS-E-BEATRIZ.pdf\">Portaria n\u00ba 275-GR\/UNICENTRO, de 10\/03\/2017 &#8211; Designa Coordenador e Vice-Coordenadora do PPGH<\/a><\/li>\n<\/ul>\n<p>&nbsp;<\/p>\n<p><strong>GEST\u00c3O 2015\/2016<\/strong><\/p>\n<ul>\n<li><a href=\"https:\/\/www2.unicentro.br\/ppgh\/files\/2018\/07\/PORTARIA-N\u00ba01-2015-PROPESP-UNICENTRO-Designa-Colegiado.pdf\">Portaria n\u00ba 1-PROPESP\/UNICENTRO, de 16\/03\/2015 &#8211; Designa Colegiado do PPGH<\/a><\/li>\n<li><a href=\"https:\/\/www2.unicentro.br\/ppgh\/files\/2018\/07\/PORTARIA-N\u00ba01-2015-COMISS\u00c3O-DE-SELE\u00c7\u00c3O.pdf\">Portaria n\u00ba 1-PPGH\/UNICENTRO, de 12\/02\/2015 &#8211; Designa a Comiss\u00e3o de Sele\u00e7\u00e3o para o ingresso de Estudantes Regulares no PPGH<\/a><\/li>\n<li><a href=\"https:\/\/www2.unicentro.br\/ppgh\/files\/2018\/07\/PORTARIA-N\u00ba02-2015-CRE-e-RECREDENCIAMENTO.pdf\">Portaria n\u00ba 2-PPGH\/UNICENTRO, de 18\/10\/2015 &#8211; Designa a Comiss\u00e3o para avaliar os pedidos de Credenciamento e Recredenciamento de Professores no PPGH<\/a><\/li>\n<li><a href=\"https:\/\/www2.unicentro.br\/ppgh\/files\/2018\/07\/PORTARIA-N\u00ba01-2016-COMISS\u00c3O-DE-SELE\u00c7\u00c3O.pdf\">Portaria n\u00ba 1-PPGH\/UNICENTRO, de 18\/02\/2016 &#8211; Designa a Comiss\u00e3o de Sele\u00e7\u00e3o para o ingresso de Estudantes Regulares no PPGH<\/a><\/li>\n<li><a href=\"https:\/\/www2.unicentro.br\/ppgh\/files\/2018\/07\/PORTARIA-N\u00ba02-2016-COMISS\u00c3O-DE-BOLSA.pdf\">Portaria n\u00ba 2-PPGH\/UNICENTRO, de 18\/02\/2016 &#8211; Designa membros para compor a Comiss\u00e3o de Bolsas do PPGH<\/a><\/li>\n<li><a href=\"https:\/\/www2.unicentro.br\/ppgh\/files\/2018\/07\/PORTARIA-N\u00ba03-2016-AVALIA\u00c7\u00c3O-INTERNA.pdf\">Portaria n\u00ba 3-PPGH\/UNICENTRO, de 18\/02\/2016 &#8211; Designa a Comiss\u00e3o de Avalia\u00e7\u00e3o Interna do PPGH<\/a><\/li>\n<li><a href=\"https:\/\/www2.unicentro.br\/ppgh\/files\/2018\/07\/PORTARIA-N\u00ba04-2016-CRE-e-RECREDENCIAMENTO.pdf\">Portaria n\u00ba 4-PPGH\/UNICENTRO, de 10\/11\/2016 &#8211; Designa a Comiss\u00e3o para avaliar os pedidos de Credenciamento e Recredenciamento de Professores no PPGH<\/a><\/li>\n<li><a href=\"https:\/\/www2.unicentro.br\/ppgh\/files\/2018\/07\/PORTARIA-N\u00ba05-2016-COMISS\u00c3O-ELEITORAL.pdf\">Portaria n\u00ba 5-PPGH\/UNICENTRO, de 10\/11\/2016 &#8211; Designa Comiss\u00e3o Eleitoral encarregada do processo de elei\u00e7\u00e3o do Coordenador, Vice-Coordenador e Colegiado do PPGH<\/a><\/li>\n<li><a href=\"https:\/\/www2.unicentro.br\/ppgh\/files\/2018\/07\/PORTARIA-N\u00ba01-2017-COMISS\u00c3O-DE-SELE\u00c7\u00c3O.pdf\">Portaria n\u00ba 1-PPGH\/UNICENTRO, de 13\/02\/2017 &#8211; Designa a Comiss\u00e3o de Sele\u00e7\u00e3o para ingresso de Estudantes Regulares no PPGH<\/a><\/li>\n<\/ul>\n<p>&nbsp;<\/p>\n<p><strong>GEST\u00c3O 2013\/2014<\/strong><\/p>\n<ul>\n<li><a href=\"https:\/\/www2.unicentro.br\/ppgh\/files\/2018\/07\/H\u00e9lio-coordenador.pdf\">Portaria n\u00ba 355-GR\/UNICENTRO, de 01\/03\/2013 &#8211; Designa Coordenador do PPGH<\/a><\/li>\n<li><a href=\"https:\/\/www2.unicentro.br\/ppgh\/files\/2018\/07\/Beatriz-vice-coordenadora.pdf\">Portaria n\u00ba 356-GR\/UNICENTRO, de 01\/03\/2013 &#8211; Designa Vice-Coordenadora do PPGH<\/a><\/li>\n<li><a href=\"https:\/\/www2.unicentro.br\/ppgh\/files\/2018\/07\/PORTARIA-N\u00ba01-2014-PROFESSOR-VISITANTE-Augusto-Nascimento.pdf\">Portaria n\u00ba 1-PPGH\/UNICENTRO, de 20\/03\/2014 &#8211; Designa Professor Visitante no PPGH<\/a><\/li>\n<li><a href=\"https:\/\/www2.unicentro.br\/ppgh\/files\/2018\/07\/PORTARIAN\u00ba02-2014-REFORMULA\u00c7\u00c3O-CURRICULAR.pdf\">Portaria n\u00ba 2-PPGH\/UNICENTRO, de 21\/02\/2014 &#8211; Designa a Comiss\u00e3o de Reformula\u00e7\u00e3o Curricular do PPGH<\/a><\/li>\n<li><a href=\"https:\/\/www2.unicentro.br\/ppgh\/files\/2018\/07\/PORTARIA-N\u00ba03-2014-AVALIA\u00c7\u00c3O.pdf\">Portaria n\u00ba 3-PPGH\/UNICENTRO, de 10\/04\/2014 &#8211; Designa a Comiss\u00e3o de Avalia\u00e7\u00e3o Interna do PPGH<\/a><\/li>\n<li><a href=\"https:\/\/www2.unicentro.br\/ppgh\/files\/2018\/07\/PORTARIA-N\u00ba04-2014-COMISS\u00c3O-DE-BOLSA.pdf\">Portaria n\u00ba 4-PPGH\/UNICENTRO, de 12\/11\/2014 &#8211; Designa membros\u00a0 para compor a Comiss\u00e3o de Bolsas do PPGH<\/a><span style=\"font-family: georgia,palatino,serif;font-size: 12pt\"><br \/>\n<\/span><\/li>\n<li><a href=\"https:\/\/www2.unicentro.br\/ppgh\/files\/2018\/07\/PORTARIA-N\u00ba05-2014-CRE-e-RECREDENCIAMENTO.pdf\">Portaria n\u00ba 5-PPGH\/UNICENTRO, de 12\/11\/2014 &#8211; Designa Comiss\u00e3o para avaliar os pedidos de Credenciamento e Recredenciamento de Professores no PPGH<\/a><\/li>\n<li><a href=\"https:\/\/www2.unicentro.br\/ppgh\/files\/2018\/07\/PORTARIA-N\u00ba06-2014-COMISS\u00c3O-ELEITORAL.pdf\">Portaria n\u00ba 6-PPGH\/UNICENTRO, de 19\/12\/2014 &#8211; Designa Comiss\u00e3o Eleitoral encarregada do processo de elei\u00e7\u00e3o do Coordenador, Vice-Coordenador e Colegiado do PPGH<\/a><\/li>\n<li><a href=\"http:\/\/www2.unicentro.br\/ppgh\/files\/2015\/02\/Portaria_N_174_2014_CategoriasDocentesPPG.pdf\">Portaria n\u00ba 174-CAPES, de 30\/12\/2014 &#8211; Define as categorias de docentes dos programas desse n\u00edvel de ensino.<\/a><\/li>\n<\/ul>\n<p>&nbsp;<\/p>\n<p><strong>GEST\u00c3O 2011\/2012<\/strong><\/p>\n<ul>\n<li><a href=\"https:\/\/www2.unicentro.br\/ppgh\/files\/2018\/07\/PORTARIA-N\u00ba01-2011-CREDENCIAMENTO.pdf\">Portaria n\u00ba 1-PPGH\/UNICENTRO, de 01\/09\/2011 &#8211; Designa Comiss\u00e3o para avaliar os pedidos de Credenciamento e Recredenciamento de Professores no PPGH<\/a><\/li>\n<li><a href=\"https:\/\/www2.unicentro.br\/ppgh\/files\/2018\/07\/PORTARIA-N\u00ba02-2011-SELE\u00c7\u00c3O.pdf\">Portaria n\u00ba 2-PPGH\/UNICENTRO, de 04\/10\/2011 &#8211; Designa a Comiss\u00e3o de Sele\u00e7\u00e3o para ingresso de Estudantes Regulares no PPGH<\/a><\/li>\n<li><a href=\"https:\/\/www2.unicentro.br\/ppgh\/files\/2018\/07\/Campigoto-coordena\u00e7\u00e3o.pdf\">Portaria n\u00ba 738-GR\/UNICENTRO, de 30\/03\/2012 &#8211; Designa Coordenador do Programa de P\u00f3s-Gradua\u00e7\u00e3o em Hist\u00f3ria<\/a><\/li>\n<li><a href=\"https:\/\/www2.unicentro.br\/ppgh\/files\/2018\/07\/PORTARIA-N\u00ba01-12-SELE\u00c7\u00c3O.pdf\">Portaria n\u00ba 1-PPGH\/UNICENTRO, de 07\/08\/2012 &#8211; Designa a Comiss\u00e3o de Sele\u00e7\u00e3o para o ingresso de Estudantes Regulares no PPGH<\/a><\/li>\n<li><a href=\"https:\/\/www2.unicentro.br\/ppgh\/files\/2018\/07\/PORTARIA-N\u00ba02-12-BOLSA.pdf\">Portaria n\u00ba 2-PPGH\/UNICENTRO, de 07\/08\/2012 &#8211; Designa membros para compor a Comiss\u00e3o de Bolsas do PPGH<\/a><\/li>\n<li><a href=\"https:\/\/www2.unicentro.br\/ppgh\/files\/2018\/07\/PORTARIA-N\u00ba03-2012-SELE\u00c7\u00c3O.pdf\">Portaria n\u00ba 3-PPGH\/UNICENTRO, de 20\/03\/2012 &#8211; Designa a Comiss\u00e3o de Sele\u00e7\u00e3o para o ingresso de Estudantes Regulares no PPGH<\/a><\/li>\n<li><a href=\"https:\/\/www2.unicentro.br\/ppgh\/files\/2018\/07\/PORTARIA-N\u00ba04-12-COMISS\u00c3O-ELEITORAL.pdf\">Portaria n\u00ba 4-PPGH\/UNICENTRO, de 07\/12\/2012 &#8211; Designa a Comiss\u00e3o Eleitoral encarregada do Processo de Elei\u00e7\u00e3o do Coordenador, Vice-Coordenador e Colegiado do PPGH<\/a><\/li>\n<\/ul>\n<p>&nbsp;<\/p>\n<p><strong>REGULAMENTOS, RESOLU\u00c7\u00d5ES E PORTARIAS EXTERNAS (CAPES\/CNPQ)<\/strong><\/p>\n<p>&nbsp;<\/p>\n<ul>\n<li><a href=\"https:\/\/www3.unicentro.br\/ppgh\/wp-content\/uploads\/sites\/47\/2019\/05\/PNPD-Portaria_86_2013_Regulamento_PNPD.pdf\" target=\"_blank\" rel=\"noopener\">Portaria n\u00ba86\/2013 &#8211; Regulamento PNPD<\/a><\/li>\n<li><a href=\"https:\/\/www2.unicentro.br\/ppge\/files\/2014\/03\/Portaria__64-2010.pdf?x16490\">Regulamento Proap<\/a><\/li>\n<li><a href=\"https:\/\/www2.unicentro.br\/ppge\/files\/2014\/03\/Portaria_076_2010.pdf?x16490\">Regulamento Programa de Demanda Social (Bolsas CAPES\/DS)<\/a><\/li>\n<li><a href=\"https:\/\/www2.unicentro.br\/ppge\/files\/2014\/02\/portaria_CAPES_2_2012_Categorias_de_docentes.pdf?x16490\">Portaria 002\/2012-Capes \u2013 Defini\u00e7\u00e3o de Categoria de Docentes<\/a><\/li>\n<li><a href=\"https:\/\/www2.unicentro.br\/ppge\/files\/2014\/02\/Portaria_1_4_jan_2012.pdf?x16490\">Portaria 001\/2012-Capes \u2013 Atua\u00e7\u00e3o dos Docentes nos PPGs<\/a><\/li>\n<li><a href=\"https:\/\/www2.unicentro.br\/ppge\/files\/2014\/02\/Portaria_248_19dez2011_LicencaMaternidade.pdf?x16490\">Portaria n\u00ba 248\/2011 \u2013 Capes \u2013 Licen\u00e7a Maternidade (Bolsa da Capes)<\/a><\/li>\n<li><a href=\"https:\/\/www2.unicentro.br\/ppge\/files\/2014\/02\/PORTARIA_N_191_DE_4_DE_OUTUBRO_DE_2011.pdf?x16490\">Portaria N\u00ba 191 Capes 04\/10\/2011 \u2013 Define, para efeitos de enquadramento nos programas e cursos de p\u00f3s-gradua\u00e7\u00e3o, as categorias de docentes dos programas desse n\u00edvel de ensino<\/a><\/li>\n<li><a href=\"http:\/\/www.capes.gov.br\/images\/stories\/download\/legislacao\/PORTARIA-N-192-DE-4-DE-OUTUBRO-DE-2011.pdf\">Portaria N\u00ba 192 Capes 04\/10\/2011 \u2013 Define, para efeitos da avalia\u00e7\u00e3o, realizada pela Capes, a atua\u00e7\u00e3o nos programas e cursos de p\u00f3s-gradua\u00e7\u00e3o das diferentes categorias de docentes<\/a><\/li>\n<li><a href=\"https:\/\/www2.unicentro.br\/ppge\/files\/2014\/02\/Portaria_028_AUXPE.pdf?x16490\">Portaria 028\/2010-Capes<\/a><\/li>\n<li><a href=\"https:\/\/www2.unicentro.br\/ppge\/files\/2014\/03\/Portarias_conjuntas_n1_e_n2_Capes_CNPq.pdf?x16490\">Portaria Conjunta n\u00ba 01\/2010 \u2013 Capes\/CNPq \u2013 Ac\u00famulo de bolsa com atividades remunerada<\/a><\/li>\n<li><a href=\"http:\/\/capes.gov.br\/images\/stories\/download\/legislacao\/Portaria_076_RegulamentoDS.pdf\">Portaria 076\/2010-CAPES &#8211; Aprova o novo Regulamento do Programa de Demanda Social<\/a><\/li>\n<li><a href=\"https:\/\/www2.unicentro.br\/ppge\/files\/2014\/03\/Portaria_013_2006.pdf?x16490\">Portaria n\u00ba 013\/2006 \u2013 Institui a divulga\u00e7\u00e3o digital das teses e disserta\u00e7\u00f5es produzidas pelos programas de doutorado e mestrado reconhecidos<\/a><\/li>\n<\/ul>\n<p>&nbsp;<\/p>\n<p><strong>REGULAMENTO GERAL P\u00d3S-GRADUA\u00c7\u00c3O &#8211; UNICENTRO<\/strong><\/p>\n<ul>\n<li><a href=\"https:\/\/sgu.unicentro.br\/pcatooficiais\/imprimir\/F4F14A3C\">Regulamento da P\u00f3s-Gradua\u00e7\u00e3o\u00a0Stricto Sensu da UNICENTRO e d\u00e1 outras\u00a0provid\u00eancias<\/a><\/li>\n<\/ul>\n<p>&nbsp;<\/p>\n","protected":false},"excerpt":{"rendered":"<p>GEST\u00c3O 2023\/2025 Portaria n\u00ba 735-GR\/UNICENTRO, de 29\/06\/2023 &#8211; Designa Coordenador e Vice-Coordenador do PPGH Portaria n\u00ba 45-PROPESP\/UNICENTRO, de 03\/07\/2023 &#8211; Designa Colegiado do Programa de P\u00f3s-Gradua\u00e7\u00e3o em Hist\u00f3ria &#8211; PPGH Portaria n\u00ba 62-PROPESP\/UNICENTRO, de 22\/08\/2023 &#8211; Designa representante discente no Colegiado do PPGH Portaria n\u00ba 01-PPGH\/UNICENTRO, de 18\/08\/2023 &#8211; Designa a Comiss\u00e3o de Sele\u00e7\u00e3o para [&hellip;]<\/p>\n","protected":false},"author":3,"featured_media":0,"parent":0,"menu_order":0,"comment_status":"closed","ping_status":"closed","template":"","meta":{"_exactmetrics_skip_tracking":false,"_exactmetrics_sitenote_active":false,"_exactmetrics_sitenote_note":"","_exactmetrics_sitenote_category":0,"footnotes":"","_links_to":"","_links_to_target":""},"class_list":["post-59","page","type-page","status-publish","hentry"],"_links":{"self":[{"href":"https:\/\/www3.unicentro.br\/ppgh\/wp-json\/wp\/v2\/pages\/59","targetHints":{"allow":["GET"]}}],"collection":[{"href":"https:\/\/www3.unicentro.br\/ppgh\/wp-json\/wp\/v2\/pages"}],"about":[{"href":"https:\/\/www3.unicentro.br\/ppgh\/wp-json\/wp\/v2\/types\/page"}],"author":[{"embeddable":true,"href":"https:\/\/www3.unicentro.br\/ppgh\/wp-json\/wp\/v2\/users\/3"}],"replies":[{"embeddable":true,"href":"https:\/\/www3.unicentro.br\/ppgh\/wp-json\/wp\/v2\/comments?post=59"}],"version-history":[{"count":2,"href":"https:\/\/www3.unicentro.br\/ppgh\/wp-json\/wp\/v2\/pages\/59\/revisions"}],"predecessor-version":[{"id":2813,"href":"https:\/\/www3.unicentro.br\/ppgh\/wp-json\/wp\/v2\/pages\/59\/revisions\/2813"}],"wp:attachment":[{"href":"https:\/\/www3.unicentro.br\/ppgh\/wp-json\/wp\/v2\/media?parent=59"}],"curies":[{"name":"wp","href":"https:\/\/api.w.org\/{rel}","templated":true}]}}