{"id":51,"date":"2014-07-01T00:00:00","date_gmt":"2014-07-01T03:00:00","guid":{"rendered":"https:\/\/www3.unicentro.br\/ppgh\/instrucoes-normativas\/"},"modified":"2026-03-31T14:21:18","modified_gmt":"2026-03-31T17:21:18","slug":"instrucoes-normativas","status":"publish","type":"page","link":"https:\/\/www3.unicentro.br\/ppgh\/instrucoes-normativas\/","title":{"rendered":"Instru\u00e7\u00f5es Normativas"},"content":{"rendered":"<div class=\"wpb-content-wrapper\"><p>[vc_row][vc_column][vc_column_text css=&#8221;&#8221;]<\/p>\n<ul>\n<li><a href=\"https:\/\/www3.unicentro.br\/ppgh\/wp-content\/uploads\/sites\/47\/2022\/09\/NORMAS-PARA-CONFECCAO-DOS-TEXTOS-PARA-QUALIFICACAO-E-DEFESA-PROPESP.pdf\">Instru\u00e7\u00e3o normativa n\u00ba 002\/2014 &#8211; Estabelece normas e procedimentos para confec\u00e7\u00e3o de disserta\u00e7\u00f5es e teses<\/a><\/li>\n<li><a href=\"https:\/\/www3.unicentro.br\/ppgh\/wp-content\/uploads\/sites\/47\/2023\/10\/IN-01.23-PROPESP-Estabelece-parametros-e-condicoes-para-comprovacao-de-proficiencia-em-lingua-estrangeira.pdf\">Instru\u00e7\u00e3o normativa n\u00b0 01\/2023-PROPESP &#8211; Estabelece par\u00e2metros e condi\u00e7\u00f5es para comprova\u00e7\u00e3o de profici\u00eancia em l\u00edngua estrangeira, para os discentes de p\u00f3s-gradua\u00e7\u00e3o stricto sensu.<\/a><\/li>\n<li><a href=\"https:\/\/www3.unicentro.br\/ppgh\/wp-content\/uploads\/sites\/47\/2023\/11\/INSTRUCAO-NORMATIVA-N-o-01-2023-\u2013-Autoavaliacao_PPGH.pdf\">Instru\u00e7\u00e3o Normativa n\u00ba 01\/2023 \u2013 PPGH\/UNICENTRO &#8211; Estabelece normas e procedimentos para a realiza\u00e7\u00e3o do processo de Autoavalia\u00e7\u00e3o do PPGH<\/a><\/li>\n<li><a href=\"https:\/\/www3.unicentro.br\/ppgh\/wp-content\/uploads\/sites\/47\/2024\/03\/INSTRUCAO-NORMATIVA-No01-2024-Concessao-e-Manutencao-de-Bolsas.pdf\">Instru\u00e7\u00e3o Normativa n\u00ba 01\/2024 &#8211; PPGH\/UNICENTRO &#8211; Estabelece normas, crit\u00e9rios e procedimentos para concess\u00e3o e manuten\u00e7\u00e3o de bolsas para estudantes no PPGH.<\/a><\/li>\n<li><a href=\"https:\/\/www3.unicentro.br\/ppgh\/wp-content\/uploads\/sites\/47\/2026\/03\/INSTRUCAO-NORMATIVA-N-o-02-2024-\u2013-Credenciamento-e-Recredenciamento-de-Docentes-Permanentes-e-Colaboradores_PPGH.pdf\">Instru\u00e7\u00e3o Normativa n\u00ba 02\/2024 &#8211; PPGH\/UNICENTRO &#8211; Estabelece normas, crit\u00e9rios e procedimentos para credenciamento e recredenciamento de docentes permanentes e colaboradores no PPGH.<\/a><\/li>\n<\/ul>\n<p>[\/vc_column_text][\/vc_column][\/vc_row]<\/p>\n<\/div>","protected":false},"excerpt":{"rendered":"<p>[vc_row][vc_column][vc_column_text css=&#8221;&#8221;] Instru\u00e7\u00e3o normativa n\u00ba 002\/2014 &#8211; Estabelece normas e procedimentos para confec\u00e7\u00e3o de disserta\u00e7\u00f5es e teses Instru\u00e7\u00e3o normativa n\u00b0 01\/2023-PROPESP &#8211; Estabelece par\u00e2metros e condi\u00e7\u00f5es para comprova\u00e7\u00e3o de profici\u00eancia em l\u00edngua estrangeira, para os discentes de p\u00f3s-gradua\u00e7\u00e3o stricto sensu. Instru\u00e7\u00e3o Normativa n\u00ba 01\/2023 \u2013 PPGH\/UNICENTRO &#8211; Estabelece normas e procedimentos para a realiza\u00e7\u00e3o do [&hellip;]<\/p>\n","protected":false},"author":3,"featured_media":0,"parent":0,"menu_order":0,"comment_status":"closed","ping_status":"closed","template":"","meta":{"_exactmetrics_skip_tracking":false,"_exactmetrics_sitenote_active":false,"_exactmetrics_sitenote_note":"","_exactmetrics_sitenote_category":0,"footnotes":"","_links_to":"","_links_to_target":""},"class_list":["post-51","page","type-page","status-publish","hentry"],"_links":{"self":[{"href":"https:\/\/www3.unicentro.br\/ppgh\/wp-json\/wp\/v2\/pages\/51","targetHints":{"allow":["GET"]}}],"collection":[{"href":"https:\/\/www3.unicentro.br\/ppgh\/wp-json\/wp\/v2\/pages"}],"about":[{"href":"https:\/\/www3.unicentro.br\/ppgh\/wp-json\/wp\/v2\/types\/page"}],"author":[{"embeddable":true,"href":"https:\/\/www3.unicentro.br\/ppgh\/wp-json\/wp\/v2\/users\/3"}],"replies":[{"embeddable":true,"href":"https:\/\/www3.unicentro.br\/ppgh\/wp-json\/wp\/v2\/comments?post=51"}],"version-history":[{"count":3,"href":"https:\/\/www3.unicentro.br\/ppgh\/wp-json\/wp\/v2\/pages\/51\/revisions"}],"predecessor-version":[{"id":3840,"href":"https:\/\/www3.unicentro.br\/ppgh\/wp-json\/wp\/v2\/pages\/51\/revisions\/3840"}],"wp:attachment":[{"href":"https:\/\/www3.unicentro.br\/ppgh\/wp-json\/wp\/v2\/media?parent=51"}],"curies":[{"name":"wp","href":"https:\/\/api.w.org\/{rel}","templated":true}]}}