{"id":50,"date":"2014-07-01T00:00:00","date_gmt":"2014-07-01T03:00:00","guid":{"rendered":"https:\/\/www3.unicentro.br\/ppgh\/regulamentos\/"},"modified":"2022-09-29T15:22:13","modified_gmt":"2022-09-29T18:22:13","slug":"regulamentos","status":"publish","type":"page","link":"https:\/\/www3.unicentro.br\/ppgh\/regulamentos\/","title":{"rendered":"Regulamentos"},"content":{"rendered":"<ul>\n<li><a href=\"https:\/\/www3.unicentro.br\/ppgh\/wp-content\/uploads\/sites\/47\/2022\/09\/8E8D2B45.pdf\">Regulamento do curso de Mestrado em Hist\u00f3ria<\/a><\/li>\n<li><a href=\"http:\/\/www2.unicentro.br\/ppgh\/files\/2014\/07\/REGULAMENTO_DO_EST_GIO_DE_DOC_NCIA_DO_PPGH.pdf\">Regulamento do est\u00e1gio de doc\u00eancia<\/a><\/li>\n<li><a href=\"https:\/\/www3.unicentro.br\/ppgh\/wp-content\/uploads\/sites\/47\/2019\/03\/REGULAMENTO-DO-LANUHVI.pdf\">Regulamento do Laborat\u00f3rio LANUHVI<\/a><\/li>\n<li><a href=\"https:\/\/www3.unicentro.br\/ppgh\/wp-content\/uploads\/sites\/47\/2022\/09\/Regulamento-Auto-Avaliacao-dos-PPGs.pdf\">Regulamento do Processo de Autoavalia\u00e7\u00e3o dos Programas de P\u00f3s- Gradua\u00e7\u00e3o Stricto Sensu da UNICENTRO<\/a><\/li>\n<\/ul>\n","protected":false},"excerpt":{"rendered":"<p>Regulamento do curso de Mestrado em Hist\u00f3ria Regulamento do est\u00e1gio de doc\u00eancia Regulamento do Laborat\u00f3rio LANUHVI Regulamento do Processo de Autoavalia\u00e7\u00e3o dos Programas de P\u00f3s- Gradua\u00e7\u00e3o Stricto Sensu da UNICENTRO<\/p>\n","protected":false},"author":3,"featured_media":0,"parent":0,"menu_order":0,"comment_status":"closed","ping_status":"closed","template":"","meta":{"_exactmetrics_skip_tracking":false,"_exactmetrics_sitenote_active":false,"_exactmetrics_sitenote_note":"","_exactmetrics_sitenote_category":0,"footnotes":"","_links_to":"","_links_to_target":""},"class_list":["post-50","page","type-page","status-publish","hentry"],"_links":{"self":[{"href":"https:\/\/www3.unicentro.br\/ppgh\/wp-json\/wp\/v2\/pages\/50","targetHints":{"allow":["GET"]}}],"collection":[{"href":"https:\/\/www3.unicentro.br\/ppgh\/wp-json\/wp\/v2\/pages"}],"about":[{"href":"https:\/\/www3.unicentro.br\/ppgh\/wp-json\/wp\/v2\/types\/page"}],"author":[{"embeddable":true,"href":"https:\/\/www3.unicentro.br\/ppgh\/wp-json\/wp\/v2\/users\/3"}],"replies":[{"embeddable":true,"href":"https:\/\/www3.unicentro.br\/ppgh\/wp-json\/wp\/v2\/comments?post=50"}],"version-history":[{"count":0,"href":"https:\/\/www3.unicentro.br\/ppgh\/wp-json\/wp\/v2\/pages\/50\/revisions"}],"wp:attachment":[{"href":"https:\/\/www3.unicentro.br\/ppgh\/wp-json\/wp\/v2\/media?parent=50"}],"curies":[{"name":"wp","href":"https:\/\/api.w.org\/{rel}","templated":true}]}}