{"id":49,"date":"2014-07-01T00:00:00","date_gmt":"2014-07-01T03:00:00","guid":{"rendered":"https:\/\/www3.unicentro.br\/ppgh\/normas\/"},"modified":"2026-02-27T18:24:14","modified_gmt":"2026-02-27T21:24:14","slug":"normas","status":"publish","type":"page","link":"https:\/\/www3.unicentro.br\/ppgh\/normas\/","title":{"rendered":"Normas"},"content":{"rendered":"<div class=\"wpb-content-wrapper\"><p>[vc_row][vc_column][vc_column_text css=&#8221;&#8221;]<\/p>\n<ul>\n<li><span style=\"font-family: arial, helvetica, sans-serif\"><a href=\"http:\/\/www2.unicentro.br\/ppgh\/files\/2014\/07\/NORMAS_PARA_PRORROGA_O_E_TRANCAMENTO_DE_MATR_CULA_5655fa65142f7.pdf\">Normas para prorroga\u00e7\u00e3o e trancamento de matr\u00edcula<\/a><\/span><\/li>\n<li><span style=\"font-family: arial, helvetica, sans-serif\"><a href=\"http:\/\/www2.unicentro.br\/ppgh\/files\/2014\/07\/NORMAS_PARA_DESIST_NCIA_E_TROCA_DE_ORIENTA_O_5655fa9f3deff.pdf\">Normas para desist\u00eancia e troca de orienta\u00e7\u00e3o<\/a><\/span><\/li>\n<li><span style=\"font-family: arial, helvetica, sans-serif\"><a href=\"http:\/\/www2.unicentro.br\/ppgh\/files\/2014\/07\/NORMAS_dos_textos_para_qualifica_o_e_defesa_PPGH_UNICENTRO.pdf\">Normas para a apresenta\u00e7\u00e3o dos textos da qualifica\u00e7\u00e3o e defesa de disserta\u00e7\u00e3o no \u00e2mbito do PPGH-Unicentro<\/a><\/span><\/li>\n<\/ul>\n<p>[\/vc_column_text][\/vc_column][\/vc_row]<\/p>\n<\/div>","protected":false},"excerpt":{"rendered":"<p>[vc_row][vc_column][vc_column_text css=&#8221;&#8221;] Normas para prorroga\u00e7\u00e3o e trancamento de matr\u00edcula Normas para desist\u00eancia e troca de orienta\u00e7\u00e3o Normas para a apresenta\u00e7\u00e3o dos textos da qualifica\u00e7\u00e3o e defesa de disserta\u00e7\u00e3o no \u00e2mbito do PPGH-Unicentro [\/vc_column_text][\/vc_column][\/vc_row]<\/p>\n","protected":false},"author":3,"featured_media":0,"parent":0,"menu_order":0,"comment_status":"closed","ping_status":"closed","template":"","meta":{"_exactmetrics_skip_tracking":false,"_exactmetrics_sitenote_active":false,"_exactmetrics_sitenote_note":"","_exactmetrics_sitenote_category":0,"footnotes":"","_links_to":"","_links_to_target":""},"class_list":["post-49","page","type-page","status-publish","hentry"],"_links":{"self":[{"href":"https:\/\/www3.unicentro.br\/ppgh\/wp-json\/wp\/v2\/pages\/49","targetHints":{"allow":["GET"]}}],"collection":[{"href":"https:\/\/www3.unicentro.br\/ppgh\/wp-json\/wp\/v2\/pages"}],"about":[{"href":"https:\/\/www3.unicentro.br\/ppgh\/wp-json\/wp\/v2\/types\/page"}],"author":[{"embeddable":true,"href":"https:\/\/www3.unicentro.br\/ppgh\/wp-json\/wp\/v2\/users\/3"}],"replies":[{"embeddable":true,"href":"https:\/\/www3.unicentro.br\/ppgh\/wp-json\/wp\/v2\/comments?post=49"}],"version-history":[{"count":2,"href":"https:\/\/www3.unicentro.br\/ppgh\/wp-json\/wp\/v2\/pages\/49\/revisions"}],"predecessor-version":[{"id":3798,"href":"https:\/\/www3.unicentro.br\/ppgh\/wp-json\/wp\/v2\/pages\/49\/revisions\/3798"}],"wp:attachment":[{"href":"https:\/\/www3.unicentro.br\/ppgh\/wp-json\/wp\/v2\/media?parent=49"}],"curies":[{"name":"wp","href":"https:\/\/api.w.org\/{rel}","templated":true}]}}