{"id":35,"date":"2014-07-01T00:00:00","date_gmt":"2014-07-01T03:00:00","guid":{"rendered":"https:\/\/www3.unicentro.br\/ppgh\/coordenacao\/"},"modified":"2026-03-11T15:38:47","modified_gmt":"2026-03-11T18:38:47","slug":"coordenacao","status":"publish","type":"page","link":"https:\/\/www3.unicentro.br\/ppgh\/coordenacao\/","title":{"rendered":"Coordena\u00e7\u00e3o e Comiss\u00f5es"},"content":{"rendered":"<div class=\"wpb-content-wrapper\"><p>[vc_row][vc_column][vc_column_text css=&#8221;&#8221;]<\/p>\n<table style=\"width: 87.0227%\">\n<tbody>\n<tr>\n<td style=\"width: 100%\"><strong>COORDENA\u00c7\u00c3O julho de 2025\/2027\u00a0<\/strong><br \/>\n<em>Coordenador<\/em><br \/>\nProf. Dr. Paulo Rodrigo Andrade Haiduke &#8211; <a href=\"mailto:paulohaiduke@unicentro.br\">paulohaiduke@unicentro.br<\/a> &#8211; de novembro\/25 a junho\/27<br \/>\nProf. Dr.\u00a0<span style=\"font-family: inherit;font-size: inherit\">Ancelmo Sch\u00f6rner &#8211;<\/span><span style=\"font-family: inherit;font-size: inherit\">\u00a0<\/span><a style=\"font-family: inherit;font-size: inherit\" href=\"mailto:ancelmo.schorner13@gmail.com\">ancelmo.schorner13@gmail.com<\/a> &#8211; de julho a novembro\/25&nbsp;<\/p>\n<p><em>Vice-Coordenador<\/em><br \/>\nProf. Dr. Helio Sochodolak &#8211; <a href=\"mailto:sochodo@gmail.com\">sochodo@gmail.com<\/a> &#8211; de novembro\/25 a junho\/27<br \/>\nProf. Dr. Paulo Rodrigo Andrade Haiduke &#8211; <a href=\"mailto:paulohaiduke@unicentro.br\">paulohaiduke@unicentro.br<\/a> &#8211; de julho a novembro\/25<\/p>\n<p>&nbsp;<\/p>\n<p><strong>Colegiado do PPGH<\/strong><br \/>\nProf. Dr. Davi Silva Gon\u00e7alves<br \/>\nProf\u00aa. Dr\u00aa. Nadia Maria Guariza<br \/>\nProf. Dr. Odinei Fabiano Ramos<br \/>\nProf. Dr. Os\u00e9ias de Oliveira<br \/>\nAngelo Gabriel dos Santos (representante discente)<br \/>\nYasmin Brand Rodrigues (representante discente) &#8211; de setembro\/24 a julho\/25<\/p>\n<p><strong>Comiss\u00e3o de Bolsas<\/strong><br \/>\nProf. Dr. Paulo Rodrigo Andrade Haiduke\u00a0&#8211; Presidente<br \/>\nProf. Dr. Geyso Dongley Germinari<br \/>\nProf. Dr. Vanderlei Sebasti\u00e3o de Souza<br \/>\nAngelo Gabriel dos Santos (representante discente)<br \/>\nYasmin Brand Rodrigues (representante discente) &#8211; de setembro\/24 a julho\/25<\/p>\n<p><strong>Comiss\u00e3o de Sele\u00e7\u00e3o 2026<\/strong><br \/>\nProf. Dr. Paulo Rodrigo Andrade Haiduke &#8211; Presidente<br \/>\nProf. Dr. Odinei Fabiano Ramos<br \/>\nProf. Dr. Os\u00e9ias de Oliveira<br \/>\nProf\u00aa. Dr\u00aa. Ariane Carla Pereira Fernandes<br \/>\nProf. Dr. Davi Silva Gon\u00e7alves<\/p>\n<p><strong>Comiss\u00e3o de Sele\u00e7\u00e3o 2025<\/strong><br \/>\nProf. Dr. Danilo Ferreira da Fonseca &#8211; Presidente<br \/>\nProf. Dr. Ancelmo Sch\u00f6rner<br \/>\nProf\u00aa. Dr\u00aa. Ariane Carla Pereira Fernandes<br \/>\nProf\u00aa. Dr\u00aa. Nadia Maria Guariza<br \/>\nProf. Dr. Odinei Fabiano Ramos<\/p>\n<p><strong>Comiss\u00e3o de Autoavalia\u00e7\u00e3o<\/strong><br \/>\nProf. Dr. Ancelmo Sch\u00f6rner<br \/>\nProf. Dr. Helio Sochodolak<br \/>\nProf. Dr. Jos\u00e9 Miguel Arias Neto<\/p>\n<p><strong>Representante Discente<\/strong><br \/>\nAngelo Gabriel dos Santos (representante discente) &#8211; <a href=\"mailto:gabe_santos13@yahoo.com\">gabe_santos13@yahoo.com<\/a><br \/>\nYasmin Brand Rodrigues (representante discente) &#8211; <a href=\"mailto:ybrand217@gmail.com\">ybrand217@gmail.com<\/a> &#8211; de setembro\/24 a julho\/25<\/p>\n<p><strong>Secret\u00e1ria<\/strong><br \/>\nCibele Helena Zwar<\/p>\n<p><strong>Estagi\u00e1ria<\/strong><br \/>\nJulie Hellen dos Santos Stenzel &#8211; de mar\u00e7o de 2026 a dezembro de 2026<\/td>\n<\/tr>\n<\/tbody>\n<\/table>\n<p>&nbsp;<\/p>\n<hr \/>\n<h4 style=\"text-align: center\"><strong>N\u00daCLEO DOCENTE PERMANENTE<\/strong><\/h4>\n<p style=\"text-align: left\">Prof. Dr. Helio Sochodolak<br \/>\nProf. Dr. Os\u00e9ias de Oliveira<\/p>\n<hr \/>\n<h4 style=\"text-align: center\">GEST\u00d5ES ANTERIORES<\/h4>\n<table style=\"width: 68.8528%;height: 3328px\">\n<tbody>\n<tr>\n<td><strong>COORDENA\u00c7\u00c3O julho de 2023\/2025\u00a0<\/strong><br \/>\n<em>Coordenador<\/em><br \/>\nProf. Dr. Danilo Ferreira da Fonseca \u2013 <a href=\"mailto:daniloffonseca@gmail.com\">daniloffonseca@gmail.com<\/a>&nbsp;<\/p>\n<p><em>Vice-Coordenador<\/em><br \/>\nProf. Dr. Ancelmo Sch\u00f6rner &#8211; <a href=\"mailto:ancelmo.schorner13@gmail.com\">ancelmo.schorner13@gmail.com<\/a><br \/>\nProf. Dr. Helio Sochodolak &#8211; <a href=\"mailto:sochodo@gmail.com\">sochodo@gmail.com<\/a> &#8211; de julho de 2023 a janeiro de 2025<\/p>\n<p>&nbsp;<\/p>\n<p><strong>Colegiado do PPGH<\/strong><br \/>\nProf\u00aa. Dr\u00aa. Alexandra Louren\u00e7o<br \/>\nProf\u00aa. Dr\u00aa. M\u00e9ri Frotscher Kramer<br \/>\nProf\u00aa. Dr\u00aa. Rosemeri Moreira<br \/>\nProf. Dr. Odinei Fabiano Ramos<br \/>\nYasmin Brand Rodrigues (representante discente)<br \/>\nPamella Kosniski Montani Wendler (representante discente) &#8211; de agosto de 2023 a junho de 2024<\/p>\n<p><strong>Comiss\u00e3o de Bolsas<\/strong><br \/>\nProf. Dr. Danilo Ferreira da Fonseca &#8211; Presidente<br \/>\nProf. Dr. Geyso Dongley Germinari<br \/>\nProf. Dr. Vanderlei Sebasti\u00e3o de Souza<br \/>\nYasmin Brand Rodrigues (representante discente)<br \/>\nPamella Kosniski Montani Wendler (representante discente) &#8211; de agosto de 2023 a junho de 2024<\/p>\n<p><strong>Comiss\u00e3o de Sele\u00e7\u00e3o 2024<\/strong><br \/>\nProf. Dr. Danilo Ferreira da Fonseca &#8211; Presidente<br \/>\nProf\u00aa. Dr\u00aa. Alexandra Louren\u00e7o<br \/>\nProf. Dr. Ancelmo Sch\u00f6rner<br \/>\nProf\u00aa. Dr\u00aa. Ariane Carla Pereira Fernandes<br \/>\nProf\u00aa. Dr\u00aa. M\u00e9ri Frotscher Kramer<\/p>\n<p><strong>Comiss\u00e3o de Autoavalia\u00e7\u00e3o<\/strong><br \/>\nProf. Dr. Danilo Ferreira da Fonseca<br \/>\nProf. Dr. Helio Sochodolak<br \/>\nProf. Dr. Jos\u00e9 Miguel Arias Neto<br \/>\nProf\u00aa. Dr\u00aa. Rosemeri Moreira<br \/>\nPamella Kosniski Montani Wendler &#8211; de agosto de 2023 a junho de 2024<\/p>\n<p><strong>Representante Discente<\/strong><br \/>\nYasmin Brand Rodrigues (representante discente) &#8211; <a href=\"mailto:ybrand217@gmail.com\">ybrand217@gmail.com<\/a><br \/>\nPamella Kosniski Montani Wendler &#8211; <a href=\"mailto:mestradopamellamontani@gmail.com\">mestradopamellamontani@gmail.com<\/a> &#8211; de agosto de 2023 a junho de 2024<\/p>\n<p><strong>Secret\u00e1ria<\/strong><br \/>\nCibele Helena Zwar<\/p>\n<p><strong>Estagi\u00e1rio<\/strong><br \/>\nJulie Hellen dos Santos Stenzel<br \/>\nTain\u00e3 Beber Fiorilo &#8211; de maio de 2024 a dezembro de 2024<\/p>\n<p><strong>\u00a0<\/strong><\/td>\n<\/tr>\n<tr style=\"height: 1240px\">\n<td style=\"height: 1240px\"><strong>COORDENA\u00c7\u00c3O mar\u00e7o de 2021\/2022<\/strong><br \/>\n<em>Coordenadora<\/em><br \/>\nProf\u00aa. Dr\u00aa. Nadia Maria Guariza \u2013 <a href=\"mailto:nadiamguariza@gmail.com\">nadiamguariza@gmail.com<\/a>&nbsp;<\/p>\n<p><em>Vice-Coordenadora<\/em><br \/>\nProf\u00aa. Dr\u00aa. Rosemeri Moreira &#8211; <a href=\"mailto:rosemeri1moreira@gmail.com\">rosemeri1moreira@gmail.com<\/a><\/p>\n<p>&nbsp;<\/p>\n<p><strong>Colegiado do PPGH<\/strong><br \/>\nProf\u00aa. Dr\u00aa. Ana Maria Rufino Gillies<br \/>\nProf. Dr. Helio Sochodolak &#8211; de mar\u00e7o \u00e0 novembro de 2021 e a partir de setembro de 2022<br \/>\nProf. Dr. Jos\u00e9 Miguel Arias Neto &#8211; de dezembro de 2021 \u00e0 agosto de 2022<br \/>\nProf. Dr. Paulo Rodrigo Andrade Haiduke<br \/>\nProf. Dr. Vanderlei Sebasti\u00e3o de Souza<br \/>\n\u00c9rica Karina Silva (representante discente) &#8211; de agosto de 2022 \u00e0 julho de 2023<br \/>\nLucas Antoszczyszyn (representante discente) &#8211; de agosto de 2021 \u00e0 julho de 2022<br \/>\nDhyandra\u00a0Montani Schactai (representante discente) &#8211; de agosto de 2020 \u00e0 julho de 2021<\/p>\n<p><strong>Comiss\u00e3o de Bolsas<\/strong><br \/>\nProf\u00aa. Dr\u00aa. Rosemeri Moreira &#8211; Presidente<br \/>\nProf. Dr. Geyso Dongley Germinari<br \/>\nProf. Dr. Odinei Fabiano Ramos<br \/>\nProf. Dr. Vanderlei Sebasti\u00e3o de Souza<br \/>\n\u00c9rica Karina Silva (representante discente) &#8211; de agosto de 2022 \u00e0 julho de 2023<br \/>\nLucas Antoszczyszyn (representante discente) &#8211; de agosto de 2021 \u00e0 julho de 2022<br \/>\nDhyandra\u00a0Montani Schactai (representante discente) &#8211; de agosto de 2020 \u00e0 julho de 2021<\/p>\n<p><strong>Comiss\u00e3o de Sele\u00e7\u00e3o\u00a02021<\/strong><br \/>\nProf\u00aa. Dr\u00aa. Nadia Maria Guariza &#8211; Presidente<br \/>\nProf\u00aa. Dr\u00aa. Alexandra Louren\u00e7o<br \/>\nProf. Dr. Ancelmo Sch\u00f6rner<br \/>\nProf\u00aa. Dr\u00aa. Ariane Carla Pereira Fernandes<br \/>\nProf. Dr. Odinei Fabiano Ramos<br \/>\nProf. Dr. Os\u00e9ias de Oliveira<\/p>\n<p><strong>Comiss\u00e3o de Avalia\u00e7\u00e3o Interna<\/strong><br \/>\nProf. Dr. Danilo Ferreira da Fonseca<br \/>\nProf. Dr. Geyso Dongley Germinari<br \/>\nProf. Dr. Helio Sochodolak<br \/>\nProf. Dr. Os\u00e9ias de Oliveira<br \/>\nProf\u00aa. Dr\u00aa. Nadia Maria Guariza<\/p>\n<p><strong>Representante Discente<\/strong><br \/>\n\u00c9rica Karina Silva &#8211; <a href=\"mailto:ekarina.ek8@gmail.com\">ekarina.ek8@gmail.com<\/a> &#8211; de agosto de 2022 \u00e0 julho de 2023<br \/>\nLucas Antoszczyszyn &#8211; <a href=\"mailto:antoszczyszyn98@outlook.com\">antoszczyszyn98@outlook.com<\/a> &#8211; de agosto de 2021 \u00e0 julho de 2022<br \/>\nDhyandra\u00a0Montani Schactai &#8211; <a href=\"mailto:dhy_andramontani@hotmail.com\">dhy_andramontani@hotmail.com<\/a> &#8211; de agosto de 2020 \u00e0 julho de 2021<\/p>\n<p><strong>Secret\u00e1ria<\/strong><br \/>\nCibele Helena Zwar<\/p>\n<p><strong>Estagi\u00e1ria<\/strong><br \/>\nDaiane Priscila Arruda<\/td>\n<\/tr>\n<tr>\n<td><strong>COORDENA\u00c7\u00c3O janeiro de 2019 \u00e0 fevereiro de 2021<\/strong><br \/>\n<em>Coordenador<\/em><br \/>\nProf. Dr. Os\u00e9ias de Oliveira \u2013 <a href=\"mailto:oseias50@yahoo.com.br\">oseias50@yahoo.com.br<\/a>&nbsp;<\/p>\n<p><em>Vice-Coordenador<\/em><br \/>\nProf. Dr. Vanderlei Sebasti\u00e3o de Souza &#8211; <a href=\"mailto:vandesouza10@gmail.com\">vandesouza10@gmail.com<\/a><\/p>\n<p><strong>Colegiado do PPGH<\/strong><br \/>\nProf. Dr. Ancelmo Sch\u00f6rner<br \/>\nProf\u00aa. Dr\u00aa. Beatriz Anselmo Olinto<br \/>\nProf. Dr. J\u00f3 Klanovicz<br \/>\nProf\u00aa. Dr\u00aa. Nadia Maria Guariza<br \/>\nMarcelo Douglas Nascimento Ribas Filho (representante discente) &#8211; de agosto de 2019 \u00e0 julho de 2020<\/p>\n<p><strong>Comiss\u00e3o de Bolsas<\/strong><br \/>\nProf. Dr. Vanderlei Sebasti\u00e3o de Souza &#8211; Presidente<br \/>\nProf\u00aa. Dr\u00aa. Beatriz Anselmo Olinto<br \/>\nProf. Dr. Jos\u00e9 Adil\u00e7on Campigoto<br \/>\nProf\u00aa. Dr\u00aa. Nadia Maria Guariza<br \/>\nMarcelo Douglas Nascimento Ribas Filho (representante discente) &#8211; de agosto de 2019 \u00e0 julho de 2020<\/p>\n<p><strong>Comiss\u00e3o de Sele\u00e7\u00e3o\u00a02019<\/strong><br \/>\nProf. Dr. Os\u00e9ias de Oliveira &#8211; Presidente<br \/>\nProf\u00aa. Dr\u00aa. Ana Maria Rufino Gillies<br \/>\nProf\u00aa. Dr\u00aa. Ariane Carla Pereira Fernandes<br \/>\nProf. Dr. J\u00f3 Klanovicz<br \/>\nProf. Dr. Jos\u00e9 Adil\u00e7on Campigoto<br \/>\nProf\u00aa. Dr\u00aa. Nadia Maria Guariza<br \/>\nProf\u00aa. Dr\u00aa. Rosemeri Moreira<\/p>\n<p><strong>Comiss\u00e3o de Avalia\u00e7\u00e3o Interna<\/strong><br \/>\nProf. Dr. Os\u00e9ias de Oliveira &#8211; Presidente<br \/>\nProf. Dr. Ancelmo Sch\u00f6rner<br \/>\nProf. Dr. Helio Sochodolak<br \/>\nProf. Dr. Jos\u00e9 Miguel Arias Neto<br \/>\nProf. Dr. Geyso Dongley Germinari<br \/>\nProf. Dr. Vanderlei Sebasti\u00e3o de Souza<\/p>\n<p><strong>Comiss\u00e3o de Credenciamento e Recredenciamento<\/strong><br \/>\nProf. Dr. Os\u00e9ias de Oliveira &#8211; Presidente<br \/>\nProf. Dr. Jos\u00e9 Adil\u00e7on Campigoto<br \/>\nProf. Dr. Helio Sochodolak<br \/>\nProf. Dr. Geyso Dongley Germinari<br \/>\nProf\u00aa. Dr\u00aa. Nadia Maria Guariza<\/p>\n<p><strong>Representante Discente<\/strong><br \/>\nMarcelo Douglas Nascimento Ribas Filho\u00a0&#8211; marcelodribas@gmail.com &#8211; at\u00e9 julho de 2020<\/p>\n<p><strong>Secret\u00e1ria<\/strong><br \/>\nCibele Helena Zwar<\/p>\n<p><strong>Estagi\u00e1rio<\/strong><br \/>\nValdenei de Toledo J\u00fanior<\/p>\n<p><strong>\u00a0<\/strong><\/td>\n<\/tr>\n<tr style=\"height: 1296px\">\n<td style=\"height: 1296px\"><strong>COORDENA\u00c7\u00c3O mar\u00e7o de 2017 \u00e0 dezembro de 2018<\/strong><br \/>\n<em>Coordenador<\/em><br \/>\nProf. Dr. Os\u00e9ias de Oliveira \u2013 <a href=\"mailto:oseias50@yahoo.com.br\">oseias50@yahoo.com.br<\/a>&nbsp;<\/p>\n<p><em>Vice-Coordenadora<\/em><br \/>\nProf\u00aa. Dr\u00aa. Beatriz Anselmo Olinto &#8211; <a class=\"Yh1nIb asUmFb AL18ce\" href=\"mailto:biaolinto@hotmail.com\" target=\"_blank\" rel=\"noopener noreferrer\">biaolinto@hotmail.com<\/a> &#8211; mar\u00e7o de 2017 a dezembro de 2018<\/p>\n<p>&nbsp;<\/p>\n<p><strong>Colegiado do PPGH<\/strong><br \/>\nProf. Dr. Ancelmo Sch\u00f6rner<br \/>\nProf. Dr. Fernando Franco Netto<br \/>\nProf\u00aa. Dr\u00aa. Nadia Maria Guariza<br \/>\nProf\u00aa. Dr\u00aa. Rosemeri Moreira<br \/>\nMaycon Andr\u00e9 Zanin (representante discente) at\u00e9 julho de 2017<br \/>\nLucas Kosinski (representante discente) de agosto de 2017 \u00e0 julho de 2018<br \/>\nBruno Cezar Bio Augusto (representante discente) a partir de agosto de 2018<\/p>\n<p><strong>Comiss\u00e3o de Bolsas<\/strong><br \/>\nProf\u00aa. Dr\u00aa. Beatriz Anselmo Olinto &#8211; Presidente<br \/>\nProf\u00aa. Dr\u00aa. Ariane Carla Pereira Fernandes<br \/>\nProf. Dr. Geyso Dongley Germinari<br \/>\nProf. Dr. Vanderlei Sebasti\u00e3o de Souza<br \/>\nMaycon Andr\u00e9 Zanin (representante discente) at\u00e9 julho de 2017<br \/>\nLucas Kosinski (representante discente) de agosto de 2017 \u00e0 julho de 2018<br \/>\nBruno Cezar Bio Augusto (representante discente) a partir de agosto de 2018<\/p>\n<p><strong>Comiss\u00e3o de Sele\u00e7\u00e3o 2017<\/strong><br \/>\nProf. Dr. Os\u00e9ias de Oliveira &#8211; Presidente<br \/>\nProf\u00aa. Dr\u00aa. Ana Maria Rufino Gillies<br \/>\nProf. Dr.Ancelmo Sch\u00f6rner<br \/>\nProf\u00aa. Dr\u00aa. Ariane Carla Pereira Fernandes<br \/>\nProf. Dr. Jair Antunes<br \/>\nProf\u00aa. Dr\u00aa. Nadia Maria Guariza<br \/>\nProf\u00aa. Dr\u00aa. Rosemeri Moreira<\/p>\n<p><strong>Comiss\u00e3o de Sele\u00e7\u00e3o<\/strong> <strong>2018<\/strong><br \/>\nProf. Dr. Os\u00e9ias de Oliveira &#8211; Presidente<br \/>\nProf\u00aa. Dr\u00aa. Ana Maria Rufino Gillies<br \/>\nProf\u00aa. Dr\u00aa. Ariane Carla Pereira Fernandes<br \/>\nProf. Dr. J\u00f3 Klanovicz<br \/>\nProf. Dr. Vanderlei Sebasti\u00e3o de Souza<\/p>\n<p><strong>Comiss\u00e3o de Avalia\u00e7\u00e3o Interna<\/strong><br \/>\nProf. Dr. Os\u00e9ias de Oliveira &#8211; Presidente<br \/>\nProf. Dr. Ancelmo Sch\u00f6rner<br \/>\nProf. Dr. Helio Sochodolak<br \/>\nProf. Dr. Geyso Dongley Germinari<br \/>\nProf. Dr. Vanderlei Sebasti\u00e3o de Souza<\/p>\n<p><strong>Representantes Discentes<\/strong><br \/>\nMaycon Andr\u00e9 Zanin (representante discente) at\u00e9 julho de 2017<br \/>\nLucas Kosinski (representante discente) de agosto de 2017 \u00e0 julho de 2018<br \/>\nBruno Cezar Bio Augusto (representante discente) a partir de agosto de 2018<\/p>\n<p><strong>Secret\u00e1ria<\/strong><br \/>\nCibele Helena Zwar<\/p>\n<p><strong>Estagi\u00e1rio<\/strong><br \/>\nJos\u00e9 Augusto<\/td>\n<\/tr>\n<tr style=\"height: 304px\">\n<td style=\"height: 304px\"><strong>COORDENA\u00c7\u00c3O mar\u00e7o de 2016 a fevereiro de 2017<\/strong><br \/>\n<em>Coordenador<\/em><br \/>\nProf. Dr. Ancelmo Sch\u00f6rner &#8211; <a class=\"Yh1nIb asUmFb AL18ce\" href=\"mailto:ancelmo.schorner13@gmail.com\" target=\"_blank\" rel=\"noopener noreferrer\">ancelmo.schorner13@gmail.com<\/a>&nbsp;<\/p>\n<p><em>Vice-Coordenador<\/em><br \/>\nProf. Dr. J\u00f3 Klanovicz &#8211; <a class=\"Yh1nIb asUmFb AL18ce\" href=\"mailto:klanov@gmail.com\" target=\"_blank\" rel=\"noopener noreferrer\">klanov@gmail.com<\/a> &#8211; mar\u00e7o de 2016 a agosto de 2016<br \/>\nProf. Dr. Os\u00e9ias de Oliveira \u2013 <a href=\"mailto:oseias50@yahoo.com.br\">oseias50@yahoo.com.br<\/a> &#8211; setembro de 2016 a fevereiro de 2017<\/p>\n<p>&nbsp;<\/p>\n<p><strong>Secret\u00e1ria<\/strong><br \/>\nCibele Helena Zwar<\/p>\n<p><strong>Estagi\u00e1rias<\/strong><br \/>\nAline Dorochinski<br \/>\nJenniffer Mangrich<\/td>\n<\/tr>\n<tr style=\"height: 288px\">\n<td style=\"height: 288px\"><strong>COORDENA\u00c7\u00c3O mar\u00e7o de 2013 a fevereiro de 2016<\/strong><br \/>\n<em>Coordenador<\/em><br \/>\nProf. Dr. Helio Sochodolak \u2013 <a href=\"mailto:sochodo@gmail.com\">sochodo@gmail.com<\/a>&nbsp;<\/p>\n<p><em>Vice-Coordenadora<\/em><br \/>\nProf\u00aa. Dr\u00aa. Beatriz Anselmo Olinto &#8211; <a class=\"Yh1nIb asUmFb AL18ce\" href=\"mailto:biaolinto@hotmail.com\" target=\"_blank\" rel=\"noopener noreferrer\">biaolinto@hotmail.com<\/a> &#8211; mar\u00e7o de 2013 a junho de 2013<br \/>\nProf\u00aa. Dr\u00aa. Liliane da costa Freitag &#8211; julho de 2013 a fevereiro de 2015<br \/>\nProf. Dr. J\u00f3 Klanovicz &#8211; <a class=\"Yh1nIb asUmFb AL18ce\" href=\"mailto:klanov@gmail.com\" target=\"_blank\" rel=\"noopener noreferrer\">klanov@gmail.com<\/a> &#8211; mar\u00e7o de 2015 a fevereiro de 2016<\/p>\n<p>&nbsp;<\/p>\n<p><strong>Secret\u00e1ria<\/strong><br \/>\nCibele Helena Zwar<\/p>\n<p><strong>Estagi\u00e1ria<\/strong><br \/>\nLarissa Galv\u00e3o<\/td>\n<\/tr>\n<tr style=\"height: 200px\">\n<td style=\"height: 200px\"><strong>COORDENA\u00c7\u00c3O mar\u00e7o de 2011 a fevereiro de 2013<\/strong><br \/>\n<em>Coordenador<\/em><br \/>\nProf. Dr. Jos\u00e9 Adil\u00e7on Campigoto &#8211; <a class=\"Yh1nIb asUmFb AL18ce\" href=\"mailto:jacampigoto@gmail.com\" target=\"_blank\" rel=\"noopener noreferrer\">jacampigoto@gmail.com<\/a>&nbsp;<\/p>\n<p><em>Vice-Coordenadora<\/em><br \/>\nProf\u00aa. Dr\u00aa. M\u00e1rcia Terezinha Tembil &#8211; mar\u00e7o de 2011 a agosto de 2012<br \/>\nProf\u00aa. Dr\u00aa. Beatriz Anselmo Olinto &#8211; <a class=\"Yh1nIb asUmFb AL18ce\" href=\"mailto:biaolinto@hotmail.com\" target=\"_blank\" rel=\"noopener noreferrer\">biaolinto@hotmail.com<\/a> &#8211; setembro de 2012 a fevereiro de 2013<\/p>\n<p>&nbsp;<\/p>\n<p><strong>Secret\u00e1ria<\/strong><br \/>\nCibele Helena Zwar<\/td>\n<\/tr>\n<\/tbody>\n<\/table>\n<p>[\/vc_column_text][\/vc_column][\/vc_row]<\/p>\n<\/div>","protected":false},"excerpt":{"rendered":"<p>[vc_row][vc_column][vc_column_text css=&#8221;&#8221;] COORDENA\u00c7\u00c3O julho de 2025\/2027\u00a0 Coordenador Prof. Dr. Paulo Rodrigo Andrade Haiduke &#8211; paulohaiduke@unicentro.br &#8211; de novembro\/25 a junho\/27 Prof. Dr.\u00a0Ancelmo Sch\u00f6rner &#8211;\u00a0ancelmo.schorner13@gmail.com &#8211; de julho a novembro\/25&nbsp; Vice-Coordenador Prof. Dr. Helio Sochodolak &#8211; sochodo@gmail.com &#8211; de novembro\/25 a junho\/27 Prof. Dr. Paulo Rodrigo Andrade Haiduke &#8211; paulohaiduke@unicentro.br &#8211; de julho a novembro\/25 &nbsp; [&hellip;]<\/p>\n","protected":false},"author":3,"featured_media":0,"parent":0,"menu_order":0,"comment_status":"closed","ping_status":"closed","template":"","meta":{"_exactmetrics_skip_tracking":false,"_exactmetrics_sitenote_active":false,"_exactmetrics_sitenote_note":"","_exactmetrics_sitenote_category":0,"footnotes":"","_links_to":"","_links_to_target":""},"class_list":["post-35","page","type-page","status-publish","hentry"],"_links":{"self":[{"href":"https:\/\/www3.unicentro.br\/ppgh\/wp-json\/wp\/v2\/pages\/35","targetHints":{"allow":["GET"]}}],"collection":[{"href":"https:\/\/www3.unicentro.br\/ppgh\/wp-json\/wp\/v2\/pages"}],"about":[{"href":"https:\/\/www3.unicentro.br\/ppgh\/wp-json\/wp\/v2\/types\/page"}],"author":[{"embeddable":true,"href":"https:\/\/www3.unicentro.br\/ppgh\/wp-json\/wp\/v2\/users\/3"}],"replies":[{"embeddable":true,"href":"https:\/\/www3.unicentro.br\/ppgh\/wp-json\/wp\/v2\/comments?post=35"}],"version-history":[{"count":3,"href":"https:\/\/www3.unicentro.br\/ppgh\/wp-json\/wp\/v2\/pages\/35\/revisions"}],"predecessor-version":[{"id":3827,"href":"https:\/\/www3.unicentro.br\/ppgh\/wp-json\/wp\/v2\/pages\/35\/revisions\/3827"}],"wp:attachment":[{"href":"https:\/\/www3.unicentro.br\/ppgh\/wp-json\/wp\/v2\/media?parent=35"}],"curies":[{"name":"wp","href":"https:\/\/api.w.org\/{rel}","templated":true}]}}