{"id":34,"date":"2014-07-01T00:00:00","date_gmt":"2014-07-01T03:00:00","guid":{"rendered":"https:\/\/www3.unicentro.br\/ppgh\/linhas-de-pesquisa\/"},"modified":"2025-11-19T11:37:24","modified_gmt":"2025-11-19T14:37:24","slug":"linhas-de-pesquisa","status":"publish","type":"page","link":"https:\/\/www3.unicentro.br\/ppgh\/linhas-de-pesquisa\/","title":{"rendered":"Linhas de Pesquisa"},"content":{"rendered":"<div class=\"wpb-content-wrapper\"><p>[vc_row][vc_column][vc_column_text css=&#8221;&#8221;]<\/p>\n<table>\n<tbody>\n<tr>\n<th style=\"background-color: #f0f0c2;text-align: center\">\n<p style=\"text-align: center\"><span style=\"font-size: 14pt\"><strong>Espa\u00e7os de Pr\u00e1ticas e Rela\u00e7\u00f5es de Poder<\/strong><\/span><\/p>\n<\/th>\n<\/tr>\n<tr>\n<td>\n<p style=\"text-align: justify\">A linha \u201cEspa\u00e7os de Pr\u00e1ticas e Rela\u00e7\u00f5es de Poder\u201d concebe regi\u00f5es como espa\u00e7os de pr\u00e1ticas que lhe d\u00e3o origem e s\u00e3o originadas por elas. O enfoque incide nas rela\u00e7\u00f5es que produzem, afrontam, mobilizam e confirmam sujeitos diversos, bem como agenciam macro e micro poderes pol\u00edticos. Investiga saberes e pr\u00e1ticas, como as estrat\u00e9gias institucionais e as t\u00e1ticas dos usu\u00e1rios frente \u00e0s normas e formas de conduta engendradas por diferentes esferas de poder. A linha re\u00fane investiga\u00e7\u00f5es sobre diversos grupos, tendo como mote as etnicidades, imigra\u00e7\u00f5es e migra\u00e7\u00f5es, religiosidade, formas de relacionamento com a terra, relatos de espa\u00e7o, experi\u00eancias produzidas pelas culturas cient\u00edficas e n\u00e3o cient\u00edficas, ruralidade, urbanidade, rela\u00e7\u00f5es de g\u00eanero e pr\u00e1ticas de viol\u00eancia.<\/p>\n<p><span style=\"font-size: 14pt\"><strong>DOCENTES<\/strong><\/span><br \/>\nCarlos Eduardo Fran\u00e7a de Oliveira &#8211; <a href=\"http:\/\/lattes.cnpq.br\/2892949327316029\">Curr\u00edculo Lattes<\/a> &#8211; E-mail: <a href=\"mailto:carlosoliveira@unicentro.br\">carlosoliveira@unicentro.br<\/a><br \/>\nGeyso Dongley Germinari &#8211; <a href=\"http:\/\/lattes.cnpq.br\/3411158801771346\" target=\"_blank\" rel=\"noopener noreferrer\">Curr\u00edculo Lattes<\/a> &#8211; E-mail: <a href=\"mailto:geysog@gmail.com\">geysog@gmail.com<\/a><br \/>\nHelio Sochodolak\u00a0&#8211; <a href=\"http:\/\/lattes.cnpq.br\/2397406478051464\" target=\"_blank\" rel=\"noopener noreferrer\">Curr\u00edculo Lattes<\/a> &#8211; E-mail: <a href=\"mailto:sochodo@gmail.com\">sochodo@gmail.com<\/a><br \/>\nJos\u00e9 Miguel Arias Neto &#8211; <a href=\"http:\/\/lattes.cnpq.br\/4096402583066476\" target=\"_blank\" rel=\"noopener noreferrer\">Curr\u00edculo Lattes<\/a> &#8211; E-mail: <a href=\"mailto:josemiguel2009a@gmail.com\">josemiguel2009a@gmail.com<\/a><br \/>\nM\u00e9ri Frotscher Kramer &#8211; <a href=\"http:\/\/lattes.cnpq.br\/6119252241515525\">Curr\u00edculo Lattes<\/a> &#8211; E-mail: <a class=\"Yh1nIb asUmFb AL18ce\" href=\"mailto:josemiguel2009a@gmail.com\" target=\"_blank\" rel=\"noopener noreferrer\">merikramer@hotmail.com<\/a><br \/>\nOdinei Fabiano Ramos &#8211; <a href=\"http:\/\/lattes.cnpq.br\/2700277654537474\">Curr\u00edculo Lattes<\/a> &#8211; E-mail: <a href=\"mailto:odineiramos@gmail.com\">odineiramos@gmail.com<\/a><br \/>\nOs\u00e9ias de Oliveira\u00a0&#8211; <a href=\"http:\/\/lattes.cnpq.br\/6237786899945021\" target=\"_blank\" rel=\"noopener noreferrer\">Curr\u00edculo Lattes<\/a> &#8211; E-mail: <a href=\"mailto:prof.oseias@gmail.com\">prof.oseias@gmail.com<\/a><\/td>\n<\/tr>\n<tr>\n<th style=\"background-color: #f0ecc5;text-align: center\">\n<p style=\"text-align: center\"><span style=\"font-size: 14pt\"><strong>Espa\u00e7os Simb\u00f3licos, Saberes e Corporeidades<\/strong><\/span><\/p>\n<\/th>\n<\/tr>\n<tr>\n<td>\n<p style=\"text-align: justify\">Esta linha de pesquisa re\u00fane investiga\u00e7\u00f5es sobre pr\u00e1ticas socioculturais que engendram regi\u00f5es, concebidas como espa\u00e7os simb\u00f3licos, espa\u00e7os de pr\u00e1ticas, performances e constru\u00e7\u00f5es hist\u00f3ricas, produzidas nas e pelas narrativas ordin\u00e1rias, liter\u00e1rias, jur\u00eddicas, cient\u00edficas e religiosas. Os espa\u00e7os simb\u00f3licos podem ser percebidos na escrita da hist\u00f3ria, nas mem\u00f3rias, nos relatos de viagem, na m\u00eddia, nas ci\u00eancias, nas artes, na pluralidade das culturas e nas pr\u00e1ticas de identifica\u00e7\u00f5es discursivas e n\u00e3o discursivas. Dessa forma, a linha congrega estudos sobre corpo, rela\u00e7\u00f5es de g\u00eanero e \u00e9tnico raciais, os debates p\u00f3s e decoloniais, os espa\u00e7os de poder\/saber, as territorialidades, identidades, resist\u00eancias, sujeitos hist\u00f3ricos e movimentos sociais, as institui\u00e7\u00f5es (sociais, pol\u00edticas e de saber) e as rela\u00e7\u00f5es de poder. A linha ainda contempla debates sobre produ\u00e7\u00e3o, circula\u00e7\u00e3o e recep\u00e7\u00e3o de ideias, em contextos nacionais, transnacionais e globais, bem como quest\u00f5es relativas \u00e0 modernidade e p\u00f3s-modernidade.<\/p>\n<p><span style=\"font-size: 14pt\"><strong>DOCENTES<\/strong><\/span><br \/>\nAlexandra Louren\u00e7o &#8211; <a href=\"http:\/\/lattes.cnpq.br\/2698449197048434\">Curr\u00edculo Lattes<\/a> &#8211; E-mail: <a href=\"mailto:alels1@hotmail.com\">alels1@hotmail.com<\/a><br \/>\nAriane Carla Pereira Fernandes &#8211; <a href=\"http:\/\/lattes.cnpq.br\/5391433507648309\" target=\"_blank\" rel=\"noopener noreferrer\">Curr\u00edculo Lattes<\/a> &#8211; E-mail: <a href=\"mailto:arianepereira1977@gmail.com\">arianepereira1977@gmail.com<\/a><br \/>\nDanilo\u00a0 Ferreira da Fonseca &#8211; <a href=\"http:\/\/lattes.cnpq.br\/5265107659800095\">Curr\u00edculo Lattes<\/a> &#8211; E-mail: <a href=\"mailto:daniloffonseca@gmail.com\">daniloffonseca@gmail.com<\/a><br \/>\nDavi Silva Gon\u00e7alves &#8211; <a href=\"http:\/\/lattes.cnpq.br\/4264535213871108\">Curr\u00edculo Lattes<\/a> &#8211; E-mail: <a href=\"mailto:gdavi1210@gmail.com\">gdavi1210@gmail.com<\/a><br \/>\nNadia Maria Guariza &#8211; Curr\u00edculo Lattes &#8211; E-mail: <a href=\"mailto:nadiamguariza@gmail.com\">nadiamguariza@gmail.com<\/a><br \/>\nPaulo Rodrigo Andrade Haiduke &#8211; <a href=\"http:\/\/lattes.cnpq.br\/6355666020730731\">Curr\u00edculo Lattes<\/a> &#8211; E-mail: <a href=\"mailto:paulohaiduke@unicentro.br\">paulohaiduke@unicentro.br<\/a><br \/>\nVanderlei Sebasti\u00e3o de Souza &#8211; <a href=\"http:\/\/lattes.cnpq.br\/5667834354637476\" target=\"_blank\" rel=\"noopener noreferrer\">Curr\u00edculo Lattes<\/a> &#8211; E-mail: <a href=\"mailto:vanderleidesouza@yahoo.com.br\">vanderleidesouza@yahoo.com.br<\/a><\/td>\n<\/tr>\n<\/tbody>\n<\/table>\n<p>[\/vc_column_text][\/vc_column][\/vc_row]<\/p>\n<\/div>","protected":false},"excerpt":{"rendered":"<p>[vc_row][vc_column][vc_column_text css=&#8221;&#8221;] Espa\u00e7os de Pr\u00e1ticas e Rela\u00e7\u00f5es de Poder A linha \u201cEspa\u00e7os de Pr\u00e1ticas e Rela\u00e7\u00f5es de Poder\u201d concebe regi\u00f5es como espa\u00e7os de pr\u00e1ticas que lhe d\u00e3o origem e s\u00e3o originadas por elas. O enfoque incide nas rela\u00e7\u00f5es que produzem, afrontam, mobilizam e confirmam sujeitos diversos, bem como agenciam macro e micro poderes pol\u00edticos. Investiga [&hellip;]<\/p>\n","protected":false},"author":3,"featured_media":0,"parent":0,"menu_order":0,"comment_status":"closed","ping_status":"closed","template":"","meta":{"_exactmetrics_skip_tracking":false,"_exactmetrics_sitenote_active":false,"_exactmetrics_sitenote_note":"","_exactmetrics_sitenote_category":0,"footnotes":"","_links_to":"","_links_to_target":""},"class_list":["post-34","page","type-page","status-publish","hentry"],"_links":{"self":[{"href":"https:\/\/www3.unicentro.br\/ppgh\/wp-json\/wp\/v2\/pages\/34","targetHints":{"allow":["GET"]}}],"collection":[{"href":"https:\/\/www3.unicentro.br\/ppgh\/wp-json\/wp\/v2\/pages"}],"about":[{"href":"https:\/\/www3.unicentro.br\/ppgh\/wp-json\/wp\/v2\/types\/page"}],"author":[{"embeddable":true,"href":"https:\/\/www3.unicentro.br\/ppgh\/wp-json\/wp\/v2\/users\/3"}],"replies":[{"embeddable":true,"href":"https:\/\/www3.unicentro.br\/ppgh\/wp-json\/wp\/v2\/comments?post=34"}],"version-history":[{"count":2,"href":"https:\/\/www3.unicentro.br\/ppgh\/wp-json\/wp\/v2\/pages\/34\/revisions"}],"predecessor-version":[{"id":3729,"href":"https:\/\/www3.unicentro.br\/ppgh\/wp-json\/wp\/v2\/pages\/34\/revisions\/3729"}],"wp:attachment":[{"href":"https:\/\/www3.unicentro.br\/ppgh\/wp-json\/wp\/v2\/media?parent=34"}],"curies":[{"name":"wp","href":"https:\/\/api.w.org\/{rel}","templated":true}]}}