{"id":33,"date":"2014-07-01T00:00:00","date_gmt":"2014-07-01T03:00:00","guid":{"rendered":"https:\/\/www3.unicentro.br\/ppgh\/area-de-concentracao\/"},"modified":"2019-04-24T16:29:11","modified_gmt":"2019-04-24T19:29:11","slug":"area-de-concentracao","status":"publish","type":"page","link":"https:\/\/www3.unicentro.br\/ppgh\/area-de-concentracao\/","title":{"rendered":"\u00c1rea de Concentra\u00e7\u00e3o"},"content":{"rendered":"<h4 style=\"text-align: center\"><strong>Histo\u0301ria e Regio\u0303es<\/strong><\/h4>\n<p style=\"text-align: justify\">A \u00e1rea de concentra\u00e7\u00e3o &#8220;Hist\u00f3ria e Regi\u00f5es&#8221; re\u00fane investiga\u00e7\u00f5es sobre narrativas que evidenciam conceitos, usos e significados de &#8220;regi\u00f5es&#8221; e seus elementos constituintes. Embora &#8220;regi\u00e3o&#8221; permita v\u00e1rias interpreta\u00e7\u00f5es, aqui ela \u00e9 tomada no plural &#8220;regi\u00f5es&#8221; &#8211; para caracterizar uma no\u00e7\u00e3o historiogr\u00e1fica que compreende campos de for\u00e7as de intensidades diversas, ora convergentes, ora conflitantes, como constituintes das pr\u00e1ticas sociais e simb\u00f3licas que d\u00e3o nexo a sujeitos, suas identidades, alteridades e rela\u00e7\u00f5es com o ambiente, em m\u00faltiplas temporalidades.<\/p>\n<p style=\"text-align: justify\">A hist\u00f3ria problematiza as regi\u00f5es como elementos que se estendem al\u00e9m do car\u00e1ter de simples cen\u00e1rio, suporte ou delimita\u00e7\u00e3o, configurando-se, portanto, como essenciais e pr\u00f3prios do objeto do historiador. As regi\u00f5es s\u00e3o concebidas como inven\u00e7\u00f5es humanas que possuem historicidade, como objetos em permanente constru\u00e7\u00e3o e desconstru\u00e7\u00e3o. Parte-se do princ\u00edpio de que toda constru\u00e7\u00e3o de regi\u00f5es pelos sujeitos \u00e9, inerentemente complexa, uma vez que estabelecem rela\u00e7\u00f5es conflituosas, t\u00e1ticas e\/ou estrat\u00e9gicas, afrontando, mobilizando e\/ou confirmando macro e micro poderes pol\u00edticos, bem como pr\u00e1ticas e saberes. Tais sujeitos produzem e s\u00e3o produzidos por fronteiras de exclus\u00e3o e inclus\u00e3o, isto \u00e9, regi\u00f5es que possibilitam a sua exist\u00eancia. Baseia-se, assim, na ideia de que as regi\u00f5es s\u00e3o compostas por fronteiras, aqui significadas para al\u00e9m de seu aspecto geogr\u00e1fico, sob a forma de limites fluidos e perme\u00e1veis que estabelecem diferen\u00e7as e identifica\u00e7\u00f5es.<\/p>\n<p style=\"text-align: justify\">Enfatiza-se os saberes e as pr\u00e1ticas pol\u00edticas de divis\u00e3o, de diferencia\u00e7\u00e3o, de produ\u00e7\u00e3o de enunciados tidos como verdadeiros e leg\u00edtimos, na fabrica\u00e7\u00e3o de identidades e tradi\u00e7\u00f5es. O ato da escrita da hist\u00f3ria \u00e9 concebido como a\u00e7\u00e3o reconstrutora de tramas, esfor\u00e7o compreensivo e cartogr\u00e1fico, desenvolvido em vista do espa\u00e7o de emerg\u00eancia dos acontecimentos, onde os sujeitos criam, inventam e, tamb\u00e9m, s\u00e3o agenciados por pr\u00e1ticas de poder e saberes que os constituem, os classificam, os diferenciam e os explicam.<\/p>\n<p style=\"text-align: justify\">Trata-se, portanto, de entender como as pr\u00e1ticas de poderes e saberes s\u00e3o (re)produzidos e\/ou ativados e, ao mesmo tempo, engendram regi\u00f5es. Pressup\u00f5e-se, igualmente, que as identidades assim constitu\u00eddas s\u00e3o performances sobrepostas umas \u00e0s outras, num movimento vinculado \u00e0 din\u00e2mica hist\u00f3rica, visto que: por um lado, os personagens s\u00e3o identificados e localizados estrategicamente; por outro, inventam formas t\u00e1ticas de conviv\u00eancia e subjetiva\u00e7\u00e3o.<\/p>\n","protected":false},"excerpt":{"rendered":"<p>Histo\u0301ria e Regio\u0303es A \u00e1rea de concentra\u00e7\u00e3o &#8220;Hist\u00f3ria e Regi\u00f5es&#8221; re\u00fane investiga\u00e7\u00f5es sobre narrativas que evidenciam conceitos, usos e significados de &#8220;regi\u00f5es&#8221; e seus elementos constituintes. Embora &#8220;regi\u00e3o&#8221; permita v\u00e1rias interpreta\u00e7\u00f5es, aqui ela \u00e9 tomada no plural &#8220;regi\u00f5es&#8221; &#8211; para caracterizar uma no\u00e7\u00e3o historiogr\u00e1fica que compreende campos de for\u00e7as de intensidades diversas, ora convergentes, ora [&hellip;]<\/p>\n","protected":false},"author":3,"featured_media":0,"parent":0,"menu_order":0,"comment_status":"closed","ping_status":"closed","template":"","meta":{"_exactmetrics_skip_tracking":false,"_exactmetrics_sitenote_active":false,"_exactmetrics_sitenote_note":"","_exactmetrics_sitenote_category":0,"footnotes":"","_links_to":"","_links_to_target":""},"class_list":["post-33","page","type-page","status-publish","hentry"],"_links":{"self":[{"href":"https:\/\/www3.unicentro.br\/ppgh\/wp-json\/wp\/v2\/pages\/33","targetHints":{"allow":["GET"]}}],"collection":[{"href":"https:\/\/www3.unicentro.br\/ppgh\/wp-json\/wp\/v2\/pages"}],"about":[{"href":"https:\/\/www3.unicentro.br\/ppgh\/wp-json\/wp\/v2\/types\/page"}],"author":[{"embeddable":true,"href":"https:\/\/www3.unicentro.br\/ppgh\/wp-json\/wp\/v2\/users\/3"}],"replies":[{"embeddable":true,"href":"https:\/\/www3.unicentro.br\/ppgh\/wp-json\/wp\/v2\/comments?post=33"}],"version-history":[{"count":0,"href":"https:\/\/www3.unicentro.br\/ppgh\/wp-json\/wp\/v2\/pages\/33\/revisions"}],"wp:attachment":[{"href":"https:\/\/www3.unicentro.br\/ppgh\/wp-json\/wp\/v2\/media?parent=33"}],"curies":[{"name":"wp","href":"https:\/\/api.w.org\/{rel}","templated":true}]}}