{"id":32,"date":"2014-07-01T00:00:00","date_gmt":"2014-07-01T03:00:00","guid":{"rendered":"https:\/\/www3.unicentro.br\/ppgh\/caracterizacao\/"},"modified":"2022-09-21T11:37:06","modified_gmt":"2022-09-21T14:37:06","slug":"caracterizacao","status":"publish","type":"page","link":"https:\/\/www3.unicentro.br\/ppgh\/caracterizacao\/","title":{"rendered":"Caracteriza\u00e7\u00e3o do curso"},"content":{"rendered":"<table>\n<tbody>\n<tr>\n<th style=\"text-align: center\"><span style=\"font-size: 14pt\"><strong>Objetivos<\/strong><\/span><\/th>\n<\/tr>\n<tr>\n<td style=\"text-align: justify\">Conduzir a\u0300 obtenc\u0327a\u0303o de grau acade\u0302mico caracterizado pelo ni\u0301vel de mestrado e formar pessoal de alta qualificac\u0327a\u0303o e capacidade criadora para intervir, com compete\u0302ncia teo\u0301rica, poli\u0301tica e te\u0301cnica no campo da doce\u0302ncia e capaz de produzir conhecimento sobre a construc\u0327a\u0303o dos sentidos, a constituic\u0327a\u0303o de sujeitos e as conexo\u0303es entre os elementos que da\u0303o consiste\u0302ncia a\u0300 histo\u0301ria e a\u0300s regio\u0303es.<\/td>\n<\/tr>\n<tr>\n<th style=\"text-align: center\"><span style=\"font-size: 14pt\"><strong>Perfil profissional<\/strong><\/span><\/th>\n<\/tr>\n<tr>\n<td style=\"text-align: justify\">O profissional a ser formado deve ser capaz de atuar em instituic\u0327o\u0303es que demandem o conhecimento histo\u0301rico, tais como as de ensino, os centros de documentac\u0327a\u0303o e memo\u0301ria, os arquivos e museus, entre outras, articulando o geral e o particular, a constituic\u0327a\u0303o de sentidos e de sujeitos, a complexidade e as atividades ai\u0301 desenvolvidas, a\u0300 pesquisa, considerada como o fundamento de sua atuac\u0327a\u0303o profissional.<\/td>\n<\/tr>\n<\/tbody>\n<\/table>\n<p>&nbsp;<\/p>\n<p><strong>Total de cre\u0301ditos para titulac\u0327a\u0303o:<\/strong> 32 (Dissertac\u0327a\u0303o: 12;\u00a0Disciplinas: 16; Outras Atividades Programadas: 4)<br \/>\n<strong>Periodicidade de Selec\u0327a\u0303o:<\/strong> Anual (Abril a Junho)<br \/>\n<strong>Ingresso:<\/strong> Agosto<br \/>\n<strong>Vagas:<\/strong> definidas conforme a disponibilidade de orienta\u00e7\u00e3o\/m\u00e9dia dos docentes (observando a recomenda\u00e7\u00e3o da Capes)<br \/>\n<strong>Modalidade:<\/strong> Acad\u00eamico<br \/>\n<strong>Dura\u00e7\u00e3o:<\/strong> 24 meses<\/p>\n<hr \/>\n<p>&nbsp;<\/p>\n<p>Cria\u00e7\u00e3o do Curso: <strong>2011<\/strong><br \/>\nIn\u00edcio das Atividades: <strong>2012<\/strong><br \/>\nConceito CAPES: <strong>3<\/strong><br \/>\n\u00c1rea de Concentra\u00e7\u00e3o: <strong>Hist\u00f3ria e Regi\u00f5es<\/strong><\/p>\n<p>&nbsp;<\/p>\n<p><strong>Linhas de Pesquisa:<\/strong><\/p>\n<ul>\n<li>Espa\u00e7os de Pr\u00e1ticas e Rela\u00e7\u00f5es de Poder<\/li>\n<li>Espa\u00e7os Simb\u00f3licos, Saberes e Corporeidades<\/li>\n<\/ul>\n","protected":false},"excerpt":{"rendered":"<p>Objetivos Conduzir a\u0300 obtenc\u0327a\u0303o de grau acade\u0302mico caracterizado pelo ni\u0301vel de mestrado e formar pessoal de alta qualificac\u0327a\u0303o e capacidade criadora para intervir, com compete\u0302ncia teo\u0301rica, poli\u0301tica e te\u0301cnica no campo da doce\u0302ncia e capaz de produzir conhecimento sobre a construc\u0327a\u0303o dos sentidos, a constituic\u0327a\u0303o de sujeitos e as conexo\u0303es entre os elementos que da\u0303o [&hellip;]<\/p>\n","protected":false},"author":3,"featured_media":0,"parent":0,"menu_order":0,"comment_status":"closed","ping_status":"closed","template":"","meta":{"_exactmetrics_skip_tracking":false,"_exactmetrics_sitenote_active":false,"_exactmetrics_sitenote_note":"","_exactmetrics_sitenote_category":0,"footnotes":"","_links_to":"","_links_to_target":""},"class_list":["post-32","page","type-page","status-publish","hentry"],"_links":{"self":[{"href":"https:\/\/www3.unicentro.br\/ppgh\/wp-json\/wp\/v2\/pages\/32","targetHints":{"allow":["GET"]}}],"collection":[{"href":"https:\/\/www3.unicentro.br\/ppgh\/wp-json\/wp\/v2\/pages"}],"about":[{"href":"https:\/\/www3.unicentro.br\/ppgh\/wp-json\/wp\/v2\/types\/page"}],"author":[{"embeddable":true,"href":"https:\/\/www3.unicentro.br\/ppgh\/wp-json\/wp\/v2\/users\/3"}],"replies":[{"embeddable":true,"href":"https:\/\/www3.unicentro.br\/ppgh\/wp-json\/wp\/v2\/comments?post=32"}],"version-history":[{"count":0,"href":"https:\/\/www3.unicentro.br\/ppgh\/wp-json\/wp\/v2\/pages\/32\/revisions"}],"wp:attachment":[{"href":"https:\/\/www3.unicentro.br\/ppgh\/wp-json\/wp\/v2\/media?parent=32"}],"curies":[{"name":"wp","href":"https:\/\/api.w.org\/{rel}","templated":true}]}}