{"id":64,"date":"2014-06-18T00:00:00","date_gmt":"2014-06-18T03:00:00","guid":{"rendered":"https:\/\/www3.unicentro.br\/ppgg\/imagens\/"},"modified":"2024-09-13T18:03:33","modified_gmt":"2024-09-13T21:03:33","slug":"imagens","status":"publish","type":"page","link":"https:\/\/www3.unicentro.br\/ppgg\/imagens\/","title":{"rendered":"Galeria de fotos &#8211; Trabalhos de campo"},"content":{"rendered":"<div class=\"wpb-content-wrapper\"><p>[vc_row][vc_column][vc_text_separator title=&#8221;TRABALHOS DE CAMPO&#8221; color=&#8221;peacoc&#8221; border_width=&#8221;4&#8243; css_animation=&#8221;left-to-right&#8221;][vc_column_text]<\/p>\n<p style=\"text-align: center\"><span style=\"color: #000000\"><strong>Trabalho de campo realizado em Londrina &#8211; PR:\u00a0<\/strong><\/span><\/p>\n<p><b>Disciplinas:<\/b> Urbaniza\u00e7\u00e3o, pr\u00e1ticas socioespaciais e gest\u00e3o de territ\u00f3rio (Prof. Dr. Lisandro Pezzi Schmidt) e \u00a0Pol\u00edticas territoriais e reestrutura\u00e7\u00e3o econ\u00f4mica no Brasil (Prof. Dr. Pierre Alves Costa). <b>Data da realiza\u00e7\u00e3o<\/b>: 05\/06\/2023.<\/p>\n<p><b>Objetivos<\/b>: conhecer a produ\u00e7\u00e3o da cidade e as pr\u00e1ticas socioespaciais na cidade de Londrina, os instrumentos utilizados na gest\u00e3o urbana e as a\u00e7\u00f5es\u00a0do\u00a0Instituto de Pesquisa e Planejamento Urbano de Londrina, IPPUL.[\/vc_column_text][vc_media_grid element_width=&#8221;3&#8243; grid_id=&#8221;vc_gid:1726260298572-001e0f54afe39db59fc50b53385dbeee-4&#8243; include=&#8221;2282,2283,2284,2285,2286,2287,2288,2308&#8243;][\/vc_column][\/vc_row][vc_row][vc_column][vc_separator color=&#8221;peacoc&#8221; border_width=&#8221;4&#8243;][vc_column_text]<\/p>\n<p style=\"text-align: center\"><span style=\"color: #000000\"><strong>Trabalho de campo realizado em Castro e Carambe\u00ed &#8211; PR:<\/strong><\/span><\/p>\n<div><strong>Disciplina:<\/strong> Abordagens do Desenvolvimento (PPGG) ministrada pelo Professor Dr. Sergio Fajardo.<\/div>\n<div><strong>Realiza\u00e7\u00e3o: <\/strong>O campo em Castro (Fazenda Cap\u00e3o Alto, Castrolanda, Museu do Tropeiro) e Carambe\u00ed (Parque Hist\u00f3rico) foi realizado em 15 de outubro de 2022.<\/div>\n<div><strong>Objetivos:<\/strong>\u00a0\u2022 Conhecer um pouco sobre a ocupa\u00e7\u00e3o e transforma\u00e7\u00e3o do espa\u00e7o na regi\u00e3o dos Campos<br \/>\nGerais, por meio dos processos de povoamento, coloniza\u00e7\u00e3o e imigra\u00e7\u00e3o;<br \/>\n\u2022 Identificar algumas das atuais atividades econ\u00f4micas (agropecu\u00e1rias e agroindustriais)<br \/>\nque caracterizam esses espa\u00e7os e modificam as paisagens rurais e urbanas.<br \/>\n\u2022 Avaliar a relev\u00e2ncia daquela regi\u00e3o no contexto da forma\u00e7\u00e3o do espa\u00e7o paranaense.<br \/>\n\u2022 Compreender aspectos da estrutura fundi\u00e1ria e o papel do cooperativismo agropecu\u00e1rio<br \/>\nem Castro e Carambe\u00ed.<\/div>\n<div><\/div>\n<p>[\/vc_column_text][vc_media_grid element_width=&#8221;3&#8243; grid_id=&#8221;vc_gid:1726260298699-7aa06fa1debf0e053048ee2823117bb7-10&#8243; include=&#8221;2295,2296,2297,2298,2299,2300,2301,2302,2303,2304,2305,2306&#8243;][vc_separator color=&#8221;peacoc&#8221; border_width=&#8221;4&#8243;][vc_column_text css=&#8221;&#8221;]<\/p>\n<div style=\"text-align: center\"><span style=\"color: #000000\"><strong>Trabalho de campo realizado em Mandaguari\u00a0 e Lapa &#8211; PR:\u00a0<\/strong><\/span><\/div>\n<div><\/div>\n<div style=\"text-align: justify\"><strong>Disciplina:\u00a0<\/strong>Nesse caso houve uma integra\u00e7\u00e3o, al\u00e9m de estudantes da gradua\u00e7\u00e3o (disciplina de Desenvolvimento rural e gest\u00e3o da agricultura familiar) participaram doutorandos em Geografia do PPGG. Trabalho de campo organizado pelo Professor Dr. Sergio Fajardo e Professor Dr. Jhonatan Dantas.<\/div>\n<div style=\"text-align: justify\"><strong>Realiza\u00e7\u00e3o: <\/strong><\/div>\n<ul style=\"text-align: justify\">\n<li>Mandaguari &#8211; dia 25 de mar\u00e7o de 2023: Na zona rural, nas imagens aparece\u00a0um senhor, Lauro Wittmann, agricultor agroecol\u00f3gico na divisa entre Jandaia do Sul e Mandaguari, S\u00edtio Rochedo.<\/li>\n<li>Lapa &#8211; (Assentamento Contestado; Escola Latinoamericana de Agroecologia) realizado em 16 de setembro de 2023.<\/li>\n<\/ul>\n<div style=\"text-align: justify\">J\u00e1 nas fotos das lavouras de caf\u00e9 e ind\u00fastria, \u00e9 a sede do Caf\u00e9 Bela Esperan\u00e7a (Mandaguari-PR). O propriet\u00e1rio Fernando Lopes \u00e9 quem nos recebeu.<\/div>\n<div style=\"text-align: justify\"><strong>Objetivo:<\/strong> Articular as discuss\u00f5es te\u00f3ricas com a pr\u00e1tica de campo, a partir da observa\u00e7\u00f5es das materialidades da realidade emp\u00edrica da agricultura familiar, agroecologia e desenvolvimento territorial\/local\/regional.<\/div>\n<p>[\/vc_column_text][vc_media_grid grid_id=&#8221;vc_gid:1726260298788-18eb45ba48d9d670220ca8dffa8fcca7-8&#8243; include=&#8221;2347,2348,2349,2351,2352,2353&#8243;][vc_separator color=&#8221;peacoc&#8221; border_width=&#8221;4&#8243;][vc_column_text]<\/p>\n<div style=\"text-align: center\"><span style=\"color: #000000\"><strong>Trabalho de campo realizado em Guarapuava &#8211; PR:\u00a0<\/strong><\/span><\/div>\n<div><\/div>\n<div><strong>Disciplina: <\/strong>Desastres naturais e Ordenamento territorial.<\/div>\n<div><strong>Professor organizador da atividade:<\/strong> Prof. Dr. Leandro Redin Vestena.<\/div>\n<div><strong>Realiza\u00e7\u00e3o: <\/strong>Novembro de 2023.<strong><br \/>\nLocais visitados: <\/strong>Vila dos Brasileiros (Col\u00f4nia Vit\u00f3ria &#8211; Entre Rios) e Jardim das Am\u00e9ricas (Guarapuava).<\/div>\n<div><strong>Objetivo:<\/strong> No trabalho de campo realizou-se um levantamento aerofotogram\u00e9trico com VANT para investigar a din\u00e2mica\u00a0de uso e ocupa\u00e7\u00e3o da terra em \u00e1reas cr\u00edticas de perigo de inunda\u00e7\u00e3o em Guarapuava.<\/div>\n<p>[\/vc_column_text][vc_media_grid grid_id=&#8221;vc_gid:1726260298877-27b90491b55d5c1149a9954652319a07-0&#8243; include=&#8221;2731,2732,2733,2729,2730&#8243;][vc_separator color=&#8221;peacoc&#8221; border_width=&#8221;4&#8243;][vc_column_text css=&#8221;&#8221;]<\/p>\n<div>\n<p style=\"text-align: center\"><span style=\"color: #000000\"><strong>Professor da Unicentro participa de Miss\u00e3o T\u00e9cnico-Cient\u00edfica na China<\/strong><\/span><\/p>\n<\/div>\n<div>\n<p style=\"text-align: justify\">\u00a0O m\u00eas de mar\u00e7o de 2024 ficar\u00e1 marcado na trajet\u00f3ria profissional do docente Pierre Costa [Departamento de Geografia e Programa de P\u00f3s-Gradua\u00e7\u00e3o em Geografia; ambos da Universidade Estadual do Centro-Oeste (Unicentro\/PR)]. Isso se deve ao recente retorno de uma experi\u00eancia enriquecedora na <em>Miss\u00e3o T\u00e9cnico-Cient\u00edfica Brasil \u2013 China<\/em> (Nova Economia do Projetamento na China \u2013 an\u00e1lises brasileiras) em quatro metr\u00f3poles chinesas: Shanghai, Shenzhen, Guangzhou e Beijing.<\/p>\n<p style=\"text-align: justify\">A miss\u00e3o foi organizada pelos professores Lisandra Lamoso (UFGD), Carlos Jos\u00e9 Esp\u00edndola (UFSC) e Fernando Sampaio (UNIOESTE-FB); contando com mais cinco professores: <strong>Pierre Costa,<\/strong> Eduardo Von Dentz (UFCE), Fabio Contel (USP), Rafael Bernardo Silveira (IFC) e Cintia Neves Godoi (UNIALFA) e, dois p\u00f3s-graduandos: Bruno Saggiorato (UFSC) e Ot\u00e1vio Cascaes (UFSC).<\/p>\n<p style=\"text-align: justify\">Durante as tr\u00eas semanas de estadia, o professor e ge\u00f3grafo teve a oportunidade de explorar a din\u00e2mica urbano-industrial dessas cidades, permitindo-lhe interpretar o desenvolvimento das condi\u00e7\u00f5es gerais de produ\u00e7\u00e3o nesse vasto pa\u00eds. Ademais, imergiu na hist\u00f3ria e cultura milenares, experimentando um enriquecedor choque de perspectivas e experi\u00eancias diversas. Esta imers\u00e3o foi facilitada por atividades como trabalhos de campo, visitas t\u00e9cnicas a institui\u00e7\u00f5es e a uma f\u00e1brica, al\u00e9m de reuni\u00f5es com dois pesquisadores brasileiros que residem na China. &#8220;Foi uma experi\u00eancia acad\u00eamica, profissional e cultural \u00edmpar &#8220;, compartilha o professor.<\/p>\n<p style=\"text-align: justify\">\u00a0 \u00a0Ocorreram atividades t\u00e9cnicas-cient\u00edficas nas seguintes institui\u00e7\u00f5es\/f\u00e1brica:<\/p>\n<ul style=\"text-align: justify\">\n<li>Escola de Neg\u00f3cios de Shanghai;<\/li>\n<li>Shenzen TPH Technology CO. (bombas de amamenta\u00e7\u00e3o);<\/li>\n<li>Incubadora de empresas do Distrito de Jiading (Shanghai);<\/li>\n<li>Ciff Guangzhou 2024 (feira da ind\u00fastria moveleira mundial);<\/li>\n<li>Academia Chinesa de Ci\u00eancias Sociais \u2013 Instituto de Desenvolvimento Rural e Centro de Estudos Brasileiros; e<\/li>\n<li>Faculdade de Ci\u00eancias Geogr\u00e1ficas \u2013 Universidade Normal de Beijing.<\/li>\n<\/ul>\n<p style=\"text-align: justify\">Tivemos reuni\u00f5es com:<\/p>\n<ul style=\"text-align: justify\">\n<li>Ge\u00f3grafo Elias Jabbour (FCE\/UERJ). Atualmente, \u00e9 Consultor da Presid\u00eancia do New Development Bank (Banco dos BRICS); e<\/li>\n<li>Melissa Caroline Cambuhy. Doutoranda em Rela\u00e7\u00f5es Internacionais (UERJ). Atualmente, faz doutorado sandu\u00edche no Centro de Estudos Brasileiros da Academia Chinesa de Ci\u00eancias Sociais.<\/li>\n<\/ul>\n<p style=\"text-align: justify\">\u00a0Na viagem, o docente pode aprimorar ideias que aprendeu com seus professores ao longo da sua trajet\u00f3ria na ci\u00eancia geogr\u00e1fica. S\u00e3o elas: \u201cGeografia \u00e9 grafar o territ\u00f3rio\u201d (Carlos W. P. Gon\u00e7alves); \u201cprocesso de aquisi\u00e7\u00e3o do conhecimento\u201d (Maur\u00edcio de A. Abreu); e \u201ceconomia de escala\u201d (Claudio A. G. Egler). Pierre pode ter contato com essa nova forma\u00e7\u00e3o econ\u00f4mica-social-espacial, que desde de 1978, vem se desenvolvendo na China. E, que, diferentemente da R\u00fassia, conseguiu escapar da terapia de choque \u2013 \u201cades\u00e3o ao neoliberalismo\u201d \u2013 defendida pelo Consenso de Washington para os pa\u00edses perif\u00e9ricos e semiperif\u00e9ricos, a partir dos anos 1980.<\/p>\n<p style=\"text-align: justify\">A realiza\u00e7\u00e3o da Miss\u00e3o abre portas para o estabelecimento de parcerias acad\u00eamicas, cient\u00edficas e de publica\u00e7\u00e3o entre institui\u00e7\u00f5es brasileiras e chinesas. Para concretizar essa jornada, o professor contou com o apoio fundamental do Departamento de Geografia, do Programa de P\u00f3s-Gradua\u00e7\u00e3o em Geografia, da Pr\u00f3-Reitoria de Pesquisa e P\u00f3s-Gradua\u00e7\u00e3o, e da Reitoria da Unicentro.<\/p>\n<p style=\"text-align: justify\"><\/div>\n<p>[\/vc_column_text][vc_media_grid css=&#8221;&#8221; grid_id=&#8221;vc_gid:1726260299081-f6063514452681ac0547570c08bce6d0-5&#8243; include=&#8221;2795,2796,2797,2798,2799,2800,2801,2802,2803,2804,2805,2806&#8243;][vc_separator color=&#8221;peacoc&#8221; border_width=&#8221;4&#8243;][vc_column_text css=&#8221;&#8221;]<\/p>\n<div>\n<p style=\"text-align: center\"><span style=\"color: #000000\"><b>Trabalho de campo realizado no rio Jord\u00e3o em Guarapuava-PR<\/b><\/span><\/p>\n<\/div>\n<div>\n<p style=\"text-align: justify\">Trabalho de campo realizado na disciplina de <strong>Geomorfologia Fluvial, com foco na interface entre geologia e meio ambiente<\/strong>. A atividade foi conduzida pelo professor Dr. Adalto Lima e alunos matriculados regularmente na disciplina.<\/p>\n<p>Supervis\u00e3o e orienta\u00e7\u00e3o do p\u00f3s-doutorando do PPGG, Diego Flores, em uma palestra para os graduandos de Geografia (Bacharelado e Licenciatura) da Unicentro, bem como no trabalho de campo que envolveu o uso de drones para an\u00e1lise de fraturas em leito fluvial rochoso.<\/p>\n<\/div>\n<p>[\/vc_column_text][vc_media_grid css=&#8221;&#8221; grid_id=&#8221;vc_gid:1726260317320-6715c473-8165-10&#8243; include=&#8221;2938,2939,2923,2936,2935,2937&#8243;][\/vc_column][\/vc_row]<\/p>\n<\/div>","protected":false},"excerpt":{"rendered":"<p>[vc_row][vc_column][vc_text_separator title=&#8221;TRABALHOS DE CAMPO&#8221; color=&#8221;peacoc&#8221; border_width=&#8221;4&#8243; css_animation=&#8221;left-to-right&#8221;][vc_column_text] Trabalho de campo realizado em Londrina &#8211; PR:\u00a0 Disciplinas: Urbaniza\u00e7\u00e3o, pr\u00e1ticas socioespaciais e gest\u00e3o de territ\u00f3rio (Prof. Dr. Lisandro Pezzi Schmidt) e \u00a0Pol\u00edticas territoriais e reestrutura\u00e7\u00e3o econ\u00f4mica no Brasil (Prof. Dr. Pierre Alves Costa). Data da realiza\u00e7\u00e3o: 05\/06\/2023. Objetivos: conhecer a produ\u00e7\u00e3o da cidade e as pr\u00e1ticas socioespaciais [&hellip;]<\/p>\n","protected":false},"author":3,"featured_media":0,"parent":0,"menu_order":0,"comment_status":"closed","ping_status":"closed","template":"","meta":{"_exactmetrics_skip_tracking":false,"_exactmetrics_sitenote_active":false,"_exactmetrics_sitenote_note":"","_exactmetrics_sitenote_category":0,"footnotes":"","_links_to":"","_links_to_target":""},"class_list":["post-64","page","type-page","status-publish","hentry"],"publishpress_future_action":{"enabled":false,"date":"2026-04-17 07:09:09","action":"change-status","newStatus":"draft","terms":[],"taxonomy":"","extraData":[]},"publishpress_future_workflow_manual_trigger":{"enabledWorkflows":[]},"_links":{"self":[{"href":"https:\/\/www3.unicentro.br\/ppgg\/wp-json\/wp\/v2\/pages\/64","targetHints":{"allow":["GET"]}}],"collection":[{"href":"https:\/\/www3.unicentro.br\/ppgg\/wp-json\/wp\/v2\/pages"}],"about":[{"href":"https:\/\/www3.unicentro.br\/ppgg\/wp-json\/wp\/v2\/types\/page"}],"author":[{"embeddable":true,"href":"https:\/\/www3.unicentro.br\/ppgg\/wp-json\/wp\/v2\/users\/3"}],"replies":[{"embeddable":true,"href":"https:\/\/www3.unicentro.br\/ppgg\/wp-json\/wp\/v2\/comments?post=64"}],"version-history":[{"count":2,"href":"https:\/\/www3.unicentro.br\/ppgg\/wp-json\/wp\/v2\/pages\/64\/revisions"}],"predecessor-version":[{"id":2940,"href":"https:\/\/www3.unicentro.br\/ppgg\/wp-json\/wp\/v2\/pages\/64\/revisions\/2940"}],"wp:attachment":[{"href":"https:\/\/www3.unicentro.br\/ppgg\/wp-json\/wp\/v2\/media?parent=64"}],"curies":[{"name":"wp","href":"https:\/\/api.w.org\/{rel}","templated":true}]}}