{"id":62,"date":"2014-05-09T00:00:00","date_gmt":"2014-05-09T03:00:00","guid":{"rendered":"https:\/\/www3.unicentro.br\/ppgg\/apoio-academico\/"},"modified":"2025-06-24T11:29:59","modified_gmt":"2025-06-24T14:29:59","slug":"apoio-academico","status":"publish","type":"page","link":"https:\/\/www3.unicentro.br\/ppgg\/apoio-academico\/","title":{"rendered":"Apoio Acad\u00eamico"},"content":{"rendered":"<div class=\"wpb-content-wrapper\"><p>[vc_row][vc_column][vc_tta_accordion color=&#8221;peacoc&#8221; spacing=&#8221;2&#8243; active_section=&#8221;&#8221; collapsible_all=&#8221;true&#8221;][vc_tta_section title=&#8221;ORIENTA\u00c7\u00d5ES E-PROTOCOLO&#8221; tab_id=&#8221;1741632256235-79093634-751a&#8221;][vc_column_text css=&#8221;&#8221;]<a href=\"https:\/\/www3.unicentro.br\/ppgg\/wp-content\/uploads\/sites\/48\/2023\/11\/1-Instrucoes-para-procedimentos-E-Protocolo-Parana-.pdf\">PPGG &#8211; Instru\u00e7\u00f5es para procedimentos E-Protocolo Paran\u00e1\u00a0<\/a><\/p>\n<p><a href=\"https:\/\/www3.unicentro.br\/ppgg\/wp-content\/uploads\/sites\/48\/2023\/10\/1-Cadastro-E-Protocolo-Central-de-Seguranca.pdf\">PPGG &#8211; Cadastro E-Protocolo &#8211; Central de Seguran\u00e7a<\/a><\/p>\n<p><a href=\"https:\/\/www.eprotocolo.pr.gov.br\/\">PPGG &#8211; Acesso E-Protocolo<\/a><\/p>\n<p><a href=\"https:\/\/www3.unicentro.br\/ppgg\/wp-content\/uploads\/sites\/48\/2023\/10\/2-Assinatura-no-E-Protocolo.pdf\">PPGG &#8211; Assinatura no E-Protocolo<\/a><\/p>\n<p><a href=\"https:\/\/www3.unicentro.br\/ppgg\/wp-content\/uploads\/sites\/48\/2023\/10\/3-Tutorial-Inclusao-de-documento-e-solicitacao-de-assinatura-E-Protocolo.pdf\">PPGG &#8211; Tutorial &#8211; Inclus\u00e3o de documento e solicita\u00e7\u00e3o de assinatura E-Protocolo<\/a><\/p>\n<p><a href=\"https:\/\/www3.unicentro.br\/ppgg\/wp-content\/uploads\/sites\/48\/2023\/10\/4-IN-03.23-PROPESP-Institui-a-adocao-de-assinatura-eletronica-em-ata-de-exame-de-qualificacao-ata-de-defesa-e-termo-de-aprovacao-de-dissertacao-tese-e-trabalho-de-conclusa.pdf\">PPGG &#8211; IN 03.23-PROPESP &#8211; Institui a ado\u00e7\u00e3o de assinatura eletr\u00f4nica em ata de exame de qualifica\u00e7\u00e3o, ata de defesa e termo de aprova\u00e7\u00e3o de disserta\u00e7\u00e3o, tese e trabalho de conclus\u00e3o<\/a><\/p>\n<p>[\/vc_column_text][\/vc_tta_section][vc_tta_section title=&#8221;DOCUMENTOS GERAIS &#8211; DISCENTES&#8221; tab_id=&#8221;1741632256236-739bcbac-7cb6&#8243;][vc_column_text css=&#8221;&#8221;]<span style=\"font-size: 14pt;color: #008080\"><strong>\u00a0<\/strong><\/span><a href=\"https:\/\/www3.unicentro.br\/ppgg\/wp-content\/uploads\/sites\/48\/2024\/05\/Orientacoes-para-gerar-o-Registro-Academico-\u2013-R.A.-e-para-confeccao-da-foto.pdf\">PPGG &#8211; Orienta\u00e7\u00f5es para gerar o Registro Acad\u00eamico \u2013 R.A. e para confec\u00e7\u00e3o da foto.<\/a><\/p>\n<p><a href=\"https:\/\/www3.unicentro.br\/ppgg\/wp-content\/uploads\/sites\/48\/2023\/11\/Expedicao-de-diploma.pdf\">PPGG &#8211; Expedi\u00e7\u00e3o de diploma<\/a><\/p>\n<p><a href=\"https:\/\/portalacademico.unicentro.br\/aluno\/#\/login\">PPGG &#8211; Aluno On-line<\/a><\/p>\n<p><a href=\"https:\/\/www3.unicentro.br\/protocolo\/\" target=\"_blank\" rel=\"noopener\">PPGG &#8211; Protocolo On-line<\/a><\/p>\n<p><a href=\"https:\/\/www3.unicentro.br\/ppgg\/wp-content\/uploads\/sites\/48\/2020\/06\/instru\u00e7\u00f5es-gerais-discentes-PPGG.pdf\" target=\"_blank\" rel=\"noopener\">PPGG &#8211; Instru\u00e7\u00f5es Gerais para Discentes<\/a><\/p>\n<p><a href=\"https:\/\/www3.unicentro.br\/ppgg\/wp-content\/uploads\/sites\/48\/2023\/08\/PPGG-Modelo-de-pedido-de-desligamento-do-programa.docx\" target=\"_blank\" rel=\"noopener\">PPGG &#8211; Modelo de solicita\u00e7\u00e3o de desligamento<\/a><\/p>\n<p><a href=\"http:\/\/www2.unicentro.br\/ppgg\/files\/2014\/05\/MEC-Licen\u00e7a-maternidade-Portaria-248-19-dez.2011.pdf\" target=\"_blank\" rel=\"noopener\">PPGG &#8211; MEC &#8211; Licen\u00e7a maternidade &#8211; Portaria 248 -19 dez.2011<\/a><\/p>\n<p><a href=\"https:\/\/www3.unicentro.br\/ppgg\/wp-content\/uploads\/sites\/48\/2021\/11\/PPGG-Normativa-para-solicitacao-de-recursos-financeiros.doc\" target=\"_blank\" rel=\"noopener\">PPGG &#8211; Normativa para solicita\u00e7\u00e3o de recursos financeiros\u00a0<\/a><\/p>\n<p><a href=\"https:\/\/www3.unicentro.br\/ppgg\/wp-content\/uploads\/sites\/48\/2023\/09\/PPGG-MODELO-DE-SOCILITACAO-DE-RECURSOS.pdf\" target=\"_blank\" rel=\"noopener\">PPGG \u2013 Modelo de solicita\u00e7\u00e3o, relat\u00f3rio discente ou docente do Programa de P\u00f3s-Gradua\u00e7\u00e3o em Geografia<\/a><\/p>\n<p><a href=\"https:\/\/www3.unicentro.br\/ppgg\/wp-content\/uploads\/sites\/48\/2024\/12\/PPGG-Ficha-de-avaliacao-de-disciplina.pdf\" target=\"_blank\" rel=\"noopener\">PPGG &#8211; Ficha de avalia\u00e7\u00e3o de disciplina<\/a><\/p>\n<p><a href=\"https:\/\/portalacademico.unicentro.br\/Secretaria\/Secretaria\/atendimento\/TACD203D.tp\">PPGG &#8211; Acesso Lyceum Controle de Atividades Acad\u00eamicas<\/a><\/p>\n<p><a href=\"https:\/\/www3.unicentro.br\/ppgg\/wp-content\/uploads\/sites\/48\/2025\/02\/PPGG-Ficha-de-solicitacao-de-prorrogacao-de-prazo.pdf\">PPGG-Ficha de solicita\u00e7\u00e3o de prorroga\u00e7\u00e3o de prazo<\/a>[\/vc_column_text][\/vc_tta_section][vc_tta_section title=&#8221;PRORROGA\u00c7\u00c3O DE PRAZO E TRANCAMENTO&#8221; tab_id=&#8221;1741632711892-efcfb9b8-5a00&#8243;][vc_column_text css=&#8221;&#8221;]<a href=\"https:\/\/www3.unicentro.br\/ppgg\/wp-content\/uploads\/sites\/48\/2025\/02\/PPGG-Ficha-de-solicitacao-de-prorrogacao-de-prazo.pdf\" target=\"_blank\" rel=\"noopener\">PPGG &#8211; Formul\u00e1rio para solicita\u00e7\u00e3o de prorroga\u00e7\u00e3o de prazo<\/a><\/p>\n<p><a href=\"https:\/\/www3.unicentro.br\/ppgg\/wp-content\/uploads\/sites\/48\/2023\/08\/PPGG-Regulamento-do-Programa-de-Pos-Graduacao.pdf\" target=\"_blank\" rel=\"noopener\">PPGG &#8211; Solicita\u00e7\u00e3o de trancamento &#8211; Regulamento do Programa de P\u00f3s-Gradua\u00e7\u00e3o em Geografia<\/a><\/p>\n<p>[\/vc_column_text][\/vc_tta_section][vc_tta_section title=&#8221;EST\u00c1GIO DE DOC\u00caNCIA&#8221; tab_id=&#8221;1741632822321-36c12d82-807f&#8221;][vc_column_text css=&#8221;&#8221;]<a href=\"https:\/\/www3.unicentro.br\/ppgg\/wp-content\/uploads\/sites\/48\/2021\/11\/PPGG-ESTAGIO-DE-DOCENCIA-Plano-de-atividade-inicial.doc\" target=\"_blank\" rel=\"noopener\">PPGG &#8211; EST\u00c1GIO DOC\u00caNCIA &#8211; Modelo de Plano de atividades\u00a0<\/a><\/p>\n<p><a href=\"https:\/\/www3.unicentro.br\/ppgg\/wp-content\/uploads\/sites\/48\/2021\/11\/PPGG-ESTAGIO-DE-DOCENCIA-Relatorio-final.doc\" target=\"_blank\" rel=\"noopener\">PPGG &#8211; EST\u00c1GIO DOC\u00caNCIA &#8211; Modelo de Relat\u00f3rio final\u00a0<\/a><\/p>\n<p>[\/vc_column_text][\/vc_tta_section][vc_tta_section title=&#8221;DOCUMENTA\u00c7\u00c3O DE BOLSAS&#8221; tab_id=&#8221;1741632905515-049a8ebf-f87d&#8221;][vc_column_text css=&#8221;&#8221;]<a href=\"https:\/\/www3.unicentro.br\/ppgg\/wp-content\/uploads\/sites\/48\/2024\/04\/PPGG-INSTRUCAO-NORMATIVA-N-1-2024-BOLSAS.pdf\" target=\"_blank\" rel=\"noopener\">PPGG &#8211; Instru\u00e7\u00e3o Normativa &#8211; No -01-2024 &#8211; <strong>BOLSAS<\/strong><\/a><\/p>\n<p><a href=\"https:\/\/www3.unicentro.br\/ppgg\/wp-content\/uploads\/sites\/48\/2024\/04\/PPGG-INSTRUCAO-NORMATIVA-N-1-2024-BOLSAS-ANEXOS.pdf\" target=\"_blank\" rel=\"noopener\">PPGG &#8211; Instru\u00e7\u00e3o Normativa &#8211; No &#8211; 01-2024 &#8211; <strong>ANEXOS<\/strong><\/a><strong>\u00a0<\/strong>[\/vc_column_text][\/vc_tta_section][vc_tta_section title=&#8221;ATIVIDADES COMPLEMENTARES E CR\u00c9DITOS&#8221; tab_id=&#8221;1741632955000-9554d477-8bd0&#8243;][vc_column_text css=&#8221;&#8221;]<a href=\"https:\/\/www3.unicentro.br\/ppgg\/wp-content\/uploads\/sites\/48\/2025\/05\/PPGG-Instrucao-Normativa-002-25-Atividades-Complementares.pdf\">PPGG-Instrucao-Normativa-002-25-Atividades-Complementares<\/a><\/p>\n<p><a href=\"https:\/\/www3.unicentro.br\/ppgg\/wp-content\/uploads\/sites\/48\/2025\/02\/PPGG-Requerimento-para-aproveitamento-de-Creditos-em-Disciplinas.pdf\" target=\"_blank\" rel=\"noopener\">PPGG-Requerimento para aproveitamento de cr\u00e9ditos cursados em disciplinas<\/a>[\/vc_column_text][\/vc_tta_section][vc_tta_section title=&#8221;BANCA DE QUALIFICA\u00c7\u00c3O&#8221; tab_id=&#8221;1741633476505-17dda754-81d0&#8243;][vc_column_text css=&#8221;&#8221;]<a href=\"https:\/\/www3.unicentro.br\/ppgg\/wp-content\/uploads\/sites\/48\/2021\/11\/PPGG-QUALIFICACAO-Oficio-para-indicacao-de-banca-examinadora-1-3.doc\" target=\"_blank\" rel=\"noopener\">PPGG &#8211; QUALIFICA\u00c7\u00c3O &#8211; Of\u00edcio para indica\u00e7\u00e3o de banca examinadora<\/a><\/p>\n<p><a href=\"https:\/\/www3.unicentro.br\/ppgg\/wp-content\/uploads\/sites\/48\/2021\/11\/PPGG-QUALIFICACAO-Orientacao-para-confeccao-de-exemplar.doc\" target=\"_blank\" rel=\"noopener\">PPGG &#8211; QUALIFICA\u00c7\u00c3O &#8211; Modelo e estrutura de relat\u00f3rio\u00a0<\/a>[\/vc_column_text][\/vc_tta_section][vc_tta_section title=&#8221;NORMATIVA PARA BANCA ON-LINE&#8221; tab_id=&#8221;1741633847209-0cf0f90d-dc0b&#8221;][vc_column_text css=&#8221;&#8221;]<a href=\"https:\/\/www3.unicentro.br\/ppgg\/wp-content\/uploads\/sites\/48\/2022\/07\/IN-03.22-PROPESP-Estabelece-procedimentos-para-a-realizacao-de-bancas.pdf\" target=\"_blank\" rel=\"noopener\">PPGG &#8211; Instru\u00e7\u00e3o Normativa para bancas de defesas on-line 2022<\/a><\/p>\n<p>[\/vc_column_text][\/vc_tta_section][vc_tta_section title=&#8221;DEFESA E ENTREGA DA VERS\u00c3O FINAL&#8221; tab_id=&#8221;1741633910339-04f8261d-c498&#8243;][vc_column_text css=&#8221;&#8221;]<a href=\"https:\/\/www3.unicentro.br\/ppgg\/wp-content\/uploads\/sites\/48\/2025\/05\/PPGG-MODELO-Oficio-indicacao-banca-DEFESA-MS-e-DR.doc\">PPGG-Modelo Of\u00edcio indica\u00e7\u00e3o banca DEFESA MS e DR.<\/a><\/p>\n<p><a href=\"https:\/\/www3.unicentro.br\/ppgg\/wp-content\/uploads\/sites\/48\/2023\/05\/PPGG-Orientacoes-gerais-para-a-entrega-das-versoes-finais-dissertacao-e-tese.pdf\" target=\"_blank\" rel=\"noopener\">PPGG &#8211; Orienta\u00e7\u00f5es para a entrega da vers\u00e3o final &#8211; Disserta\u00e7\u00e3o e Tese\u00a0<\/a><\/p>\n<p><a href=\"http:\/\/www2.unicentro.br\/ppgg\/files\/2014\/05\/PPGG-PROPESP-Normativa-para-confecc\u00e7\u00e3o-de-exemplares-finais-mestrado-e-doutorado.pdf\" target=\"_blank\" rel=\"noopener\">PPGG &#8211; PROPESP &#8211; Normativa para confec\u00e7\u00e3o de exemplares finais de mestrado e doutorado<\/a><\/p>\n<p><a href=\"https:\/\/www3.unicentro.br\/ppgg\/wp-content\/uploads\/sites\/48\/2020\/07\/DECLARA\u00c7\u00c3O-CORRE\u00c7\u00c3O-VERS\u00c3O-FINAL-1.pdf\" target=\"_blank\" rel=\"noopener\">PPGG &#8211; Declara\u00e7\u00e3o corre\u00e7\u00e3o final p\u00f3s banca<\/a><\/p>\n<p><a href=\"https:\/\/www3.unicentro.br\/ppgg\/wp-content\/uploads\/sites\/48\/2020\/07\/PPGG-AUT.-P.-PUBL.-INT..pdf\" target=\"_blank\" rel=\"noopener\">PPGG &#8211; Autoriza\u00e7\u00e3o para publica\u00e7\u00e3o integral\u00a0<\/a>[\/vc_column_text][\/vc_tta_section][vc_tta_section title=&#8221;COMPROVA\u00c7\u00c3O DE SUBMISS\u00c3O DE ARTIGO PARA OBTEN\u00c7\u00c3O DO T\u00cdTULO&#8221; tab_id=&#8221;1741633998513-d45e7155-14fe&#8221;][vc_column_text css=&#8221;&#8221;]<a href=\"https:\/\/www3.unicentro.br\/ppgg\/wp-content\/uploads\/sites\/48\/2023\/08\/INSTRUCAO-NORMATIVA-No-003-2023.pdf\" target=\"_blank\" rel=\"noopener\">PPGG &#8211; Instru\u00e7\u00e3o Normativa &#8211; 003\/2023\u00a0<\/a>[\/vc_column_text][\/vc_tta_section][vc_tta_section title=&#8221;PROCEDIMENTOS PARA A REALIZA\u00c7\u00c3O DE P\u00d3S-DOUTORADO&#8221; tab_id=&#8221;1741634090244-2215b979-db13&#8243;][vc_column_text css=&#8221;&#8221;]<a href=\"https:\/\/www3.unicentro.br\/ppgg\/wp-content\/uploads\/sites\/48\/2025\/03\/PPGG-Regulamento-do-Estagio-de-PosDoutorado.pdf\" target=\"_blank\" rel=\"noopener\">PPGG &#8211; Procedimentos para realiza\u00e7\u00e3o Est\u00e1gio de P\u00f3s-Doutorado na Universidade Estadual do Centro-Oeste, UNICENTRO<\/a>[\/vc_column_text][\/vc_tta_section][\/vc_tta_accordion][\/vc_column][\/vc_row][vc_row][vc_column][\/vc_column][\/vc_row]<\/p>\n<\/div>","protected":false},"excerpt":{"rendered":"<p>[vc_row][vc_column][vc_tta_accordion color=&#8221;peacoc&#8221; spacing=&#8221;2&#8243; active_section=&#8221;&#8221; collapsible_all=&#8221;true&#8221;][vc_tta_section title=&#8221;ORIENTA\u00c7\u00d5ES E-PROTOCOLO&#8221; tab_id=&#8221;1741632256235-79093634-751a&#8221;][vc_column_text css=&#8221;&#8221;]PPGG &#8211; Instru\u00e7\u00f5es para procedimentos E-Protocolo Paran\u00e1\u00a0 PPGG &#8211; Cadastro E-Protocolo &#8211; Central de Seguran\u00e7a PPGG &#8211; Acesso E-Protocolo PPGG &#8211; Assinatura no E-Protocolo PPGG &#8211; Tutorial &#8211; Inclus\u00e3o de documento e solicita\u00e7\u00e3o de assinatura E-Protocolo PPGG &#8211; IN 03.23-PROPESP &#8211; Institui a ado\u00e7\u00e3o de assinatura eletr\u00f4nica [&hellip;]<\/p>\n","protected":false},"author":3,"featured_media":0,"parent":0,"menu_order":0,"comment_status":"closed","ping_status":"closed","template":"","meta":{"_exactmetrics_skip_tracking":false,"_exactmetrics_sitenote_active":false,"_exactmetrics_sitenote_note":"","_exactmetrics_sitenote_category":0,"footnotes":"","_links_to":"","_links_to_target":""},"class_list":["post-62","page","type-page","status-publish","hentry"],"publishpress_future_action":{"enabled":false,"date":"2026-04-11 22:22:04","action":"change-status","newStatus":"draft","terms":[],"taxonomy":"","extraData":[]},"publishpress_future_workflow_manual_trigger":{"enabledWorkflows":[]},"_links":{"self":[{"href":"https:\/\/www3.unicentro.br\/ppgg\/wp-json\/wp\/v2\/pages\/62","targetHints":{"allow":["GET"]}}],"collection":[{"href":"https:\/\/www3.unicentro.br\/ppgg\/wp-json\/wp\/v2\/pages"}],"about":[{"href":"https:\/\/www3.unicentro.br\/ppgg\/wp-json\/wp\/v2\/types\/page"}],"author":[{"embeddable":true,"href":"https:\/\/www3.unicentro.br\/ppgg\/wp-json\/wp\/v2\/users\/3"}],"replies":[{"embeddable":true,"href":"https:\/\/www3.unicentro.br\/ppgg\/wp-json\/wp\/v2\/comments?post=62"}],"version-history":[{"count":3,"href":"https:\/\/www3.unicentro.br\/ppgg\/wp-json\/wp\/v2\/pages\/62\/revisions"}],"predecessor-version":[{"id":3495,"href":"https:\/\/www3.unicentro.br\/ppgg\/wp-json\/wp\/v2\/pages\/62\/revisions\/3495"}],"wp:attachment":[{"href":"https:\/\/www3.unicentro.br\/ppgg\/wp-json\/wp\/v2\/media?parent=62"}],"curies":[{"name":"wp","href":"https:\/\/api.w.org\/{rel}","templated":true}]}}