{"id":581,"date":"2020-07-23T10:55:38","date_gmt":"2020-07-23T13:55:38","guid":{"rendered":"https:\/\/www3.unicentro.br\/ppgg\/?page_id=581"},"modified":"2025-03-27T16:01:46","modified_gmt":"2025-03-27T19:01:46","slug":"autoavaliacao","status":"publish","type":"page","link":"https:\/\/www3.unicentro.br\/ppgg\/autoavaliacao\/","title":{"rendered":"Autoavalia\u00e7\u00e3o e Planejamento Estrat\u00e9gico"},"content":{"rendered":"<div class=\"wpb-content-wrapper\"><p>[vc_row][vc_column][vc_text_separator title=&#8221;RELAT\u00d3RIO DE AUTOAVALIA\u00c7\u00c3O E PLANEJAMENTO ESTRAT\u00c9GICO 2025&#8243; color=&#8221;peacoc&#8221; border_width=&#8221;5&#8243; css_animation=&#8221;left-to-right&#8221; css=&#8221;&#8221;][vc_column_text css=&#8221;&#8221;]<span style=\"color: #333333\">1.<strong><a style=\"color: #333333\" href=\"https:\/\/www3.unicentro.br\/ppgg\/wp-content\/uploads\/sites\/48\/2025\/03\/PPGG-RELATORIO-DE-AUTOAVALIACAO-E-PLANEJAMENTO-ESTRATEGICO-2025.pdf\" target=\"_blank\" rel=\"noopener\">PPGG &#8211; <\/a><\/strong><a style=\"color: #333333\" href=\"https:\/\/www3.unicentro.br\/ppgg\/wp-content\/uploads\/sites\/48\/2025\/03\/ANEXO-4-RELATORIO-DE-AUTOAVALIACAO-E-PLANEJAMENTO-ESTRATEGICO.pdf\" target=\"_blank\" rel=\"noopener\">Relat\u00f3rio de Autoavalia\u00e7\u00e3o e Planejamento Estrat\u00e9gico &#8211; 2025<\/a><\/span><\/p>\n<p>&nbsp;[\/vc_column_text][\/vc_column][\/vc_row][vc_row][vc_column][vc_text_separator title=&#8221;RELAT\u00d3RIO DE AUTOAVALIA\u00c7\u00c3O E PLANEJAMENTO ESTRAT\u00c9GICO 2019&#8243; color=&#8221;peacoc&#8221; border_width=&#8221;5&#8243; css_animation=&#8221;left-to-right&#8221; css=&#8221;&#8221;][vc_column_text css=&#8221;&#8221;]<a href=\"https:\/\/www3.unicentro.br\/ppgg\/wp-content\/uploads\/sites\/48\/2020\/07\/1.AUTOAVALIA\u00c7\u00c3O-2017-2024.pdf\" target=\"_blank\" rel=\"noopener\">1. <strong>PPGG<\/strong> &#8211; Relat\u00f3rio de Autoavalia\u00e7\u00e3o e Planejamento Estrat\u00e9gico &#8211; 2019<\/a><\/p>\n<p><a href=\"https:\/\/www3.unicentro.br\/ppgg\/wp-content\/uploads\/sites\/48\/2020\/07\/2.SEMIN\u00c1RIO-DE-AUTOAVALIA\u00c7\u00c3O_Planejamento.pdf\" target=\"_blank\" rel=\"noopener\">2. <strong>PPGG<\/strong> &#8211; Cronograma do Semin\u00e1rio de Autoavalia\u00e7\u00e3o e Planejamento Estrat\u00e9gico &#8211; 2019<br \/>\n<\/a><\/p>\n<p><a href=\"https:\/\/www3.unicentro.br\/ppgg\/wp-content\/uploads\/sites\/48\/2020\/07\/3.PALESTRA-PLANEJAMENTO-ESTRAT\u00c9GICO.pdf\" target=\"_blank\" rel=\"noopener\">3. <strong>PPGG<\/strong> &#8211; Palestra Planejamento Estrat\u00e9gico &#8211; 2019<\/a><\/p>\n<p><a href=\"https:\/\/www3.unicentro.br\/ppgg\/wp-content\/uploads\/sites\/48\/2020\/07\/4.REUNI\u00c3O-SEMIN\u00c1RIO-DE-AUTOAVALIA\u00c7\u00c3O.pdf\" target=\"_blank\" rel=\"noopener\">4. <strong>PPGG<\/strong> &#8211; Reuni\u00e3o do Semin\u00e1rio de Autoavalia\u00e7\u00e3o &#8211; 2019<\/a>[\/vc_column_text][\/vc_column][\/vc_row][vc_row][vc_column][\/vc_column][\/vc_row]<\/p>\n<\/div>","protected":false},"excerpt":{"rendered":"<p>[vc_row][vc_column][vc_text_separator title=&#8221;RELAT\u00d3RIO DE AUTOAVALIA\u00c7\u00c3O E PLANEJAMENTO ESTRAT\u00c9GICO 2025&#8243; color=&#8221;peacoc&#8221; border_width=&#8221;5&#8243; css_animation=&#8221;left-to-right&#8221; css=&#8221;&#8221;][vc_column_text css=&#8221;&#8221;]1.PPGG &#8211; Relat\u00f3rio de Autoavalia\u00e7\u00e3o e Planejamento Estrat\u00e9gico &#8211; 2025 &nbsp;[\/vc_column_text][\/vc_column][\/vc_row][vc_row][vc_column][vc_text_separator title=&#8221;RELAT\u00d3RIO DE AUTOAVALIA\u00c7\u00c3O E PLANEJAMENTO ESTRAT\u00c9GICO 2019&#8243; color=&#8221;peacoc&#8221; border_width=&#8221;5&#8243; css_animation=&#8221;left-to-right&#8221; css=&#8221;&#8221;][vc_column_text css=&#8221;&#8221;]1. PPGG &#8211; Relat\u00f3rio de Autoavalia\u00e7\u00e3o e Planejamento Estrat\u00e9gico &#8211; 2019 2. PPGG &#8211; Cronograma do Semin\u00e1rio de Autoavalia\u00e7\u00e3o e Planejamento [&hellip;]<\/p>\n","protected":false},"author":6,"featured_media":0,"parent":0,"menu_order":0,"comment_status":"closed","ping_status":"closed","template":"","meta":{"_exactmetrics_skip_tracking":false,"_exactmetrics_sitenote_active":false,"_exactmetrics_sitenote_note":"","_exactmetrics_sitenote_category":0,"footnotes":"","_links_to":"","_links_to_target":""},"class_list":["post-581","page","type-page","status-publish","hentry"],"publishpress_future_action":{"enabled":false,"date":"2026-04-12 04:30:26","action":"change-status","newStatus":"draft","terms":[],"taxonomy":"","extraData":[]},"publishpress_future_workflow_manual_trigger":{"enabledWorkflows":[]},"_links":{"self":[{"href":"https:\/\/www3.unicentro.br\/ppgg\/wp-json\/wp\/v2\/pages\/581","targetHints":{"allow":["GET"]}}],"collection":[{"href":"https:\/\/www3.unicentro.br\/ppgg\/wp-json\/wp\/v2\/pages"}],"about":[{"href":"https:\/\/www3.unicentro.br\/ppgg\/wp-json\/wp\/v2\/types\/page"}],"author":[{"embeddable":true,"href":"https:\/\/www3.unicentro.br\/ppgg\/wp-json\/wp\/v2\/users\/6"}],"replies":[{"embeddable":true,"href":"https:\/\/www3.unicentro.br\/ppgg\/wp-json\/wp\/v2\/comments?post=581"}],"version-history":[{"count":1,"href":"https:\/\/www3.unicentro.br\/ppgg\/wp-json\/wp\/v2\/pages\/581\/revisions"}],"predecessor-version":[{"id":3350,"href":"https:\/\/www3.unicentro.br\/ppgg\/wp-json\/wp\/v2\/pages\/581\/revisions\/3350"}],"wp:attachment":[{"href":"https:\/\/www3.unicentro.br\/ppgg\/wp-json\/wp\/v2\/media?parent=581"}],"curies":[{"name":"wp","href":"https:\/\/api.w.org\/{rel}","templated":true}]}}