{"id":58,"date":"2014-05-09T00:00:00","date_gmt":"2014-05-09T03:00:00","guid":{"rendered":"https:\/\/www3.unicentro.br\/ppgg\/avaliacoes-capes\/"},"modified":"2014-05-09T00:00:00","modified_gmt":"2014-05-09T03:00:00","slug":"avaliacoes-capes","status":"publish","type":"page","link":"https:\/\/www3.unicentro.br\/ppgg\/avaliacoes-capes\/","title":{"rendered":"Avalia\u00e7\u00f5es Capes"},"content":{"rendered":"<ul>\n<li><a href=\"http:\/\/www2.unicentro.br\/ppgg\/files\/2014\/05\/Parecer_CAPES.pdf\">PPGG &#8211; MESTRADO &#8211; &nbsp; &nbsp;APCN &#8211; Ficha de recomenda\u00e7\u00e3o da CAPES<\/a><\/li>\n<li><a href=\"http:\/\/www2.unicentro.br\/ppgg\/files\/2014\/05\/Doutorado-ficha-de-recomenda\u00e7\u00e3o-2016.pdf\">PPGG &#8211; DOUTORADO &#8211; APCN &#8211; Ficha de recomenda\u00e7\u00e3o da CAPES<\/a><\/li>\n<li><a href=\"http:\/\/www2.unicentro.br\/ppgg\/files\/2014\/05\/Avalia\u00e7\u00e3o-da-Capes_2013.pdf\">PPGG &#8211; Ficha de avalia\u00e7\u00e3o da CAPES&nbsp;&#8211; 2013<\/a><\/li>\n<li><a href=\"http:\/\/www2.unicentro.br\/ppgg\/files\/2014\/05\/Avalia\u00e7\u00e3o-da-Capes_2013.pdf\">PPGG &#8211; Ficha de avalia\u00e7\u00e3o da CAPES&nbsp;&#8211; 2017<\/a><\/li>\n<\/ul>\n","protected":false},"excerpt":{"rendered":"<p>PPGG &#8211; MESTRADO &#8211; &nbsp; &nbsp;APCN &#8211; Ficha de recomenda\u00e7\u00e3o da CAPES PPGG &#8211; DOUTORADO &#8211; APCN &#8211; Ficha de recomenda\u00e7\u00e3o da CAPES PPGG &#8211; Ficha de avalia\u00e7\u00e3o da CAPES&nbsp;&#8211; 2013 PPGG &#8211; Ficha de avalia\u00e7\u00e3o da CAPES&nbsp;&#8211; 2017<\/p>\n","protected":false},"author":3,"featured_media":0,"parent":0,"menu_order":0,"comment_status":"closed","ping_status":"closed","template":"","meta":{"_exactmetrics_skip_tracking":false,"_exactmetrics_sitenote_active":false,"_exactmetrics_sitenote_note":"","_exactmetrics_sitenote_category":0,"footnotes":"","_links_to":"","_links_to_target":""},"class_list":["post-58","page","type-page","status-publish","hentry"],"publishpress_future_action":{"enabled":false,"date":"2026-04-12 17:48:45","action":"change-status","newStatus":"draft","terms":[],"taxonomy":"","extraData":[]},"publishpress_future_workflow_manual_trigger":{"enabledWorkflows":[]},"_links":{"self":[{"href":"https:\/\/www3.unicentro.br\/ppgg\/wp-json\/wp\/v2\/pages\/58","targetHints":{"allow":["GET"]}}],"collection":[{"href":"https:\/\/www3.unicentro.br\/ppgg\/wp-json\/wp\/v2\/pages"}],"about":[{"href":"https:\/\/www3.unicentro.br\/ppgg\/wp-json\/wp\/v2\/types\/page"}],"author":[{"embeddable":true,"href":"https:\/\/www3.unicentro.br\/ppgg\/wp-json\/wp\/v2\/users\/3"}],"replies":[{"embeddable":true,"href":"https:\/\/www3.unicentro.br\/ppgg\/wp-json\/wp\/v2\/comments?post=58"}],"version-history":[{"count":0,"href":"https:\/\/www3.unicentro.br\/ppgg\/wp-json\/wp\/v2\/pages\/58\/revisions"}],"wp:attachment":[{"href":"https:\/\/www3.unicentro.br\/ppgg\/wp-json\/wp\/v2\/media?parent=58"}],"curies":[{"name":"wp","href":"https:\/\/api.w.org\/{rel}","templated":true}]}}