{"id":56,"date":"2014-05-09T00:00:00","date_gmt":"2014-05-09T03:00:00","guid":{"rendered":"https:\/\/www3.unicentro.br\/ppgg\/duvidas-frequentes\/"},"modified":"2023-06-27T15:40:55","modified_gmt":"2023-06-27T18:40:55","slug":"duvidas-frequentes","status":"publish","type":"page","link":"https:\/\/www3.unicentro.br\/ppgg\/duvidas-frequentes\/","title":{"rendered":"D\u00favidas frequentes"},"content":{"rendered":"<div class=\"wpb-content-wrapper\"><p>[vc_row][vc_column][vc_toggle title=&#8221;&#8221; style=&#8221;square_outline&#8221; color=&#8221;blue&#8221; open=&#8221;true&#8221;]<\/p>\n<ul>\n<li><span style=\"vertical-align: inherit;\"><span style=\"vertical-align: inherit;\"><span style=\"vertical-align: inherit;\"><span style=\"vertical-align: inherit;\">Qual o valor a ser pago mensalmente para cursar o Programa de P\u00f3s-Gradua\u00e7\u00e3o em Geografia -PPGG?<\/span><\/span><\/span><\/span><\/li>\n<\/ul>\n<p><span style=\"vertical-align: inherit;\"><span style=\"vertical-align: inherit;\">O PPGG, diferentemente dos cursos de especializa\u00e7\u00e3o (lato sensu) onde h\u00e1 cobran\u00e7a de mensalidades, \u00e9 inteiramente gratuito.\u00a0<\/span><\/span><\/p>\n<ul>\n<li>As aulas s\u00e3o ministradas em qual turno e em quais dias da semana?<\/li>\n<\/ul>\n<p>N\u00e3o existe periodicidade de aulas, ou seja, cada docente define o melhor dia para ministrar sua disciplina.<\/p>\n<ul>\n<li>Como me matricular numa disciplina isolada?<\/li>\n<\/ul>\n<p>A solicita\u00e7\u00e3o de matr\u00edcula em disciplina isolada e, suas orienta\u00e7\u00f5es, constam de editais espec\u00edficos divulgados no site do PPGG em momento prop\u00edcio.<\/p>\n<ul>\n<li>At\u00e9 quantas disciplinas posso cursar como aluno n\u00e3o regular e quanto (de carga hor\u00e1ria) posso aproveitar caso me torne um aluno regular do Programa?<\/li>\n<\/ul>\n<p>O aproveitamento de disciplinas do Mestrado como aluno n\u00e3o regular, corresponde \u00e0 20% da carga hor\u00e1ria total exigida. Assim, como o Programa estabelece o cumprimento de 25 cr\u00e9ditos em discplinas, apenas 4 cr\u00e9ditos poder\u00e3o ser aproveitados (o equivalente \u00e0 uma disciplina).<\/p>\n<ul>\n<li>Quais disciplinas posso cursar como aluno n\u00e3o regular?<\/li>\n<\/ul>\n<p>Todas as eletivas excetuando-se \u00e0s disciplinas \u00e0s obrigat\u00f3rias que s\u00f3 podem ser cursadas por alunos regulares.<\/p>\n<ul>\n<li>Posso cursar uma disciplina em outro Programa de P\u00f3s-Gradua\u00e7\u00e3o e aproveit\u00e1-la no PPGG?<\/li>\n<\/ul>\n<p>Sim, pode ser feito o aproveitamento de disciplina cursada em outro programa. Por\u00e9m, deve-se conversar previamente com o orientador e verificar se h\u00e1 coer\u00eancia entre a proposta de pesquisa a ser desenvolvida e a disciplina que foi cursada. Ap\u00f3s deve-se solicitar ao PPGG a aprova\u00e7\u00e3o de aproveitamento da disciplina.<\/p>\n<ul>\n<li>Como funciona a distribui\u00e7\u00e3o das bolsas ofertadas pela CAPES ou outro \u00f3rg\u00e3o de fomento?<\/li>\n<\/ul>\n<p>O PPGG possui uma comiss\u00e3o de bolsas e ela \u00e9 respons\u00e1vel pelo processo de atribui\u00e7\u00e3o com base nos regulamentos provenientes de \u00f3rg\u00e3os federais e ou estaduais.<\/p>\n<ul>\n<li>Como posso concorrer \u00e0s bolsas ofertadas pelo PPGG?<\/li>\n<\/ul>\n<p>O PPGG por meio de sua comiss\u00e3o de bolsas em momento prop\u00edcio lan\u00e7a edital com as normativas do pleito.<\/p>\n<ul>\n<li>Eu n\u00e3o sou formado(a) em Geografia, mesmo assim, posso me inscrever e concorrer \u00e0 uma vaga no PPGG?<\/li>\n<\/ul>\n<p>Sim.<\/p>\n<p>&nbsp;[\/vc_toggle][\/vc_column][\/vc_row]<\/p>\n<\/div>","protected":false},"excerpt":{"rendered":"<p>[vc_row][vc_column][vc_toggle title=&#8221;&#8221; style=&#8221;square_outline&#8221; color=&#8221;blue&#8221; open=&#8221;true&#8221;] Qual o valor a ser pago mensalmente para cursar o Programa de P\u00f3s-Gradua\u00e7\u00e3o em Geografia -PPGG? O PPGG, diferentemente dos cursos de especializa\u00e7\u00e3o (lato sensu) onde h\u00e1 cobran\u00e7a de mensalidades, \u00e9 inteiramente gratuito.\u00a0 As aulas s\u00e3o ministradas em qual turno e em quais dias da semana? N\u00e3o existe periodicidade de [&hellip;]<\/p>\n","protected":false},"author":3,"featured_media":0,"parent":0,"menu_order":0,"comment_status":"closed","ping_status":"closed","template":"","meta":{"_exactmetrics_skip_tracking":false,"_exactmetrics_sitenote_active":false,"_exactmetrics_sitenote_note":"","_exactmetrics_sitenote_category":0,"footnotes":"","_links_to":"","_links_to_target":""},"class_list":["post-56","page","type-page","status-publish","hentry"],"publishpress_future_action":{"enabled":false,"date":"2026-04-12 04:44:37","action":"change-status","newStatus":"draft","terms":[],"taxonomy":"","extraData":[]},"publishpress_future_workflow_manual_trigger":{"enabledWorkflows":[]},"_links":{"self":[{"href":"https:\/\/www3.unicentro.br\/ppgg\/wp-json\/wp\/v2\/pages\/56","targetHints":{"allow":["GET"]}}],"collection":[{"href":"https:\/\/www3.unicentro.br\/ppgg\/wp-json\/wp\/v2\/pages"}],"about":[{"href":"https:\/\/www3.unicentro.br\/ppgg\/wp-json\/wp\/v2\/types\/page"}],"author":[{"embeddable":true,"href":"https:\/\/www3.unicentro.br\/ppgg\/wp-json\/wp\/v2\/users\/3"}],"replies":[{"embeddable":true,"href":"https:\/\/www3.unicentro.br\/ppgg\/wp-json\/wp\/v2\/comments?post=56"}],"version-history":[{"count":0,"href":"https:\/\/www3.unicentro.br\/ppgg\/wp-json\/wp\/v2\/pages\/56\/revisions"}],"wp:attachment":[{"href":"https:\/\/www3.unicentro.br\/ppgg\/wp-json\/wp\/v2\/media?parent=56"}],"curies":[{"name":"wp","href":"https:\/\/api.w.org\/{rel}","templated":true}]}}