{"id":46,"date":"2014-04-11T00:00:00","date_gmt":"2014-04-11T03:00:00","guid":{"rendered":"https:\/\/www3.unicentro.br\/ppgg\/regulamentos\/"},"modified":"2025-03-07T16:36:50","modified_gmt":"2025-03-07T19:36:50","slug":"regulamentos","status":"publish","type":"page","link":"https:\/\/www3.unicentro.br\/ppgg\/regulamentos\/","title":{"rendered":"Regulamentos"},"content":{"rendered":"<div class=\"wpb-content-wrapper\"><p>[vc_row][vc_column][vc_column_text css=&#8221;&#8221;]<strong><a href=\"https:\/\/www3.unicentro.br\/ppgg\/wp-content\/uploads\/sites\/48\/2023\/08\/Regulamento-da-Pos-Graduacao-Stricto-Sensu-da-UNICENTRO.pdf\" target=\"_blank\" rel=\"noopener\">PPGG &#8211; Regulamento da P\u00f3s-Gradua\u00e7\u00e3o Stricto Sensu da UNICENTRO &#8211; 2020<\/a><\/strong><\/p>\n<p><strong><a href=\"http:\/\/www2.unicentro.br\/ppgg\/files\/2014\/04\/Res_13_2015_COU_UNICENTRO_57bf5312ded5e.pdf\" target=\"_blank\" rel=\"noopener\">PPGG &#8211; Regulamento geral do Programa de P\u00f3s-Gradua\u00e7\u00e3o <em>Stricto Sensu<\/em> em Geografia, n\u00edvel Mestrado e Doutorado &#8211; 2015<\/a><\/strong><\/p>\n<p><strong><a href=\"https:\/\/www3.unicentro.br\/ppgg\/wp-content\/uploads\/sites\/48\/2023\/08\/PPGG-NOVO-Regulamento-geral-do-Programa-de-Pos-Graduacao-Stricto-Sensu-em-Geografia-nivel-mestrado-e-doutorado.pdf\" target=\"_blank\" rel=\"noopener\">PPGG &#8211; Regulamento geral do Programa de P\u00f3s-Gradua\u00e7\u00e3o Stricto Sensu em Geografia, n\u00edvel Mestrado e Doutorado &#8211; 2022<\/a><\/strong><\/p>\n<p><strong><a href=\"https:\/\/www3.unicentro.br\/ppgg\/wp-content\/uploads\/sites\/48\/2025\/03\/PPGG-Regulamento-do-Estagio-de-PosDoutorado.pdf\" target=\"_blank\" rel=\"noopener\">PPGG &#8211; Procedimentos para realiza\u00e7\u00e3o Est\u00e1gio de P\u00f3s-Doutorado na Universidade Estadual do Centro-Oeste, UNICENTRO<\/a><\/strong>[\/vc_column_text][\/vc_column][\/vc_row]<\/p>\n<\/div>","protected":false},"excerpt":{"rendered":"<p>[vc_row][vc_column][vc_column_text css=&#8221;&#8221;]PPGG &#8211; Regulamento da P\u00f3s-Gradua\u00e7\u00e3o Stricto Sensu da UNICENTRO &#8211; 2020 PPGG &#8211; Regulamento geral do Programa de P\u00f3s-Gradua\u00e7\u00e3o Stricto Sensu em Geografia, n\u00edvel Mestrado e Doutorado &#8211; 2015 PPGG &#8211; Regulamento geral do Programa de P\u00f3s-Gradua\u00e7\u00e3o Stricto Sensu em Geografia, n\u00edvel Mestrado e Doutorado &#8211; 2022 PPGG &#8211; Procedimentos para realiza\u00e7\u00e3o Est\u00e1gio de [&hellip;]<\/p>\n","protected":false},"author":3,"featured_media":0,"parent":0,"menu_order":0,"comment_status":"closed","ping_status":"closed","template":"","meta":{"_exactmetrics_skip_tracking":false,"_exactmetrics_sitenote_active":false,"_exactmetrics_sitenote_note":"","_exactmetrics_sitenote_category":0,"footnotes":"","_links_to":"","_links_to_target":""},"class_list":["post-46","page","type-page","status-publish","hentry"],"publishpress_future_action":{"enabled":false,"date":"2026-04-12 04:30:13","action":"change-status","newStatus":"draft","terms":[],"taxonomy":"","extraData":[]},"publishpress_future_workflow_manual_trigger":{"enabledWorkflows":[]},"_links":{"self":[{"href":"https:\/\/www3.unicentro.br\/ppgg\/wp-json\/wp\/v2\/pages\/46","targetHints":{"allow":["GET"]}}],"collection":[{"href":"https:\/\/www3.unicentro.br\/ppgg\/wp-json\/wp\/v2\/pages"}],"about":[{"href":"https:\/\/www3.unicentro.br\/ppgg\/wp-json\/wp\/v2\/types\/page"}],"author":[{"embeddable":true,"href":"https:\/\/www3.unicentro.br\/ppgg\/wp-json\/wp\/v2\/users\/3"}],"replies":[{"embeddable":true,"href":"https:\/\/www3.unicentro.br\/ppgg\/wp-json\/wp\/v2\/comments?post=46"}],"version-history":[{"count":1,"href":"https:\/\/www3.unicentro.br\/ppgg\/wp-json\/wp\/v2\/pages\/46\/revisions"}],"predecessor-version":[{"id":3140,"href":"https:\/\/www3.unicentro.br\/ppgg\/wp-json\/wp\/v2\/pages\/46\/revisions\/3140"}],"wp:attachment":[{"href":"https:\/\/www3.unicentro.br\/ppgg\/wp-json\/wp\/v2\/media?parent=46"}],"curies":[{"name":"wp","href":"https:\/\/api.w.org\/{rel}","templated":true}]}}