{"id":43,"date":"2014-04-11T00:00:00","date_gmt":"2014-04-11T03:00:00","guid":{"rendered":"https:\/\/www3.unicentro.br\/ppgg\/instrucoes-normativas\/"},"modified":"2025-02-10T17:52:24","modified_gmt":"2025-02-10T20:52:24","slug":"instrucoes-normativas","status":"publish","type":"page","link":"https:\/\/www3.unicentro.br\/ppgg\/instrucoes-normativas\/","title":{"rendered":"Instru\u00e7\u00f5es Normativas"},"content":{"rendered":"<div class=\"wpb-content-wrapper\"><p>[vc_row][vc_column][vc_column_text css=&#8221;&#8221;]<strong><a href=\"https:\/\/www3.unicentro.br\/ppgg\/wp-content\/uploads\/sites\/48\/2023\/08\/INSTRUCAO-NORMATIVA-No-003-2023.pdf\" target=\"_blank\" rel=\"noopener\">PPGG &#8211; Instru\u00e7\u00e3o Normativa &#8211; 003\/2023 \u00a0<\/a><\/strong>\u00a0 &#8211; Comprova\u00e7\u00e3o de submiss\u00e3o de artigo (para defesa de disserta\u00e7\u00e3o e tese).<\/p>\n<p><strong><a href=\"https:\/\/www3.unicentro.br\/ppgg\/wp-content\/uploads\/sites\/48\/2022\/12\/IN-02-2022-Credenciamento-e-Descredenciamento-Docente-1.pdf\" target=\"_blank\" rel=\"noopener\">PPGG &#8211; Instru\u00e7\u00e3o Normativa &#8211; 02\/2022 &#8211; Credenciamento e Descredenciamento Docente<\/a>\u00a0&#8211;<\/strong> Estabelece crit\u00e9rios para credenciamento e descredenciamento de docentes do programa de P\u00f3s-Gradua\u00e7\u00e3o em Geografia.<\/p>\n<p><strong><a href=\"https:\/\/www3.unicentro.br\/ppgg\/wp-content\/uploads\/sites\/48\/2025\/02\/PPGG-Instrucao-Normativa-001-23-Atividades-Complementares.pdf\" target=\"_blank\" rel=\"noopener\">PPGG &#8211; Instru\u00e7\u00e3o Normativa &#8211; 001\/2023 &#8211; Comprova\u00e7\u00e3o de atividades complementares \u00a0<\/a>\u00a0<\/strong> &#8211; Estabelece par\u00e2metros e condi\u00e7\u00f5es para comprova\u00e7\u00e3o de atividades complementares.<\/p>\n<p><a href=\"https:\/\/www3.unicentro.br\/propesp\/wp-content\/uploads\/sites\/99\/2023\/04\/IN_01_23_PROPESP_Estabelece_par_metros_e_condi_es_para_comprova_o_de_profici_ncia_em_l_ngua_estrangeira_vers_o_final_643ff95a106d4.pdf\" target=\"_blank\" rel=\"noopener\"><strong>Instru\u00e7\u00e3o Normativa 01\/2023 &#8211; Propesp\/Unicentro<\/strong><\/a> &#8211; Estabelece par\u00e2metros e condi\u00e7\u00f5es para comprova\u00e7\u00e3o de profici\u00eancia em l\u00edngua estrangeira, para os discentes de p\u00f3s gradua\u00e7\u00e3o stricto sensu.[\/vc_column_text][\/vc_column][\/vc_row]<\/p>\n<\/div>","protected":false},"excerpt":{"rendered":"<p>[vc_row][vc_column][vc_column_text css=&#8221;&#8221;]PPGG &#8211; Instru\u00e7\u00e3o Normativa &#8211; 003\/2023 \u00a0\u00a0 &#8211; Comprova\u00e7\u00e3o de submiss\u00e3o de artigo (para defesa de disserta\u00e7\u00e3o e tese). PPGG &#8211; Instru\u00e7\u00e3o Normativa &#8211; 02\/2022 &#8211; Credenciamento e Descredenciamento Docente\u00a0&#8211; Estabelece crit\u00e9rios para credenciamento e descredenciamento de docentes do programa de P\u00f3s-Gradua\u00e7\u00e3o em Geografia. PPGG &#8211; Instru\u00e7\u00e3o Normativa &#8211; 001\/2023 &#8211; Comprova\u00e7\u00e3o de atividades [&hellip;]<\/p>\n","protected":false},"author":3,"featured_media":0,"parent":0,"menu_order":0,"comment_status":"closed","ping_status":"closed","template":"","meta":{"_exactmetrics_skip_tracking":false,"_exactmetrics_sitenote_active":false,"_exactmetrics_sitenote_note":"","_exactmetrics_sitenote_category":0,"footnotes":"","_links_to":"","_links_to_target":""},"class_list":["post-43","page","type-page","status-publish","hentry"],"publishpress_future_action":{"enabled":false,"date":"2026-04-12 22:37:16","action":"change-status","newStatus":"draft","terms":[],"taxonomy":"","extraData":[]},"publishpress_future_workflow_manual_trigger":{"enabledWorkflows":[]},"_links":{"self":[{"href":"https:\/\/www3.unicentro.br\/ppgg\/wp-json\/wp\/v2\/pages\/43","targetHints":{"allow":["GET"]}}],"collection":[{"href":"https:\/\/www3.unicentro.br\/ppgg\/wp-json\/wp\/v2\/pages"}],"about":[{"href":"https:\/\/www3.unicentro.br\/ppgg\/wp-json\/wp\/v2\/types\/page"}],"author":[{"embeddable":true,"href":"https:\/\/www3.unicentro.br\/ppgg\/wp-json\/wp\/v2\/users\/3"}],"replies":[{"embeddable":true,"href":"https:\/\/www3.unicentro.br\/ppgg\/wp-json\/wp\/v2\/comments?post=43"}],"version-history":[{"count":1,"href":"https:\/\/www3.unicentro.br\/ppgg\/wp-json\/wp\/v2\/pages\/43\/revisions"}],"predecessor-version":[{"id":3056,"href":"https:\/\/www3.unicentro.br\/ppgg\/wp-json\/wp\/v2\/pages\/43\/revisions\/3056"}],"wp:attachment":[{"href":"https:\/\/www3.unicentro.br\/ppgg\/wp-json\/wp\/v2\/media?parent=43"}],"curies":[{"name":"wp","href":"https:\/\/api.w.org\/{rel}","templated":true}]}}