{"id":41,"date":"2014-04-11T00:00:00","date_gmt":"2014-04-11T03:00:00","guid":{"rendered":"https:\/\/www3.unicentro.br\/ppgg\/coordenacao-e-comissoes\/"},"modified":"2025-03-20T13:52:41","modified_gmt":"2025-03-20T16:52:41","slug":"coordenacao-e-comissoes","status":"publish","type":"page","link":"https:\/\/www3.unicentro.br\/ppgg\/coordenacao-e-comissoes\/","title":{"rendered":"Coordena\u00e7\u00e3o e comiss\u00f5es"},"content":{"rendered":"<div class=\"wpb-content-wrapper\"><p>[vc_row][vc_column][vc_text_separator title=&#8221;Coordena\u00e7\u00e3o&#8221; color=&#8221;peacoc&#8221; border_width=&#8221;5&#8243; css_animation=&#8221;left-to-right&#8221; css=&#8221;&#8221;][vc_column_text css=&#8221;&#8221;]<span style=\"font-family: arial, helvetica, sans-serif\"><strong>Coordenadora<\/strong><\/span><br \/>\n<span style=\"font-family: arial, helvetica, sans-serif\">Prof\u00aa. Dr\u00aa. Karla Ros\u00e1rio Brumes<\/span><\/p>\n<p><span style=\"font-family: arial, helvetica, sans-serif\"><strong>Vice-<\/strong><strong>Coordenador<\/strong><\/span><br \/>\n<span style=\"font-family: arial, helvetica, sans-serif\">Prof. Dr. Valdemir Antoneli<\/span><\/p>\n<p><span style=\"font-family: arial, helvetica, sans-serif\"><strong>Colegiado<\/strong><\/span><\/p>\n<ul>\n<li><span style=\"font-family: arial, helvetica, sans-serif\"><strong>Presidente:<\/strong> Prof\u00aa. Dr\u00aa. Karla Ros\u00e1rio Brumes<\/span><\/li>\n<li><span style=\"font-family: arial, helvetica, sans-serif\">Linha 1.: Prof. Dr. Adalto Gon\u00e7alves de Lima<\/span><\/li>\n<li><span style=\"font-family: arial, helvetica, sans-serif\">Linha 1.: Prof. Dr. Julio Manoel Fran\u00e7a da Silva<\/span><\/li>\n<li><span style=\"font-family: arial, helvetica, sans-serif\">Linha 1.: Prof. Dr. Valdemir Antoneli<\/span><\/li>\n<li><span style=\"font-family: arial, helvetica, sans-serif\">Linha 2.: Prof. Dr. Alides Baptista Chimin Junior<\/span><\/li>\n<li><span style=\"font-family: arial, helvetica, sans-serif\">Linha 2.: Prof. Dr. Pierre Ales Costa<\/span><\/li>\n<li><span style=\"line-height: 1.5em;font-family: arial, helvetica, sans-serif\"><span style=\"line-height: 1.5em\">Representante discente: Doutorando Afonso Muzzo Alves<\/span><\/span><\/li>\n<li>Representante discente (suplente): Doutoranda Luana Guidoni<\/li>\n<\/ul>\n<p><span style=\"font-family: arial, helvetica, sans-serif\"><strong>Secret\u00e1rio:\u00a0<\/strong>Alceu Harmatiuk<\/span>[\/vc_column_text][\/vc_column][\/vc_row][vc_row][vc_column][vc_text_separator title=&#8221;Comiss\u00f5es&#8221; color=&#8221;peacoc&#8221; border_width=&#8221;5&#8243; css_animation=&#8221;left-to-right&#8221; css=&#8221;&#8221;][\/vc_column][\/vc_row][vc_row][vc_column][vc_column_text css=&#8221;&#8221;]<\/p>\n<p style=\"text-align: center\"><span style=\"font-family: arial, helvetica, sans-serif\"><strong>Comiss\u00e3o de Autoavalia\u00e7\u00e3o:<\/strong><\/span><\/p>\n<ul>\n<li><span style=\"font-family: arial, helvetica, sans-serif\">Prof\u00aa. Dr\u00aa. Karla Ros\u00e1rio Brumes<\/span><\/li>\n<li><span style=\"font-family: arial, helvetica, sans-serif\">Prof\u00aa. Dr\u00aa. M\u00e1rcia da Silva<\/span><\/li>\n<li><span style=\"font-family: arial, helvetica, sans-serif\"> Prof. Dr. Edivaldo Lopes Thomaz<\/span><\/li>\n<li><span style=\"font-family: arial, helvetica, sans-serif\">Doutorando Jo\u00e3o Matheus Afinovicz de Lima<\/span><\/li>\n<\/ul>\n<p style=\"text-align: center\"><span style=\"font-family: arial, helvetica, sans-serif\"><strong>Comiss\u00e3o de bolsas<\/strong><\/span><\/p>\n<ul>\n<li><span style=\"font-family: arial, helvetica, sans-serif\">Presidente: Prof\u00aa. Dr\u00aa. Karla Ros\u00e1rio Brumes<\/span><\/li>\n<li><span style=\"font-family: arial, helvetica, sans-serif\"><span style=\"line-height: 1.5em\">Representante docente:\u00a0 Prof. <\/span><span style=\"line-height: 1.5em\">Dr. Lisandro Pezzi Schmidt<\/span><\/span><\/li>\n<li><span style=\"line-height: 1.5em;font-family: arial, helvetica, sans-serif\">Representante discente: Doutoranda Keila Tachevski<\/span><\/li>\n<\/ul>\n<p style=\"text-align: center\"><span style=\"font-family: arial, helvetica, sans-serif\"><strong>Comiss\u00e3o de Atividades Complementares<\/strong><\/span><\/p>\n<ul>\n<li><span style=\"font-family: arial, helvetica, sans-serif\">Presidente: Prof\u00aa. Dr\u00aa. Karla Ros\u00e1rio Brumes<\/span><\/li>\n<li><span style=\"font-family: arial, helvetica, sans-serif\"><span style=\"line-height: 1.5em\">Representante docente:\u00a0 Prof. <\/span><span style=\"line-height: 1.5em\">Dr. Lisandro Pezzi Schmidt<\/span><\/span><\/li>\n<\/ul>\n<p>[\/vc_column_text][\/vc_column][\/vc_row]<\/p>\n<\/div>","protected":false},"excerpt":{"rendered":"<p>[vc_row][vc_column][vc_text_separator title=&#8221;Coordena\u00e7\u00e3o&#8221; color=&#8221;peacoc&#8221; border_width=&#8221;5&#8243; css_animation=&#8221;left-to-right&#8221; css=&#8221;&#8221;][vc_column_text css=&#8221;&#8221;]Coordenadora Prof\u00aa. Dr\u00aa. Karla Ros\u00e1rio Brumes Vice-Coordenador Prof. Dr. Valdemir Antoneli Colegiado Presidente: Prof\u00aa. Dr\u00aa. Karla Ros\u00e1rio Brumes Linha 1.: Prof. Dr. Adalto Gon\u00e7alves de Lima Linha 1.: Prof. Dr. Julio Manoel Fran\u00e7a da Silva Linha 1.: Prof. Dr. Valdemir Antoneli Linha 2.: Prof. Dr. Alides Baptista Chimin Junior [&hellip;]<\/p>\n","protected":false},"author":3,"featured_media":0,"parent":0,"menu_order":0,"comment_status":"closed","ping_status":"closed","template":"","meta":{"_exactmetrics_skip_tracking":false,"_exactmetrics_sitenote_active":false,"_exactmetrics_sitenote_note":"","_exactmetrics_sitenote_category":0,"footnotes":"","_links_to":"","_links_to_target":""},"class_list":["post-41","page","type-page","status-publish","hentry"],"publishpress_future_action":{"enabled":false,"date":"2026-04-12 04:30:12","action":"change-status","newStatus":"draft","terms":[],"taxonomy":"","extraData":[]},"publishpress_future_workflow_manual_trigger":{"enabledWorkflows":[]},"_links":{"self":[{"href":"https:\/\/www3.unicentro.br\/ppgg\/wp-json\/wp\/v2\/pages\/41","targetHints":{"allow":["GET"]}}],"collection":[{"href":"https:\/\/www3.unicentro.br\/ppgg\/wp-json\/wp\/v2\/pages"}],"about":[{"href":"https:\/\/www3.unicentro.br\/ppgg\/wp-json\/wp\/v2\/types\/page"}],"author":[{"embeddable":true,"href":"https:\/\/www3.unicentro.br\/ppgg\/wp-json\/wp\/v2\/users\/3"}],"replies":[{"embeddable":true,"href":"https:\/\/www3.unicentro.br\/ppgg\/wp-json\/wp\/v2\/comments?post=41"}],"version-history":[{"count":3,"href":"https:\/\/www3.unicentro.br\/ppgg\/wp-json\/wp\/v2\/pages\/41\/revisions"}],"predecessor-version":[{"id":3285,"href":"https:\/\/www3.unicentro.br\/ppgg\/wp-json\/wp\/v2\/pages\/41\/revisions\/3285"}],"wp:attachment":[{"href":"https:\/\/www3.unicentro.br\/ppgg\/wp-json\/wp\/v2\/media?parent=41"}],"curies":[{"name":"wp","href":"https:\/\/api.w.org\/{rel}","templated":true}]}}