{"id":36,"date":"2014-04-11T00:00:00","date_gmt":"2014-04-11T03:00:00","guid":{"rendered":"https:\/\/www3.unicentro.br\/ppgg\/linhas-de-pesquisa\/"},"modified":"2025-03-20T17:35:45","modified_gmt":"2025-03-20T20:35:45","slug":"linhas-de-pesquisa","status":"publish","type":"page","link":"https:\/\/www3.unicentro.br\/ppgg\/linhas-de-pesquisa\/","title":{"rendered":"Linhas de Pesquisa"},"content":{"rendered":"<div class=\"wpb-content-wrapper\"><p>[vc_row][vc_column][vc_column_text css=&#8221;&#8221;]<\/p>\n<p style=\"text-align: center\"><strong>Linha 1: Din\u00e2mica da paisagem, geomorfologia e an\u00e1lise ambiental<\/strong><\/p>\n<p style=\"text-align: justify\">Objetivos: Realizar estudos do Quatern\u00e1rio e Holoc\u00eano, mudan\u00e7as ambientais globais e locais, inclusive as causadas por a\u00e7\u00f5es humanas e a din\u00e2mica do uso da terra. Estudos experimentais, b\u00e1sicos e aplicados em bacias hidrogr\u00e1ficas, encostas e canais fluviais, utilizando t\u00e9cnicas e metodologias associadas \u00e0 Geomorfologia e disciplinas f\u00edsico-geogr\u00e1ficas correlatas (ex. Hidrologia, Climatologia e Pedologia). Estudos anal\u00edticos e integrados do meio ambiente, envolvendo a intera\u00e7\u00e3o sociedade-natureza (te\u00f3rico e emp\u00edrico) e abordagens socioambientais.<\/p>\n<p>[\/vc_column_text][vc_separator color=&#8221;peacoc&#8221; border_width=&#8221;5&#8243; css_animation=&#8221;left-to-right&#8221; css=&#8221;&#8221;][\/vc_column][\/vc_row][vc_row][vc_column][vc_column_text css=&#8221;&#8221;]<\/p>\n<p style=\"text-align: center\"><strong>Linha 2: Din\u00e2mica dos espa\u00e7os rurais e urbanos<\/strong><\/p>\n<p style=\"text-align: justify\">Objetivo:\u00a0Estudar te\u00f3rico-metodologicamente tem\u00e1ticas referentes \u00e0 produ\u00e7\u00e3o, estrutura\u00e7\u00e3o e organiza\u00e7\u00e3o dos espa\u00e7os rurais e urbanos e sua rela\u00e7\u00e3o com o meio ambiente, tornando poss\u00edvel uma Geografia a partir de leituras da sociedade e da natureza em termos de aplicabilidade.<\/p>\n<p>[\/vc_column_text][\/vc_column][\/vc_row]<\/p>\n<\/div>","protected":false},"excerpt":{"rendered":"<p>[vc_row][vc_column][vc_column_text css=&#8221;&#8221;] Linha 1: Din\u00e2mica da paisagem, geomorfologia e an\u00e1lise ambiental Objetivos: Realizar estudos do Quatern\u00e1rio e Holoc\u00eano, mudan\u00e7as ambientais globais e locais, inclusive as causadas por a\u00e7\u00f5es humanas e a din\u00e2mica do uso da terra. Estudos experimentais, b\u00e1sicos e aplicados em bacias hidrogr\u00e1ficas, encostas e canais fluviais, utilizando t\u00e9cnicas e metodologias associadas \u00e0 Geomorfologia [&hellip;]<\/p>\n","protected":false},"author":3,"featured_media":0,"parent":0,"menu_order":0,"comment_status":"closed","ping_status":"closed","template":"","meta":{"_exactmetrics_skip_tracking":false,"_exactmetrics_sitenote_active":false,"_exactmetrics_sitenote_note":"","_exactmetrics_sitenote_category":0,"footnotes":"","_links_to":"","_links_to_target":""},"class_list":["post-36","page","type-page","status-publish","hentry"],"publishpress_future_action":{"enabled":false,"date":"2026-04-11 22:22:04","action":"change-status","newStatus":"draft","terms":[],"taxonomy":"","extraData":[]},"publishpress_future_workflow_manual_trigger":{"enabledWorkflows":[]},"_links":{"self":[{"href":"https:\/\/www3.unicentro.br\/ppgg\/wp-json\/wp\/v2\/pages\/36","targetHints":{"allow":["GET"]}}],"collection":[{"href":"https:\/\/www3.unicentro.br\/ppgg\/wp-json\/wp\/v2\/pages"}],"about":[{"href":"https:\/\/www3.unicentro.br\/ppgg\/wp-json\/wp\/v2\/types\/page"}],"author":[{"embeddable":true,"href":"https:\/\/www3.unicentro.br\/ppgg\/wp-json\/wp\/v2\/users\/3"}],"replies":[{"embeddable":true,"href":"https:\/\/www3.unicentro.br\/ppgg\/wp-json\/wp\/v2\/comments?post=36"}],"version-history":[{"count":1,"href":"https:\/\/www3.unicentro.br\/ppgg\/wp-json\/wp\/v2\/pages\/36\/revisions"}],"predecessor-version":[{"id":3311,"href":"https:\/\/www3.unicentro.br\/ppgg\/wp-json\/wp\/v2\/pages\/36\/revisions\/3311"}],"wp:attachment":[{"href":"https:\/\/www3.unicentro.br\/ppgg\/wp-json\/wp\/v2\/media?parent=36"}],"curies":[{"name":"wp","href":"https:\/\/api.w.org\/{rel}","templated":true}]}}