{"id":34,"date":"2014-04-11T00:00:00","date_gmt":"2014-04-11T03:00:00","guid":{"rendered":"https:\/\/www3.unicentro.br\/ppgg\/historico\/"},"modified":"2023-05-17T16:30:40","modified_gmt":"2023-05-17T19:30:40","slug":"historico","status":"publish","type":"page","link":"https:\/\/www3.unicentro.br\/ppgg\/historico\/","title":{"rendered":"Hist\u00f3rico"},"content":{"rendered":"<p>No sentido de promover a verticaliza\u00e7\u00e3o da gradua\u00e7\u00e3o na Universidade Estadual do Centro-Oeste, UNICENTRO, em 2007, tiveram in\u00edcio as discuss\u00f5es em torno da cria\u00e7\u00e3o de um curso de Mestrado em Geografia, no Setor de Ci\u00eancias Agr\u00e1ria e Ambientais do campus CEDETEG\/Guarapuava. Foi assim, que no segundo semestre desse mesmo ano instalou-se uma comiss\u00e3o interna (profa. Dra. M\u00e1rcia da Silva,\u00a0coordenadora;\u00a0prof. Dr. Edivaldo Lopes Thomaz,\u00a0vice-coordenador e\u00a0prof. Dr. Sergio Fajardo,\u00a0membro) com o objetivo de formula\u00e7\u00e3o da proposta.<\/p>\n<p><strong>Setembro de 2008:\u00a0<\/strong>aprovada a cria\u00e7\u00e3o<strong>\u00a0<\/strong>do programa de Mestrado em Geografia pela Coordena\u00e7\u00e3o de Aperfei\u00e7oamento de Pessoal de N\u00edvel Superior (CAPES), sendo homologado pelo CNE (Portaria MEC 590, DOU 19\/06\/2009) &#8211; Parecer CES\/CNE 122\/2009, 18\/06\/2009, inicialmente com o conceito 3 (tr\u00eas). O programa iniciou suas atividades oficialmente em 01\/08\/2009 com o seguinte corpo docente permanente: Professor Dr. Edivaldo Lopes Thomaz (Unicentro); Professora Dr\u00aa. Gisele Pietrobelli (Unicentro); Professor Dr. Luiz Gilberto Bertotti (Unicentro); Professora Dr\u00aa. Marcia da Silva (Unicentro); Professor Dr. Mauricio Camargo Filho (Unicentro); Professora Dr\u00aa. Sandra Lucia Videira G\u00f3is (Unicentro) e Professor Dr. Sergio Fajardo (Unicentro). J\u00e1 docentes colaboradores eram<strong>:<\/strong>\u00a0professora Dr\u00aa. Beatriz Ribeiro Soares (UFU) e professor Dr. Francisco de Assis Mendon\u00e7a (UFPR). o programa tem in\u00edcio\u00a0com a \u00e1rea de concentra\u00e7\u00e3o\u00a0&#8220;Din\u00e2mica da Paisagem e dos Espa\u00e7os Rurais e Urbanos&#8221;, e \u00a0duas linhas de pesquisa, a saber,\u00a0<strong>Geomorfologia e Din\u00e2mica da Paisagem\u00a0<\/strong>e<strong>\u00a0Din\u00e2mica dos Espa\u00e7os Rurais e Urbanos<\/strong>.<\/p>\n<p><strong>Maio de 2009:<\/strong>\u00a0primeira processo seletivo\u00a0do Programa de P\u00f3s-Gradua\u00e7\u00e3o em Geografia, que contou com o ingresso de nove alunos, sendo destes, quatro bolsistas CAPES;<\/p>\n<p><strong>Setembro de\u00a02013:<\/strong>\u00a0o\u00a0programa obt\u00eam o Conceito 4 da CAPES. Neste mesmo ano \u00e9 criada a terceira linha de pesquisa\u00a0<strong>&#8220;Educa\u00e7\u00e3o Geogr\u00e1fica, Ambiente e Representa\u00e7\u00e3o Espacial&#8221;<\/strong>;<\/p>\n<p><strong>Setembro de\u00a02014-15:<\/strong>\u00a0instaura\u00e7\u00e3o<strong>\u00a0<\/strong>de comiss\u00e3o interna (professor Dr. Leandro Redin Vestena, coordenador; Professora Dr\u00aa. M\u00e1rcia da Silva, membro e professora Dr\u00aa. Marquiana Freitas Vilas Boas Gomes, membro) para estudo e formula\u00e7\u00e3o de proposta de doutorado, submetida \u00e0\u00a0CAPES em 2015;<\/p>\n<p><strong>Fevereiro de 2016:<\/strong>\u00a0parecer favor\u00e1vel \u00a0da CAPES para o doutorado do PPGG;<\/p>\n<p><strong>Fevereiro\u00a0de\u00a02017:\u00a0<\/strong>\u00a0in\u00edcio do doutorado do PPGG .<\/p>\n<p>Mesmo com pouco tempo de exist\u00eancia, \u00e9 poss\u00edvel visualizar entre os professores participantes o desejo de crescimento com qualidade, buscando sempre estabelecer singularidades e compet\u00eancias que nos identifiquem e nos caracterizem, uma vez que temos como objetivos:<\/p>\n<ol>\n<li>desenvolver a an\u00e1lise cr\u00edtica na compreens\u00e3o dos aspectos sociais, pol\u00edtico-econ\u00f4micos e ambientais relacionados \u00e0 din\u00e2mica dos espa\u00e7os rurais e urbanos vinculados ao desenvolvimento regional;<\/li>\n<li>atender a demanda regional na forma\u00e7\u00e3o de mestres e doutores, docentes e pesquisadores de alto n\u00edvel no campo da Geografia e \u00e1reas afins (sobretudo a das regi\u00f5es centro-sul paranaense e norte de Santa Catarina que ainda n\u00e3o disp\u00f5em de um Programa de Mestrado\/Doutorado na \u00e1rea);<\/li>\n<li>subsidiar te\u00f3rica e metodologicamente reflex\u00f5es e a\u00e7\u00f5es voltadas \u00e0 atua\u00e7\u00e3o em quest\u00f5es ambientais, bem como aquelas vinculadas ao desenvolvimento rural-urbano;<\/li>\n<li>promover o fortalecimento da pesquisa e ensino em Geografia UNICENTRO.<\/li>\n<\/ol>\n<p><strong>Coordenadores\u00a0do\u00a0PPGG\u00a0desde a sua cria\u00e7\u00e3o em 2008:<\/strong><\/p>\n<ul>\n<li>Gest\u00e3o (2008-2010): Profa. Dra. M\u00e1rcia da Silva (coordenadora); Prof. Dr. Edivaldo Lopes Thomaz (vice-coordenador)<\/li>\n<li>Gest\u00e3o (2010): Profa. Dra. M\u00e1rcia da Silva (coordenadora); Prof. Dr. Luiz Gilberto Bertotti (vice-coordenador)<\/li>\n<li>Gest\u00e3o (2011): Profa. Dra. M\u00e1rcia da Silva (coordenadora);\u00a0Professora Dra. Karla Ros\u00e1rio Brumes (vice-coordenadora)<\/li>\n<li>Gest\u00e3o (2012-2014): Prof.\u00a0Dr. Edivaldo Lopes Thomaz (coordendor); Profa. Dra. Karla Ros\u00e1rio Brumes (vice-coordenadora)<\/li>\n<li>Gest\u00e3o (2014-2016): Prof. Dr. Leandro Redin Vestena (coordenador); Prof. Dr. Sergio Fajardo (vice-coordenador)<\/li>\n<li>Gest\u00e3o (2016-2018): Profa. Dra. Karla Ros\u00e1rio Brumes (coordenadora); Prof. Aparecido Ribeiro de Andrade (vice-coordenador)<\/li>\n<li>Gest\u00e3o (2018-2020): Prof. Dr. Edivaldo Lopes Thomaz (coordenador); Prof. Dr. Pierre Alves Costa (vice-coordenador)<\/li>\n<li>Gest\u00e3o (2021-2023): Prof. Dr. Pierre Alves Costa (coordenador); Prof. Dr. J\u00falio Manoel Fran\u00e7a da Silva (vice-coordenador)<\/li>\n<li>Gest\u00e3o (2023-2025): Profa. Dra. Karla Ros\u00e1rio Brumes (coordenadora); Prof. Dr. Valdemir Antoneli (vice-coordenador)<\/li>\n<\/ul>\n","protected":false},"excerpt":{"rendered":"<p>No sentido de promover a verticaliza\u00e7\u00e3o da gradua\u00e7\u00e3o na Universidade Estadual do Centro-Oeste, UNICENTRO, em 2007, tiveram in\u00edcio as discuss\u00f5es em torno da cria\u00e7\u00e3o de um curso de Mestrado em Geografia, no Setor de Ci\u00eancias Agr\u00e1ria e Ambientais do campus CEDETEG\/Guarapuava. Foi assim, que no segundo semestre desse mesmo ano instalou-se uma comiss\u00e3o interna (profa. [&hellip;]<\/p>\n","protected":false},"author":3,"featured_media":0,"parent":0,"menu_order":0,"comment_status":"closed","ping_status":"closed","template":"","meta":{"_exactmetrics_skip_tracking":false,"_exactmetrics_sitenote_active":false,"_exactmetrics_sitenote_note":"","_exactmetrics_sitenote_category":0,"footnotes":"","_links_to":"","_links_to_target":""},"class_list":["post-34","page","type-page","status-publish","hentry"],"publishpress_future_action":{"enabled":false,"date":"2026-04-12 04:30:25","action":"change-status","newStatus":"draft","terms":[],"taxonomy":"","extraData":[]},"publishpress_future_workflow_manual_trigger":{"enabledWorkflows":[]},"_links":{"self":[{"href":"https:\/\/www3.unicentro.br\/ppgg\/wp-json\/wp\/v2\/pages\/34","targetHints":{"allow":["GET"]}}],"collection":[{"href":"https:\/\/www3.unicentro.br\/ppgg\/wp-json\/wp\/v2\/pages"}],"about":[{"href":"https:\/\/www3.unicentro.br\/ppgg\/wp-json\/wp\/v2\/types\/page"}],"author":[{"embeddable":true,"href":"https:\/\/www3.unicentro.br\/ppgg\/wp-json\/wp\/v2\/users\/3"}],"replies":[{"embeddable":true,"href":"https:\/\/www3.unicentro.br\/ppgg\/wp-json\/wp\/v2\/comments?post=34"}],"version-history":[{"count":0,"href":"https:\/\/www3.unicentro.br\/ppgg\/wp-json\/wp\/v2\/pages\/34\/revisions"}],"wp:attachment":[{"href":"https:\/\/www3.unicentro.br\/ppgg\/wp-json\/wp\/v2\/media?parent=34"}],"curies":[{"name":"wp","href":"https:\/\/api.w.org\/{rel}","templated":true}]}}