{"id":281,"date":"2019-03-22T14:44:23","date_gmt":"2019-03-22T17:44:23","guid":{"rendered":"https:\/\/www3.unicentro.br\/ppgg\/?page_id=281"},"modified":"2019-03-22T14:54:02","modified_gmt":"2019-03-22T17:54:02","slug":"internacional","status":"publish","type":"page","link":"https:\/\/www3.unicentro.br\/ppgg\/intercambio\/internacional\/","title":{"rendered":"Internacional"},"content":{"rendered":"<div class=\"wpb-content-wrapper\"><p>[vc_row][vc_column][vc_tta_accordion style=&#8221;flat&#8221; shape=&#8221;square&#8221; spacing=&#8221;1&#8243; active_section=&#8221;100&#8243; collapsible_all=&#8221;true&#8221;][vc_tta_section title=&#8221;Linha 1: Din\u00e2mica da paisagem, geomorfologia e an\u00e1lise ambiental&#8221; tab_id=&#8221;1553275925286-651fbd99-9d16&#8243;][vc_column_text]<\/p>\n<p style=\"font-weight: 400\">Soil and Water Resources Impacts of Coffee Cultivation and Other Types of Agricultural Production in the Wet Tropics. Work conducted in Puerto Rico and Brazil. University of Texas at Austin &#8211; Department of Geography and The Environment, United States &#8211; Austin (Prof.\u00a0 Carlos E Ramos-Scharron).<\/p>\n<p style=\"font-weight: 400\">Slash and burn agricultural system in southern Brazil. University of Gothenburg &#8211; G\u00f6teborg, Sweden &#8211; Department of Economy and Society (Prof. Staffan Rosell).<\/p>\n<p style=\"font-weight: 400\">FUEGORED sediada na Espanha. Rede de pesquisadores sobre fogo florestais. O International Meeting of Fire Effects on Soil Properties de 2021 ser\u00e1 sediado em Guarapuava \u2013 PR.<\/p>\n<p style=\"font-weight: 400\">Technological Educational Institute of Thessaly (TEETHES) (Larissa, GREECE) (Prof. Xenofon Spiliotis). Apoio financeiro do programa Erasmus Mundus.O pesquisador da Gr\u00e9cia dever\u00e1 participar de atividades no PPGG no primeiro semestre de 2019. Al\u00e9m disso, o interc\u00e2mbio prev\u00ea a ida de professor do programa para a Gr\u00e9cia (2020).<\/p>\n<p style=\"font-weight: 400\">Acordo de Coopera\u00e7\u00e3o Acad\u00eamica N.269\/2014 &#8211; Facultad Regional C\u00f3rdoba, Universidad Tecnol\u00f3gica Nacional.\u00a0Argentina (2015-2020).<\/p>\n<p style=\"font-weight: 400\">Encontra-se em est\u00e1gio inicial a coopera\u00e7\u00e3o, para o estudo sobre o impacto das cinzas &#8220;soil pore clogging&#8221; afetada por wet and dry cycles. Parceria de pesquisa com Prof.\u00a0Dr. Paulo Alexandre da Silva Pereira &#8211; Mykolas Romeris University (Lithuania). Est\u00e1 prevista a visita do Professor \u00e0 Guarapuava no primeiro semestre de 2019.<\/p>\n<p>[\/vc_column_text][\/vc_tta_section][vc_tta_section title=&#8221;Linha 2: Din\u00e2mica dos espa\u00e7os rurais e urbanos&#8221; tab_id=&#8221;1553275925313-ba610b60-e672&#8243;][vc_column_text]<\/p>\n<p style=\"font-weight: 400\">Territorialidades pol\u00edticas juvenis e espa\u00e7os de participa\u00e7\u00e3o e mobiliza\u00e7\u00e3o no Brasil. Lara Pires Weissbock (orientanda de doutorado). Est\u00e1gio de doutorado sanduiche sob supervis\u00e3o do professor\u00a0Carles Feixa (<strong>Universidade\u00a0<\/strong><strong>Pompeu Fabra<\/strong>) em Barcelona, na<strong>Espanha<\/strong>.<\/p>\n<p style=\"font-weight: 400\">Projeto de pesquisa \u201cGeografia e coes\u00e3o pol\u00edtico-territorial: compet\u00eancias, limites e interfaces entre Brasil e Su\u00ed\u00e7a\u201d (EDITAL N\u00ba 001\/2016 CPBA\/PROPESP) em parceria com o professor Rolf Rauschenbach, da Universit\u00e4t St. Gallen, na Su\u00ed\u00e7a.<\/p>\n<p style=\"font-weight: 400\">Os su\u00e1bios do Dan\u00fabio: grupos de poder, segrega\u00e7\u00e3o e coopera\u00e7\u00e3o no desenvolvimento do Centro-Sul do Paran\u00e1 (Chamada Funda\u00e7\u00e3o Arauc\u00e1ria 05\/2011 &#8211; Programa Universal &#8211; Pesquisa B\u00e1sica e Aplicada) em parceria com o professor Wendel H. Baumgartner, da Universidade Ludwig e Maximilian, na Alemanha.<\/p>\n<p style=\"font-weight: 400\">Geografia do controle pol\u00edtico-territorial: cria\u00e7\u00e3o de munic\u00edpios no Brasil e agrega\u00e7\u00e3o de freguesias em Portugal &#8211; grupos de poder, compet\u00eancias e autonomias (Chamada CNPq 43\/2013 &#8211; Ci\u00eancias Humanas, Sociais e Aplicadas) em parceria com os professores Eduarda Marques da Costa e Nuno Marques da Costa da Universidade de Lisboa, em Portugal.<\/p>\n<p style=\"font-weight: 400\">Conv\u00eanio com a Universidade de Lisboa \u2013 IGOT \u2013 Projeto N\u00f3s Propomos. Trata-se de parceria para execu\u00e7\u00e3o de atividade de pesquisa vinculada ao p\u00f3s-doutorado. Por meio desta participamos como membro da equipe do Projeto N\u00f3s Propomos em Goi\u00e1s, pela Universidade Federal de Goi\u00e1s e, essa a\u00e7\u00e3o, culminou na parceria com a UNICENTRO, na qual ser\u00e3o envolvidos alunos da p\u00f3s-gradua\u00e7\u00e3o em Geografia \u2013 PPGG.<\/p>\n<p>[\/vc_column_text][\/vc_tta_section][\/vc_tta_accordion][\/vc_column][\/vc_row]<\/p>\n<\/div>","protected":false},"excerpt":{"rendered":"<p>[vc_row][vc_column][vc_tta_accordion style=&#8221;flat&#8221; shape=&#8221;square&#8221; spacing=&#8221;1&#8243; active_section=&#8221;100&#8243; collapsible_all=&#8221;true&#8221;][vc_tta_section title=&#8221;Linha 1: Din\u00e2mica da paisagem, geomorfologia e an\u00e1lise ambiental&#8221; tab_id=&#8221;1553275925286-651fbd99-9d16&#8243;][vc_column_text] Soil and Water Resources Impacts of Coffee Cultivation and Other Types of Agricultural Production in the Wet Tropics. Work conducted in Puerto Rico and Brazil. University of Texas at Austin &#8211; Department of Geography and The Environment, United States [&hellip;]<\/p>\n","protected":false},"author":3,"featured_media":0,"parent":276,"menu_order":0,"comment_status":"closed","ping_status":"closed","template":"","meta":{"_exactmetrics_skip_tracking":false,"_exactmetrics_sitenote_active":false,"_exactmetrics_sitenote_note":"","_exactmetrics_sitenote_category":0,"footnotes":"","_links_to":"","_links_to_target":""},"class_list":["post-281","page","type-page","status-publish","hentry"],"publishpress_future_action":{"enabled":false,"date":"2026-04-12 04:30:30","action":"change-status","newStatus":"draft","terms":[],"taxonomy":"","extraData":[]},"publishpress_future_workflow_manual_trigger":{"enabledWorkflows":[]},"_links":{"self":[{"href":"https:\/\/www3.unicentro.br\/ppgg\/wp-json\/wp\/v2\/pages\/281","targetHints":{"allow":["GET"]}}],"collection":[{"href":"https:\/\/www3.unicentro.br\/ppgg\/wp-json\/wp\/v2\/pages"}],"about":[{"href":"https:\/\/www3.unicentro.br\/ppgg\/wp-json\/wp\/v2\/types\/page"}],"author":[{"embeddable":true,"href":"https:\/\/www3.unicentro.br\/ppgg\/wp-json\/wp\/v2\/users\/3"}],"replies":[{"embeddable":true,"href":"https:\/\/www3.unicentro.br\/ppgg\/wp-json\/wp\/v2\/comments?post=281"}],"version-history":[{"count":0,"href":"https:\/\/www3.unicentro.br\/ppgg\/wp-json\/wp\/v2\/pages\/281\/revisions"}],"up":[{"embeddable":true,"href":"https:\/\/www3.unicentro.br\/ppgg\/wp-json\/wp\/v2\/pages\/276"}],"wp:attachment":[{"href":"https:\/\/www3.unicentro.br\/ppgg\/wp-json\/wp\/v2\/media?parent=281"}],"curies":[{"name":"wp","href":"https:\/\/api.w.org\/{rel}","templated":true}]}}