{"id":278,"date":"2019-03-22T14:35:17","date_gmt":"2019-03-22T17:35:17","guid":{"rendered":"https:\/\/www3.unicentro.br\/ppgg\/?page_id=278"},"modified":"2019-03-22T14:36:06","modified_gmt":"2019-03-22T17:36:06","slug":"nacional","status":"publish","type":"page","link":"https:\/\/www3.unicentro.br\/ppgg\/intercambio\/nacional\/","title":{"rendered":"Nacional"},"content":{"rendered":"<div class=\"wpb-content-wrapper\"><p>[vc_row][vc_column][vc_tta_accordion style=&#8221;flat&#8221; shape=&#8221;square&#8221; spacing=&#8221;1&#8243; active_section=&#8221;100&#8243; collapsible_all=&#8221;true&#8221;][vc_tta_section title=&#8221;Linha 1: Din\u00e2mica da paisagem, geomorfologia e an\u00e1lise ambiental&#8221; tab_id=&#8221;1553275925286-651fbd99-9d16&#8243;][vc_column_text]Coopera\u00e7\u00e3o com Instituto Agron\u00f4mico do Paran\u00e1, Programa de P\u00f3s-gradua\u00e7\u00e3o em Agricultura conservacionista. Objetivos:<\/p>\n<p>a) Desenvolver o projeto \u201cInflu\u00eancia do clima na erodibilidade de solos subtropical e tropical\u201d;<\/p>\n<p>b) eros\u00e3o em solos cultivados com mandioca no Arenito Caiu\u00e1 do Noroeste do Paran\u00e1 e t\u00e9cnicas de conserva\u00e7\u00e3o de solo e \u00e1gua em sistema agr\u00edcolas;<\/p>\n<p>c) desenvolver atividades referentes a Linha de Pesquisa Geomorfologia Experimental e Eros\u00e3o do Solo.<\/p>\n<p>Coopera\u00e7\u00e3o com a Universidade Federal de Rond\u00f4nia, Departamento de Geografia &#8211; Programa de P\u00f3s-Gradua\u00e7\u00e3o Mestrado e Doutorado em Geografia &#8211; Laborat\u00f3rio de Geografia e Planejamento Ambiental. Pesquisas em andamento: erodibilidade de solo Tropical na Amaz\u00f4nia, influ\u00eancia do fogo nas propriedades do solo e uso da terra e impactos hidrogeomorfol\u00f3gicos.<\/p>\n<p>Coopera\u00e7\u00e3o com o Grupo &#8211; Laborat\u00f3rio de F\u00edsica Nuclear Aplicada, Departamento de F\u00edsica \u2013 Universidade de Londrina. Objetivo da parceria \u00e9 aplicar m\u00e9todos anal\u00edticos por Fluoresc\u00eancia de Raios X por Dispers\u00e3o em Energia (FRXDE) em estudos de solos e sedimentos.[\/vc_column_text][\/vc_tta_section][vc_tta_section title=&#8221;Linha 2: Din\u00e2mica dos espa\u00e7os rurais e urbanos&#8221; tab_id=&#8221;1553275925313-ba610b60-e672&#8243;][vc_column_text]<\/p>\n<p style=\"font-weight: 400\">Parceria com projetos de pesquisa e extens\u00e3o com o profa. Denis Richter, coordenador do Gece \u2013 Grupo de Estudos de Cartografia Escolar \u2013 Universidade Federal de Goi\u00e1s (UFG); Oficina ministrada na Unicentro: Ensinar a cidade a partir de mapas mentais \u20132017.<\/p>\n<p style=\"font-weight: 400\">\u00a0Parceria\/interc\u00e2mbio com o Gasperr \u2013 Grupo de Pesquisa \u2013 Produ\u00e7\u00e3o do Espa\u00e7o e Redefini\u00e7\u00f5es Regionais \u2013 Universidade Estadual Paulista \u2013 (Unesp): J\u00falio de Mesquita Filho.<\/p>\n<p style=\"font-weight: 400\">\u00a0O Interc\u00e2mbios vinculado ao projeto EDUCAR-SE COM\/NA CIDADE DE GUARAPUAVA-PR: PR\u00c1TICAS SOCIOESPACIAIS DA JUVENTUDE ESCOLAR \u2013 objetivo colaborar com os projetos e pesquisa e extens\u00e3o em andamento e articular a\u00e7\u00f5es em conjunto entre o grupo pesquisa EDUCARTGEO \u2013 Educa\u00e7\u00e3o Geogr\u00e1fica e Cartografia Escolar, sob coordena\u00e7\u00e3o de docente do PPGG e os respectivos grupos aos quais os pesquisadores est\u00e3o vinculados \u2013 GECE E GASPPER.<\/p>\n<p style=\"font-weight: 400\">\u00a0O Grupo de Pesquisa em Estudos Pol\u00edticos e An\u00e1lise Urbano-Regional \/ GEPEUR (PPGG), vem desenvolvendo a produ\u00e7\u00e3o e participa\u00e7\u00e3o em atividades acad\u00eamicas e cient\u00edficas com o N\u00facleo de Estudos e Pesquisas Estado, Pol\u00edticas P\u00fablicas e Pr\u00e1ticas Sociais, vinculado a Universidade Estadual de Ponta Grossa\/UEPG e o Grupo de Estudos Urbanos, vinculado a Universidade Estadual de Maring\u00e1\/ UEM.<\/p>\n<p style=\"font-weight: 400\">\u00a0Parceria entre o Laborat\u00f3rio de Geografia Agr\u00e1ria (LAGEA) e o NEMO N\u00facleo de Estudos de Mobilidade e Mobiliza\u00e7\u00e3o-Departamento de Geografia &#8211; UEM. Pesquisa sobre o cooperativismo no Brasil: as contradi\u00e7\u00f5es do sistema OCB e a vertente solid\u00e1ria.<\/p>\n<p style=\"font-weight: 400\">Grupo de Pesquisa Laborat\u00f3rio de Estudos de Popula\u00e7\u00e3o e Pol\u00edticas P\u00fablicas (LEPP); Observat\u00f3rio das Migra\u00e7\u00f5es de Londrina e Departamento de Ci\u00eancias Sociais e Programa de P\u00f3s-Gradua\u00e7\u00e3o em Ci\u00eancias Sociais.<\/p>\n<p>[\/vc_column_text][\/vc_tta_section][\/vc_tta_accordion][\/vc_column][\/vc_row]<\/p>\n<\/div>","protected":false},"excerpt":{"rendered":"<p>[vc_row][vc_column][vc_tta_accordion style=&#8221;flat&#8221; shape=&#8221;square&#8221; spacing=&#8221;1&#8243; active_section=&#8221;100&#8243; collapsible_all=&#8221;true&#8221;][vc_tta_section title=&#8221;Linha 1: Din\u00e2mica da paisagem, geomorfologia e an\u00e1lise ambiental&#8221; tab_id=&#8221;1553275925286-651fbd99-9d16&#8243;][vc_column_text]Coopera\u00e7\u00e3o com Instituto Agron\u00f4mico do Paran\u00e1, Programa de P\u00f3s-gradua\u00e7\u00e3o em Agricultura conservacionista. Objetivos: a) Desenvolver o projeto \u201cInflu\u00eancia do clima na erodibilidade de solos subtropical e tropical\u201d; b) eros\u00e3o em solos cultivados com mandioca no Arenito Caiu\u00e1 do Noroeste do [&hellip;]<\/p>\n","protected":false},"author":3,"featured_media":0,"parent":276,"menu_order":0,"comment_status":"closed","ping_status":"closed","template":"","meta":{"_exactmetrics_skip_tracking":false,"_exactmetrics_sitenote_active":false,"_exactmetrics_sitenote_note":"","_exactmetrics_sitenote_category":0,"footnotes":"","_links_to":"","_links_to_target":""},"class_list":["post-278","page","type-page","status-publish","hentry"],"publishpress_future_action":{"enabled":false,"date":"2026-04-12 04:31:47","action":"change-status","newStatus":"draft","terms":[],"taxonomy":"","extraData":[]},"publishpress_future_workflow_manual_trigger":{"enabledWorkflows":[]},"_links":{"self":[{"href":"https:\/\/www3.unicentro.br\/ppgg\/wp-json\/wp\/v2\/pages\/278","targetHints":{"allow":["GET"]}}],"collection":[{"href":"https:\/\/www3.unicentro.br\/ppgg\/wp-json\/wp\/v2\/pages"}],"about":[{"href":"https:\/\/www3.unicentro.br\/ppgg\/wp-json\/wp\/v2\/types\/page"}],"author":[{"embeddable":true,"href":"https:\/\/www3.unicentro.br\/ppgg\/wp-json\/wp\/v2\/users\/3"}],"replies":[{"embeddable":true,"href":"https:\/\/www3.unicentro.br\/ppgg\/wp-json\/wp\/v2\/comments?post=278"}],"version-history":[{"count":0,"href":"https:\/\/www3.unicentro.br\/ppgg\/wp-json\/wp\/v2\/pages\/278\/revisions"}],"up":[{"embeddable":true,"href":"https:\/\/www3.unicentro.br\/ppgg\/wp-json\/wp\/v2\/pages\/276"}],"wp:attachment":[{"href":"https:\/\/www3.unicentro.br\/ppgg\/wp-json\/wp\/v2\/media?parent=278"}],"curies":[{"name":"wp","href":"https:\/\/api.w.org\/{rel}","templated":true}]}}