{"id":2636,"date":"2024-03-07T16:41:11","date_gmt":"2024-03-07T19:41:11","guid":{"rendered":"https:\/\/www3.unicentro.br\/ppgg\/?page_id=2636"},"modified":"2024-03-07T17:46:15","modified_gmt":"2024-03-07T20:46:15","slug":"pos-doutorado","status":"publish","type":"page","link":"https:\/\/www3.unicentro.br\/ppgg\/pos-doutorado\/","title":{"rendered":"P\u00f3s-Doutorado"},"content":{"rendered":"<div class=\"wpb-content-wrapper\"><p>[vc_row][vc_column][vc_column_text]<strong><a href=\"https:\/\/www3.unicentro.br\/ppgg\/wp-content\/uploads\/sites\/48\/2024\/03\/RESOLUCAO-POS-DOC.pdf\" target=\"_blank\" rel=\"noopener\">PPGG &#8211; RESOLU\u00c7\u00c3O N\u00ba 14-CEPE\/UNICENTRO &#8211; EST\u00c1GIO DE P\u00d3S-DOUTORADO &#8211; <\/a><\/strong><a href=\"https:\/\/www3.unicentro.br\/ppgg\/wp-content\/uploads\/sites\/48\/2024\/03\/RESOLUCAO-POS-DOC.pdf\" target=\"_blank\" rel=\"noopener\">Aprova o Regulamento do Est\u00e1gio de P\u00f3sDoutorado da UNICENTRO, e d\u00e1 outras <\/a><a href=\"https:\/\/www3.unicentro.br\/ppgg\/wp-content\/uploads\/sites\/48\/2024\/03\/RESOLUCAO-POS-DOC.pdf\" target=\"_blank\" rel=\"noopener\">provide\u0302ncias.<\/a>[\/vc_column_text][\/vc_column][\/vc_row][vc_row][vc_column][vc_text_separator title=&#8221;EGRESSOS P\u00d3S-DOUTORADO&#8221; color=&#8221;peacoc&#8221; border_width=&#8221;5&#8243; css_animation=&#8221;left-to-right&#8221;][\/vc_column][\/vc_row][vc_row][vc_column][vc_tta_accordion shape=&#8221;square&#8221; color=&#8221;peacoc&#8221; active_section=&#8221;1&#8243; collapsible_all=&#8221;true&#8221;][vc_tta_section title=&#8221;2023&#8243; tab_id=&#8221;1709843443408-07e670c0-1152&#8243;][vc_column_text]<\/p>\n<table style=\"border-collapse: collapse; width: 100%; height: 48px;\">\n<tbody>\n<tr style=\"height: 24px;\">\n<td style=\"width: 25%; height: 24px; text-align: center;\"><strong>DATA DE CONCLUS\u00c3O<\/strong><\/td>\n<td style=\"width: 25%; height: 24px; text-align: center;\"><strong>EGRESSO<\/strong><\/td>\n<td style=\"width: 25%; height: 24px; text-align: center;\"><strong>ORIENTADOR (A)<\/strong><\/td>\n<td style=\"width: 25%; height: 24px; text-align: center;\"><strong>SITUA\u00c7\u00c3O ATUAL<\/strong><\/td>\n<\/tr>\n<tr style=\"height: 24px;\">\n<td style=\"width: 25%; height: 24px; text-align: center;\">em andamento<\/td>\n<td style=\"width: 25%; height: 24px; text-align: center;\">Francieli Sant&#8217;Ana Marcatto<\/td>\n<td style=\"width: 25%; height: 24px; text-align: center;\">Prof. Dr. Edivaldo Lopes Thomaz<\/td>\n<td style=\"width: 25%; height: 24px; text-align: center;\"><\/td>\n<\/tr>\n<\/tbody>\n<\/table>\n<p>[\/vc_column_text][\/vc_tta_section][vc_tta_section title=&#8221;2022&#8243; tab_id=&#8221;1709843443408-2daaf82b-c627&#8243;][\/vc_tta_section][vc_tta_section title=&#8221;Se\u00e7\u00e3o&#8221; tab_id=&#8221;1709843673717-cf4c28ff-71fa&#8221;][\/vc_tta_section][\/vc_tta_accordion][\/vc_column][\/vc_row][vc_row][vc_column][vc_separator color=&#8221;peacoc&#8221; border_width=&#8221;4&#8243;][\/vc_column][\/vc_row]<\/p>\n<\/div>","protected":false},"excerpt":{"rendered":"<p>[vc_row][vc_column][vc_column_text]PPGG &#8211; RESOLU\u00c7\u00c3O N\u00ba 14-CEPE\/UNICENTRO &#8211; EST\u00c1GIO DE P\u00d3S-DOUTORADO &#8211; Aprova o Regulamento do Est\u00e1gio de P\u00f3sDoutorado da UNICENTRO, e d\u00e1 outras provide\u0302ncias.[\/vc_column_text][\/vc_column][\/vc_row][vc_row][vc_column][vc_text_separator title=&#8221;EGRESSOS P\u00d3S-DOUTORADO&#8221; color=&#8221;peacoc&#8221; border_width=&#8221;5&#8243; css_animation=&#8221;left-to-right&#8221;][\/vc_column][\/vc_row][vc_row][vc_column][vc_tta_accordion shape=&#8221;square&#8221; color=&#8221;peacoc&#8221; active_section=&#8221;1&#8243; collapsible_all=&#8221;true&#8221;][vc_tta_section title=&#8221;2023&#8243; tab_id=&#8221;1709843443408-07e670c0-1152&#8243;][vc_column_text] DATA DE CONCLUS\u00c3O EGRESSO ORIENTADOR (A) SITUA\u00c7\u00c3O ATUAL em andamento Francieli Sant&#8217;Ana Marcatto Prof. Dr. Edivaldo Lopes Thomaz [\/vc_column_text][\/vc_tta_section][vc_tta_section title=&#8221;2022&#8243; tab_id=&#8221;1709843443408-2daaf82b-c627&#8243;][\/vc_tta_section][vc_tta_section [&hellip;]<\/p>\n","protected":false},"author":651,"featured_media":0,"parent":0,"menu_order":0,"comment_status":"closed","ping_status":"closed","template":"","meta":{"_exactmetrics_skip_tracking":false,"_exactmetrics_sitenote_active":false,"_exactmetrics_sitenote_note":"","_exactmetrics_sitenote_category":0,"footnotes":"","_links_to":"","_links_to_target":""},"class_list":["post-2636","page","type-page","status-publish","hentry"],"publishpress_future_action":{"enabled":false,"date":"2026-04-12 10:48:59","action":"change-status","newStatus":"draft","terms":[],"taxonomy":"","extraData":[]},"publishpress_future_workflow_manual_trigger":{"enabledWorkflows":[]},"_links":{"self":[{"href":"https:\/\/www3.unicentro.br\/ppgg\/wp-json\/wp\/v2\/pages\/2636","targetHints":{"allow":["GET"]}}],"collection":[{"href":"https:\/\/www3.unicentro.br\/ppgg\/wp-json\/wp\/v2\/pages"}],"about":[{"href":"https:\/\/www3.unicentro.br\/ppgg\/wp-json\/wp\/v2\/types\/page"}],"author":[{"embeddable":true,"href":"https:\/\/www3.unicentro.br\/ppgg\/wp-json\/wp\/v2\/users\/651"}],"replies":[{"embeddable":true,"href":"https:\/\/www3.unicentro.br\/ppgg\/wp-json\/wp\/v2\/comments?post=2636"}],"version-history":[{"count":2,"href":"https:\/\/www3.unicentro.br\/ppgg\/wp-json\/wp\/v2\/pages\/2636\/revisions"}],"predecessor-version":[{"id":2655,"href":"https:\/\/www3.unicentro.br\/ppgg\/wp-json\/wp\/v2\/pages\/2636\/revisions\/2655"}],"wp:attachment":[{"href":"https:\/\/www3.unicentro.br\/ppgg\/wp-json\/wp\/v2\/media?parent=2636"}],"curies":[{"name":"wp","href":"https:\/\/api.w.org\/{rel}","templated":true}]}}