{"id":2507,"date":"2024-02-07T16:53:21","date_gmt":"2024-02-07T19:53:21","guid":{"rendered":"https:\/\/www3.unicentro.br\/ppgg\/?page_id=2507"},"modified":"2024-04-03T17:14:52","modified_gmt":"2024-04-03T20:14:52","slug":"galeria-de-fotos-eventos-academicos","status":"publish","type":"page","link":"https:\/\/www3.unicentro.br\/ppgg\/galeria-de-fotos-eventos-academicos\/","title":{"rendered":"Galeria de fotos &#8211; Eventos acad\u00eamicos"},"content":{"rendered":"<div class=\"wpb-content-wrapper\"><p>[vc_row][vc_column][vc_text_separator title=&#8221;EVENTOS ACAD\u00caMICOS&#8221; color=&#8221;peacoc&#8221; border_width=&#8221;4&#8243; css_animation=&#8221;left-to-right&#8221;][\/vc_column][\/vc_row][vc_row][vc_column][vc_column_text]<\/p>\n<p style=\"text-align: center;\"><span style=\"color: #000000;\"><strong>XV ENCONTRO NACIONAL DE P\u00d3S-GRADUA\u00c7\u00c3O E PESQUISA EM GEOGRAFIA GEOGRAFIAS DA ESPERAN\u00c7A: <\/strong><\/span><br \/>\n<span style=\"color: #000000;\"><strong>Revisitar o Brasil, dialogar com o Mundo<\/strong><\/span><br \/>\n<span style=\"color: #000000;\"><strong>Universidade Federal do Tocantins \u2013 UFT &#8211; Palmas &#8211; TO<\/strong><\/span><\/p>\n<p style=\"text-align: justify;\">A Universidade Federal do Tocantins (UFT) \u00e9 uma institui\u00e7\u00e3o p\u00fablica federal multicampi, localizada em Palmas. A cidade \u00e9 reconhecida como a \u00faltima do s\u00e9culo XX completamente planejada, tendo sido concebida desde o in\u00edcio para ser a capital do estado do Tocantins, \u00e9 a capital estadual mais jovem do Brasil.<\/p>\n<p style=\"text-align: justify;\">A decis\u00e3o de escolher Palmas como sede da 15\u00aa edi\u00e7\u00e3o do ENANPEGE reflete a conson\u00e2ncia com sua infraestrutura moderna e sua din\u00e2mica empreendedora. Al\u00e9m disso, a cidade oferece um ambiente prop\u00edcio para debates profundos e inovadores sobre os desafios e oportunidades na pesquisa geogr\u00e1fica. A Associa\u00e7\u00e3o Nacional de P\u00f3s-Gradua\u00e7\u00e3o e Pesquisa em Geografia (ANPEGE) realizou o XV Encontro Nacional de P\u00f3s-Gradua\u00e7\u00e3o e Pesquisa em Geografia (XV ENANPEGE) entre os dias 09 e 13 de outubro de 2023, de forma presencial na cidade de Palmas, Tocantins.<\/p>\n<p style=\"text-align: justify;\">Nesta 15\u00aa edi\u00e7\u00e3o do ENANPEGE, que celebrou os 30 anos de exist\u00eancia da associa\u00e7\u00e3o, o tema &#8220;Geografias da Esperan\u00e7a: revisitar o Brasil, dialogar com o mundo&#8221; serviu de orienta\u00e7\u00e3o para as tem\u00e1ticas discutidas nas Confer\u00eancias, Mesas Redondas, Grupos de Trabalho (GTs) e atividades de campo.<\/p>\n<p>Link para o site do evento:\u00a0 <a href=\"https:\/\/enanpege.com.br\/\" target=\"_blank\" rel=\"noopener\">XV ENANPEGE &#8211; 2023<\/a><\/p>\n<div class=\"wp-block-image\"><\/div>\n<p>[\/vc_column_text][vc_media_grid grid_id=&#8221;vc_gid:1712169875960-092c9a22-67d9-8&#8243; include=&#8221;2675,2674,2673&#8243;][vc_separator color=&#8221;peacoc&#8221; border_width=&#8221;4&#8243;][vc_column_text]<\/p>\n<p style=\"text-align: center;\"><span style=\"color: #000000;\"><strong>IV Congresso Brasileiro de Geografia Pol\u00edtica, Geopol\u00edtica e Gest\u00e3o do Territ\u00f3rio (CONGEO)<\/strong><\/span><br \/>\n<span style=\"color: #000000;\"><strong>Universidade de S\u00e3o Paulo &#8211; USP &#8211; S\u00e3o Paulo &#8211; SP<\/strong><\/span><\/p>\n<p style=\"text-align: justify;\">O IV Congresso Brasileiro de Geografia Pol\u00edtica, Geopol\u00edtica e Gest\u00e3o do Territ\u00f3rio est\u00e1 programado para ocorrer de 21 a 23 de novembro de 2023, no Departamento de Geografia da Faculdade de Filosofia, Letras e Ci\u00eancias Humanas (FFLCH) da Universidade de S\u00e3o Paulo (USP).<\/p>\n<p style=\"text-align: justify;\">O evento reuniu pesquisadores, professores, estudantes e profissionais de diversas \u00e1reas, como Geografia, Ci\u00eancia Pol\u00edtica, Rela\u00e7\u00f5es Internacionais e Economia, para discutir quest\u00f5es pertinentes sobre a geografia pol\u00edtica, geopol\u00edtica e gest\u00e3o do territ\u00f3rio, tanto no contexto brasileiro quanto global. O Congresso concentra-se no tema: &#8220;Agendas, Atores e Pesquisas&#8221;, abordando t\u00f3picos como poder e territ\u00f3rio, gest\u00e3o de recursos naturais e conflitos territoriais, processos de integra\u00e7\u00e3o regional com foco nas intera\u00e7\u00f5es com a Am\u00e9rica do Sul, bem como os novos temas e atores que influenciam a geopol\u00edtica em v\u00e1rias escalas geogr\u00e1ficas.<\/p>\n<p style=\"text-align: justify;\">O evento ofereceu mesas-redondas, apresenta\u00e7\u00f5es de trabalhos, palestras e debates, proporcionando um espa\u00e7o valioso para a troca de experi\u00eancias e conhecimentos entre os participantes. Essa troca contribui significativamente para o avan\u00e7o da pesquisa e do ensino em Geografia e \u00e1reas relacionadas.<\/p>\n<p>[\/vc_column_text][vc_media_grid grid_id=&#8221;vc_gid:1712170989390-90e94375-b2d0-0&#8243; include=&#8221;2683,2682&#8243;][\/vc_column][\/vc_row]<\/p>\n<\/div>","protected":false},"excerpt":{"rendered":"<p>[vc_row][vc_column][vc_text_separator title=&#8221;EVENTOS ACAD\u00caMICOS&#8221; color=&#8221;peacoc&#8221; border_width=&#8221;4&#8243; css_animation=&#8221;left-to-right&#8221;][\/vc_column][\/vc_row][vc_row][vc_column][vc_column_text] XV ENCONTRO NACIONAL DE P\u00d3S-GRADUA\u00c7\u00c3O E PESQUISA EM GEOGRAFIA GEOGRAFIAS DA ESPERAN\u00c7A: Revisitar o Brasil, dialogar com o Mundo Universidade Federal do Tocantins \u2013 UFT &#8211; Palmas &#8211; TO A Universidade Federal do Tocantins (UFT) \u00e9 uma institui\u00e7\u00e3o p\u00fablica federal multicampi, localizada em Palmas. A cidade \u00e9 reconhecida como [&hellip;]<\/p>\n","protected":false},"author":651,"featured_media":0,"parent":0,"menu_order":0,"comment_status":"closed","ping_status":"closed","template":"","meta":{"_exactmetrics_skip_tracking":false,"_exactmetrics_sitenote_active":false,"_exactmetrics_sitenote_note":"","_exactmetrics_sitenote_category":0,"footnotes":"","_links_to":"","_links_to_target":""},"class_list":["post-2507","page","type-page","status-publish","hentry"],"publishpress_future_action":{"enabled":false,"date":"2026-04-12 17:48:54","action":"change-status","newStatus":"draft","terms":[],"taxonomy":"","extraData":[]},"publishpress_future_workflow_manual_trigger":{"enabledWorkflows":[]},"_links":{"self":[{"href":"https:\/\/www3.unicentro.br\/ppgg\/wp-json\/wp\/v2\/pages\/2507","targetHints":{"allow":["GET"]}}],"collection":[{"href":"https:\/\/www3.unicentro.br\/ppgg\/wp-json\/wp\/v2\/pages"}],"about":[{"href":"https:\/\/www3.unicentro.br\/ppgg\/wp-json\/wp\/v2\/types\/page"}],"author":[{"embeddable":true,"href":"https:\/\/www3.unicentro.br\/ppgg\/wp-json\/wp\/v2\/users\/651"}],"replies":[{"embeddable":true,"href":"https:\/\/www3.unicentro.br\/ppgg\/wp-json\/wp\/v2\/comments?post=2507"}],"version-history":[{"count":1,"href":"https:\/\/www3.unicentro.br\/ppgg\/wp-json\/wp\/v2\/pages\/2507\/revisions"}],"predecessor-version":[{"id":2684,"href":"https:\/\/www3.unicentro.br\/ppgg\/wp-json\/wp\/v2\/pages\/2507\/revisions\/2684"}],"wp:attachment":[{"href":"https:\/\/www3.unicentro.br\/ppgg\/wp-json\/wp\/v2\/media?parent=2507"}],"curies":[{"name":"wp","href":"https:\/\/api.w.org\/{rel}","templated":true}]}}