{"id":2325,"date":"2023-12-18T14:35:32","date_gmt":"2023-12-18T17:35:32","guid":{"rendered":"https:\/\/www3.unicentro.br\/ppgg\/?page_id=2325"},"modified":"2024-04-03T15:50:54","modified_gmt":"2024-04-03T18:50:54","slug":"fotos","status":"publish","type":"page","link":"https:\/\/www3.unicentro.br\/ppgg\/imagens\/fotos\/","title":{"rendered":"Galeria de fotos"},"content":{"rendered":"<div class=\"wpb-content-wrapper\"><p>[vc_row][vc_column width=&#8221;1\/2&#8243; css=&#8221;.vc_custom_1707335767572{margin-bottom: 20px !important;}&#8221;][vc_column_text]<\/p>\n<p style=\"text-align: center;\"><strong><span style=\"color: #008080; font-family: arial, helvetica, sans-serif;\">PROGRAMA DE P\u00d3S-GRADUA\u00c7\u00c3O EM GEOGRAFIA &#8211; PPGG:<\/span><\/strong><\/p>\n<p style=\"text-align: center;\"><strong><span style=\"color: #008080; font-family: arial, helvetica, sans-serif;\">EVENTOS ACAD\u00caMICOS<\/span><\/strong><\/p>\n<div class=\"wp-block-image\"><\/div>\n<div>\n<div class=\"wp-block-image\"><a href=\"https:\/\/www3.unicentro.br\/ppgg\/galeria-de-fotos-eventos-academicos\/\" target=\"_blank\" rel=\"noopener\"><img loading=\"lazy\" decoding=\"async\" class=\"wpa-warning wpa-image-missing-alt size-medium wp-image-2510 aligncenter\" src=\"https:\/\/www3.unicentro.br\/ppgg\/wp-content\/uploads\/sites\/48\/2024\/02\/FOTO-1-600x450.jpg\" alt=\"\" width=\"600\" height=\"450\" data-warning=\"Missing alt text\" srcset=\"https:\/\/www3.unicentro.br\/ppgg\/wp-content\/uploads\/sites\/48\/2024\/02\/FOTO-1-600x450.jpg 600w, https:\/\/www3.unicentro.br\/ppgg\/wp-content\/uploads\/sites\/48\/2024\/02\/FOTO-1-150x113.jpg 150w, https:\/\/www3.unicentro.br\/ppgg\/wp-content\/uploads\/sites\/48\/2024\/02\/FOTO-1-768x576.jpg 768w, https:\/\/www3.unicentro.br\/ppgg\/wp-content\/uploads\/sites\/48\/2024\/02\/FOTO-1-400x300.jpg 400w, https:\/\/www3.unicentro.br\/ppgg\/wp-content\/uploads\/sites\/48\/2024\/02\/FOTO-1-800x600.jpg 800w, https:\/\/www3.unicentro.br\/ppgg\/wp-content\/uploads\/sites\/48\/2024\/02\/FOTO-1-255x191.jpg 255w, https:\/\/www3.unicentro.br\/ppgg\/wp-content\/uploads\/sites\/48\/2024\/02\/FOTO-1.jpg 1024w\" sizes=\"auto, (max-width: 600px) 100vw, 600px\" \/><\/a><\/div>\n<\/div>\n<p>[\/vc_column_text][\/vc_column][vc_column width=&#8221;1\/2&#8243;][vc_column_text]<\/p>\n<p style=\"text-align: center;\"><strong><span style=\"color: #008080; font-family: arial, helvetica, sans-serif;\">PROGRAMA DE P\u00d3S-GRADUA\u00c7\u00c3O EM GEOGRAFIA &#8211; PPGG: <\/span><\/strong><\/p>\n<p style=\"text-align: center;\"><strong><span style=\"color: #008080; font-family: arial, helvetica, sans-serif;\">TRABALHOS DE CAMPO<\/span><\/strong><\/p>\n<div class=\"wp-block-image\"><a href=\"https:\/\/www3.unicentro.br\/ppgg\/imagens\/\" target=\"_blank\" rel=\"noopener\"><img loading=\"lazy\" decoding=\"async\" class=\"wpa-warning wpa-image-missing-alt size-medium wp-image-2288 aligncenter\" src=\"https:\/\/www3.unicentro.br\/ppgg\/wp-content\/uploads\/sites\/48\/2023\/12\/FOTO-1-Campo-Londrina-600x450.jpeg\" alt=\"\" width=\"600\" height=\"450\" data-warning=\"Missing alt text\" srcset=\"https:\/\/www3.unicentro.br\/ppgg\/wp-content\/uploads\/sites\/48\/2023\/12\/FOTO-1-Campo-Londrina-600x450.jpeg 600w, https:\/\/www3.unicentro.br\/ppgg\/wp-content\/uploads\/sites\/48\/2023\/12\/FOTO-1-Campo-Londrina-1024x768.jpeg 1024w, https:\/\/www3.unicentro.br\/ppgg\/wp-content\/uploads\/sites\/48\/2023\/12\/FOTO-1-Campo-Londrina-150x113.jpeg 150w, https:\/\/www3.unicentro.br\/ppgg\/wp-content\/uploads\/sites\/48\/2023\/12\/FOTO-1-Campo-Londrina-768x576.jpeg 768w, https:\/\/www3.unicentro.br\/ppgg\/wp-content\/uploads\/sites\/48\/2023\/12\/FOTO-1-Campo-Londrina-400x300.jpeg 400w, https:\/\/www3.unicentro.br\/ppgg\/wp-content\/uploads\/sites\/48\/2023\/12\/FOTO-1-Campo-Londrina-800x600.jpeg 800w, https:\/\/www3.unicentro.br\/ppgg\/wp-content\/uploads\/sites\/48\/2023\/12\/FOTO-1-Campo-Londrina-255x191.jpeg 255w, https:\/\/www3.unicentro.br\/ppgg\/wp-content\/uploads\/sites\/48\/2023\/12\/FOTO-1-Campo-Londrina.jpeg 1156w\" sizes=\"auto, (max-width: 600px) 100vw, 600px\" \/><\/a><\/div>\n<p>[\/vc_column_text][\/vc_column][\/vc_row]<\/p>\n<\/div>","protected":false},"excerpt":{"rendered":"<p>[vc_row][vc_column width=&#8221;1\/2&#8243; css=&#8221;.vc_custom_1707335767572{margin-bottom: 20px !important;}&#8221;][vc_column_text] PROGRAMA DE P\u00d3S-GRADUA\u00c7\u00c3O EM GEOGRAFIA &#8211; PPGG: EVENTOS ACAD\u00caMICOS [\/vc_column_text][\/vc_column][vc_column width=&#8221;1\/2&#8243;][vc_column_text] PROGRAMA DE P\u00d3S-GRADUA\u00c7\u00c3O EM GEOGRAFIA &#8211; PPGG: TRABALHOS DE CAMPO [\/vc_column_text][\/vc_column][\/vc_row]<\/p>\n","protected":false},"author":651,"featured_media":0,"parent":64,"menu_order":0,"comment_status":"closed","ping_status":"closed","template":"","meta":{"_exactmetrics_skip_tracking":false,"_exactmetrics_sitenote_active":false,"_exactmetrics_sitenote_note":"","_exactmetrics_sitenote_category":0,"footnotes":"","_links_to":"","_links_to_target":""},"class_list":["post-2325","page","type-page","status-publish","hentry"],"publishpress_future_action":{"enabled":false,"date":"2026-04-12 04:31:46","action":"change-status","newStatus":"draft","terms":[],"taxonomy":"","extraData":[]},"publishpress_future_workflow_manual_trigger":{"enabledWorkflows":[]},"_links":{"self":[{"href":"https:\/\/www3.unicentro.br\/ppgg\/wp-json\/wp\/v2\/pages\/2325","targetHints":{"allow":["GET"]}}],"collection":[{"href":"https:\/\/www3.unicentro.br\/ppgg\/wp-json\/wp\/v2\/pages"}],"about":[{"href":"https:\/\/www3.unicentro.br\/ppgg\/wp-json\/wp\/v2\/types\/page"}],"author":[{"embeddable":true,"href":"https:\/\/www3.unicentro.br\/ppgg\/wp-json\/wp\/v2\/users\/651"}],"replies":[{"embeddable":true,"href":"https:\/\/www3.unicentro.br\/ppgg\/wp-json\/wp\/v2\/comments?post=2325"}],"version-history":[{"count":1,"href":"https:\/\/www3.unicentro.br\/ppgg\/wp-json\/wp\/v2\/pages\/2325\/revisions"}],"predecessor-version":[{"id":2680,"href":"https:\/\/www3.unicentro.br\/ppgg\/wp-json\/wp\/v2\/pages\/2325\/revisions\/2680"}],"up":[{"embeddable":true,"href":"https:\/\/www3.unicentro.br\/ppgg\/wp-json\/wp\/v2\/pages\/64"}],"wp:attachment":[{"href":"https:\/\/www3.unicentro.br\/ppgg\/wp-json\/wp\/v2\/media?parent=2325"}],"curies":[{"name":"wp","href":"https:\/\/api.w.org\/{rel}","templated":true}]}}