{"id":951,"date":"2021-04-30T14:54:46","date_gmt":"2021-04-30T17:54:46","guid":{"rendered":"https:\/\/www3.unicentro.br\/ppgf\/?page_id=951"},"modified":"2025-03-28T16:15:09","modified_gmt":"2025-03-28T19:15:09","slug":"planejamento-estrategico","status":"publish","type":"page","link":"https:\/\/www3.unicentro.br\/ppgf\/planejamento-estrategico\/","title":{"rendered":"Planejamento Estrat\u00e9gico"},"content":{"rendered":"<p>PLANEJAMENTO ESTRAT\u00c9GICO<\/p>\n<p style=\"text-align: justify\">O Planejamento Estrat\u00e9gico do Programa de P\u00f3s-gradua\u00e7\u00e3o em Ci\u00eancias Florestais (PEP-PPGF) indica as estrat\u00e9gias que dever\u00e3o ser adotadas como forma de alcan\u00e7ar o desempenho desejado e melhores avalia\u00e7\u00f5es na Coordena\u00e7\u00e3o de Aperfei\u00e7oamento de Pessoal de N\u00edvel Superior (Capes), bem como o aprimoramento na forma\u00e7\u00e3o de recursos humanos de excel\u00eancia e na produ\u00e7\u00e3o de ci\u00eancia, tecnologia e inova\u00e7\u00e3o que possa contribuir com a sociedade.<br \/>\nO PEP-PPGF est\u00e1 em conson\u00e2ncia com o Plano de Desenvolvimento Institucional da UNICENTRO (2018-2022), com a miss\u00e3o e os objetivos da \u00e1rea de Ci\u00eancias Agr\u00e1rias I\/Capes e com as pol\u00edticas da pesquisa e da p\u00f3s-gradua\u00e7\u00e3o da institui\u00e7\u00e3o, visando \u00e0 forma\u00e7\u00e3o de recursos humanos altamente qualificados e a dissemina\u00e7\u00e3o dos conhecimentos e tecnologias para o desenvolvimento socioecon\u00f4mico do pa\u00eds.<br \/>\nO PEP-PPGF est\u00e1 organizando em tr\u00eas partes. Na primeira \u00e9 realizada uma breve apresenta\u00e7\u00e3o do perfil do Programa, contextualizando o hist\u00f3rico, as \u00e1reas de atua\u00e7\u00e3o, a miss\u00e3o e os objetivos, vis\u00e3o e valores. Na segunda parte \u00e9 descrita uma breve an\u00e1lise dos resultados da autoavalia\u00e7\u00e3o realizada em anos anteriores no ambiente interno e externo, apontando os pontos fortes e fracos e as oportunidades e amea\u00e7as, respectivamente. E na terceira parte s\u00e3o apresentados o plano de a\u00e7\u00e3o e os mecanismos de implementa\u00e7\u00e3o com vistas a corre\u00e7\u00e3o dos pontos fracos e fraquezas identificados.<\/p>\n<p><a href=\"https:\/\/www3.unicentro.br\/ppgf\/wp-content\/uploads\/sites\/96\/2025\/03\/PLANEJAMENTO-ESTRATEGICO-2025-2028-Anexo-3.pdf\">PLANEJAMENTO ESTRAT\u00c9GICO 2025-2028 (Anexo 3)<\/a><\/p>\n","protected":false},"excerpt":{"rendered":"<p>PLANEJAMENTO ESTRAT\u00c9GICO O Planejamento Estrat\u00e9gico do Programa de P\u00f3s-gradua\u00e7\u00e3o em Ci\u00eancias Florestais (PEP-PPGF) indica as estrat\u00e9gias que dever\u00e3o ser adotadas como forma de alcan\u00e7ar o desempenho desejado e melhores avalia\u00e7\u00f5es na Coordena\u00e7\u00e3o de Aperfei\u00e7oamento de Pessoal de N\u00edvel Superior (Capes), bem como o aprimoramento na forma\u00e7\u00e3o de recursos humanos de excel\u00eancia e na produ\u00e7\u00e3o de [&hellip;]<\/p>\n","protected":false},"author":3,"featured_media":0,"parent":0,"menu_order":0,"comment_status":"closed","ping_status":"closed","template":"","meta":{"_exactmetrics_skip_tracking":false,"_exactmetrics_sitenote_active":false,"_exactmetrics_sitenote_note":"","_exactmetrics_sitenote_category":0,"footnotes":"","_links_to":"","_links_to_target":""},"class_list":["post-951","page","type-page","status-publish","hentry"],"_links":{"self":[{"href":"https:\/\/www3.unicentro.br\/ppgf\/wp-json\/wp\/v2\/pages\/951","targetHints":{"allow":["GET"]}}],"collection":[{"href":"https:\/\/www3.unicentro.br\/ppgf\/wp-json\/wp\/v2\/pages"}],"about":[{"href":"https:\/\/www3.unicentro.br\/ppgf\/wp-json\/wp\/v2\/types\/page"}],"author":[{"embeddable":true,"href":"https:\/\/www3.unicentro.br\/ppgf\/wp-json\/wp\/v2\/users\/3"}],"replies":[{"embeddable":true,"href":"https:\/\/www3.unicentro.br\/ppgf\/wp-json\/wp\/v2\/comments?post=951"}],"version-history":[{"count":2,"href":"https:\/\/www3.unicentro.br\/ppgf\/wp-json\/wp\/v2\/pages\/951\/revisions"}],"predecessor-version":[{"id":4714,"href":"https:\/\/www3.unicentro.br\/ppgf\/wp-json\/wp\/v2\/pages\/951\/revisions\/4714"}],"wp:attachment":[{"href":"https:\/\/www3.unicentro.br\/ppgf\/wp-json\/wp\/v2\/media?parent=951"}],"curies":[{"name":"wp","href":"https:\/\/api.w.org\/{rel}","templated":true}]}}