{"id":853,"date":"2021-03-15T16:20:17","date_gmt":"2021-03-15T19:20:17","guid":{"rendered":"https:\/\/www3.unicentro.br\/ppgf\/?page_id=853"},"modified":"2025-12-12T11:27:33","modified_gmt":"2025-12-12T14:27:33","slug":"matriculados","status":"publish","type":"page","link":"https:\/\/www3.unicentro.br\/ppgf\/discentes\/matriculados\/","title":{"rendered":"Matriculados"},"content":{"rendered":"<p><span style=\"font-size: 18px\"><strong>Sele\u00e7\u00e3o 2025<\/strong><\/span><\/p>\n<p><strong>Ana Flavia Piskor da Silva<br \/>\n<\/strong>Orientador: Everton Hillig<\/p>\n<p><strong>Diego Henrique Brandalize<\/strong><br \/>\nOrientadora: K\u00e1tia Cylene Lombardi<\/p>\n<p><strong>Daiane Aparecida Thiopek Kazmierski<\/strong><br \/>\nOrientadora: Fabiana Schmidt Bandeira Peres<\/p>\n<p><strong>Eduarda Alves da Luz<\/strong><br \/>\nOrientador: Rog\u00e9rio Bobrowski<\/p>\n<p><strong>Gustavo Sim\u00e3o Rabelo<\/strong><br \/>\nOrientador: Afonso Figueiredo Filho<\/p>\n<p><strong>Luiz Felipe Crissi Knuppel<\/strong><br \/>\nOrientadora: Everton Hillig<\/p>\n<p><strong>Marco Antonio Bento<\/strong><br \/>\nOrientador: Afonso Figueiredo Filho<\/p>\n<p>&nbsp;<\/p>\n<p><span style=\"font-size: 18px\"><strong>Sele\u00e7\u00e3o 1.2024<\/strong><\/span><\/p>\n<p><strong>Ana Carolina Ianesko<\/strong><br \/>\nOrientador: Eduardo da Silva Lopes<\/p>\n<p><strong>Carla Mayra Gon\u00e7alves Schausteck<\/strong><br \/>\nOrientador: Eduardo da Silva Lopes<\/p>\n<p><strong>Daiane Aparecida Thiopek Kazmierski<\/strong><br \/>\nOrientadora: Fabiana Schmidt Bandeira Peres<\/p>\n<p><strong>Francisco de Assis de Lima Junior<\/strong><br \/>\nOrientador: Rog\u00e9rio Bobrowski<\/p>\n<p><strong>Jo\u00e3o Henrique de Lara<\/strong><br \/>\nOrientador: Paulo Costa de Oliveira Filho<\/p>\n<p><strong>Jos\u00e9 Eduardo Gach<\/strong><br \/>\nOrientadora: Fabiana Schmidt Bandeira Peres<\/p>\n<p>&nbsp;<\/p>\n<p><span style=\"font-size: 18px\"><strong>Sele\u00e7\u00e3o 2.2024<\/strong><\/span><\/p>\n<p><strong>Luis Felipe Gelinski Sabatovicz<\/strong><br \/>\nOrientador: Afonso Figueiredo Filho<\/p>\n<p><strong>Valentina Desiree Norberta Martinazzi<\/strong><br \/>\nOrientador: Rog\u00e9rio Bobrowski<\/p>\n<p><strong>Leonardo Heraki<\/strong><br \/>\nOrientador: Paulo Costa de Oliveira Filho<\/p>\n<p><strong>Ronier Felipe da Silva Oliveira<\/strong><br \/>\nOrientador: Eduardo da Silva Lopes<\/p>\n<p><strong>Larissa de Oliveira Ramos<\/strong><br \/>\nOrientador: Afonso Figueiredo Filho<\/p>\n<p><strong>Amanda de Mesquita Gon\u00e7alves<\/strong><br \/>\nOrientador: Rog\u00e9rio Bobrowski<\/p>\n<p>&nbsp;<\/p>\n<p><span style=\"font-size: 18px\"><strong>Sele\u00e7\u00e3o 1.2023<\/strong><\/span><\/p>\n<p><b>Antonio\u00a0 Alberto da Costa Neto<\/b><br \/>\nOrientadora: Fabiane Aparecida Retslaff Guimar\u00e3es<\/p>\n<p><strong>Jhenifer Spliethoff<\/strong><br \/>\nOrientador: Paulo Costa de Oliveira Filho<\/p>\n<p><strong>Milayne Lopes Rickli<\/strong><br \/>\nOrientador: Afonso Figueiredo Filho<\/p>\n<p><strong>Sidnei Antonio Crovador J\u00fanior<\/strong><br \/>\nOrientador: Rog\u00e9rio Bobrowski<\/p>\n<p>&nbsp;<\/p>\n<p><strong><span style=\"font-size: 14pt\">Sele\u00e7\u00e3o 1.2022<\/span><\/strong><\/p>\n<p><strong>\u00c9lisson Girardi<\/strong><br \/>\nOrientador: Fabr\u00edcio William de \u00c1vila<\/p>\n<p><strong>Javan Pereira Motta\u00a0<\/strong><br \/>\nOrientador: \u00c9verton Hillig<\/p>\n<p><strong>Luciene Regina Leineker\u00a0<\/strong><br \/>\nOrientador: Rog\u00e9rio Bobrowski<\/p>\n<p>&nbsp;<\/p>\n<p><strong><span style=\"font-size: 14pt\">Sele\u00e7\u00e3o 1.2022 &#8211; Complementar<\/span><\/strong><\/p>\n<p><strong>Andressa Vitoria Xavier Barbosa<\/strong><br \/>\nOrientador: \u00c9verton Hillig<\/p>\n<p><strong>Mariane Bueno de Camargo<\/strong><br \/>\nOrientador: Daniele Ukan<\/p>\n<p>&nbsp;<\/p>\n<p><strong><span style=\"font-size: 14pt\">Sele\u00e7\u00e3o 2.2022<\/span><\/strong><\/p>\n<p><strong>Carla Fernanda Mussio<\/strong><br \/>\nOrientador: Afonso Figueiredo Filho<\/p>\n<p><strong>Erick Chagas Mustefaga<\/strong><br \/>\nOrientador: \u00c9verton Hillig<\/p>\n<p><strong>Patr\u00edcio Rinaldo dos Santos<\/strong><br \/>\nOrientador: Fabricio William de \u00c1vila<\/p>\n<p>&nbsp;<\/p>\n","protected":false},"excerpt":{"rendered":"<p>Sele\u00e7\u00e3o 2025 Ana Flavia Piskor da Silva Orientador: Everton Hillig Diego Henrique Brandalize Orientadora: K\u00e1tia Cylene Lombardi Daiane Aparecida Thiopek Kazmierski Orientadora: Fabiana Schmidt Bandeira Peres Eduarda Alves da Luz Orientador: Rog\u00e9rio Bobrowski Gustavo Sim\u00e3o Rabelo Orientador: Afonso Figueiredo Filho Luiz Felipe Crissi Knuppel Orientadora: Everton Hillig Marco Antonio Bento Orientador: Afonso Figueiredo Filho &nbsp; [&hellip;]<\/p>\n","protected":false},"author":3,"featured_media":0,"parent":176,"menu_order":0,"comment_status":"closed","ping_status":"closed","template":"","meta":{"_exactmetrics_skip_tracking":false,"_exactmetrics_sitenote_active":false,"_exactmetrics_sitenote_note":"","_exactmetrics_sitenote_category":0,"footnotes":"","_links_to":"","_links_to_target":""},"class_list":["post-853","page","type-page","status-publish","hentry"],"_links":{"self":[{"href":"https:\/\/www3.unicentro.br\/ppgf\/wp-json\/wp\/v2\/pages\/853","targetHints":{"allow":["GET"]}}],"collection":[{"href":"https:\/\/www3.unicentro.br\/ppgf\/wp-json\/wp\/v2\/pages"}],"about":[{"href":"https:\/\/www3.unicentro.br\/ppgf\/wp-json\/wp\/v2\/types\/page"}],"author":[{"embeddable":true,"href":"https:\/\/www3.unicentro.br\/ppgf\/wp-json\/wp\/v2\/users\/3"}],"replies":[{"embeddable":true,"href":"https:\/\/www3.unicentro.br\/ppgf\/wp-json\/wp\/v2\/comments?post=853"}],"version-history":[{"count":3,"href":"https:\/\/www3.unicentro.br\/ppgf\/wp-json\/wp\/v2\/pages\/853\/revisions"}],"predecessor-version":[{"id":5434,"href":"https:\/\/www3.unicentro.br\/ppgf\/wp-json\/wp\/v2\/pages\/853\/revisions\/5434"}],"up":[{"embeddable":true,"href":"https:\/\/www3.unicentro.br\/ppgf\/wp-json\/wp\/v2\/pages\/176"}],"wp:attachment":[{"href":"https:\/\/www3.unicentro.br\/ppgf\/wp-json\/wp\/v2\/media?parent=853"}],"curies":[{"name":"wp","href":"https:\/\/api.w.org\/{rel}","templated":true}]}}