{"id":814,"date":"2021-03-15T15:38:52","date_gmt":"2021-03-15T18:38:52","guid":{"rendered":"https:\/\/www3.unicentro.br\/ppgf\/?page_id=814"},"modified":"2025-12-16T10:46:09","modified_gmt":"2025-12-16T13:46:09","slug":"docentes","status":"publish","type":"page","link":"https:\/\/www3.unicentro.br\/ppgf\/docentes\/","title":{"rendered":"Docentes"},"content":{"rendered":"<div class=\"wpb-content-wrapper\"><p>[vc_row][vc_column][vc_column_text]<\/p>\n<p style=\"text-align: justify\">O corpo docente do PPGF \u00e9 composto por experientes e jovens doutores formados em diversas universidades do pa\u00eds, com expertise nas v\u00e1rias \u00e1reas das ci\u00eancias florestais. Esta diversidade na forma\u00e7\u00e3o dos docentes \u00e9 muito importante, pois cada um possui uma diferente vis\u00e3o, contribuindo na transfer\u00eancia dos conhecimentos e na forma\u00e7\u00e3o dos futuros profissionais e pesquisadores florestais, al\u00e9m de permitir contatos e parcerias com as demais institui\u00e7\u00f5es do pa\u00eds.<\/p>\n<p>[\/vc_column_text][vc_message message_box_style=&#8221;solid&#8221; style=&#8221;square&#8221; message_box_color=&#8221;green&#8221; icon_fontawesome=&#8221;fas fa-chalkboard-teacher&#8221;]Professores Permanentes[\/vc_message][vc_row_inner equal_height=&#8221;yes&#8221; css=&#8221;.vc_custom_1615834150244{margin-right: 5px !important;margin-bottom: 20px !important;margin-left: 5px !important;background-color: #ededed !important;}&#8221;][vc_column_inner width=&#8221;1\/4&#8243;][vc_single_image image=&#8221;815&#8243; img_size=&#8221;full&#8221; alignment=&#8221;center&#8221; css=&#8221;&#8221;][\/vc_column_inner][vc_column_inner width=&#8221;3\/4&#8243;][vc_column_text css=&#8221;&#8221;]<span style=\"font-size: 14pt\"><strong>Afonso Figueiredo Filho<\/strong><\/span><br \/>\n<strong>Forma\u00e7\u00e3o:<\/strong><br \/>\nEngenheiro Florestal pela UFPR em 1976;<br \/>\nMestre pela UFPR em 1983;<br \/>\nDoutor pela UFPR em 1991;<br \/>\nP\u00f3s Doutorado pela Universidade da Georgia, Athens, EUA em 1995.<br \/>\n<strong>E-mail:<\/strong>\u00a0<a href=\"mailto:afigfilho@gmail.com\">afigfilho@gmail.com<\/a><br \/>\n<a href=\"http:\/\/lattes.cnpq.br\/4151544991447365\">http:\/\/lattes.cnpq.br\/4151544991447365<\/a><br \/>\n<strong>\u00c1rea de Atua\u00e7\u00e3o:<\/strong> Mensura\u00e7\u00e3o Florestal; Manejo de Florestais Plantadas e Naturais; Modelagem do Crescimento e da Produ\u00e7\u00e3o.<br \/>\nBolsista de Produtividade em Pesquisa CNPq, N\u00edvel 1C[\/vc_column_text][\/vc_column_inner][\/vc_row_inner][vc_row_inner equal_height=&#8221;yes&#8221; css=&#8221;.vc_custom_1615832517812{margin-right: 5px !important;margin-bottom: 20px !important;margin-left: 5px !important;background-color: #ededed !important;}&#8221;][vc_column_inner width=&#8221;1\/4&#8243;][vc_single_image image=&#8221;4495&#8243; img_size=&#8221;full&#8221; alignment=&#8221;center&#8221; css=&#8221;&#8221;][\/vc_column_inner][vc_column_inner width=&#8221;3\/4&#8243;][vc_column_text css=&#8221;&#8221;]<span style=\"font-size: 14pt;\"><strong>Daniele Ukan<\/strong><\/span><br \/>\n<strong>Forma\u00e7\u00e3o:<\/strong><br \/>\nEngenheira Florestal pela UFPR em 2005;<br \/>\nMestra pela UFPR em 2008;<br \/>\nDoutora pela UFPR em 2011.<br \/>\n<strong>E-mail:<\/strong> <a href=\"mailto:daniukan@unicentro.br\">daniukan@unicentro.br<\/a><br \/>\n<a href=\"http:\/\/lattes.cnpq.br\/6848604682738349\">http:\/\/lattes.cnpq.br\/6848604682738349<\/a><br \/>\n<strong>\u00c1rea de Atua\u00e7\u00e3o:<\/strong> Prote\u00e7\u00e3o Florestal, Pragas Florestais.[\/vc_column_text][\/vc_column_inner][\/vc_row_inner][vc_row_inner equal_height=&#8221;yes&#8221; css=&#8221;.vc_custom_1615832517812{margin-right: 5px !important;margin-bottom: 20px !important;margin-left: 5px !important;background-color: #ededed !important;}&#8221;][vc_column_inner width=&#8221;1\/4&#8243;][vc_single_image image=&#8221;831&#8243; img_size=&#8221;full&#8221; alignment=&#8221;center&#8221;][\/vc_column_inner][vc_column_inner width=&#8221;3\/4&#8243;][vc_column_text css=&#8221;&#8221;]<span style=\"font-size: 14pt\"><strong>Eduardo da Silva Lopes<\/strong><\/span><br \/>\n<strong>Forma\u00e7\u00e3o:<\/strong><br \/>\nEngenheiro Florestal pela UFV em 1992;<br \/>\nMestre pela UFV em 1995;<br \/>\nDoutor pela UFV em 2001.<br \/>\n<strong>E-mail:\u00a0<\/strong><a href=\"mailto:eslopes@unicentro.br\">eslopes@unicentro.br\u00a0<\/a><br \/>\n<a href=\"http:\/\/lattes.cnpq.br\/1280835655867163\">http:\/\/lattes.cnpq.br\/1280835655867163<\/a><br \/>\n<strong>\u00c1rea de Atua\u00e7\u00e3o:<\/strong> Colheita e Transporte Florestal; Estradas Florestais; Ergonomia Florestal.<br \/>\nBolsista de Produtividade em Pesquisa CNPq, N\u00edvel 2[\/vc_column_text][\/vc_column_inner][\/vc_row_inner][vc_row_inner equal_height=&#8221;yes&#8221; css=&#8221;.vc_custom_1615832517812{margin-right: 5px !important;margin-bottom: 20px !important;margin-left: 5px !important;background-color: #ededed !important;}&#8221;][vc_column_inner width=&#8221;1\/4&#8243;][vc_single_image image=&#8221;5480&#8243; img_size=&#8221;full&#8221; alignment=&#8221;center&#8221; css=&#8221;&#8221;][\/vc_column_inner][vc_column_inner width=&#8221;3\/4&#8243;][vc_column_text css=&#8221;&#8221;]<span style=\"font-size: 14pt\"><strong>Eraldo Antonio Bonfatti J\u00fanior<\/strong><\/span><br \/>\n<strong>Forma\u00e7\u00e3o:<\/strong><br \/>\nEngenheiro Florestal pela UnB em 2010;<br \/>\nMestre em Recursos Florestais pela ESALQ\/USP em 2014;<br \/>\nMestre em Ci\u00eancias Ambientais e Florestais pela UFMT em 2023;<br \/>\nDoutor pela UFPR em 2020.<br \/>\n<strong>E-mail: <\/strong><a href=\"mailto:bonfatti.junior@unesp.br\">bonfatti.junior@unesp.br\u00a0<\/a><br \/>\n<a href=\"http:\/\/lattes.cnpq.br\/0933504482580955\">http:\/\/lattes.cnpq.br\/0933504482580955<\/a><br \/>\n<strong>\u00c1rea de Atua\u00e7\u00e3o:<\/strong> Processamento qu\u00edmico da madeira, tecnologias de celulose e papel, nanocelulose e biorrefinarias florestais.[\/vc_column_text][\/vc_column_inner][\/vc_row_inner][vc_row_inner equal_height=&#8221;yes&#8221; css=&#8221;.vc_custom_1615832517812{margin-right: 5px !important;margin-bottom: 20px !important;margin-left: 5px !important;background-color: #ededed !important;}&#8221;][vc_column_inner width=&#8221;1\/4&#8243;][vc_single_image image=&#8221;845&#8243; img_size=&#8221;full&#8221; alignment=&#8221;center&#8221;][\/vc_column_inner][vc_column_inner width=&#8221;3\/4&#8243;][vc_column_text css=&#8221;&#8221;]<span style=\"font-size: 14pt\"><strong>\u00c9verton Hillig<\/strong><\/span><br \/>\n<strong>Forma\u00e7\u00e3o:<\/strong><br \/>\nEngenheiro Florestal pela UFSM em 1986;<br \/>\nMestre pela UFSM em 2000;<br \/>\nDoutor pela UFPR em 2006.<br \/>\n<strong>E-mail:<\/strong>\u00a0<a href=\"mailto:hillig@hotmail.com\">hillig@hotmail.com<\/a><br \/>\n<a href=\"http:\/\/lattes.cnpq.br\/5240619272740210\">http:\/\/lattes.cnpq.br\/5240619272740210<\/a><br \/>\n<strong>\u00c1rea de Atua\u00e7\u00e3o:<\/strong> Pain\u00e9is de madeira, comp\u00f3sitos, caracteriza\u00e7\u00e3o e qualidade da madeira, produ\u00e7\u00e3o moveleira e res\u00edduos de madeira.<br \/>\nBolsista de Produtividade em Pesquisa da Funda\u00e7\u00e3o Arauc\u00e1ria[\/vc_column_text][\/vc_column_inner][\/vc_row_inner][vc_row_inner equal_height=&#8221;yes&#8221; css=&#8221;.vc_custom_1615832517812{margin-right: 5px !important;margin-bottom: 20px !important;margin-left: 5px !important;background-color: #ededed !important;}&#8221;][vc_column_inner width=&#8221;1\/4&#8243;][vc_single_image image=&#8221;833&#8243; img_size=&#8221;full&#8221; alignment=&#8221;center&#8221;][\/vc_column_inner][vc_column_inner width=&#8221;3\/4&#8243;][vc_column_text css=&#8221;&#8221;]<span style=\"font-size: 14pt\"><strong>Fabiana Schmidt Bandeira Peres<\/strong><\/span><br \/>\n<strong>Forma\u00e7\u00e3o:<\/strong><br \/>\nEngenheira Florestal pela Universidade Federal de Vi\u00e7osa em 2001;<br \/>\nMestra em Ci\u00eancias Florestais pela Universidade Federal de Vi\u00e7osa em 2004;<br \/>\nDoutora\u00a0em Ci\u00eancias Florestais pela Universidade Federal de Vi\u00e7osa em 2008;<br \/>\n<strong>E-mail:<\/strong>\u00a0<a href=\"mailto:bandeira.fabiana@gmail.com\">bandeira.fabiana@gmail.com<\/a><br \/>\n<a href=\"http:\/\/lattes.cnpq.br\/7693284421776611\">http:\/\/lattes.cnpq.br\/7693284421776611<\/a><br \/>\n<strong>\u00c1rea de Atua\u00e7\u00e3o:<\/strong>\u00a0Silvicultura Clonal.[\/vc_column_text][\/vc_column_inner][\/vc_row_inner][vc_row_inner equal_height=&#8221;yes&#8221; css=&#8221;.vc_custom_1615832517812{margin-right: 5px !important;margin-bottom: 20px !important;margin-left: 5px !important;background-color: #ededed !important;}&#8221;][vc_column_inner width=&#8221;1\/4&#8243;][vc_single_image image=&#8221;834&#8243; img_size=&#8221;full&#8221; alignment=&#8221;center&#8221;][\/vc_column_inner][vc_column_inner width=&#8221;3\/4&#8243;][vc_column_text css=&#8221;&#8221;]<strong><span style=\"font-size: 14pt\">Fabiane Aparecida Retslaff Guimar\u00e3es<\/span><\/strong><\/p>\n<p><strong>Forma\u00e7\u00e3o:<\/strong><br \/>\nEngenheira Florestal pela UNICENTRO em 2008;<br \/>\nMestra pela UNICENTRO em 2010;<br \/>\nDoutora pela UFPR em 2014.<br \/>\n<strong>E-mail:\u00a0<\/strong><a href=\"mailto:faretslaff@gmail.com\">faretslaff@gmail.com<\/a><br \/>\n<a href=\"http:\/\/lattes.cnpq.br\/6216785304671453\">http:\/\/lattes.cnpq.br\/6216785304671453<\/a><br \/>\n<strong>\u00c1rea de Atua\u00e7\u00e3o:<\/strong> Modelagem do Crescimento e da Produ\u00e7\u00e3o e Manejo Florestal[\/vc_column_text][\/vc_column_inner][\/vc_row_inner][vc_row_inner equal_height=&#8221;yes&#8221; css=&#8221;.vc_custom_1615832517812{margin-right: 5px !important;margin-bottom: 20px !important;margin-left: 5px !important;background-color: #ededed !important;}&#8221;][vc_column_inner width=&#8221;1\/4&#8243;][vc_single_image image=&#8221;835&#8243; img_size=&#8221;full&#8221; alignment=&#8221;center&#8221;][\/vc_column_inner][vc_column_inner width=&#8221;3\/4&#8243;][vc_column_text css=&#8221;&#8221;]<span style=\"font-size: 14pt\"><strong>Fabr\u00edcio William de \u00c1vila<\/strong><\/span><br \/>\n<strong>Forma\u00e7\u00e3o:<\/strong><br \/>\nEngenheiro Agr\u00f4nomo pela UFLA em 2007;<br \/>\nMestre pela UFLA em 2009;<br \/>\nDoutor pela UFLA em 2013.<br \/>\n<strong>E-mail:<\/strong>\u00a0<a href=\"mailto:fwavila@unicentro.br\">fwavila@unicentro.br<\/a><br \/>\n<a href=\"http:\/\/lattes.cnpq.br\/6362626072303932\">http:\/\/lattes.cnpq.br\/6362626072303932<\/a><br \/>\n<strong>\u00c1rea de Atua\u00e7\u00e3o:<\/strong> Fertilidade do Solo e Nutri\u00e7\u00e3o de Plantas[\/vc_column_text][\/vc_column_inner][\/vc_row_inner][vc_row_inner equal_height=&#8221;yes&#8221; css=&#8221;.vc_custom_1615832517812{margin-right: 5px !important;margin-bottom: 20px !important;margin-left: 5px !important;background-color: #ededed !important;}&#8221;][vc_column_inner width=&#8221;1\/4&#8243;][vc_single_image image=&#8221;841&#8243; img_size=&#8221;full&#8221; alignment=&#8221;center&#8221; css=&#8221;&#8221;][\/vc_column_inner][vc_column_inner width=&#8221;3\/4&#8243;][vc_column_text css=&#8221;&#8221;]<span style=\"font-size: 14pt\"><strong>K\u00e1tia Cylene Lombardi<\/strong><\/span><\/p>\n<p><strong>Forma\u00e7\u00e3o:<\/strong><br \/>\nEngenheira Agr\u00f4noma pela UFPR em 1994;<br \/>\nMestra pela UFPR em 2000;<br \/>\nDoutora pela UFPR em 2005.<br \/>\n<strong>E-mail:<\/strong> <a href=\"mailto:kclombardi@unicentro.br\">kclombardi@unicentro.br<\/a><br \/>\n<a href=\"http:\/\/lattes.cnpq.br\/7483950020842082\">http:\/\/lattes.cnpq.br\/7483950020842082<\/a><br \/>\n<strong>\u00c1rea de Atua\u00e7\u00e3o:<\/strong> Fertilidade, nutri\u00e7\u00e3o e manejo de solos florestais.<\/p>\n<p>.[\/vc_column_text][\/vc_column_inner][\/vc_row_inner][vc_row_inner equal_height=&#8221;yes&#8221; css=&#8221;.vc_custom_1615832517812{margin-right: 5px !important;margin-bottom: 20px !important;margin-left: 5px !important;background-color: #ededed !important;}&#8221;][vc_column_inner width=&#8221;1\/4&#8243;][vc_single_image image=&#8221;4501&#8243; img_size=&#8221;full&#8221; alignment=&#8221;center&#8221; css=&#8221;&#8221;][\/vc_column_inner][vc_column_inner width=&#8221;3\/4&#8243;][vc_column_text css=&#8221;&#8221;]<\/p>\n<p class=\"nome\"><span style=\"font-size: 18px\"><strong>Kelly Geronazzo Martins<br \/>\n<\/strong><\/span><strong>Forma\u00e7\u00e3o:<\/strong><br \/>\nGraduada em Ci\u00eancias Biol\u00f3gicas pela UFPR em 2001;<br \/>\nMestra em Ci\u00eancias do Solo UFPR em 2004;<br \/>\nDoutora em Engenharia Florestal pela UFPR em 2012.<br \/>\n<strong>E-mail:<\/strong> <a href=\"mailto:kellym@unicentro.br\">kellym@unicentro.br<\/a><br \/>\n<a href=\"http:\/\/lattes.cnpq.br\/1849072728296230\">http:\/\/lattes.cnpq.br\/1849072728296230<\/a><br \/>\n<strong>\u00c1rea de Atua\u00e7\u00e3o:<\/strong> Ecologia te\u00f3rica e aplicada, Bioqu\u00edmica de Ecossistema.[\/vc_column_text][\/vc_column_inner][\/vc_row_inner][vc_row_inner equal_height=&#8221;yes&#8221; css=&#8221;.vc_custom_1615832517812{margin-right: 5px !important;margin-bottom: 20px !important;margin-left: 5px !important;background-color: #ededed !important;}&#8221;][vc_column_inner width=&#8221;1\/4&#8243;][vc_single_image image=&#8221;5479&#8243; img_size=&#8221;full&#8221; alignment=&#8221;center&#8221; css=&#8221;&#8221;][\/vc_column_inner][vc_column_inner width=&#8221;3\/4&#8243;][vc_column_text]<span style=\"font-size: 14pt\"><strong>Marcos Vin\u00edcius Miranda Aguilar<\/strong><\/span><br \/>\n<strong>Forma\u00e7\u00e3o:<\/strong><br \/>\nEngenheiro Florestal pelo IFNMG em 2019;<br \/>\nMestre pela UFSM em 2021;<br \/>\nDoutor pela UFSM em 2025.<br \/>\n<strong>E-mail:<\/strong>\u00a0<a href=\"mailto:mvaguilar@unicentro.br\">mvaguilar@unicentro.br<\/a><br \/>\n<a href=\"http:\/\/lattes.cnpq.br\/1079796839685767\">http:\/\/lattes.cnpq.br\/1079796839685767<\/a><br \/>\n<strong>\u00c1rea de Atua\u00e7\u00e3o:<\/strong> Sementes, mudas e forma\u00e7\u00e3o de florestas, solos, nutri\u00e7\u00e3o e fertiliza\u00e7\u00e3o de mudas de esp\u00e9cies arb\u00f3reas nativas e ex\u00f3ticas.[\/vc_column_text][\/vc_column_inner][\/vc_row_inner][vc_row_inner equal_height=&#8221;yes&#8221; css=&#8221;.vc_custom_1615832517812{margin-right: 5px !important;margin-bottom: 20px !important;margin-left: 5px !important;background-color: #ededed !important;}&#8221;][vc_column_inner width=&#8221;1\/4&#8243;][vc_single_image image=&#8221;842&#8243; img_size=&#8221;full&#8221; alignment=&#8221;center&#8221;][\/vc_column_inner][vc_column_inner width=&#8221;3\/4&#8243;][vc_column_text]<span style=\"font-size: 14pt\"><strong>Paulo Costa de Oliveira Filho<\/strong><\/span><br \/>\n<strong>Forma\u00e7\u00e3o:<\/strong><br \/>\nEngenheiro Florestal pela UFPR em 1988;<br \/>\nMestre pela UFPR em 1995;<br \/>\nDoutor pela UFPR em 2000.<br \/>\n<strong>E-mail:<\/strong>\u00a0<a href=\"mailto:paulocostafh@gmail.com\">paulocostafh@gmail.com<\/a><br \/>\n<a href=\"http:\/\/lattes.cnpq.br\/0477181220059240\">http:\/\/lattes.cnpq.br\/0477181220059240<\/a><br \/>\n<strong>\u00c1rea de Atua\u00e7\u00e3o:<\/strong> Sensoriamento Remoto; Sistemas de Informa\u00e7\u00f5es Geogr\u00e1ficas.[\/vc_column_text][\/vc_column_inner][\/vc_row_inner][vc_row_inner equal_height=&#8221;yes&#8221; css=&#8221;.vc_custom_1615832517812{margin-right: 5px !important;margin-bottom: 20px !important;margin-left: 5px !important;background-color: #ededed !important;}&#8221;][vc_column_inner width=&#8221;1\/4&#8243;][vc_single_image image=&#8221;3045&#8243; img_size=&#8221;full&#8221; alignment=&#8221;center&#8221;][\/vc_column_inner][vc_column_inner width=&#8221;3\/4&#8243;][vc_column_text]<span style=\"font-size: 14pt\"><strong>Rog\u00e9rio Bobrowski<\/strong><\/span><br \/>\n<strong>Forma\u00e7\u00e3o:<\/strong><br \/>\nEngenheiro Florestal pela Universidade Estadual do Centro-Oeste em 2002;<br \/>\nMestre em\u00a0Engenharia Florestal pela Universidade Federal do Paran\u00e1 em 2011;<br \/>\nDoutor\u00a0em\u00a0Engenharia Florestal pela Universidade Federal do Paran\u00e1 em 2014;<br \/>\n<strong>E-mail:<\/strong>\u00a0<a href=\"mailto:bobrowski_roger@yahoo.com.br\">rogerio@unicentro.br<\/a><br \/>\n<a href=\"http:\/\/lattes.cnpq.br\/6537319749664635\">http:\/\/lattes.cnpq.br\/6537319749664635<\/a><br \/>\n<strong>\u00c1rea de Atua\u00e7\u00e3o:<\/strong> Arboricultura, Ecologia Urbana e Silvicultura Urbana.[\/vc_column_text][\/vc_column_inner][\/vc_row_inner][vc_row_inner equal_height=&#8221;yes&#8221; css=&#8221;.vc_custom_1615832517812{margin-right: 5px !important;margin-bottom: 20px !important;margin-left: 5px !important;background-color: #ededed !important;}&#8221;][vc_column_inner width=&#8221;1\/4&#8243;][vc_single_image image=&#8221;3104&#8243; img_size=&#8221;full&#8221; alignment=&#8221;center&#8221; css=&#8221;&#8221;][\/vc_column_inner][vc_column_inner width=&#8221;3\/4&#8243;][vc_column_text]<span style=\"font-size: 14pt\"><strong>Vagner Alex Pesck<\/strong><\/span><br \/>\n<strong>Forma\u00e7\u00e3o:<\/strong><br \/>\nEngenheiro Florestal pela UNICENTRO em 2007;<br \/>\nMestre pela UNICENTRO em 2011;<br \/>\nDoutor pela UFPR em 2000.<br \/>\n<strong>E-mail:<\/strong>\u00a0<a href=\"mailto:vagneralexp@yahoo.com.br\">vagneralexp@yahoo.com.br<\/a><br \/>\n<a href=\"http:\/\/lattes.cnpq.br\/4670102252045134\">http:\/\/lattes.cnpq.br\/4670102252045134<\/a><br \/>\n<strong>\u00c1rea de Atua\u00e7\u00e3o:<\/strong> Geotecnologias florestais, sensoriamento remoto e silvicultura de precis\u00e3o.[\/vc_column_text][\/vc_column_inner][\/vc_row_inner][\/vc_column][\/vc_row][vc_row_inner equal_height=&#8221;yes&#8221; css=&#8221;.vc_custom_1615832517812{margin-right: 5px !important;margin-bottom: 20px !important;margin-left: 5px !important;background-color: #ededed !important;}&#8221;][\/vc_row_inner][vc_message message_box_style=&#8221;solid&#8221; style=&#8221;square&#8221; message_box_color=&#8221;green&#8221; icon_fontawesome=&#8221;fas fa-chalkboard-teacher&#8221;]Professores Colaboradores[\/vc_message][vc_row][vc_column][vc_column_text]<span style=\"vertical-align: inherit\">[\/vc_column_text][\/vc_column][\/vc_row][vc_row_inner equal_height=&#8221;yes&#8221; css=&#8221;.vc_custom_1615832517812{margin-right: 5px !important;margin-bottom: 20px !important;margin-left: 5px !important;background-color: #ededed !important;}&#8221;][vc_column_inner width=&#8221;1\/4&#8243;][vc_single_image image=&#8221;5462&#8243; img_size=&#8221;full&#8221; alignment=&#8221;center&#8221; css=&#8221;&#8221;][\/vc_column_inner][vc_column_inner width=&#8221;3\/4&#8243;][vc_column_text css=&#8221;&#8221;]<span style=\"font-size: 14pt;\"><strong>Eder Alexandre Schatz S\u00e1<\/strong><\/span><br \/>\n<strong>Forma\u00e7\u00e3o:<\/strong><br \/>\nEngenheiro Florestal pela UDESC em 2011;<br \/>\nMestre pela UDESC em 2014;<br \/>\nDoutor pela UDESC em 2019.<br \/>\n<strong>E-mail:<\/strong> <a href=\"mailto:ederschatz@unicentro.br\" target=\"_blank\" rel=\"noopener\">ederschatz@unicentro.br<\/a><br \/>\n<a href=\"http:\/\/lattes.cnpq.br\/5557051703252997\">http:\/\/lattes.cnpq.br\/5557051703252997<\/a><br \/>\n<strong>\u00c1rea de Atua\u00e7\u00e3o:<\/strong> Sensoriamento Remoto, Sistemas de Informa\u00e7\u00f5es Geogr\u00e1ficas, Hidrologia e Manejo de Bacias Hidrogr\u00e1ficas.[\/vc_column_text][\/vc_column_inner][\/vc_row_inner][vc_row_inner equal_height=&#8221;yes&#8221; css=&#8221;.vc_custom_1615832517812{margin-right: 5px !important;margin-bottom: 20px !important;margin-left: 5px !important;background-color: #ededed !important;}&#8221;][vc_column_inner width=&#8221;1\/4&#8243;][vc_single_image image=&#8221;838&#8243; img_size=&#8221;full&#8221; alignment=&#8221;center&#8221; css=&#8221;&#8221;][\/vc_column_inner][vc_column_inner width=&#8221;3\/4&#8243;][vc_column_text css=&#8221;&#8221;]<\/span><span style=\"font-size: 14pt\"><strong>Henrique Soares Koehler<\/strong><\/span><br \/>\n<strong>Forma\u00e7\u00e3o:<\/strong><br \/>\nEngenheiro Florestal pela Universidade Federal do Paran\u00e1 em 1975;<br \/>\nMestre em Forestry pela Michigan State University em 1979;<br \/>\nDoutor em Engenharia Florestal pela Universidade Federal do Paran\u00e1 em 2002.<br \/>\n<strong>E-mail:<\/strong>\u00a0<a href=\"mailto:koehler@ufpr.br\">koehler@ufpr.br<\/a><br \/>\n<a href=\"http:\/\/lattes.cnpq.br\/6197351546393048\">http:\/\/lattes.cnpq.br\/6197351546393048<\/a><br \/>\n<strong>\u00c1rea de Atua\u00e7\u00e3o:<\/strong> Estat\u00edstica Aplicada; Energia de Biomassa Florestal \u2013 Desenvolvimento de Software; Manejo Florestal; Fitotecnia.<span style=\"vertical-align: inherit\">[\/vc_column_text][\/vc_column_inner][\/vc_row_inner][vc_row_inner equal_height=&#8221;yes&#8221; css=&#8221;.vc_custom_1615832517812{margin-right: 5px !important;margin-bottom: 20px !important;margin-left: 5px !important;background-color: #ededed !important;}&#8221;][vc_column_inner width=&#8221;1\/4&#8243;][vc_single_image image=&#8221;840&#8243; img_size=&#8221;full&#8221; alignment=&#8221;center&#8221; css=&#8221;&#8221;][\/vc_column_inner][vc_column_inner width=&#8221;3\/4&#8243;][vc_column_text css=&#8221;&#8221;]<\/span><span style=\"font-size: 14pt\"><strong>Julio Eduardo Arce<\/strong><\/span><br \/>\n<strong>Forma\u00e7\u00e3o:<\/strong><br \/>\nEngenheiro Florestal pela Universidad Nacional de La Plata em 1993;<br \/>\nMestre em Engenharia Florestal pela Universidade Federal do Paran\u00e1 em 1997;<br \/>\nDoutor em Engenharia Florestal pela Universidade Federal do Paran\u00e1 em 2000.<br \/>\n<strong>E-mail:<\/strong>\u00a0<a href=\"mailto:jarce@ufpr.br\">jarce@ufpr.br<\/a><br \/>\n<a href=\"http:\/\/lattes.cnpq.br\/4034397326977747\">http:\/\/lattes.cnpq.br\/4034397326977747<\/a><br \/>\n<strong>\u00c1rea de Atua\u00e7\u00e3o:<\/strong> Manejo, ordenamento, planejamento, pesquisa operacional e administra\u00e7\u00e3o florestal;<br \/>\nBolsista de Produtividade em Pesquisa (PQ) nivel 1-D do CNPq.<\/p>\n<p class=\"nome\"><span style=\"vertical-align: inherit\">[\/vc_column_text][\/vc_column_inner][\/vc_row_inner][vc_row_inner equal_height=&#8221;yes&#8221; css=&#8221;.vc_custom_1615832517812{margin-right: 5px !important;margin-bottom: 20px !important;margin-left: 5px !important;background-color: #ededed !important;}&#8221;][\/vc_row_inner][vc_column_inner width=&#8221;1\/4&#8243;][\/vc_column_inner][vc_row][vc_column][vc_column_text]<\/span>[\/vc_column_text][\/vc_column][\/vc_row]<\/p>\n<\/div>","protected":false},"excerpt":{"rendered":"<p>[vc_row][vc_column][vc_column_text] O corpo docente do PPGF \u00e9 composto por experientes e jovens doutores formados em diversas universidades do pa\u00eds, com expertise nas v\u00e1rias \u00e1reas das ci\u00eancias florestais. Esta diversidade na forma\u00e7\u00e3o dos docentes \u00e9 muito importante, pois cada um possui uma diferente vis\u00e3o, contribuindo na transfer\u00eancia dos conhecimentos e na forma\u00e7\u00e3o dos futuros profissionais e [&hellip;]<\/p>\n","protected":false},"author":3,"featured_media":0,"parent":0,"menu_order":0,"comment_status":"closed","ping_status":"closed","template":"","meta":{"_exactmetrics_skip_tracking":false,"_exactmetrics_sitenote_active":false,"_exactmetrics_sitenote_note":"","_exactmetrics_sitenote_category":0,"footnotes":"","_links_to":"","_links_to_target":""},"class_list":["post-814","page","type-page","status-publish","hentry"],"_links":{"self":[{"href":"https:\/\/www3.unicentro.br\/ppgf\/wp-json\/wp\/v2\/pages\/814","targetHints":{"allow":["GET"]}}],"collection":[{"href":"https:\/\/www3.unicentro.br\/ppgf\/wp-json\/wp\/v2\/pages"}],"about":[{"href":"https:\/\/www3.unicentro.br\/ppgf\/wp-json\/wp\/v2\/types\/page"}],"author":[{"embeddable":true,"href":"https:\/\/www3.unicentro.br\/ppgf\/wp-json\/wp\/v2\/users\/3"}],"replies":[{"embeddable":true,"href":"https:\/\/www3.unicentro.br\/ppgf\/wp-json\/wp\/v2\/comments?post=814"}],"version-history":[{"count":3,"href":"https:\/\/www3.unicentro.br\/ppgf\/wp-json\/wp\/v2\/pages\/814\/revisions"}],"predecessor-version":[{"id":5499,"href":"https:\/\/www3.unicentro.br\/ppgf\/wp-json\/wp\/v2\/pages\/814\/revisions\/5499"}],"wp:attachment":[{"href":"https:\/\/www3.unicentro.br\/ppgf\/wp-json\/wp\/v2\/media?parent=814"}],"curies":[{"name":"wp","href":"https:\/\/api.w.org\/{rel}","templated":true}]}}