{"id":801,"date":"2021-03-12T10:56:04","date_gmt":"2021-03-12T13:56:04","guid":{"rendered":"https:\/\/www3.unicentro.br\/ppgf\/?page_id=801"},"modified":"2026-01-20T15:05:03","modified_gmt":"2026-01-20T18:05:03","slug":"colegiado-e-comissoes-permanentes","status":"publish","type":"page","link":"https:\/\/www3.unicentro.br\/ppgf\/o-programa\/colegiado-e-comissoes-permanentes\/","title":{"rendered":"Colegiado e Comiss\u00f5es Permanentes"},"content":{"rendered":"<h3><strong>Colegiado Acad\u00eamico<\/strong><\/h3>\n<p style=\"padding-left: 40px;text-align: justify\">O Colegiado da P\u00f3s-gradua\u00e7\u00e3o em Ci\u00eancias Florestais, como inst\u00e2ncia consultiva, normativa e deliberativa, subsidia a coordena\u00e7\u00e3o do Programa na gest\u00e3o did\u00e1tico-pedag\u00f3gica e administrativa dos cursos de mestrado e doutorado. A composi\u00e7\u00e3o do Colegiado do PPGF \u00e9 da seguinte forma:<\/p>\n<ul>\n<li style=\"list-style-type: none\">\n<ul>\n<li>Coordenador(a), como presidente e Vice Coordenador(a);<\/li>\n<li>3 (tr\u00eas) representantes dos docentes; e<\/li>\n<li>1 (um) representante discente e respectivo suplente.<\/li>\n<\/ul>\n<\/li>\n<\/ul>\n<p>&nbsp;<\/p>\n<p style=\"padding-left: 40px\"><strong>Composi\u00e7\u00e3o para o per\u00edodo de 8 de setembro de 2025 a 30 de junho de 2027:<\/strong><\/p>\n<ul>\n<li style=\"list-style-type: none\">\n<ul>\n<li>Prof. Dr. Rog\u00e9rio Bobrowski \u2013 Presidente <a href=\"https:\/\/www3.unicentro.br\/ppgf\/wp-content\/uploads\/sites\/96\/2026\/01\/Portaria-N\u00b0-30-PROPESP-UNICENTRO-Colegiado-PPGF.pdf\">(Portaria)<\/a><\/li>\n<li>Prof\u00aa. Dra. Daniele Ukan \u2013 Vice-Presidente <a href=\"https:\/\/www3.unicentro.br\/ppgf\/wp-content\/uploads\/sites\/96\/2026\/01\/Portaria-N\u00b0-30-PROPESP-UNICENTRO-Colegiado-PPGF.pdf\">(Portaria)<\/a><\/li>\n<li>Prof\u00aa. Dra. Fabiana Schmidt Bandeira Peres \u2013 Membro titular <a href=\"https:\/\/www3.unicentro.br\/ppgf\/wp-content\/uploads\/sites\/96\/2026\/01\/Portaria-N\u00b0-30-PROPESP-UNICENTRO-Colegiado-PPGF.pdf\">(Portaria)<\/a><\/li>\n<li>Prof\u00aa. Dra. K\u00e1tia Cylene Lombardi \u2013 Membro titular <a href=\"https:\/\/www3.unicentro.br\/ppgf\/wp-content\/uploads\/sites\/96\/2026\/01\/Portaria-N\u00b0-30-PROPESP-UNICENTRO-Colegiado-PPGF.pdf\">(Portaria)<\/a><\/li>\n<li>Andressa Vit\u00f3ria Xavier Barbosa \u2013 Representante discente titular (<a href=\"https:\/\/www3.unicentro.br\/ppgf\/wp-content\/uploads\/sites\/96\/2026\/01\/Portaria-N\u00b0-30-PROPESP-UNICENTRO-Colegiado-PPGF.pdf\">Portaria)<\/a> &#8211; <strong>at\u00e9 30 de junho de 2026<\/strong><\/li>\n<li>Jhenifer Spliethoff \u2013 Representante discente suplente (<a href=\"https:\/\/www3.unicentro.br\/ppgf\/wp-content\/uploads\/sites\/96\/2026\/01\/Portaria-N\u00b0-30-PROPESP-UNICENTRO-Colegiado-PPGF.pdf\">Portaria )<\/a>\u00a0&#8211; <strong>at\u00e9 30 de junho de 2026<\/strong><\/li>\n<\/ul>\n<\/li>\n<\/ul>\n<hr \/>\n<h3><strong>Comiss\u00f5es Permanentes<\/strong><\/h3>\n<ol>\n<li><strong>\u00a0<\/strong><strong>Comiss\u00e3o de Bolsas<\/strong><\/li>\n<\/ol>\n<p style=\"padding-left: 40px;text-align: justify\">De acordo com a Portaria CAPES n\u00ba 52, de 26 de maio de 2000, cada programa de p\u00f3s-gradua\u00e7\u00e3o deve instituir uma Comiss\u00e3o de Bolsas, composta de quatro membros: Coordenador ou Vice Coordenador, dois representantes docentes e um representante discente. A Comiss\u00e3o de Bolsas estabelece os crit\u00e9rios para concess\u00e3o, administra\u00e7\u00e3o e cancelamento de bolsas institucionais, a serem homologadas pelo Colegiado do Programa.<\/p>\n<ol start=\"2\">\n<li><strong>Comiss\u00e3o de Autoavalia\u00e7\u00e3o<\/strong><\/li>\n<\/ol>\n<p style=\"padding-left: 40px\"><em>Texto em constru\u00e7\u00e3o<\/em><\/p>\n","protected":false},"excerpt":{"rendered":"<p>Colegiado Acad\u00eamico O Colegiado da P\u00f3s-gradua\u00e7\u00e3o em Ci\u00eancias Florestais, como inst\u00e2ncia consultiva, normativa e deliberativa, subsidia a coordena\u00e7\u00e3o do Programa na gest\u00e3o did\u00e1tico-pedag\u00f3gica e administrativa dos cursos de mestrado e doutorado. A composi\u00e7\u00e3o do Colegiado do PPGF \u00e9 da seguinte forma: Coordenador(a), como presidente e Vice Coordenador(a); 3 (tr\u00eas) representantes dos docentes; e 1 (um) [&hellip;]<\/p>\n","protected":false},"author":3,"featured_media":0,"parent":90,"menu_order":0,"comment_status":"closed","ping_status":"closed","template":"","meta":{"_exactmetrics_skip_tracking":false,"_exactmetrics_sitenote_active":false,"_exactmetrics_sitenote_note":"","_exactmetrics_sitenote_category":0,"footnotes":"","_links_to":"","_links_to_target":""},"class_list":["post-801","page","type-page","status-publish","hentry"],"_links":{"self":[{"href":"https:\/\/www3.unicentro.br\/ppgf\/wp-json\/wp\/v2\/pages\/801","targetHints":{"allow":["GET"]}}],"collection":[{"href":"https:\/\/www3.unicentro.br\/ppgf\/wp-json\/wp\/v2\/pages"}],"about":[{"href":"https:\/\/www3.unicentro.br\/ppgf\/wp-json\/wp\/v2\/types\/page"}],"author":[{"embeddable":true,"href":"https:\/\/www3.unicentro.br\/ppgf\/wp-json\/wp\/v2\/users\/3"}],"replies":[{"embeddable":true,"href":"https:\/\/www3.unicentro.br\/ppgf\/wp-json\/wp\/v2\/comments?post=801"}],"version-history":[{"count":3,"href":"https:\/\/www3.unicentro.br\/ppgf\/wp-json\/wp\/v2\/pages\/801\/revisions"}],"predecessor-version":[{"id":5561,"href":"https:\/\/www3.unicentro.br\/ppgf\/wp-json\/wp\/v2\/pages\/801\/revisions\/5561"}],"up":[{"embeddable":true,"href":"https:\/\/www3.unicentro.br\/ppgf\/wp-json\/wp\/v2\/pages\/90"}],"wp:attachment":[{"href":"https:\/\/www3.unicentro.br\/ppgf\/wp-json\/wp\/v2\/media?parent=801"}],"curies":[{"name":"wp","href":"https:\/\/api.w.org\/{rel}","templated":true}]}}