{"id":777,"date":"2021-02-16T16:51:41","date_gmt":"2021-02-16T19:51:41","guid":{"rendered":"https:\/\/www3.unicentro.br\/ppgf\/?page_id=777"},"modified":"2021-10-28T09:59:13","modified_gmt":"2021-10-28T12:59:13","slug":"autoavaliacao","status":"publish","type":"page","link":"https:\/\/www3.unicentro.br\/ppgf\/autoavaliacao\/","title":{"rendered":"Autoavalia\u00e7\u00e3o"},"content":{"rendered":"<div class=\"wpb-content-wrapper\"><p>[vc_row][vc_column][vc_column_text]<\/p>\n<p style=\"text-align: justify\">O Sistema de Autoavalia\u00e7\u00e3o do Programa de P\u00f3s-Gradua\u00e7\u00e3o em Ci\u00eancias Florestais da Universidade Estadual do Centro-Oeste, (PPGF\/UNICENTRO), Campus de Irati, visa possibilitar o autoconhecimento de forma cr\u00edtica para potencializar os pontos fortes e identificar os pontos fracos do Programa de P\u00f3s-gradua\u00e7\u00e3o, de modo a corrigi-los na busca por melhorias cont\u00ednuas.<br \/>\nO Sistema de Autoavalia\u00e7\u00e3o tem como base o disposto na Proposta de Aprimoramento da Avalia\u00e7\u00e3o da P\u00f3s-Gradua\u00e7\u00e3o da CAPES e o Regulamento do Processo de Autoavalia\u00e7\u00e3o dos Programas de P\u00f3s-gradua\u00e7\u00e3o Stricto Sensu da UNICENTRO, que procura estabelecer os processos, os procedimentos e os resultados com foco na forma\u00e7\u00e3o de recursos humanos e na produ\u00e7\u00e3o e dissemina\u00e7\u00e3o do conhecimento cient\u00edfico, tecnol\u00f3gico e de inova\u00e7\u00e3o.<br \/>\nO Sistema de Autoavalia\u00e7\u00e3o possui os seguintes objetivos espec\u00edficos:<\/p>\n<p style=\"text-align: justify\">a) Avaliar de maneira sistem\u00e1tica e peri\u00f3dica todos os atores da p\u00f3s-gradua\u00e7\u00e3o (gestores, docentes, discentes, servidores e egressos) e os meios (ensino, pesquisa e extens\u00e3o) envolvidos para o pleno funcionamento do Programa.<\/p>\n<p style=\"text-align: justify\">b) Estimular a busca pela excel\u00eancia com foco na forma\u00e7\u00e3o de recursos humanos de qualidade e na produ\u00e7\u00e3o intelectual, identificando novas oportunidades de melhorias cont\u00ednuas para o desenvolvimento socioecon\u00f4mico da regi\u00e3o e do pa\u00eds.<\/p>\n<p style=\"text-align: justify\">c) Propor procedimentos e mecanismos de avalia\u00e7\u00e3o em conson\u00e2ncia com as pol\u00edticas de avalia\u00e7\u00e3o da universidade, da p\u00f3s-gradua\u00e7\u00e3o stricto sensu e da \u00e1rea de avalia\u00e7\u00e3o da CAPES.<\/p>\n<p style=\"text-align: justify\">d) Estabelecer um canal de comunica\u00e7\u00e3o entre os atores da p\u00f3s-gradua\u00e7\u00e3o para a coleta de informa\u00e7\u00f5es peri\u00f3dicas, possibilitando o recebimento de sugest\u00f5es e cr\u00edticas para o aprimoramento constante do Programa.<\/p>\n<p style=\"text-align: justify\">O regulamento e os formul\u00e1rios a serem aplicados aos diversos atores e os meios da p\u00f3s-gradua\u00e7\u00e3o s\u00e3o apresentados nos links abaixo.<\/p>\n<p>[\/vc_column_text][\/vc_column][\/vc_row][vc_row][vc_column][vc_tta_accordion style=&#8221;flat&#8221; shape=&#8221;square&#8221; gap=&#8221;2&#8243; active_section=&#8221;100&#8243;][vc_tta_section title=&#8221;Diretrizes Autoavalia\u00e7\u00e3o&#8221; tab_id=&#8221;1615901546542-269c1e15-557a&#8221;][vc_column_text]<a href=\"https:\/\/www3.unicentro.br\/ppgf\/wp-content\/uploads\/sites\/96\/2021\/10\/REGULAMENTO-DA-AUTOAVALIACAO-PPGF-UNICENTRO.pdf\">Regulamento de autoavalia\u00e7\u00e3o<\/a>[\/vc_column_text][\/vc_tta_section][vc_tta_section title=&#8221;Formul\u00e1rios de de autoavalia\u00e7\u00e3o&#8221; tab_id=&#8221;1615901589418-204e941a-3cb4&#8243;][vc_column_text]<\/p>\n<ul>\n<li><a href=\"https:\/\/www3.unicentro.br\/ppgf\/wp-content\/uploads\/sites\/96\/2021\/10\/Formulario-1-Auto-avaliacao-Discentes_Semestral.pdf\"><strong>Formul\u00e1rio 1 &#8211; Avalia\u00e7\u00e3o discente semestral<\/strong><\/a><\/li>\n<li><a href=\"https:\/\/www3.unicentro.br\/ppgf\/wp-content\/uploads\/sites\/96\/2021\/10\/Formulario-2-Auto-avaliacao-Discentes_Defesa.pdf\"><strong>Formul\u00e1rio 2 &#8211; Avalia\u00e7\u00e3o discente final<\/strong><\/a><\/li>\n<li><strong><a href=\"https:\/\/www3.unicentro.br\/ppgf\/wp-content\/uploads\/sites\/96\/2021\/10\/Formulario-3-Auto-avaliacao-Docentes_Anual.pdf\">Formul\u00e1rio 3 &#8211; <\/a><a href=\"https:\/\/www3.unicentro.br\/ppgf\/wp-content\/uploads\/sites\/96\/2021\/10\/Formulario-3-Auto-avaliacao-Docentes_Anual.pdf\">Avalia\u00e7\u00e3o docente anual<\/a><\/strong><\/li>\n<li><a href=\"https:\/\/www3.unicentro.br\/ppgf\/wp-content\/uploads\/sites\/96\/2021\/10\/Formulario-4-Auto-avaliacao-Docentes_Quadrienal.pdf\"><strong>Formul\u00e1rio 4 &#8211; Avalia\u00e7\u00e3o docente semestral<\/strong><\/a><\/li>\n<li><a href=\"https:\/\/www3.unicentro.br\/ppgf\/wp-content\/uploads\/sites\/96\/2021\/10\/Formulario-5-Auto-avaliacao-Colegiado_Quadrienal.pdf\"><strong>Formul\u00e1rio 5 &#8211; Avalia\u00e7\u00e3o quadrienal colegiado<\/strong><\/a><\/li>\n<li><a href=\"https:\/\/www3.unicentro.br\/ppgf\/wp-content\/uploads\/sites\/96\/2021\/10\/Formulario-6-Auto-avaliacao-Egressos_2-anos.pdf\"><strong>Formul\u00e1rio 6 &#8211; Avalia\u00e7\u00e3o dos egressos<\/strong><\/a><\/li>\n<\/ul>\n<p>[\/vc_column_text][\/vc_tta_section][\/vc_tta_accordion][\/vc_column][\/vc_row]<\/p>\n<\/div>","protected":false},"excerpt":{"rendered":"<p>[vc_row][vc_column][vc_column_text] O Sistema de Autoavalia\u00e7\u00e3o do Programa de P\u00f3s-Gradua\u00e7\u00e3o em Ci\u00eancias Florestais da Universidade Estadual do Centro-Oeste, (PPGF\/UNICENTRO), Campus de Irati, visa possibilitar o autoconhecimento de forma cr\u00edtica para potencializar os pontos fortes e identificar os pontos fracos do Programa de P\u00f3s-gradua\u00e7\u00e3o, de modo a corrigi-los na busca por melhorias cont\u00ednuas. O Sistema de Autoavalia\u00e7\u00e3o [&hellip;]<\/p>\n","protected":false},"author":3,"featured_media":0,"parent":0,"menu_order":0,"comment_status":"closed","ping_status":"closed","template":"","meta":{"_exactmetrics_skip_tracking":false,"_exactmetrics_sitenote_active":false,"_exactmetrics_sitenote_note":"","_exactmetrics_sitenote_category":0,"footnotes":"","_links_to":"","_links_to_target":""},"class_list":["post-777","page","type-page","status-publish","hentry"],"_links":{"self":[{"href":"https:\/\/www3.unicentro.br\/ppgf\/wp-json\/wp\/v2\/pages\/777","targetHints":{"allow":["GET"]}}],"collection":[{"href":"https:\/\/www3.unicentro.br\/ppgf\/wp-json\/wp\/v2\/pages"}],"about":[{"href":"https:\/\/www3.unicentro.br\/ppgf\/wp-json\/wp\/v2\/types\/page"}],"author":[{"embeddable":true,"href":"https:\/\/www3.unicentro.br\/ppgf\/wp-json\/wp\/v2\/users\/3"}],"replies":[{"embeddable":true,"href":"https:\/\/www3.unicentro.br\/ppgf\/wp-json\/wp\/v2\/comments?post=777"}],"version-history":[{"count":0,"href":"https:\/\/www3.unicentro.br\/ppgf\/wp-json\/wp\/v2\/pages\/777\/revisions"}],"wp:attachment":[{"href":"https:\/\/www3.unicentro.br\/ppgf\/wp-json\/wp\/v2\/media?parent=777"}],"curies":[{"name":"wp","href":"https:\/\/api.w.org\/{rel}","templated":true}]}}