{"id":754,"date":"2021-02-15T15:57:17","date_gmt":"2021-02-15T18:57:17","guid":{"rendered":"https:\/\/www3.unicentro.br\/ppgf\/?page_id=754"},"modified":"2025-07-18T17:20:03","modified_gmt":"2025-07-18T20:20:03","slug":"regulamentos","status":"publish","type":"page","link":"https:\/\/www3.unicentro.br\/ppgf\/regulamentos\/","title":{"rendered":"Regulamentos e Normas"},"content":{"rendered":"<div class=\"wpb-content-wrapper\"><p>[vc_row][vc_column][vc_column_text css=&#8221;&#8221;]<strong>Regulamentos Gerais<\/strong><\/p>\n<ul>\n<li><a href=\"https:\/\/sgu.unicentro.br\/pcatooficiais\/imprimir\/9CF8EC3F\">Regulamento da P\u00f3s-Gradua\u00e7\u00e3o Stricto Sensu da Unicentro<\/a><\/li>\n<li><a href=\"https:\/\/www3.unicentro.br\/ppgf\/wp-content\/uploads\/sites\/96\/2024\/03\/Resolucao-no-04-PROPESP-alterada-regulamento.pdf\">Regulamento do Programa de P\u00f3s-Gradua\u00e7\u00e3o Stricto Sensu em Ci\u00eancias Florestais &#8211; Vig\u00eancia a partir de 2022 (Alterado pela Resolu\u00e7\u00e3o n\u00ba 3-PROPESP\/UNICENTRO, de 23\/05\/2023 e Resolu\u00e7\u00e3o n\u00ba 5-PROPESP\/UNICENTRO, de 13\/03\/2024)<\/a><\/li>\n<li><a href=\"https:\/\/www3.unicentro.br\/ppgf\/wp-content\/uploads\/sites\/96\/2023\/05\/RESOLUCAO-No-3-PROPESP-UNICENTRO-altera-o-texto-do-regulamento-PPGF-1.pdf\">RESOLU\u00c7\u00c3O N\u00ba 3-PROPESP-UNICENTRO, altera o texto do Regulamento PPGF<\/a><\/li>\n<li><a href=\"https:\/\/www3.unicentro.br\/ppgf\/wp-content\/uploads\/sites\/96\/2021\/05\/Regulamento-Pos-Doutorado-na-UNICENTRO-Estagio-de-Pos-Graduacao.pdf\">Regulamento do Est\u00e1gio de P\u00f3s-Doutorado na UNICENTRO, DE 30\/08\/2018<\/a><\/li>\n<li><a href=\"https:\/\/www3.unicentro.br\/ppgf\/wp-content\/uploads\/sites\/96\/2024\/11\/Resolucao-de-Pos-Doc-14-2021-CEPE.pdf\">Regulamento do Est\u00e1gio de P\u00f3s-Doutorado da UNICENTRO, DE 23\/06\/2021<\/a><\/li>\n<\/ul>\n<p><strong>Normas Espec\u00edficas do Programa<\/strong><\/p>\n<ul>\n<li><a href=\"https:\/\/www3.unicentro.br\/ppgf\/wp-content\/uploads\/sites\/96\/2022\/08\/site-em-construcao-1.pdf\">Normas de Reda\u00e7\u00e3o de Disserta\u00e7\u00e3o e Tese<\/a><\/li>\n<li><a href=\"https:\/\/www3.unicentro.br\/ppgf\/wp-content\/uploads\/sites\/96\/2023\/12\/1_-_Instrucao_Normativa_Concessao_Manutencao_Bolsas_assinado.pdf\">Instru\u00e7\u00e3o Normativa Concess\u00e3o Manuten\u00e7\u00e3o Bolsas<\/a><\/li>\n<li><a href=\"https:\/\/www3.unicentro.br\/ppgf\/wp-content\/uploads\/sites\/96\/2023\/12\/2_-_Instrucao_Normativa_Pratica_Docencia-PPGF_assinado-1.pdf\">Instru\u00e7\u00e3o Normativa Pr\u00e1tica Doc\u00eancia<\/a><\/li>\n<\/ul>\n<p><strong>Normas Credenciamento e Recredenciamento de Docentes<\/strong><\/p>\n<ul>\n<li><a href=\"https:\/\/www3.unicentro.br\/ppgf\/wp-content\/uploads\/sites\/96\/2021\/05\/REGULAMENTO-CREDENCIAMENTO-E-RECREDENCIAMENTO-PPFG-2016-FINAL.pdf\">Regulamento para Credenciamento e Recredenciamento de Docentes<\/a><\/li>\n<\/ul>\n<p><strong>Instru\u00e7\u00f5es\u00a0<\/strong><b>Normativas<\/b><\/p>\n<ul>\n<li><a href=\"https:\/\/www3.unicentro.br\/ppgf\/wp-content\/uploads\/sites\/96\/2023\/07\/IN-01.23-PROPESP-Estabelece-parametros-e-condicoes-para-comprovacao-de-proficiencia-em-lingua-estrangeira_versao-final.pdf\">Par\u00e2metros e Condi\u00e7\u00f5es para Comprova\u00e7\u00e3o de Profici\u00eancia em L\u00edngua Estrangeira<\/a><\/li>\n<\/ul>\n<p><strong>Normas e Conduta para a Utiliza\u00e7\u00e3o Instru\u00e7\u00f5es <\/strong><b>Normativas<\/b><\/p>\n<ul>\n<li><a href=\"https:\/\/www3.unicentro.br\/ppgf\/wp-content\/uploads\/sites\/96\/2025\/05\/Normas-de-Seguranca-para-Fixar-nos-Laboratorios.pdf\"> Instru\u00e7\u00f5es Normativas<\/a><\/li>\n<li><a href=\"https:\/\/www3.unicentro.br\/ppgf\/wp-content\/uploads\/sites\/96\/2025\/05\/Ficha-de-Identificacao-de-Materiais-de-Estudos-e-Pesquisas.pdf\">Ficha de Identifica\u00e7\u00e3o de Materiais de Estudos e Pesquisas<\/a><\/li>\n<\/ul>\n<p>[\/vc_column_text][\/vc_column][\/vc_row]<\/p>\n<\/div>","protected":false},"excerpt":{"rendered":"<p>[vc_row][vc_column][vc_column_text css=&#8221;&#8221;]Regulamentos Gerais Regulamento da P\u00f3s-Gradua\u00e7\u00e3o Stricto Sensu da Unicentro Regulamento do Programa de P\u00f3s-Gradua\u00e7\u00e3o Stricto Sensu em Ci\u00eancias Florestais &#8211; Vig\u00eancia a partir de 2022 (Alterado pela Resolu\u00e7\u00e3o n\u00ba 3-PROPESP\/UNICENTRO, de 23\/05\/2023 e Resolu\u00e7\u00e3o n\u00ba 5-PROPESP\/UNICENTRO, de 13\/03\/2024) RESOLU\u00c7\u00c3O N\u00ba 3-PROPESP-UNICENTRO, altera o texto do Regulamento PPGF Regulamento do Est\u00e1gio de P\u00f3s-Doutorado na UNICENTRO, [&hellip;]<\/p>\n","protected":false},"author":3,"featured_media":0,"parent":0,"menu_order":0,"comment_status":"closed","ping_status":"closed","template":"","meta":{"_exactmetrics_skip_tracking":false,"_exactmetrics_sitenote_active":false,"_exactmetrics_sitenote_note":"","_exactmetrics_sitenote_category":0,"footnotes":"","_links_to":"","_links_to_target":""},"class_list":["post-754","page","type-page","status-publish","hentry"],"_links":{"self":[{"href":"https:\/\/www3.unicentro.br\/ppgf\/wp-json\/wp\/v2\/pages\/754","targetHints":{"allow":["GET"]}}],"collection":[{"href":"https:\/\/www3.unicentro.br\/ppgf\/wp-json\/wp\/v2\/pages"}],"about":[{"href":"https:\/\/www3.unicentro.br\/ppgf\/wp-json\/wp\/v2\/types\/page"}],"author":[{"embeddable":true,"href":"https:\/\/www3.unicentro.br\/ppgf\/wp-json\/wp\/v2\/users\/3"}],"replies":[{"embeddable":true,"href":"https:\/\/www3.unicentro.br\/ppgf\/wp-json\/wp\/v2\/comments?post=754"}],"version-history":[{"count":2,"href":"https:\/\/www3.unicentro.br\/ppgf\/wp-json\/wp\/v2\/pages\/754\/revisions"}],"predecessor-version":[{"id":5137,"href":"https:\/\/www3.unicentro.br\/ppgf\/wp-json\/wp\/v2\/pages\/754\/revisions\/5137"}],"wp:attachment":[{"href":"https:\/\/www3.unicentro.br\/ppgf\/wp-json\/wp\/v2\/media?parent=754"}],"curies":[{"name":"wp","href":"https:\/\/api.w.org\/{rel}","templated":true}]}}