{"id":69,"date":"2017-05-05T00:00:00","date_gmt":"2017-05-05T03:00:00","guid":{"rendered":"https:\/\/www3.unicentro.br\/ppgf\/formularios\/"},"modified":"2026-03-25T10:39:03","modified_gmt":"2026-03-25T13:39:03","slug":"formularios","status":"publish","type":"page","link":"https:\/\/www3.unicentro.br\/ppgf\/formularios\/","title":{"rendered":"Formul\u00e1rios"},"content":{"rendered":"<p style=\"padding-left: 40px\"><strong>A<\/strong><\/p>\n<ul>\n<li><a href=\"https:\/\/www3.unicentro.br\/ppgf\/wp-content\/uploads\/sites\/96\/2026\/03\/Requerimento-de-Aproveitamento-de-Creditos.docx\">Aproveitamento de Cr\u00e9ditos<\/a><\/li>\n<\/ul>\n<p style=\"padding-left: 40px\"><strong>B<\/strong><\/p>\n<ul>\n<li><a href=\"https:\/\/www3.unicentro.br\/ppgf\/wp-content\/uploads\/sites\/96\/2026\/03\/Requerimento-de-bolsa.docx\" target=\"_blank\" rel=\"noopener\">Bolsa de Estudos &#8211; Solicita\u00e7\u00e3o para concorrer<\/a><\/li>\n<\/ul>\n<p style=\"padding-left: 40px\"><strong>C<\/strong><\/p>\n<ul>\n<li><a href=\"https:\/\/www3.unicentro.br\/ppgf\/wp-content\/uploads\/sites\/96\/2026\/02\/Carta-de-Ciencia-do-Orientador-Correcoes.docx\" target=\"_blank\" rel=\"noopener\">Carta de Ci\u00eancia do Orientador de Corre\u00e7\u00f5es e Publica\u00e7\u00e3o<\/a><\/li>\n<li><a href=\"https:\/\/www3.unicentro.br\/ppgf\/wp-content\/uploads\/sites\/96\/2023\/12\/Ciencia-do-Orientador-para-Apresentacao-de-Projeto-Seminario-2.pdf\">Ci\u00eancia do Orientador para Apresenta\u00e7\u00e3o de Projeto em Semin\u00e1rio<\/a><\/li>\n<li><a href=\"https:\/\/www3.unicentro.br\/ppgf\/wp-content\/uploads\/sites\/96\/2026\/03\/Requerimento-de-Indicacao-Comite-de-Orientacao.docx\" target=\"_blank\" rel=\"noopener\">Comit\u00ea de Orienta\u00e7\u00e3o<\/a><\/li>\n<li><a href=\"http:\/\/www2.unicentro.br\/ppgf\/files\/2017\/05\/Credenciamento-de-Docentes.pdf\">Credenciamento de Docentes<\/a><\/li>\n<\/ul>\n<p style=\"padding-left: 40px\"><strong>D<\/strong><\/p>\n<ul>\n<li><a href=\"https:\/\/www3.unicentro.br\/ppgf\/wp-content\/uploads\/sites\/96\/2024\/10\/Estado-da-arte.pdf\">Declara\u00e7\u00e3o de Cumprimento do Estado da Arte<\/a><\/li>\n<li><a href=\"https:\/\/www3.unicentro.br\/ppgf\/wp-content\/uploads\/sites\/96\/2026\/03\/Declaracao-de-Cumprimento-de-Pratica-em-Docencia.pdf\" target=\"_blank\" rel=\"noopener\">Declara\u00e7\u00e3o de Cumprimento de Pr\u00e1tica em Doc\u00eancia<\/a><\/li>\n<li><a href=\"https:\/\/www3.unicentro.br\/ppgf\/wp-content\/uploads\/sites\/96\/2024\/11\/Pre-Defesa-mestrado-modelo.pdf\">Declara\u00e7\u00e3o de Cumprimento de Pr\u00e9-Defesa<\/a><\/li>\n<\/ul>\n<p style=\"padding-left: 40px\"><strong>E<\/strong><\/p>\n<ul>\n<li><a href=\"https:\/\/www3.unicentro.br\/ppgf\/wp-content\/uploads\/sites\/96\/2021\/12\/Requerimento-de-Exame-de-Qualificacao.pdf\">Exame de Qualifica\u00e7\u00e3o<\/a><\/li>\n<\/ul>\n<p style=\"padding-left: 40px\"><strong>F<\/strong><\/p>\n<ul>\n<li><a href=\"https:\/\/www3.unicentro.br\/ppgf\/wp-content\/uploads\/sites\/96\/2025\/05\/Ficha-de-Identificacao-de-Materiais-de-Estudos-e-Pesquisas.pdf\">Ficha de Identifica\u00e7\u00e3o de Materiais de Estudos e Pesquisas<\/a><\/li>\n<\/ul>\n<p style=\"padding-left: 40px\"><strong>P<\/strong><\/p>\n<ul>\n<li><a href=\"https:\/\/www3.unicentro.br\/ppgf\/wp-content\/uploads\/sites\/96\/2026\/03\/Plano-de-Atividades-Pratica-em-Docencia_2026.doc\" target=\"_blank\" rel=\"noopener\">Plano de Atividades &#8211; Pr\u00e1tica em Doc\u00eancia<\/a><\/li>\n<\/ul>\n<p style=\"padding-left: 40px\"><strong>R<\/strong><\/p>\n<ul>\n<li><a href=\"https:\/\/www3.unicentro.br\/ppgf\/wp-content\/uploads\/sites\/96\/2024\/08\/Relatorio-Semestral.pdf\">Relat\u00f3rio Semestral<\/a><\/li>\n<li><a href=\"https:\/\/www3.unicentro.br\/ppgf\/wp-content\/uploads\/sites\/96\/2026\/02\/Requerimento-de-Matricula-2026-Aluno-Regular.pdf\" target=\"_blank\" rel=\"noopener\">Requerimento de Matr\u00edcula 2026 &#8211; ALUNO REGULAR<\/a><\/li>\n<li><a href=\"https:\/\/www3.unicentro.br\/ppgf\/wp-content\/uploads\/sites\/96\/2026\/02\/Requerimento-de-Matricula-2026-Aluno-Regular-Ingressante.pdf\" target=\"_blank\" rel=\"noopener\">Requerimento de Matr\u00edcula 2026 &#8211; ALUNO REGULAR INGRESSANTE<\/a><\/li>\n<li><a href=\"https:\/\/www3.unicentro.br\/ppgf\/wp-content\/uploads\/sites\/96\/2021\/12\/Solicitacao-Matricula-em-Disciplina-Aluno-Nao-Regular.pdf\">Requerimento de Matr\u00edcula 2026 &#8211; ALUNO N\u00c3O-REGULAR<\/a><\/li>\n<li><a href=\"https:\/\/www3.unicentro.br\/ppgf\/wp-content\/uploads\/sites\/96\/2023\/08\/Requerimento-de-Prorrogacao-de-Prazos.pdf\">Requerimento de Prorroga\u00e7\u00e3o de Prazos<\/a><\/li>\n<\/ul>\n<p style=\"padding-left: 40px\"><strong>S<\/strong><\/p>\n<ul>\n<li><a href=\"https:\/\/www3.unicentro.br\/ppgf\/wp-content\/uploads\/sites\/96\/2021\/12\/Solicitacao-de-Defesa-Publica-Mestrado-e-Doutorado.pdf\">Solicita\u00e7\u00e3o de Defesa P\u00fablica &#8211; Mestrado e Doutorado<\/a><\/li>\n<\/ul>\n<p style=\"padding-left: 40px\"><strong>T<\/strong><\/p>\n<ul>\n<li><a href=\"https:\/\/www3.unicentro.br\/ppgf\/wp-content\/uploads\/sites\/96\/2026\/01\/Formuario-PRODUCAO-CIENTIFICA-ANexo-I.pdf\" target=\"_blank\" rel=\"noopener\">Tabela de Pontua\u00e7\u00e3o para Relat\u00f3rio &#8211; Anexo I Instru\u00e7\u00e3o Normativa N\u00b0 02 PPGF\/UNICENTRO<\/a><\/li>\n<\/ul>\n","protected":false},"excerpt":{"rendered":"<p>A Aproveitamento de Cr\u00e9ditos B Bolsa de Estudos &#8211; Solicita\u00e7\u00e3o para concorrer C Carta de Ci\u00eancia do Orientador de Corre\u00e7\u00f5es e Publica\u00e7\u00e3o Ci\u00eancia do Orientador para Apresenta\u00e7\u00e3o de Projeto em Semin\u00e1rio Comit\u00ea de Orienta\u00e7\u00e3o Credenciamento de Docentes D Declara\u00e7\u00e3o de Cumprimento do Estado da Arte Declara\u00e7\u00e3o de Cumprimento de Pr\u00e1tica em Doc\u00eancia Declara\u00e7\u00e3o de Cumprimento [&hellip;]<\/p>\n","protected":false},"author":3,"featured_media":0,"parent":0,"menu_order":0,"comment_status":"closed","ping_status":"closed","template":"","meta":{"_exactmetrics_skip_tracking":false,"_exactmetrics_sitenote_active":false,"_exactmetrics_sitenote_note":"","_exactmetrics_sitenote_category":0,"footnotes":"","_links_to":"","_links_to_target":""},"class_list":["post-69","page","type-page","status-publish","hentry"],"_links":{"self":[{"href":"https:\/\/www3.unicentro.br\/ppgf\/wp-json\/wp\/v2\/pages\/69","targetHints":{"allow":["GET"]}}],"collection":[{"href":"https:\/\/www3.unicentro.br\/ppgf\/wp-json\/wp\/v2\/pages"}],"about":[{"href":"https:\/\/www3.unicentro.br\/ppgf\/wp-json\/wp\/v2\/types\/page"}],"author":[{"embeddable":true,"href":"https:\/\/www3.unicentro.br\/ppgf\/wp-json\/wp\/v2\/users\/3"}],"replies":[{"embeddable":true,"href":"https:\/\/www3.unicentro.br\/ppgf\/wp-json\/wp\/v2\/comments?post=69"}],"version-history":[{"count":4,"href":"https:\/\/www3.unicentro.br\/ppgf\/wp-json\/wp\/v2\/pages\/69\/revisions"}],"predecessor-version":[{"id":5689,"href":"https:\/\/www3.unicentro.br\/ppgf\/wp-json\/wp\/v2\/pages\/69\/revisions\/5689"}],"wp:attachment":[{"href":"https:\/\/www3.unicentro.br\/ppgf\/wp-json\/wp\/v2\/media?parent=69"}],"curies":[{"name":"wp","href":"https:\/\/api.w.org\/{rel}","templated":true}]}}