{"id":50,"date":"2014-11-25T00:00:00","date_gmt":"2014-11-25T02:00:00","guid":{"rendered":"https:\/\/www3.unicentro.br\/ppgf\/calendario\/"},"modified":"2025-12-15T14:07:07","modified_gmt":"2025-12-15T17:07:07","slug":"calendario","status":"publish","type":"page","link":"https:\/\/www3.unicentro.br\/ppgf\/proposta-curricular\/calendario\/","title":{"rendered":"Calend\u00e1rio 2026"},"content":{"rendered":"<div class=\"wpb-content-wrapper\"><p>[vc_row][vc_column][vc_column_text css=&#8221;&#8221;]<a href=\"https:\/\/www3.unicentro.br\/ppgf\/wp-content\/uploads\/sites\/96\/2025\/12\/Quadro-de-Horario-1\u00b0-Semestre-2026.pdf\">Quadro de Disciplinas PPGF &#8211; 1\u00b0 Semestre 2026<\/a><\/p>\n<p>Quadro de Hor\u00e1rios PPGF &#8211; 2\u00b0 semestre 2026[\/vc_column_text][vc_single_image image=&#8221;2125&#8243; img_size=&#8221;2000&#215;500&#8243; css_animation=&#8221;left-to-right&#8221;][vc_column_text css=&#8221;&#8221;]<\/p>\n<p><span style=\"font-size: 14pt\"><strong><span style=\"font-family: arial, helvetica, sans-serif\">1\u00ba Semestre 2026:<\/span><\/strong><\/span><\/p>\n<p><span style=\"font-family: arial, helvetica, sans-serif;font-size: 14pt\">-Matr\u00edcula para ingressantes:<strong> 25\/02\/2026<\/strong><\/span><\/p>\n<p><span style=\"font-family: arial, helvetica, sans-serif;font-size: 14pt\">-Rematr\u00edcula para veteranos: <strong>19 e 20\/02\/2025.<\/strong><\/span><\/p>\n<p><span style=\"font-family: arial, helvetica, sans-serif;font-size: 14pt\">-Per\u00edodo de aulas: <b>02\/03\/2026 a 11\/07\/2026<\/b><\/span><\/p>\n<p><span style=\"font-family: arial, helvetica, sans-serif;font-size: 14pt\">-Entrega do relat\u00f3rio semestral referente \u00e0s atividades do semestre 2\/2025: <strong>um m\u00eas ap\u00f3s a data da matr\u00edcula<\/strong><\/span><\/p>\n<p><span style=\"font-size: 14pt\"><strong><span style=\"font-family: arial, helvetica, sans-serif\">2\u00ba Semestre 2026:<\/span><\/strong><\/span><\/p>\n<p><span style=\"font-family: arial, helvetica, sans-serif;font-size: 14pt\">-Matr\u00edcula para ingressantes:<strong> Conforme Edital de resultado final e convoca\u00e7\u00e3o para matr\u00edcula<\/strong><\/span><\/p>\n<p><span style=\"font-family: arial, helvetica, sans-serif;font-size: 14pt\">-Rematr\u00edcula para veteranos: <strong>20 e 21\/07\/2026<\/strong><\/span><\/p>\n<p><span style=\"font-family: arial, helvetica, sans-serif;font-size: 14pt\">-Per\u00edodo de aulas:<strong> 27\/07\/2026 a 11\/12\/2026<\/strong><\/span><\/p>\n<p><span style=\"font-family: arial, helvetica, sans-serif;font-size: 14pt\">-Entrega do relat\u00f3rio semestral referente \u00e0s atividades do semestre 1\/2026: <strong>um m\u00eas ap\u00f3s a data da matr\u00edcula<\/strong><\/span><\/p>\n<p>[\/vc_column_text][\/vc_column][\/vc_row]<\/p>\n<\/div>","protected":false},"excerpt":{"rendered":"<p>[vc_row][vc_column][vc_column_text css=&#8221;&#8221;]Quadro de Disciplinas PPGF &#8211; 1\u00b0 Semestre 2026 Quadro de Hor\u00e1rios PPGF &#8211; 2\u00b0 semestre 2026[\/vc_column_text][vc_single_image image=&#8221;2125&#8243; img_size=&#8221;2000&#215;500&#8243; css_animation=&#8221;left-to-right&#8221;][vc_column_text css=&#8221;&#8221;] 1\u00ba Semestre 2026: -Matr\u00edcula para ingressantes: 25\/02\/2026 -Rematr\u00edcula para veteranos: 19 e 20\/02\/2025. -Per\u00edodo de aulas: 02\/03\/2026 a 11\/07\/2026 -Entrega do relat\u00f3rio semestral referente \u00e0s atividades do semestre 2\/2025: um m\u00eas ap\u00f3s a data [&hellip;]<\/p>\n","protected":false},"author":3,"featured_media":0,"parent":749,"menu_order":0,"comment_status":"closed","ping_status":"closed","template":"","meta":{"_exactmetrics_skip_tracking":false,"_exactmetrics_sitenote_active":false,"_exactmetrics_sitenote_note":"","_exactmetrics_sitenote_category":0,"footnotes":"","_links_to":"","_links_to_target":""},"class_list":["post-50","page","type-page","status-publish","hentry"],"_links":{"self":[{"href":"https:\/\/www3.unicentro.br\/ppgf\/wp-json\/wp\/v2\/pages\/50","targetHints":{"allow":["GET"]}}],"collection":[{"href":"https:\/\/www3.unicentro.br\/ppgf\/wp-json\/wp\/v2\/pages"}],"about":[{"href":"https:\/\/www3.unicentro.br\/ppgf\/wp-json\/wp\/v2\/types\/page"}],"author":[{"embeddable":true,"href":"https:\/\/www3.unicentro.br\/ppgf\/wp-json\/wp\/v2\/users\/3"}],"replies":[{"embeddable":true,"href":"https:\/\/www3.unicentro.br\/ppgf\/wp-json\/wp\/v2\/comments?post=50"}],"version-history":[{"count":3,"href":"https:\/\/www3.unicentro.br\/ppgf\/wp-json\/wp\/v2\/pages\/50\/revisions"}],"predecessor-version":[{"id":5457,"href":"https:\/\/www3.unicentro.br\/ppgf\/wp-json\/wp\/v2\/pages\/50\/revisions\/5457"}],"up":[{"embeddable":true,"href":"https:\/\/www3.unicentro.br\/ppgf\/wp-json\/wp\/v2\/pages\/749"}],"wp:attachment":[{"href":"https:\/\/www3.unicentro.br\/ppgf\/wp-json\/wp\/v2\/media?parent=50"}],"curies":[{"name":"wp","href":"https:\/\/api.w.org\/{rel}","templated":true}]}}