{"id":39,"date":"2014-11-25T00:00:00","date_gmt":"2014-11-25T02:00:00","guid":{"rendered":"https:\/\/www3.unicentro.br\/ppgf\/projetos-de-pesquisa\/"},"modified":"2025-12-17T16:53:37","modified_gmt":"2025-12-17T19:53:37","slug":"projetos-de-pesquisa","status":"publish","type":"page","link":"https:\/\/www3.unicentro.br\/ppgf\/projetos-e-dissertacoes\/projetos-de-pesquisa\/","title":{"rendered":"Projetos de Pesquisa"},"content":{"rendered":"<p><span style=\"font-size: 18px\"><strong>Mestrado 2025<\/strong><\/span><\/p>\n<p style=\"text-align: justify\">Ana Flavia Piskor da Silva<br \/>\nOrientador: Dr. \u00c9verton Hillig<br \/>\nCoorientador:Dr. Jos\u00e9 Guilherme Prata<br \/>\nProjeto: PROPRIEDADES DE PAIN\u00c9IS EGP E MOLDURAS PRODUZIDOS COM MADEIRA DE PINUS DE DIFERENTES CLASSES DE QUALIDADE<\/p>\n<p>Alan da Silva Boeira<br \/>\nOrientadora: Dra. Fabiane Aparecida Restslaff Guimar\u00e3es<br \/>\nCoorientador:<br \/>\nProjeto:<\/p>\n<p style=\"text-align: justify\">Diego Henrique Brandalize<br \/>\nOrientador: Dra. K\u00e1tia Cylen Lombardi<br \/>\nCoorientadora: Prof\u00aa. Dr\u00aa. Kelly Geronazzo Martins<br \/>\nProjeto: INTERA\u00c7\u00c3O INICIAL ENTRE BRACATINGA (Mimosa scabrella Benth.) E O SOLO SOB DOSES DE F\u00d3SFORO E POT\u00c1SSIO<\/p>\n<p style=\"text-align: justify\">Eduarda Alves da Luz<br \/>\nOrientador: Dr. Rog\u00e9rio Bobrowski<br \/>\nCoorientador:<br \/>\nProjeto:<\/p>\n<p>Gustavo Sim\u00e3o Rabelo<br \/>\nOrientador: Dr. Afonso Figueiredo Filho<br \/>\nCoorientadoras: Prof\u00aa. Dr\u00aa. Ximena Mendes de Oliveira, \u00a0Prof\u00aa. Dr\u00aa. Fabiane Aparecida Retslaff Guimar\u00e3es<br \/>\nProjeto: DIN\u00c2MICA FLORESTAL P\u00d3S-MANEJO SUSTENT\u00c1VEL: AVALIA\u00c7\u00c3O DA RECUPERA\u00c7\u00c3O E RISCO DE ESP\u00c9CIES COMERCIAIS NA AMAZ\u00d4NIA CENTRAL<\/p>\n<p>Luiz Felipe Crissi Knuppel<br \/>\nOrientador: Dr. \u00c9verton Hillig<br \/>\nCoorientador: Prof Dr\u00ba. Luciano Farinha Prof Dr\u00ba. Luciano Farinha Watzlawick<br \/>\nProjeto: PROPRIEDADES F\u00cdSICO-MEC\u00c2NICAS DE MADEIRA LAMELADA COLADA DE PINUS<\/p>\n<p>Marco Antonio Bento<br \/>\nOrientador: Dr. Afonso Figueiredo Filho<br \/>\nCoorientador:<br \/>\nProjeto: DIN\u00c2MICA ESPA\u00c7O-TEMPORAL DA COMUNIDADE ARB\u00d3REA EM FRAGMENTOS DE FLORESTA OMBR\u00d3FILA MISTA<\/p>\n<p>Marina Aparecida Pires<br \/>\nOrientadora: Prof\u00aa. Dr\u00aa. Kelly Geronazzo Martins<br \/>\nCoorientador:<br \/>\nProjeto: ASPECTOS DA CICLAGEM DE NUTRIENTES EM FLORESTA OMBR\u00d3FILA MISTA: RELA\u00c7\u00d5ES COM QUALIDADE DO AR E MICROCLIMA<\/p>\n<p>Matheus Silva Monteiro<br \/>\nOrientadora: Prof\u00aa. Dr\u00aa. K\u00e1tia Cylen Lombardi<br \/>\nCoorientador:<br \/>\nProjeto<\/p>\n<p><span style=\"font-size: 18px\"><strong>Doutorado 2025<\/strong><\/span><\/p>\n<p>Jonathan Matheus dos Santos<br \/>\nOrientador: Dr. Rog\u00e9rio Bobrowski<br \/>\nCoorientador: Dr.<br \/>\nProjeto: IMPACTOS DA JUSTI\u00c7A SOCIOAMBIENTAL E DAS MUDAN\u00c7AS CLIM\u00c1TICAS NA SA\u00daDE P\u00daBLICA NO SUL DO BRASIL: AVALIA\u00c7\u00c3O MULTIDIMENSIONAL E MODELAGEM CLIM\u00c1TICA<\/p>\n<p>Eduardo Luiz Costa Tobias Pinto<br \/>\nOrientador: Dr. Fabricio William de \u00c1vila<br \/>\nCoorientador: Dr.<br \/>\nProjeto: <span style=\"font-weight: 400\">APLICA\u00c7\u00c3O DE BACT\u00c9RIAS DO SOLO, FERTILIZANTE MINERAL E DOSES DE GESSO AGR\u00cdCOLA NA <\/span><span style=\"font-weight: 400\">PRODU\u00c7\u00c3O DE ERVA-MATE (ILEX PARAGUARIENSIS A. ST. HIL.).<\/span><\/p>\n<p>Antonio Carlos Muchau Junior<br \/>\nOrientador: Dr. Fabiana Schmidt Bandeira Peres<br \/>\nCoorientador: Dr.<br \/>\nProjeto:<\/p>\n<p>&nbsp;<\/p>\n<p><span style=\"font-size: 18px\"><strong>Mestrado 2024<\/strong><\/span><\/p>\n<p>Ana Carolina Ianesko<br \/>\nOrientador: Dr. Eduardo da Silva Lopes<br \/>\nCoorientador: Dr.<br \/>\nProjeto: <span style=\"font-weight: 400\">USO DA TERMOGRAFIA INFRAVERMELHA NO DIAGN\u00d3STICO DA CARGA MUSCULAR EM OPERADORES DE M\u00c1QUINAS FLORESTAIS.<\/span><\/p>\n<p>Carla Mayra Gon\u00e7alves Schausteck<br \/>\nOrientador: Dr. Eduardo da Silva Lopes<br \/>\nCoorientador: Dr.<br \/>\nProjeto: <span style=\"font-weight: 400\">EFEITO DAS VIBRA\u00c7\u00d5ES MEC\u00c2NICAS NOS POSTOS DE TRABALHO DE M\u00c1QUINAS NA COLHEITA DE MADEIRA NO SISTEMA FULL TREE<\/span><\/p>\n<p>Daiane Aparecida Thiopek Kazmierski<br \/>\nOrientador: Dr. Fabiana Schmidt Bandeira Peres<br \/>\nCoorientador: Dr.<br \/>\nProjeto: <span style=\"font-weight: 400\">MICROPROPAGA\u00c7\u00c3O DE PINUS SPP. EM DIFERENTES MEIOS NUTRITIVOS, DIODOS DE EMISS\u00c3O DE LUZ E AGENTES BIOL\u00d3GICOS.<\/span><\/p>\n<p>Francisco de Assis de Lima Junior<br \/>\nOrientador: Dr. Rog\u00e9rio Bobrowski<br \/>\nCoorientador: Dr.<br \/>\nProjeto: <span style=\"font-weight: 400\">EFEITOS DA QUALIDADE DAS \u00c1REAS VERDES URBANAS E DA PERCEP\u00c7\u00c3O POPULAR SOBRE A REGRA 3-30-300<\/span><\/p>\n<p>Jo\u00e3o Henrique de Lara<br \/>\nOrientador: Dr. Paulo costa de Oliveira Filho<br \/>\nCoorientador: Dr.<br \/>\nProjeto: <span style=\"font-weight: 400\">ESTIMATIVA DE BIOMASSA A\u00c9REA DE ARAUCARIA ANGUSTIFOLIA COM O USO DE IMAGENS DO WORLDVIEW-2 E UTILIZANDO T\u00c9CNICAS DE MACHINE LEARNING<\/span><\/p>\n<p>Jos\u00e9 Eduardo Gach<br \/>\nOrientador: Dr. Fabiana Schmidt Bandeira Peres<br \/>\nCoorientador: Dr.<br \/>\nProjeto: MACROPROPAGA\u00c7\u00c3O, VIABILIDADE DE SEMENTES E AVALIA\u00c7\u00c3O NUTRICIONAL DE Campomanesia xanthocarpa Mart. ex O. Berg.<\/p>\n<p>Luis Felipe Gelinsk Sabatovicz<br \/>\nOrientador: Dr. Afonso Figueiredo Filho<br \/>\nCoorientador: Dr.<br \/>\nProjeto: MODELAGEM DA BIOMASSA FLORESTAL COM MACHINE LEARNING UTILIZANDO DADOS LIDAR<\/p>\n<p>Valentina Desiree Norberta Martinazzi<br \/>\nOrientador: Dr. Rog\u00e9rio Bobrowski<br \/>\nCoorientador: Dr.<br \/>\nProjeto: METODOLOGIA DE MANEJO PARA ACELERAR O CRESCIMENTO DE MUDAS DE IP\u00ca-ROXO Handroanthus heptaphyllus (Vell.) Mattos EM VIVEIRO<\/p>\n<p><span style=\"font-size: 18px\"><strong>Doutorado 2024<\/strong><\/span><\/p>\n<p>&nbsp;<\/p>\n<p>Leonardo Heraki<br \/>\nOrientador: Dr. Paulo Costa de Oliveira Filho<br \/>\nCoorientador: Dr.<br \/>\nProjeto: <span style=\"font-weight: 400\">MODELOS DE DEEP LEARNING E MACHINE LEARNING INTEGRADOS A DADOS REMOTOS PARA ESTIMATIVA DO ESTOQUE DE CARBONO EM FLORESTAS.<\/span><\/p>\n<p>Ronier Felipe da Silva Oliveira<br \/>\nOrientador: Dr. Eduardo da Silva Lopes<br \/>\nCoorientador: Dr.<br \/>\nProjeto: <span style=\"font-weight: 400\">SISTEMAS DE COLHEITA EM MANEJO SELETIVO DE UVA DO JAP\u00c3O (HOVENIA DULCIS THUNB.) EM REMANESCENTES DE FLORESTA OMBR\u00d3FILA MISTA NO CENTRO -SUL DO PARAN\u00c1<\/span><\/p>\n<p>Larissa de Oliveira Ramos<br \/>\nOrientador: Dr. Afonso Figueiredo Filho<br \/>\nCoorientador: Dr.<br \/>\nProjeto: SIMULA\u00c7\u00d5ES DE ESTRAT\u00c9GIAS DE MANEJO SUSTENT\u00c1VEL EM FLORESTA COM ARAUC\u00c1RIA E SEUS IMPACTOS NA CONSERVA\u00c7\u00c3O DA BIODIVERSIDADE E MUDAN\u00c7AS CLIM\u00c1TICAS.<\/p>\n<p>Amanda de Mesquita Gon\u00e7alves<br \/>\nOrientador: Dr. Rog\u00e9rio Bobrowski<br \/>\nCoorientador: Dr.<br \/>\nProjeto: <span style=\"font-weight: 400\">SERVI\u00c7OS ECOSSIST\u00caMICOS EM \u00c1REAS VERDES URBANAS: UMA AN\u00c1LISE DOS PADR\u00d5ES DE QUALIDADE E JUSTI\u00c7A DE ACESSO<\/span><\/p>\n<p>&nbsp;<\/p>\n<p><span style=\"font-size: 18px\"><strong>Doutorado 2023<\/strong><\/span><\/p>\n<p>Ant\u00f4nio Alberto da Costa Neto<br \/>\nOrientador: Dr. Paulo Costa de Oliveira Filho<br \/>\nCoorientador: Dr. Vagner Alex Pesck<br \/>\nProjeto: INFLU\u00caNCIA DA RESOLU\u00c7\u00c3O ESPACIAL DE IMAGENS NO MAPEAMENTO DE \u00c1REAS DE PRESERVA\u00c7\u00c3O PERMANENTE DESMATADAS PARA DEFLAGRA\u00c7\u00c3O DE MULTA.<\/p>\n<p style=\"text-align: justify\">Jhenifer Spliethoff<br \/>\nOrientador: Dr. Paulo Costa de Oliveira Filho<br \/>\nCoorientadoras: Dra. Juliana De Couto e Dra. Kelly Geronazzo Martins<br \/>\nProjeto: INTERFER\u00caNCIA DAS BARREIRAS VERTICAIS VERDES COMO ATENUADORAS DO RU\u00cdDO AMBIENTAL.<\/p>\n<p>Milayne Lopes Rickli<br \/>\nOrientador: Dr. Afonso Figueredo Filho<br \/>\nCoorientadora: Dra. Fabiane Aparecida Restslaff Guimar\u00e3es<br \/>\nProjeto: ALTERNATIVAS DE RENDA NOS SISTEMAS DE CULTIVO DE ERVA-MATE COMO ESTR\u00c1TEGIA DE CONSERVA\u00c7\u00c3O DA FLORESTA OMBR\u00d3FILA MISTA.<\/p>\n<p>Sidnei Ant\u00f4nio Crovador J\u00fanior<br \/>\nOrientador: Dr. Rog\u00e9rio Bobrowski<br \/>\nCoorientador: Dr. Paulo Roberto da Silva<br \/>\nProjeto: INFLU\u00caNCIA DA RUGOSIDADE DA PAISAGEM URBANA NA CONSERVA\u00c7\u00c3O, GEN\u00c9TICA E RISCO DE QUEDA DA <em>Araucaria angustif\u00f3lia<\/em> (Bertol.) Kuntze.<\/p>\n<p>&nbsp;<\/p>\n<p><span style=\"font-size: 18px\"><strong>Doutorado 2022<\/strong><\/span><\/p>\n<p>Mariane Bueno de Camargo<br \/>\nOrientador: Dra. Daniele Ukan<br \/>\nCoorientadora:<br \/>\nProjeto: AVALIA\u00c7\u00c3O DOS IMPACTOS DAS MUDAN\u00c7AS CLIM\u00c1TICAS ASSOCIADO \u00c0 DIN\u00c2MICA POPULACIONAL DE Sirex noctilio Fabricius (Hymenoptera Siricidae) EM PLANTIOS DE FLORESTAIS NA REGI\u00c3O SUL DO BRASIL<\/p>\n<p>\u00c9lisson Girardi<br \/>\nOrientador: Dr. Fabr\u00edcio William de \u00c1vila<br \/>\nCoorientadoras: Dra. Katia Cylene Lombardi e Dra. Daniele Ukan<br \/>\nProjeto: AVALIA\u00c7\u00c3O DO CRESCIMENTO DE MUDAS DE ERVA MATE PROVENIENTES DE CLONE E SEMENTES COM USO DE BIOCHAR COM ESTRESS HIDRICO E ADUBA\u00c7\u00c3O DE COBERTURAE EM DIFERENTES IDADES DE TRANSPLANTIO.<\/p>\n<p>Javan Pereira Motta<br \/>\nOrientador: Dr. \u00c9verton Hillig<br \/>\nCoorientador: Dr. Jorge Luis Monteiro Matos<br \/>\nProjeto: QUALIDADE DA MADEIRA SERRADA DO Eucalyptus dunnii DE DUAS IDADES VISANDO PRODUTOS DE CONSTRU\u00c7\u00c3O.<\/p>\n<p>Luciene Regina Leineker<br \/>\nOrientador: Dr. Fl\u00e1vio Augusto de Oliveira Garcia<br \/>\nCoorientador:<br \/>\nProjeto: PREDI\u00c7\u00c3O DA OCORR\u00caNCIA DE Teratosphaeria destructans COMO PAT\u00d3GENO DE Eucalyptus spp. NO PARAN\u00c1, BRASIL.<\/p>\n<p>Andressa Vitoria Xavier Barbosa<br \/>\nOrientador: Dr. \u00c9verton Hillig<br \/>\nCoorientadores: Dr. Victor Fassina Brocco e Dr. Ignacio Bobadilha Maldonado<br \/>\nProjeto: VALORIZA\u00c7\u00c3O DA MADEIRA DE Piptadenia suaveolens, POR MEIO DA AN\u00c1LISE DE SUAS PROPRIEDADES PARA USO M\u00daLTIPLO.<\/p>\n<p>Mariane Bueno de Camargo<br \/>\nOrientador: Dra. Daniela Ukan<br \/>\nCoorientadora:<br \/>\nProjeto: AVALIA\u00c7\u00c3O DOS IMPACTOS DAS MUDAN\u00c7AS CLIM\u00c1TICAS ASSCOCIADO \u00c0 DINAMICA POPULACIONAL DE Sirex noctilio Fabricius (Hymenoptera, Siricidae) EM PLANTIOS FLORESTAIS NA REGI\u00c3O SUL DO BRASIL.<\/p>\n<p>Carla Fernanda Mussio<br \/>\nOrientadora: Dr. Afonso Figueiredo Filho<br \/>\nCoorientadores:<br \/>\nProjeto: CATEGORIZA\u00c7\u00c3O FUNCIONAL E ESTOQUE DE CARBONO EM FLORESTA REGENERADA SOB DOSSEL DE ARAUCARIA ANGUSTIFOLIA<\/p>\n<p>Erick Chagas Mustefaga<br \/>\nOrientador: Dr. \u00c9verton Hillig<br \/>\nCoorientadora:<br \/>\nProjeto: PAIN\u00c9IS H\u00cdBRIDOS COM MADEIRA DE PINUS REVESTIDOS COM FIBRA DE CARBONO.<\/p>\n<p>Patr\u00edcio Rinaldo dos Santos<br \/>\nOrientador: Dr. Fabr\u00edcio William de \u00c1vila<br \/>\nCoorientadores: Dra. K\u00e1tia Cylene Lombardi e Dr. Thieres George Freire da Silva<br \/>\nProjeto: Prosopis juliflora (Sw.) DC: MAPEAMENTO, EFEITO F\u00cdSICO-QU\u00cdMICO NO SOLO E VERMICOMPOSTAGEM PARA NUTRI\u00c7\u00c3O DE PLANTAS NO SEMI\u00c1RIDO BRASILEIRO.<\/p>\n","protected":false},"excerpt":{"rendered":"<p>Mestrado 2025 Ana Flavia Piskor da Silva Orientador: Dr. \u00c9verton Hillig Coorientador:Dr. Jos\u00e9 Guilherme Prata Projeto: PROPRIEDADES DE PAIN\u00c9IS EGP E MOLDURAS PRODUZIDOS COM MADEIRA DE PINUS DE DIFERENTES CLASSES DE QUALIDADE Alan da Silva Boeira Orientadora: Dra. Fabiane Aparecida Restslaff Guimar\u00e3es Coorientador: Projeto: Diego Henrique Brandalize Orientador: Dra. K\u00e1tia Cylen Lombardi Coorientadora: Prof\u00aa. Dr\u00aa. [&hellip;]<\/p>\n","protected":false},"author":3,"featured_media":0,"parent":125,"menu_order":0,"comment_status":"closed","ping_status":"closed","template":"","meta":{"_exactmetrics_skip_tracking":false,"_exactmetrics_sitenote_active":false,"_exactmetrics_sitenote_note":"","_exactmetrics_sitenote_category":0,"footnotes":"","_links_to":"","_links_to_target":""},"class_list":["post-39","page","type-page","status-publish","hentry"],"_links":{"self":[{"href":"https:\/\/www3.unicentro.br\/ppgf\/wp-json\/wp\/v2\/pages\/39","targetHints":{"allow":["GET"]}}],"collection":[{"href":"https:\/\/www3.unicentro.br\/ppgf\/wp-json\/wp\/v2\/pages"}],"about":[{"href":"https:\/\/www3.unicentro.br\/ppgf\/wp-json\/wp\/v2\/types\/page"}],"author":[{"embeddable":true,"href":"https:\/\/www3.unicentro.br\/ppgf\/wp-json\/wp\/v2\/users\/3"}],"replies":[{"embeddable":true,"href":"https:\/\/www3.unicentro.br\/ppgf\/wp-json\/wp\/v2\/comments?post=39"}],"version-history":[{"count":3,"href":"https:\/\/www3.unicentro.br\/ppgf\/wp-json\/wp\/v2\/pages\/39\/revisions"}],"predecessor-version":[{"id":5531,"href":"https:\/\/www3.unicentro.br\/ppgf\/wp-json\/wp\/v2\/pages\/39\/revisions\/5531"}],"up":[{"embeddable":true,"href":"https:\/\/www3.unicentro.br\/ppgf\/wp-json\/wp\/v2\/pages\/125"}],"wp:attachment":[{"href":"https:\/\/www3.unicentro.br\/ppgf\/wp-json\/wp\/v2\/media?parent=39"}],"curies":[{"name":"wp","href":"https:\/\/api.w.org\/{rel}","templated":true}]}}