{"id":38,"date":"2014-11-25T00:00:00","date_gmt":"2014-11-25T02:00:00","guid":{"rendered":"https:\/\/www3.unicentro.br\/ppgf\/contato\/"},"modified":"2025-11-24T16:24:58","modified_gmt":"2025-11-24T19:24:58","slug":"contato","status":"publish","type":"page","link":"https:\/\/www3.unicentro.br\/ppgf\/contato\/","title":{"rendered":"Contato"},"content":{"rendered":"<div class=\"wpb-content-wrapper\"><p>[vc_row][vc_column width=&#8221;1\/2&#8243;][vc_column_text css=&#8221;&#8221;]<strong>Programa de P\u00f3s-Gradua\u00e7\u00e3o em Ci\u00eancias Florestais<\/strong><br \/>\nDepartamento de Engenharia Florestal<br \/>\nUniversidade Estadual do Centro-Oeste (Unicentro)<\/p>\n<p>Rua Professora Maria Roza Zanon de Almeida<br \/>\nCEP 84505-677 &#8211; Irati &#8211; PR<br \/>\nBairro Engenheiro Gutierrez<\/p>\n<p>Secretaria do Programa<br \/>\nTelefone e WhatsApp: (42) 3421 3201<br \/>\nE-mail: <a href=\"mailto:mestradofloresta@irati.unicentro.br\">ppgf@unicentro.br<\/a><\/p>\n<hr \/>\n<p>[\/vc_column_text][vc_column_text]<a href=\"https:\/\/www.facebook.com\/programadeposgraduacaoemcienciasflorestais\"><img loading=\"lazy\" decoding=\"async\" class=\"alignnone wp-image-2826\" src=\"https:\/\/www3.unicentro.br\/ppgf\/wp-content\/uploads\/sites\/96\/2022\/08\/8efb55e9efc12eb11bedf41caa7f33bb-e1660744206968-150x150.png\" alt=\"\" width=\"50\" height=\"50\" srcset=\"https:\/\/www3.unicentro.br\/ppgf\/wp-content\/uploads\/sites\/96\/2022\/08\/8efb55e9efc12eb11bedf41caa7f33bb-e1660744206968-150x150.png 150w, https:\/\/www3.unicentro.br\/ppgf\/wp-content\/uploads\/sites\/96\/2022\/08\/8efb55e9efc12eb11bedf41caa7f33bb-e1660744206968-300x300.png 300w, https:\/\/www3.unicentro.br\/ppgf\/wp-content\/uploads\/sites\/96\/2022\/08\/8efb55e9efc12eb11bedf41caa7f33bb-e1660744206968-50x50.png 50w, https:\/\/www3.unicentro.br\/ppgf\/wp-content\/uploads\/sites\/96\/2022\/08\/8efb55e9efc12eb11bedf41caa7f33bb-e1660744206968-80x80.png 80w, https:\/\/www3.unicentro.br\/ppgf\/wp-content\/uploads\/sites\/96\/2022\/08\/8efb55e9efc12eb11bedf41caa7f33bb-e1660744206968-263x263.png 263w, https:\/\/www3.unicentro.br\/ppgf\/wp-content\/uploads\/sites\/96\/2022\/08\/8efb55e9efc12eb11bedf41caa7f33bb-e1660744206968-100x100.png 100w, https:\/\/www3.unicentro.br\/ppgf\/wp-content\/uploads\/sites\/96\/2022\/08\/8efb55e9efc12eb11bedf41caa7f33bb-e1660744206968-255x256.png 255w, https:\/\/www3.unicentro.br\/ppgf\/wp-content\/uploads\/sites\/96\/2022\/08\/8efb55e9efc12eb11bedf41caa7f33bb-e1660744206968.png 412w\" sizes=\"auto, (max-width: 50px) 100vw, 50px\" \/><\/a>\u00a0 \u00a0<a href=\"https:\/\/api.whatsapp.com\/send?phone=554234213201&amp;text=Link%3A%0Ahttps%3A%2F%2Ffb.me%2F9bIqhJRAb%0A%0AVi%20isso%20no%20Facebook...&amp;source_url=https%3A%2F%2Ffb.me%2F9bIqhJRAb&amp;icebreaker=Vi%20isso%20no%20Facebook...&amp;app=facebook&amp;entry_point=post_cta&amp;jid=554234213201%40s.whatsapp.net&amp;show_keyboard=1&amp;context=AWDZjs7wjoMwaevwIW9QKXA10xjTkEKqEzARnPevKitqApKOzDCGjLJU9tDlX5oWgbtM7Km76QONrRMNXlhDsjubjKzqNDssgXNzKjZKguo61dg_h-PBszwOMHca6n4hlIpRIJwBZTb7UeOe1PELjT0jmpXCx4EV40C7UIt1bm489TsThuNBN5BJaYPRqBf4WPPN5jFvfmuJEuV4PZZhlei5tBk0W532GW5nz_Bodka5yR777MuAM8zZQwFJ13IgRVeizyAGt5-Go7x71FpjR_rJE6Kd6bGqkap6GGB4bdy5pcEAvGOYmiS_FQzVPIlkCNJ677WeFKaYd2kcyFgUeKJjWrNwMU_x5n8z9QZTqQ9X6CbWJ9Dk79ULBhJNeunjcDc2U7qABhMx43GlTHOfj602uh5YMtbQtE2bg023QIpSj04&amp;fbclid=IwAR0C7ShAI3-_dK4kCMUmbWuCHwpV0ToSPO-jxBfLoRrOdSpnO4LXA-IgGkU\"><img loading=\"lazy\" decoding=\"async\" class=\"alignnone wp-image-2713\" src=\"https:\/\/www3.unicentro.br\/ppgf\/wp-content\/uploads\/sites\/96\/2022\/07\/png-transparent-computer-icons-whatsapp-whatsapp-text-trademark-logo-removebg-preview-150x150.png\" alt=\"\" width=\"50\" height=\"50\" srcset=\"https:\/\/www3.unicentro.br\/ppgf\/wp-content\/uploads\/sites\/96\/2022\/07\/png-transparent-computer-icons-whatsapp-whatsapp-text-trademark-logo-removebg-preview-150x150.png 150w, https:\/\/www3.unicentro.br\/ppgf\/wp-content\/uploads\/sites\/96\/2022\/07\/png-transparent-computer-icons-whatsapp-whatsapp-text-trademark-logo-removebg-preview-300x300.png 300w, https:\/\/www3.unicentro.br\/ppgf\/wp-content\/uploads\/sites\/96\/2022\/07\/png-transparent-computer-icons-whatsapp-whatsapp-text-trademark-logo-removebg-preview-50x50.png 50w, https:\/\/www3.unicentro.br\/ppgf\/wp-content\/uploads\/sites\/96\/2022\/07\/png-transparent-computer-icons-whatsapp-whatsapp-text-trademark-logo-removebg-preview-80x80.png 80w, https:\/\/www3.unicentro.br\/ppgf\/wp-content\/uploads\/sites\/96\/2022\/07\/png-transparent-computer-icons-whatsapp-whatsapp-text-trademark-logo-removebg-preview-263x263.png 263w, https:\/\/www3.unicentro.br\/ppgf\/wp-content\/uploads\/sites\/96\/2022\/07\/png-transparent-computer-icons-whatsapp-whatsapp-text-trademark-logo-removebg-preview-100x100.png 100w, https:\/\/www3.unicentro.br\/ppgf\/wp-content\/uploads\/sites\/96\/2022\/07\/png-transparent-computer-icons-whatsapp-whatsapp-text-trademark-logo-removebg-preview-255x255.png 255w, https:\/\/www3.unicentro.br\/ppgf\/wp-content\/uploads\/sites\/96\/2022\/07\/png-transparent-computer-icons-whatsapp-whatsapp-text-trademark-logo-removebg-preview.png 500w\" sizes=\"auto, (max-width: 50px) 100vw, 50px\" \/><\/a>[\/vc_column_text][\/vc_column][vc_column width=&#8221;1\/2&#8243;]\n<div class=\"wpcf7 no-js\" id=\"wpcf7-f10-o1\" lang=\"pt-BR\" dir=\"ltr\" data-wpcf7-id=\"10\">\n<div class=\"screen-reader-response\"><p role=\"status\" aria-live=\"polite\" aria-atomic=\"true\"><\/p> <ul><\/ul><\/div>\n<form action=\"\/ppgf\/wp-json\/wp\/v2\/pages\/38#wpcf7-f10-o1\" method=\"post\" class=\"wpcf7-form init\" aria-label=\"Formul\u00e1rios de contato\" novalidate=\"novalidate\" data-status=\"init\">\n<fieldset class=\"hidden-fields-container\"><input type=\"hidden\" name=\"_wpcf7\" value=\"10\" \/><input type=\"hidden\" name=\"_wpcf7_version\" value=\"6.1.5\" \/><input type=\"hidden\" name=\"_wpcf7_locale\" value=\"pt_BR\" \/><input type=\"hidden\" name=\"_wpcf7_unit_tag\" value=\"wpcf7-f10-o1\" \/><input type=\"hidden\" name=\"_wpcf7_container_post\" value=\"0\" \/><input type=\"hidden\" name=\"_wpcf7_posted_data_hash\" value=\"\" \/><input type=\"hidden\" name=\"_wpcf7_recaptcha_response\" value=\"\" \/>\n<\/fieldset>\n<p><label> Seu nome (obrigat\u00f3rio)<br \/>\n<span class=\"wpcf7-form-control-wrap\" data-name=\"your-name\"><input size=\"40\" maxlength=\"400\" class=\"wpcf7-form-control wpcf7-text wpcf7-validates-as-required\" aria-required=\"true\" aria-invalid=\"false\" value=\"\" type=\"text\" name=\"your-name\" \/><\/span> <\/label>\n<\/p>\n<p><label> Seu e-mail (obrigat\u00f3rio)<br \/>\n<span class=\"wpcf7-form-control-wrap\" data-name=\"your-email\"><input size=\"40\" maxlength=\"400\" class=\"wpcf7-form-control wpcf7-email wpcf7-validates-as-required wpcf7-text wpcf7-validates-as-email\" aria-required=\"true\" aria-invalid=\"false\" value=\"\" type=\"email\" name=\"your-email\" \/><\/span> <\/label>\n<\/p>\n<p><label> Assunto<br \/>\n<span class=\"wpcf7-form-control-wrap\" data-name=\"your-subject\"><input size=\"40\" maxlength=\"400\" class=\"wpcf7-form-control wpcf7-text\" aria-invalid=\"false\" value=\"\" type=\"text\" name=\"your-subject\" \/><\/span> <\/label>\n<\/p>\n<p><label> Sua mensagem<br \/>\n<span class=\"wpcf7-form-control-wrap\" data-name=\"your-message\"><textarea cols=\"40\" rows=\"10\" maxlength=\"2000\" class=\"wpcf7-form-control wpcf7-textarea\" aria-invalid=\"false\" name=\"your-message\"><\/textarea><\/span> <\/label>\n<\/p>\n<p><input class=\"wpcf7-form-control wpcf7-submit has-spinner\" type=\"submit\" value=\"Enviar\" \/>\n<\/p><p style=\"display: none !important;\" class=\"akismet-fields-container\" data-prefix=\"_wpcf7_ak_\"><label>&#916;<textarea name=\"_wpcf7_ak_hp_textarea\" cols=\"45\" rows=\"8\" maxlength=\"100\"><\/textarea><\/label><input type=\"hidden\" id=\"ak_js_1\" name=\"_wpcf7_ak_js\" value=\"87\"\/><script>document.getElementById( \"ak_js_1\" ).setAttribute( \"value\", ( new Date() ).getTime() );<\/script><\/p><input type='hidden' class='wpcf7-pum' value='{\"closepopup\":false,\"closedelay\":0,\"openpopup\":false,\"openpopup_id\":0}' \/><div class=\"wpcf7-response-output\" aria-hidden=\"true\"><\/div>\n<\/form>\n<\/div>\n[\/vc_column][\/vc_row]<\/p>\n<\/div>","protected":false},"excerpt":{"rendered":"<p>[vc_row][vc_column width=&#8221;1\/2&#8243;][vc_column_text css=&#8221;&#8221;]Programa de P\u00f3s-Gradua\u00e7\u00e3o em Ci\u00eancias Florestais Departamento de Engenharia Florestal Universidade Estadual do Centro-Oeste (Unicentro) Rua Professora Maria Roza Zanon de Almeida CEP 84505-677 &#8211; Irati &#8211; PR Bairro Engenheiro Gutierrez Secretaria do Programa Telefone e WhatsApp: (42) 3421 3201 E-mail: ppgf@unicentro.br [\/vc_column_text][vc_column_text]\u00a0 \u00a0[\/vc_column_text][\/vc_column][vc_column width=&#8221;1\/2&#8243;][\/vc_column][\/vc_row]<\/p>\n","protected":false},"author":3,"featured_media":0,"parent":0,"menu_order":0,"comment_status":"closed","ping_status":"closed","template":"","meta":{"_exactmetrics_skip_tracking":false,"_exactmetrics_sitenote_active":false,"_exactmetrics_sitenote_note":"","_exactmetrics_sitenote_category":0,"footnotes":"","_links_to":"","_links_to_target":""},"class_list":["post-38","page","type-page","status-publish","hentry"],"_links":{"self":[{"href":"https:\/\/www3.unicentro.br\/ppgf\/wp-json\/wp\/v2\/pages\/38","targetHints":{"allow":["GET"]}}],"collection":[{"href":"https:\/\/www3.unicentro.br\/ppgf\/wp-json\/wp\/v2\/pages"}],"about":[{"href":"https:\/\/www3.unicentro.br\/ppgf\/wp-json\/wp\/v2\/types\/page"}],"author":[{"embeddable":true,"href":"https:\/\/www3.unicentro.br\/ppgf\/wp-json\/wp\/v2\/users\/3"}],"replies":[{"embeddable":true,"href":"https:\/\/www3.unicentro.br\/ppgf\/wp-json\/wp\/v2\/comments?post=38"}],"version-history":[{"count":2,"href":"https:\/\/www3.unicentro.br\/ppgf\/wp-json\/wp\/v2\/pages\/38\/revisions"}],"predecessor-version":[{"id":5329,"href":"https:\/\/www3.unicentro.br\/ppgf\/wp-json\/wp\/v2\/pages\/38\/revisions\/5329"}],"wp:attachment":[{"href":"https:\/\/www3.unicentro.br\/ppgf\/wp-json\/wp\/v2\/media?parent=38"}],"curies":[{"name":"wp","href":"https:\/\/api.w.org\/{rel}","templated":true}]}}