{"id":35,"date":"2014-11-25T00:00:00","date_gmt":"2014-11-25T02:00:00","guid":{"rendered":"https:\/\/www3.unicentro.br\/ppgf\/biblioteca\/"},"modified":"2022-05-30T13:36:40","modified_gmt":"2022-05-30T16:36:40","slug":"biblioteca","status":"publish","type":"page","link":"https:\/\/www3.unicentro.br\/ppgf\/infraestrutura\/biblioteca\/","title":{"rendered":"Biblioteca"},"content":{"rendered":"<div class=\"wpb-content-wrapper\"><p>[vc_row][vc_column][vc_column_text]<\/p>\n<p style=\"text-align: justify\">O PPGF tem acesso ao sistema integrado de bibliotecas da institui\u00e7\u00e3o, que possui 3 (tr\u00eas) bibliotecas principais, localizadas nos Campi de Guarapuava (Santa Cruz e Cedeteg) e Irati. A biblioteca do Campus Santa Cruz possui uma \u00e1rea total constru\u00edda de 1.338,04 m<sup>2<\/sup>, do Cedeteg possui \u00e1rea total constru\u00edda de 997,38 m<sup>2<\/sup>, enquanto a atual biblioteca de Irati possui 736,62 m<sup>2<\/sup> de \u00e1rea constru\u00edda. Entretanto, encontra-se conclu\u00edda a constru\u00e7\u00e3o a nova biblioteca para o Campus de Irati, que possuir\u00e1 uma \u00e1rea total de 2.208,5 m<sup>2<\/sup> em tr\u00eas pavimentos, com recursos de emenda parlamentar, faltando apenas ser inaugurada.<\/p>\n<p style=\"text-align: justify\">As bibliotecas da universidade possuem os seguintes acervos: cole\u00e7\u00f5es de obras de refer\u00eancia, livros, folhetos, peri\u00f3dicos, monografias, disserta\u00e7\u00f5es, teses, mapas, materiais de multim\u00eddia (DVDs e CD-Roms). O acervo das tr\u00eas bibliotecas \u00e9 de aproximadamente 109.171 t\u00edtulos e 147.108 exemplares, sendo 1.935 t\u00edtulos de peri\u00f3dicos e 41.008 fasc\u00edculos de peri\u00f3dicos. O acervo \u00e9 atualizado por meio de compras a partir de solicita\u00e7\u00f5es dos departamentos pedag\u00f3gicos e dos programas de p\u00f3s-gradua\u00e7\u00e3o; doa\u00e7\u00f5es da comunidade acad\u00eamica; pagamentos de multas em livros, etc. Os acervos podem ser consultados pelo site: <a href=\"http:\/\/unicentro.phlnet.com.br\/\">http:\/\/unicentro.phlnet.com.br<\/a>. Possuem sistema de seguran\u00e7a MULTISYSTEMS, baseado em antenas e etiquetas magnetizadas protetoras; Programa Personal Home Library \u2013 PHL, desenvolvido para a administra\u00e7\u00e3o de cole\u00e7\u00f5es e servi\u00e7os de bibliotecas, centros de informa\u00e7\u00f5es e museus, disponibilizado online, oferecendo uma presta\u00e7\u00e3o de servi\u00e7os de melhor qualidade aos usu\u00e1rios.<\/p>\n<p style=\"text-align: justify\">No Campus de Irati, o espa\u00e7o da biblioteca possui acervo geral e leitura, se\u00e7\u00e3o de peri\u00f3dicos, sala de trabalhos monogr\u00e1ficos, sala de processamento t\u00e9cnico, salas de estudo em grupo, servi\u00e7os t\u00e9cnicos e administrativos. O acervo atual \u00e9 de aproximadamente 38.739 t\u00edtulos e 50.438 exemplares, sendo 688 t\u00edtulos de peri\u00f3dicos, 25.619 t\u00edtulos de livros e 220 t\u00edtulos de teses. Na \u00e1rea de Ci\u00eancias Agr\u00e1rias possui 3.241 t\u00edtulos e 3.707 exemplares, sendo 739 fasc\u00edculos de peri\u00f3dicos na \u00e1rea de Engenharia Florestal. O acervo espec\u00edfico da Engenharia Florestal est\u00e1 continuamente sendo ampliado por meio da aquisi\u00e7\u00e3o, doa\u00e7\u00f5es e permutas de t\u00edtulos.<\/p>\n<p>[\/vc_column_text][vc_masonry_media_grid element_width=&#8221;6&#8243; grid_id=&#8221;vc_gid:1653928539410-5cb13189-8f21-9&#8243; include=&#8221;2433,2437&#8243;][\/vc_column][\/vc_row]<\/p>\n<\/div>","protected":false},"excerpt":{"rendered":"<p>[vc_row][vc_column][vc_column_text] O PPGF tem acesso ao sistema integrado de bibliotecas da institui\u00e7\u00e3o, que possui 3 (tr\u00eas) bibliotecas principais, localizadas nos Campi de Guarapuava (Santa Cruz e Cedeteg) e Irati. A biblioteca do Campus Santa Cruz possui uma \u00e1rea total constru\u00edda de 1.338,04 m2, do Cedeteg possui \u00e1rea total constru\u00edda de 997,38 m2, enquanto a atual [&hellip;]<\/p>\n","protected":false},"author":3,"featured_media":0,"parent":104,"menu_order":0,"comment_status":"closed","ping_status":"closed","template":"","meta":{"_exactmetrics_skip_tracking":false,"_exactmetrics_sitenote_active":false,"_exactmetrics_sitenote_note":"","_exactmetrics_sitenote_category":0,"footnotes":"","_links_to":"","_links_to_target":""},"class_list":["post-35","page","type-page","status-publish","hentry"],"_links":{"self":[{"href":"https:\/\/www3.unicentro.br\/ppgf\/wp-json\/wp\/v2\/pages\/35","targetHints":{"allow":["GET"]}}],"collection":[{"href":"https:\/\/www3.unicentro.br\/ppgf\/wp-json\/wp\/v2\/pages"}],"about":[{"href":"https:\/\/www3.unicentro.br\/ppgf\/wp-json\/wp\/v2\/types\/page"}],"author":[{"embeddable":true,"href":"https:\/\/www3.unicentro.br\/ppgf\/wp-json\/wp\/v2\/users\/3"}],"replies":[{"embeddable":true,"href":"https:\/\/www3.unicentro.br\/ppgf\/wp-json\/wp\/v2\/comments?post=35"}],"version-history":[{"count":0,"href":"https:\/\/www3.unicentro.br\/ppgf\/wp-json\/wp\/v2\/pages\/35\/revisions"}],"up":[{"embeddable":true,"href":"https:\/\/www3.unicentro.br\/ppgf\/wp-json\/wp\/v2\/pages\/104"}],"wp:attachment":[{"href":"https:\/\/www3.unicentro.br\/ppgf\/wp-json\/wp\/v2\/media?parent=35"}],"curies":[{"name":"wp","href":"https:\/\/api.w.org\/{rel}","templated":true}]}}