{"id":34,"date":"2014-11-25T00:00:00","date_gmt":"2014-11-25T02:00:00","guid":{"rendered":"https:\/\/www3.unicentro.br\/ppgf\/laboratorios\/"},"modified":"2022-08-02T11:49:44","modified_gmt":"2022-08-02T14:49:44","slug":"laboratorios","status":"publish","type":"page","link":"https:\/\/www3.unicentro.br\/ppgf\/infraestrutura\/laboratorios\/","title":{"rendered":"Laborat\u00f3rios"},"content":{"rendered":"<div class=\"wpb-content-wrapper\"><p>[vc_row][vc_column][vc_column_text]A rela\u00e7\u00e3o de laborat\u00f3rios de uso exclusivo do PPPGF para o desenvolvimento das atividades de ensino e pesquisa com alguns equipamentos dispon\u00edveis s\u00e3o listados a seguir:[\/vc_column_text][vc_tta_accordion style=&#8221;flat&#8221; shape=&#8221;square&#8221; gap=&#8221;2&#8243; active_section=&#8221;100&#8243; no_fill=&#8221;true&#8221; collapsible_all=&#8221;true&#8221;][vc_tta_section title=&#8221;Dendrologia e Ecofisiologia Vegetal&#8221; tab_id=&#8221;1619804113945-18e73280-7f78&#8243;][vc_column_text]<\/p>\n<p style=\"text-align: justify\">Possui estufas de secagem; balan\u00e7as eletr\u00f4nicas; refrigeradores; estereosc\u00f3pios e computadores. Faz parte deste laborat\u00f3rio, um Herb\u00e1rio que est\u00e1 inclu\u00eddo ao Projeto INCT \u2013 \u201cHerb\u00e1rio Virtual da Flora e dos Fungos do Brasil (http:\/\/inct.florabrasil.net\/), al\u00e9m de ades\u00e3o ao CRIA (Centro de Refer\u00eancia de Informa\u00e7\u00e3o Ambiental) (http:\/\/splink.cria.org.br). Em 2014, passou tamb\u00e9m a integrar o Sistema de Informa\u00e7\u00e3o sobre a Biodiversidade Brasileira (SiBBr), do Minist\u00e9rio da Ci\u00eancia, Tecnologia e Inova\u00e7\u00e3o (MCTI). O Herb\u00e1rio conta com 5.856 exemplares identificados, registrados e em processo de informatiza\u00e7\u00e3o,\u00a0 dentro de um acervo total de 8.000 amostras.<\/p>\n<p>[\/vc_column_text][vc_gallery type=&#8221;image_grid&#8221; images=&#8221;2663,2664&#8243;][\/vc_tta_section][vc_tta_section title=&#8221;Gen\u00e9tica e Melhoramento Florestal&#8221; tab_id=&#8221;1619804113959-d8e93f3a-84da&#8221;][vc_column_text]Possui ultrafreezer; autoclave; termociclador; cuba para eletroforese e lupas binocular com sistema de capta\u00e7\u00e3o de imagens.[\/vc_column_text][vc_gallery type=&#8221;image_grid&#8221; images=&#8221;2665&#8243;][\/vc_tta_section][vc_tta_section title=&#8221;Patologia Florestal&#8221; tab_id=&#8221;1619804178110-0fa6bc1d-cd0f&#8221;][vc_column_text]<\/p>\n<p style=\"text-align: justify\">Possui espectrofot\u00f4metros; c\u00e2maras de fluxo l\u00e2mina; microsc\u00f3pios; lupas estereosc\u00f3picas binoculares; estufa de esteriliza\u00e7\u00e3o e secagem; Incubadora BOD; balan\u00e7as anal\u00edticas; medidor de pH; banho-maria; compressor e aer\u00f3grafo para inocula\u00e7\u00e3o; centr\u00edfuga para eppendorfs; e refrigeradores.<\/p>\n<p>[\/vc_column_text][vc_gallery type=&#8221;image_grid&#8221; images=&#8221;2731,2732&#8243;][\/vc_tta_section][vc_tta_section title=&#8221;Entomologia&#8221; tab_id=&#8221;1619804198137-c8a341ad-6fd4&#8243;][vc_column_text]<\/p>\n<p style=\"text-align: justify\">Possui lupas estereosc\u00f3picas binoculares e microsc\u00f3pios, bem como uma cole\u00e7\u00e3o entomol\u00f3gica com mais de 10.000 esp\u00e9cimes de insetos. Abriga ainda equipamentos b\u00e1sicos de inc\u00eandios florestais.<\/p>\n<p>[\/vc_column_text][vc_gallery type=&#8221;image_grid&#8221; images=&#8221;2666,2667&#8243;][\/vc_tta_section][vc_tta_section title=&#8221;Ergonomia, Colheita e Transporte Florestal&#8221; tab_id=&#8221;1619804216044-5f483c17-fed8&#8243;][vc_column_text]<\/p>\n<p style=\"text-align: justify\">Estes laborat\u00f3rios fazem parte da \u00e1rea de colheita florestal e disp\u00f5e de: motosserras; motopodas; motoro\u00e7adeira; dinam\u00f4metro; cron\u00f4metros; filmadora; trena laser; hips\u00f4metro; GPS; penetr\u00f3grafos (manual e eletr\u00f4nico digital); amostradores de solos; projetores multim\u00eddia, etc. Al\u00e9m disso, abriga o Centro de Forma\u00e7\u00e3o de Operadores Florestais (CENFOR), que possui simuladores de realidade virtual de m\u00e1quinas florestais. Em rela\u00e7\u00e3o \u00e0 \u00e1rea de ergonomia, cita: medidor de vibra\u00e7\u00e3o do corpo humano; medidor de vibra\u00e7\u00e3o port\u00e1til, medidor de gases; monitores de frequ\u00eancia card\u00edaca; lux\u00edmetros; decibel\u00edmetros; dos\u00edmetros; anem\u00f4metro; cron\u00f4metros; balan\u00e7a e cadeira antropom\u00e9trica, dentre outros.<\/p>\n<p>[\/vc_column_text][vc_gallery type=&#8221;image_grid&#8221; images=&#8221;2669,2670&#8243;][\/vc_tta_section][vc_tta_section title=&#8221;Solos Florestais, Fertilidade e Nutri\u00e7\u00e3o de Plantas&#8221; tab_id=&#8221;1619804237183-463d6415-0b92&#8243;][vc_column_text]<\/p>\n<p style=\"text-align: justify\">Trata-se de dois laborat\u00f3rios que disp\u00f5e de diversos equipamentos, tais como: espectrofot\u00f4metro UV-VIS; espectrofot\u00f4metro VIS; fot\u00f4metro de chamas; buretas digitais; refrigeradores; capela de exaust\u00e3o; balan\u00e7as eletr\u00f4nicas de precis\u00e3o; osmose reversa; chapa aquecedora com agitador magn\u00e9tico; mesa agitadora; estufas de esteriliza\u00e7\u00e3o e secagem; mufla; moinho tipo Wlley; centr\u00edfuga refrigerada; liofilizador; trados e amostradores de solo. O laborat\u00f3rio est\u00e1 vinculado \u00e0 CELA (Comiss\u00e3o Estadual de Laborat\u00f3rios de An\u00e1lises Agron\u00f4micas), que certifica a qualidade das an\u00e1lises qu\u00edmicas de rotina de solos, al\u00e9m de realizar a presta\u00e7\u00e3o de an\u00e1lises de solos para pequenos produtores rurais da regi\u00e3o.<\/p>\n<p>[\/vc_column_text][vc_gallery type=&#8221;image_grid&#8221; images=&#8221;2671,2672&#8243;][\/vc_tta_section][vc_tta_section title=&#8221;Geotecnologia Florestal&#8221; tab_id=&#8221;1619804264478-ab2e0a74-aff4&#8243;][vc_column_text]<\/p>\n<p style=\"text-align: justify\">Possui estereosc\u00f3pios de espelho; esta\u00e7\u00e3o total; teodolitos eletr\u00f4nicos; trenas eletr\u00f4nicas; receptor DGPS; b\u00fassolas; clin\u00f4metros; equipamentos e acess\u00f3rios diversos e softwares (ArcGis, ENVI, TrackMaker, etc).<\/p>\n<p>[\/vc_column_text][vc_gallery type=&#8221;image_grid&#8221; images=&#8221;2674&#8243;][\/vc_tta_section][vc_tta_section title=&#8221;Manejo Florestal&#8221; tab_id=&#8221;1619804286797-12b28dcc-1a8a&#8221;][vc_column_text]<\/p>\n<p style=\"text-align: justify\">Possui diversos equipamentos, tais como: relasc\u00f3pio de espelhos de Bitterlich; relasc\u00f3pio eletr\u00f4nico; GPS; sutas de diversos tamanhos; suta laser; hips\u00f4metros Vertex IV; hips\u00f4metro Vertex laser; hips\u00f4metros Blume Leiss; hips\u00f4metro Suunto; trados de incremento; trado com motor; trupulse; trenas laser; visor de di\u00e2metro de Bitterlich; vara telesc\u00f3pica; fita diam\u00e9trica em fibra de vidro; medidores de espessura de casca; balan\u00e7a digital 3T; bin\u00f3culos; dendr\u00f4metro eletr\u00f4nico e anal\u00f3gico; clin\u00f4metros eletr\u00f4nicos; estufa para esteriliza\u00e7\u00e3o e secagem; refrigerador; BOD e microcomputadores.<\/p>\n<p>[\/vc_column_text][vc_gallery type=&#8221;image_grid&#8221; images=&#8221;2676,2677&#8243;][\/vc_tta_section][vc_tta_section title=&#8221;Propriedades F\u00edsicas e Mec\u00e2nicas da Madeira&#8221; tab_id=&#8221;1619804306674-fc2e66b6-dc56&#8243;][vc_column_text]<\/p>\n<p style=\"text-align: justify\">Este laborat\u00f3rio est\u00e1 vinculado ao setor de Tecnologia da Madeira, dispondo de microcomputador com placa de aquisi\u00e7\u00e3o de dados e software TESC; chapa aquecedora; serra de fita; lixadeira; paqu\u00edmetros digitais; rel\u00f3gio comparador; medidor el\u00e9trico de umidade da madeira; c\u00e2mara de climatiza\u00e7\u00e3o; tanque para ensaios de estabilidade dimensional da madeira e derivados; estufa sem circula\u00e7\u00e3o de ar; e moinho.<\/p>\n<p>[\/vc_column_text][vc_gallery type=&#8221;image_grid&#8221; images=&#8221;2683&#8243;][\/vc_tta_section][vc_tta_section title=&#8221;Qu\u00edmica da Madeira&#8221; tab_id=&#8221;1619804329228-fb4d700c-e9da&#8221;][vc_column_text]<\/p>\n<p style=\"text-align: justify\">Este laborat\u00f3rio disp\u00f5e de estufa de secagem sem circula\u00e7\u00e3o de ar; estufa de secagem com circula\u00e7\u00e3o de ar; extratores tipo soxhlet; capela de exaust\u00e3o e vidrarias diversas.<\/p>\n<p>[\/vc_column_text][vc_gallery type=&#8221;image_grid&#8221; images=&#8221;2682&#8243;][\/vc_tta_section][vc_tta_section title=&#8221;Pain\u00e9is de Madeira&#8221; tab_id=&#8221;1619804349243-6168655f-7370&#8243;][vc_column_text]<\/p>\n<p style=\"text-align: justify\">Este laborat\u00f3rio possui Prensa hidr\u00e1ulica para produ\u00e7\u00e3o de pain\u00e9is; tambor misturador de adesivo; caixas formadoras; estufas de secagem com circula\u00e7\u00e3o de ar.<\/p>\n<p>[\/vc_column_text][\/vc_tta_section][vc_tta_section title=&#8221;Silvicultura&#8221; tab_id=&#8221;1619804367804-c4533034-5d02&#8243;][vc_column_text]<\/p>\n<p style=\"text-align: justify\">Possui diversos equipamentos, tais como: c\u00e2mara para armazenamento de sementes; autoclave horizontal semi-autom\u00e1tica; c\u00e2maras germinadoras; microsc\u00f3pios; c\u00e2maras de fluxo laminar; estufas de secagem; phmetro de bancada; balan\u00e7as anal\u00edticas de precis\u00e3o; purificador de \u00e1gua em sistema de osmose reversa; banho-maria; agitador magn\u00e9tico sem sistema de aquecimento, etc. \u00c9 respons\u00e1vel ainda pelo Viveiro Florestal, onde s\u00e3o conduzidas diversas pesquisas e possuindo casa de vegeta\u00e7\u00e3o n\u00e3o-climatizada com \u00e1rea de 80 m2 com cobertura de polipropileno e canteiros suspensos; casa de vegeta\u00e7\u00e3o com \u00e1rea de 208 m2 revestida por pl\u00e1stico polipropileno e sistema de climatiza\u00e7\u00e3o controlado e de irriga\u00e7\u00e3o automatizado. O viveiro possui ainda infraestrutura de aclimata\u00e7\u00e3o \u00e0 sombra e rustifica\u00e7\u00e3o a pleno sol com dimens\u00e3o total de 480 m2, sendo dividida em 200 m2 de \u00e1rea de bancadas suspensas e cobertura com sombrite e piso britado, e, uma \u00e1rea de 280 m2 tamb\u00e9m com piso em brita e bancadas n\u00e3o suspensas a pleno sol.<\/p>\n<p>[\/vc_column_text][vc_gallery type=&#8221;image_grid&#8221; images=&#8221;2679,2680&#8243;][\/vc_tta_section][vc_tta_section title=&#8221;Silvicultura Urbana&#8221; tab_id=&#8221;1619804388460-8119a66d-4e84&#8243;][vc_column_text]<\/p>\n<p style=\"text-align: justify\">Em fase de estrutura\u00e7\u00e3o, com recente contra\u00e7\u00e3o do docente respons\u00e1vel, conta com um medidor de fotoss\u00edntese port\u00e1til (ADC Lci), c\u00e2mera fotogr\u00e1fica profissional e refrigeradores.<\/p>\n<p>[\/vc_column_text][\/vc_tta_section][\/vc_tta_accordion][vc_column_text]<\/p>\n<table class=\" aligncenter\" style=\"height: 232px\" width=\"615\">\n<tbody>\n<tr>\n<td><img loading=\"lazy\" decoding=\"async\" class=\"alignleft wp-image-138 size-medium\" src=\"http:\/\/www2.unicentro.br\/ppgf\/files\/2014\/11\/solos_um-300x199.jpg\" alt=\"solos_um\" width=\"300\" height=\"199\" \/><\/td>\n<td><a href=\"http:\/\/www2.unicentro.br\/ppgf\/files\/2014\/11\/solos_dois-e1423659456720.jpg\"><img loading=\"lazy\" decoding=\"async\" class=\"aligncenter wp-image-137 size-medium\" src=\"http:\/\/www2.unicentro.br\/ppgf\/files\/2014\/11\/solos_dois-e1423659456720-300x200.jpg\" alt=\"\" width=\"300\" height=\"200\" \/><\/a><\/td>\n<\/tr>\n<\/tbody>\n<\/table>\n<p>[\/vc_column_text][\/vc_column][\/vc_row]<\/p>\n<\/div>","protected":false},"excerpt":{"rendered":"<p>[vc_row][vc_column][vc_column_text]A rela\u00e7\u00e3o de laborat\u00f3rios de uso exclusivo do PPPGF para o desenvolvimento das atividades de ensino e pesquisa com alguns equipamentos dispon\u00edveis s\u00e3o listados a seguir:[\/vc_column_text][vc_tta_accordion style=&#8221;flat&#8221; shape=&#8221;square&#8221; gap=&#8221;2&#8243; active_section=&#8221;100&#8243; no_fill=&#8221;true&#8221; collapsible_all=&#8221;true&#8221;][vc_tta_section title=&#8221;Dendrologia e Ecofisiologia Vegetal&#8221; tab_id=&#8221;1619804113945-18e73280-7f78&#8243;][vc_column_text] Possui estufas de secagem; balan\u00e7as eletr\u00f4nicas; refrigeradores; estereosc\u00f3pios e computadores. Faz parte deste laborat\u00f3rio, um Herb\u00e1rio que est\u00e1 [&hellip;]<\/p>\n","protected":false},"author":3,"featured_media":0,"parent":104,"menu_order":0,"comment_status":"closed","ping_status":"closed","template":"","meta":{"_exactmetrics_skip_tracking":false,"_exactmetrics_sitenote_active":false,"_exactmetrics_sitenote_note":"","_exactmetrics_sitenote_category":0,"footnotes":"","_links_to":"","_links_to_target":""},"class_list":["post-34","page","type-page","status-publish","hentry"],"_links":{"self":[{"href":"https:\/\/www3.unicentro.br\/ppgf\/wp-json\/wp\/v2\/pages\/34","targetHints":{"allow":["GET"]}}],"collection":[{"href":"https:\/\/www3.unicentro.br\/ppgf\/wp-json\/wp\/v2\/pages"}],"about":[{"href":"https:\/\/www3.unicentro.br\/ppgf\/wp-json\/wp\/v2\/types\/page"}],"author":[{"embeddable":true,"href":"https:\/\/www3.unicentro.br\/ppgf\/wp-json\/wp\/v2\/users\/3"}],"replies":[{"embeddable":true,"href":"https:\/\/www3.unicentro.br\/ppgf\/wp-json\/wp\/v2\/comments?post=34"}],"version-history":[{"count":0,"href":"https:\/\/www3.unicentro.br\/ppgf\/wp-json\/wp\/v2\/pages\/34\/revisions"}],"up":[{"embeddable":true,"href":"https:\/\/www3.unicentro.br\/ppgf\/wp-json\/wp\/v2\/pages\/104"}],"wp:attachment":[{"href":"https:\/\/www3.unicentro.br\/ppgf\/wp-json\/wp\/v2\/media?parent=34"}],"curies":[{"name":"wp","href":"https:\/\/api.w.org\/{rel}","templated":true}]}}