{"id":33,"date":"2014-11-25T00:00:00","date_gmt":"2014-11-25T02:00:00","guid":{"rendered":"https:\/\/www3.unicentro.br\/ppgf\/sede\/"},"modified":"2022-05-31T08:27:01","modified_gmt":"2022-05-31T11:27:01","slug":"sede","status":"publish","type":"page","link":"https:\/\/www3.unicentro.br\/ppgf\/infraestrutura\/sede\/","title":{"rendered":"Sede"},"content":{"rendered":"<div class=\"wpb-content-wrapper\"><p>[vc_row][vc_column][vc_column_text]<\/p>\n<p style=\"text-align: justify\">Em rela\u00e7\u00e3o \u00e0 parte administrativa e de ensino, o PPGF disp\u00f5e de um pr\u00e9dio pr\u00f3prio, com acesso \u00e0 internet com conex\u00e3o wireless e depend\u00eancias: Sala da Coordena\u00e7\u00e3o e de reuni\u00f5es do Colegiado, Sala de atendimento ao p\u00fablico externo equipada com microcomputador, internet, impressoras e linha telef\u00f4nica, mesa, arm\u00e1rios, cadeiras; salas de estudos para os discentes do programa equipadas com mobili\u00e1rios e arm\u00e1rios individualizados; e duas salas de aulas equipadas com 20 carteiras individualizadas e equipadas com projetores multim\u00eddia, sendo de uso exclusivo da P\u00f3s-Gradua\u00e7\u00e3o.<\/p>\n<p>[\/vc_column_text][vc_masonry_media_grid element_width=&#8221;6&#8243; grid_id=&#8221;vc_gid:1653996385001-2a9ee105-7977-0&#8243; include=&#8221;2459,2463&#8243;][\/vc_column][\/vc_row]<\/p>\n<\/div>","protected":false},"excerpt":{"rendered":"<p>[vc_row][vc_column][vc_column_text] Em rela\u00e7\u00e3o \u00e0 parte administrativa e de ensino, o PPGF disp\u00f5e de um pr\u00e9dio pr\u00f3prio, com acesso \u00e0 internet com conex\u00e3o wireless e depend\u00eancias: Sala da Coordena\u00e7\u00e3o e de reuni\u00f5es do Colegiado, Sala de atendimento ao p\u00fablico externo equipada com microcomputador, internet, impressoras e linha telef\u00f4nica, mesa, arm\u00e1rios, cadeiras; salas de estudos para os [&hellip;]<\/p>\n","protected":false},"author":3,"featured_media":0,"parent":104,"menu_order":0,"comment_status":"closed","ping_status":"closed","template":"","meta":{"_exactmetrics_skip_tracking":false,"_exactmetrics_sitenote_active":false,"_exactmetrics_sitenote_note":"","_exactmetrics_sitenote_category":0,"footnotes":"","_links_to":"","_links_to_target":""},"class_list":["post-33","page","type-page","status-publish","hentry"],"_links":{"self":[{"href":"https:\/\/www3.unicentro.br\/ppgf\/wp-json\/wp\/v2\/pages\/33","targetHints":{"allow":["GET"]}}],"collection":[{"href":"https:\/\/www3.unicentro.br\/ppgf\/wp-json\/wp\/v2\/pages"}],"about":[{"href":"https:\/\/www3.unicentro.br\/ppgf\/wp-json\/wp\/v2\/types\/page"}],"author":[{"embeddable":true,"href":"https:\/\/www3.unicentro.br\/ppgf\/wp-json\/wp\/v2\/users\/3"}],"replies":[{"embeddable":true,"href":"https:\/\/www3.unicentro.br\/ppgf\/wp-json\/wp\/v2\/comments?post=33"}],"version-history":[{"count":0,"href":"https:\/\/www3.unicentro.br\/ppgf\/wp-json\/wp\/v2\/pages\/33\/revisions"}],"up":[{"embeddable":true,"href":"https:\/\/www3.unicentro.br\/ppgf\/wp-json\/wp\/v2\/pages\/104"}],"wp:attachment":[{"href":"https:\/\/www3.unicentro.br\/ppgf\/wp-json\/wp\/v2\/media?parent=33"}],"curies":[{"name":"wp","href":"https:\/\/api.w.org\/{rel}","templated":true}]}}