{"id":28,"date":"2014-11-21T00:00:00","date_gmt":"2014-11-21T02:00:00","guid":{"rendered":"https:\/\/www3.unicentro.br\/ppgf\/grade-curricular\/"},"modified":"2026-01-27T16:29:38","modified_gmt":"2026-01-27T19:29:38","slug":"grade-curricular","status":"publish","type":"page","link":"https:\/\/www3.unicentro.br\/ppgf\/proposta-curricular\/grade-curricular\/","title":{"rendered":"Grade Curricular"},"content":{"rendered":"<div class=\"wpb-content-wrapper\"><p>[vc_row][vc_column][vc_column_text css=&#8221;&#8221;]<\/p>\n<p style=\"text-align: justify\">As disciplinas do PPGF s\u00e3o ofertadas semestralmente, possuindo carga hor\u00e1ria de 60 horas (4 cr\u00e9ditos), procurando atender \u00e0s linhas e projetos de pesquisas dos alunos dos cursos de mestrado e doutorado.<\/p>\n<p style=\"text-align: justify\">No curso de mestrado, o aluno necessita para a sua forma\u00e7\u00e3o concluir 24 cr\u00e9ditos em disciplinas regulares e o aluno bolsista necessita cumprir mais 2 cr\u00e9ditos em pr\u00e1tica de doc\u00eancia, totalizando 26 cr\u00e9ditos para alunos bolsistas, al\u00e9m de cumprir o Semin\u00e1rio I (defesa do projeto de disserta\u00e7\u00e3o), Semin\u00e1rio II (defesa da disserta\u00e7\u00e3o), profici\u00eancia em l\u00edngua estrangeira (ingl\u00eas) e realizar a pr\u00e1tica em doc\u00eancia em uma disciplina da gradua\u00e7\u00e3o sob a supervis\u00e3o permanente do orientador e\/ou co-orientador.<\/p>\n<p style=\"text-align: justify\">No curso de doutorado, o aluno necessita cumprir 48 cr\u00e9ditos em disciplinas regulares e o aluno bolsista necessita cumprir mais 4 cr\u00e9ditos em duas pr\u00e1ticas de doc\u00eancia, totalizando 52 cr\u00e9ditos para alunos bolsistas. Doutorandos podem solicitar o aproveitamento de cr\u00e9ditos do mestrado em at\u00e9 50% da carga hor\u00e1ria necess\u00e1ria para integralizar o curso de doutorado (48 cr\u00e9ditos), desde que a disciplina tenha sido cursada em at\u00e9 5 anos e tenha obtido no m\u00ednimo o conceito B. Al\u00e9m das disciplinas, o aluno necessita cumprir a disciplina de Semin\u00e1rio I (defesa do projeto de tese e defesa de tema livre), Semin\u00e1rio II (semin\u00e1rio de defesa da tese), Exame de Qualifica\u00e7\u00e3o, Pr\u00e1tica em Doc\u00eancia obrigat\u00f3rio por dois semestres (obrigat\u00f3ria aos alunos bolsistas Capes, CNPq e FA e optativo aos alunos n\u00e3o bolsistas) e profici\u00eancia em duas l\u00ednguas estrangeiras, sendo o ingl\u00eas e uma segunda l\u00edngua, \u00e0 escolha do discente.<\/p>\n<hr \/>\n<p style=\"text-align: center\"><strong>DISCIPLINAS E ATIVIDADES OBRIGAT\u00d3RIAS<\/strong><\/p>\n<table style=\"width: 100%;height: 168px\">\n<thead>\n<tr style=\"height: 24px\">\n<td style=\"text-align: center;height: 24px\"><strong>C\u00f3digo<\/strong><\/td>\n<td style=\"text-align: center;height: 24px\"><strong>Disciplina<\/strong><\/td>\n<td style=\"text-align: center;height: 24px\"><strong>Cr\u00e9ditos<\/strong><\/td>\n<td style=\"text-align: center;height: 24px\"><strong>Carga Hor\u00e1ria<\/strong><\/td>\n<\/tr>\n<\/thead>\n<tbody>\n<tr style=\"height: 24px\">\n<td style=\"text-align: center;height: 24px\">2201411<\/td>\n<td style=\"height: 24px\">Experimenta\u00e7\u00e3o Florestal<\/td>\n<td style=\"text-align: center;height: 24px\">4<\/td>\n<td style=\"text-align: center;height: 24px\">60<\/td>\n<\/tr>\n<tr style=\"height: 24px\">\n<td style=\"text-align: center;height: 24px\">2100103<\/td>\n<td style=\"height: 24px\">Metodologia da Pesquisa Florestal<\/td>\n<td style=\"text-align: center;height: 24px\">4<\/td>\n<td style=\"text-align: center;height: 24px\">60<\/td>\n<\/tr>\n<tr style=\"height: 24px\">\n<td style=\"text-align: center;height: 24px\">2101618<\/td>\n<td style=\"height: 24px\">Semin\u00e1rio<\/td>\n<td style=\"text-align: center;height: 24px\">2<\/td>\n<td style=\"text-align: center;height: 24px\">30<\/td>\n<\/tr>\n<tr style=\"height: 24px\">\n<td style=\"text-align: center;height: 24px\">2101619<\/td>\n<td style=\"height: 24px\">Pr\u00e1tica em Doc\u00eancia I<\/td>\n<td style=\"text-align: center;height: 24px\">2<\/td>\n<td style=\"text-align: center;height: 24px\">30<\/td>\n<\/tr>\n<tr style=\"height: 24px\">\n<td style=\"text-align: center;height: 24px\">2101620<\/td>\n<td style=\"height: 24px\">Pr\u00e1tica em Doc\u00eancia II<\/td>\n<td style=\"text-align: center;height: 24px\">2<\/td>\n<td style=\"text-align: center;height: 24px\">30<\/td>\n<\/tr>\n<tr style=\"height: 24px\">\n<td style=\"text-align: center;height: 24px\">2100492<\/td>\n<td style=\"height: 24px\">Pesquisa<\/td>\n<td style=\"text-align: center;height: 24px\">&#8211;<\/td>\n<td style=\"text-align: center;height: 24px\">&#8211;<\/td>\n<\/tr>\n<\/tbody>\n<\/table>\n<hr \/>\n<p style=\"text-align: center\"><strong>DISCIPLINAS OPTATIVAS<\/strong><\/p>\n<table style=\"width: 100%;height: 943px\">\n<thead>\n<tr style=\"height: 23px\">\n<td style=\"text-align: center;width: 13.7226%;height: 23px\"><strong>C\u00f3digo<\/strong><\/td>\n<td style=\"text-align: center;width: 48.4672%;height: 23px\"><strong>Disciplina<\/strong><\/td>\n<td style=\"text-align: center;width: 13.4307%;height: 23px\"><strong>Cr\u00e9ditos<\/strong><\/td>\n<td style=\"text-align: center;width: 22.6277%;height: 23px\"><strong>Carga Hor\u00e1ria<\/strong><\/td>\n<\/tr>\n<\/thead>\n<tbody>\n<tr style=\"height: 23px\">\n<td style=\"text-align: center;width: 13.7226%;height: 23px\">2100517<\/td>\n<td style=\"width: 48.4672%;height: 23px\">Arboricultura<\/td>\n<td style=\"text-align: center;width: 13.4307%;height: 23px\">4<\/td>\n<td style=\"text-align: center;width: 22.6277%;height: 23px\">60<\/td>\n<\/tr>\n<tr style=\"height: 23px\">\n<td style=\"text-align: center;width: 13.7226%;height: 23px\">2100528<\/td>\n<td style=\"width: 48.4672%;height: 23px\">An\u00e1lise de Regress\u00e3o<\/td>\n<td style=\"text-align: center;width: 13.4307%;height: 23px\">4<\/td>\n<td style=\"text-align: center;width: 22.6277%;height: 23px\">60<\/td>\n<\/tr>\n<tr style=\"height: 23px\">\n<td style=\"text-align: center;width: 13.7226%;height: 23px\">2100542<\/td>\n<td style=\"width: 48.4672%;height: 23px\" width=\"328\">Biologia e Manejo de Plantas Daninhas em Sistemas Florestais<\/td>\n<td style=\"text-align: center;width: 13.4307%;height: 23px\">4<\/td>\n<td style=\"text-align: center;width: 22.6277%;height: 23px\">60<\/td>\n<\/tr>\n<tr style=\"height: 23px\">\n<td style=\"text-align: center;width: 13.7226%;height: 23px\">2101594<\/td>\n<td style=\"width: 48.4672%;height: 23px\">Caracteriza\u00e7\u00e3o da Madeira<\/td>\n<td style=\"text-align: center;width: 13.4307%;height: 23px\">4<\/td>\n<td style=\"text-align: center;width: 22.6277%;height: 23px\">60<\/td>\n<\/tr>\n<tr style=\"height: 23px\">\n<td style=\"text-align: center;width: 13.7226%;height: 23px\">2100522<\/td>\n<td style=\"width: 48.4672%;height: 23px\">Clonagem em Esp\u00e9cies Florestais<\/td>\n<td style=\"text-align: center;width: 13.4307%;height: 23px\">4<\/td>\n<td style=\"text-align: center;width: 22.6277%;height: 23px\">60<\/td>\n<\/tr>\n<tr style=\"height: 23px\">\n<td style=\"text-align: center;width: 13.7226%;height: 23px\">2100497<\/td>\n<td style=\"width: 48.4672%;height: 23px\">Conserva\u00e7\u00e3o de Solos Florestais<\/td>\n<td style=\"text-align: center;width: 13.4307%;height: 23px\">4<\/td>\n<td style=\"text-align: center;width: 22.6277%;height: 23px\">60<\/td>\n<\/tr>\n<tr style=\"height: 23px\">\n<td style=\"text-align: center;width: 13.7226%;height: 23px\">2100521<\/td>\n<td style=\"width: 48.4672%;height: 23px\">Controle da Polui\u00e7\u00e3o na Ind\u00fastria Florestal<\/td>\n<td style=\"text-align: center;width: 13.4307%;height: 23px\">4<\/td>\n<td style=\"text-align: center;width: 22.6277%;height: 23px\">60<\/td>\n<\/tr>\n<tr style=\"height: 23px\">\n<td style=\"text-align: center;width: 13.7226%;height: 23px\">2100529<\/td>\n<td style=\"width: 48.4672%;height: 23px\">Cultura de Tecidos Vegetais<\/td>\n<td style=\"text-align: center;width: 13.4307%;height: 23px\">4<\/td>\n<td style=\"text-align: center;width: 22.6277%;height: 23px\">60<\/td>\n<\/tr>\n<tr style=\"height: 23px\">\n<td style=\"text-align: center;width: 13.7226%;height: 23px\">2100530<\/td>\n<td style=\"width: 48.4672%;height: 23px\">Dendrologia e Fitossociologia<\/td>\n<td style=\"text-align: center;width: 13.4307%;height: 23px\">4<\/td>\n<td style=\"text-align: center;width: 22.6277%;height: 23px\">60<\/td>\n<\/tr>\n<tr style=\"height: 23px\">\n<td style=\"text-align: center;width: 13.7226%;height: 23px\">2100498<\/td>\n<td style=\"width: 48.4672%;height: 23px\">Economia Florestal I<\/td>\n<td style=\"text-align: center;width: 13.4307%;height: 23px\">4<\/td>\n<td style=\"text-align: center;width: 22.6277%;height: 23px\">60<\/td>\n<\/tr>\n<tr style=\"height: 23px\">\n<td style=\"text-align: center;width: 13.7226%;height: 23px\">2100531<\/td>\n<td style=\"width: 48.4672%;height: 23px\">Economia Florestal II<\/td>\n<td style=\"text-align: center;width: 13.4307%;height: 23px\">4<\/td>\n<td style=\"text-align: center;width: 22.6277%;height: 23px\">60<\/td>\n<\/tr>\n<tr style=\"height: 23px\">\n<td style=\"text-align: center;width: 13.7226%;height: 23px\">2100544<\/td>\n<td style=\"width: 48.4672%;height: 23px\">Ecologia Num\u00e9rica<\/td>\n<td style=\"text-align: center;width: 13.4307%;height: 23px\">4<\/td>\n<td style=\"text-align: center;width: 22.6277%;height: 23px\">60<\/td>\n<\/tr>\n<tr style=\"height: 23px\">\n<td style=\"text-align: center;width: 13.7226%;height: 23px\">2100516<\/td>\n<td style=\"width: 48.4672%;height: 23px\">Energia da Biomassa<\/td>\n<td style=\"text-align: center;width: 13.4307%;height: 23px\">4<\/td>\n<td style=\"text-align: center;width: 22.6277%;height: 23px\">60<\/td>\n<\/tr>\n<tr style=\"height: 23px\">\n<td style=\"text-align: center;width: 13.7226%;height: 23px\">2101595<\/td>\n<td style=\"width: 48.4672%;height: 23px\">Ergonomia e Seguran\u00e7a no Trabalho Florestal<\/td>\n<td style=\"text-align: center;width: 13.4307%;height: 23px\">4<\/td>\n<td style=\"text-align: center;width: 22.6277%;height: 23px\">60<\/td>\n<\/tr>\n<tr style=\"height: 23px\">\n<td style=\"text-align: center;width: 13.7226%;height: 23px\">2100531<\/td>\n<td style=\"width: 48.4672%;height: 23px\">Estat\u00edstica Espacial Aplicada<\/td>\n<td style=\"text-align: center;width: 13.4307%;height: 23px\">4<\/td>\n<td style=\"text-align: center;width: 22.6277%;height: 23px\">60<\/td>\n<\/tr>\n<tr style=\"height: 23px\">\n<td style=\"text-align: center;width: 13.7226%;height: 23px\">2101596<\/td>\n<td style=\"width: 48.4672%;height: 23px\">Estat\u00edstica Multivariada Aplicada<\/td>\n<td style=\"text-align: center;width: 13.4307%;height: 23px\">4<\/td>\n<td style=\"text-align: center;width: 22.6277%;height: 23px\">60<\/td>\n<\/tr>\n<tr style=\"height: 23px\">\n<td style=\"text-align: center;width: 13.7226%;height: 23px\">2100523<\/td>\n<td style=\"width: 48.4672%;height: 23px\">Fungos e Bact\u00e9rias Fitopatog\u00eanicas<\/td>\n<td style=\"text-align: center;width: 13.4307%;height: 23px\">4<\/td>\n<td style=\"text-align: center;width: 22.6277%;height: 23px\">60<\/td>\n<\/tr>\n<tr style=\"height: 23px\">\n<td style=\"text-align: center;width: 13.7226%;height: 23px\">2100545<\/td>\n<td style=\"width: 48.4672%;height: 23px\">Gen\u00e9tica e Biotecnologia Florestal<\/td>\n<td style=\"text-align: center;width: 13.4307%;height: 23px\">4<\/td>\n<td style=\"text-align: center;width: 22.6277%;height: 23px\">60<\/td>\n<\/tr>\n<tr style=\"height: 23px\">\n<td style=\"text-align: center;width: 13.7226%;height: 23px\">2100533<\/td>\n<td style=\"width: 48.4672%;height: 23px\">Impactos Ambientais na Ind\u00fastria de Papel e Celulose<\/td>\n<td style=\"text-align: center;width: 13.4307%;height: 23px\">4<\/td>\n<td style=\"text-align: center;width: 22.6277%;height: 23px\">60<\/td>\n<\/tr>\n<tr style=\"height: 23px\">\n<td style=\"text-align: center;width: 13.7226%;height: 23px\">2100501<\/td>\n<td style=\"width: 48.4672%;height: 23px\">Manejo de Florestais Naturais<\/td>\n<td style=\"text-align: center;width: 13.4307%;height: 23px\">4<\/td>\n<td style=\"text-align: center;width: 22.6277%;height: 23px\">60<\/td>\n<\/tr>\n<tr style=\"height: 23px\">\n<td style=\"text-align: center;width: 13.7226%;height: 23px\">2100534<\/td>\n<td style=\"width: 48.4672%;height: 23px\">Manejo de Florestas Plantadas<\/td>\n<td style=\"text-align: center;width: 13.4307%;height: 23px\">4<\/td>\n<td style=\"text-align: center;width: 22.6277%;height: 23px\">60<\/td>\n<\/tr>\n<tr style=\"height: 23px\">\n<td style=\"text-align: center;width: 13.7226%;height: 23px\">2101607<\/td>\n<td style=\"width: 48.4672%;height: 23px\">Manejo Integrado de Pragas Florestais<\/td>\n<td style=\"text-align: center;width: 13.4307%;height: 23px\">4<\/td>\n<td style=\"text-align: center;width: 22.6277%;height: 23px\">60<\/td>\n<\/tr>\n<tr style=\"height: 23px\">\n<td style=\"text-align: center;width: 13.7226%;height: 23px\">2100546<\/td>\n<td style=\"width: 48.4672%;height: 23px\" width=\"328\">Manejo Nutricional de Esp\u00e9cies Florestais<\/td>\n<td style=\"text-align: center;width: 13.4307%;height: 23px\">4<\/td>\n<td style=\"text-align: center;width: 22.6277%;height: 23px\">60<\/td>\n<\/tr>\n<tr style=\"height: 23px\">\n<td style=\"text-align: center;width: 13.7226%;height: 23px\">2101609<\/td>\n<td style=\"width: 48.4672%;height: 23px\">Melhoramento Florestal<\/td>\n<td style=\"text-align: center;width: 13.4307%;height: 23px\">4<\/td>\n<td style=\"text-align: center;width: 22.6277%;height: 23px\">60<\/td>\n<\/tr>\n<tr style=\"height: 23px\">\n<td style=\"text-align: center;width: 13.7226%;height: 23px\">2100503<\/td>\n<td style=\"width: 48.4672%;height: 23px\">Mensura\u00e7\u00e3o Florestal<\/td>\n<td style=\"text-align: center;width: 13.4307%;height: 23px\">4<\/td>\n<td style=\"text-align: center;width: 22.6277%;height: 23px\">60<\/td>\n<\/tr>\n<tr style=\"height: 23px\">\n<td style=\"text-align: center;width: 13.7226%;height: 23px\">2100504<\/td>\n<td style=\"width: 48.4672%;height: 23px\">Modelagem do Crescimento e da Produ\u00e7\u00e3o<\/td>\n<td style=\"text-align: center;width: 13.4307%;height: 23px\">4<\/td>\n<td style=\"text-align: center;width: 22.6277%;height: 23px\">60<\/td>\n<\/tr>\n<tr style=\"height: 23px\">\n<td style=\"text-align: center;width: 13.7226%;height: 23px\">2100541<\/td>\n<td style=\"width: 48.4672%;height: 23px\">Nutri\u00e7\u00e3o Mineral de Esp\u00e9cies Florestais<\/td>\n<td style=\"text-align: center;width: 13.4307%;height: 23px\">4<\/td>\n<td style=\"text-align: center;width: 22.6277%;height: 23px\">60<\/td>\n<\/tr>\n<tr style=\"height: 23px\">\n<td style=\"text-align: center;width: 13.7226%;height: 23px\">2100519<\/td>\n<td style=\"width: 48.4672%;height: 23px\">Pain\u00e9is de Madeira<\/td>\n<td style=\"text-align: center;width: 13.4307%;height: 23px\">4<\/td>\n<td style=\"text-align: center;width: 22.6277%;height: 23px\">60<\/td>\n<\/tr>\n<tr style=\"height: 23px\">\n<td style=\"text-align: center;width: 13.7226%;height: 23px\">2100525<\/td>\n<td style=\"width: 48.4672%;height: 23px\">Patologia Florestal<\/td>\n<td style=\"text-align: center;width: 13.4307%;height: 23px\">4<\/td>\n<td style=\"text-align: center;width: 22.6277%;height: 23px\">60<\/td>\n<\/tr>\n<tr style=\"height: 23px\">\n<td style=\"text-align: center;width: 13.7226%;height: 23px\">2100505<\/td>\n<td style=\"width: 48.4672%;height: 23px\">Pesquisa Operacional<\/td>\n<td style=\"text-align: center;width: 13.4307%;height: 23px\">4<\/td>\n<td style=\"text-align: center;width: 22.6277%;height: 23px\">60<\/td>\n<\/tr>\n<tr style=\"height: 23px\">\n<td style=\"text-align: center;width: 13.7226%;height: 23px\">2100526<\/td>\n<td style=\"width: 48.4672%;height: 23px\">Pragas Florestais<\/td>\n<td style=\"text-align: center;width: 13.4307%;height: 23px\">4<\/td>\n<td style=\"text-align: center;width: 22.6277%;height: 23px\">60<\/td>\n<\/tr>\n<tr style=\"height: 23px\">\n<td style=\"text-align: center;width: 13.7226%;height: 23px\">2100515<\/td>\n<td style=\"width: 48.4672%;height: 23px\">Qualidade da Madeira<\/td>\n<td style=\"text-align: center;width: 13.4307%;height: 23px\">4<\/td>\n<td style=\"text-align: center;width: 22.6277%;height: 23px\">60<\/td>\n<\/tr>\n<tr style=\"height: 23px\">\n<td style=\"text-align: center;width: 13.7226%;height: 23px\">2101140<\/td>\n<td style=\"width: 48.4672%;height: 23px\">Qu\u00edmica da Madeira<\/td>\n<td style=\"text-align: center;width: 13.4307%;height: 23px\">4<\/td>\n<td style=\"text-align: center;width: 22.6277%;height: 23px\">60<\/td>\n<\/tr>\n<tr style=\"height: 23px\">\n<td style=\"text-align: center;width: 13.7226%;height: 23px\">2101597<\/td>\n<td style=\"width: 48.4672%;height: 23px\">Sensoriamento Remoto Aplicado \u00e0 Engenharia Florestal<\/td>\n<td style=\"text-align: center;width: 13.4307%;height: 23px\">4<\/td>\n<td style=\"text-align: center;width: 22.6277%;height: 23px\">60<\/td>\n<\/tr>\n<tr style=\"height: 23px\">\n<td style=\"text-align: center;width: 13.7226%;height: 23px\">2101610<\/td>\n<td style=\"width: 48.4672%;height: 23px\">Silvicultura Urbana<\/td>\n<td style=\"text-align: center;width: 13.4307%;height: 23px\">4<\/td>\n<td style=\"text-align: center;width: 22.6277%;height: 23px\">60<\/td>\n<\/tr>\n<tr style=\"height: 23px\">\n<td style=\"text-align: center;width: 13.7226%;height: 23px\">2101598<\/td>\n<td style=\"width: 48.4672%;height: 23px\">Sistema de Informa\u00e7\u00f5es Geogr\u00e1ficas<\/td>\n<td style=\"text-align: center;width: 13.4307%;height: 23px\">4<\/td>\n<td style=\"text-align: center;width: 22.6277%;height: 23px\">60<\/td>\n<\/tr>\n<tr style=\"height: 23px\">\n<td style=\"text-align: center;width: 13.7226%;height: 23px\">2100527<\/td>\n<td style=\"width: 48.4672%;height: 23px\">Sistemas de Colheita da Madeira<\/td>\n<td style=\"text-align: center;width: 13.4307%;height: 23px\">4<\/td>\n<td style=\"text-align: center;width: 22.6277%;height: 23px\">60<\/td>\n<\/tr>\n<tr style=\"height: 23px\">\n<td style=\"text-align: center;width: 13.7226%;height: 23px\">2101599<\/td>\n<td style=\"width: 48.4672%;height: 23px\">Transporte e Log\u00edstica Florestal<\/td>\n<td style=\"text-align: center;width: 13.4307%;height: 23px\">4<\/td>\n<td style=\"text-align: center;width: 22.6277%;height: 23px\">60<\/td>\n<\/tr>\n<tr style=\"height: 23px\">\n<td style=\"text-align: center;width: 13.7226%;height: 23px\">2100547<\/td>\n<td style=\"width: 48.4672%;height: 23px\">T\u00e9cnicas de Amostragem em Levantamentos Florestais<\/td>\n<td style=\"text-align: center;width: 13.4307%;height: 23px\">4<\/td>\n<td style=\"text-align: center;width: 22.6277%;height: 23px\">60<\/td>\n<\/tr>\n<tr style=\"height: 23px\">\n<td style=\"text-align: center;width: 13.7226%;height: 23px\">000<\/td>\n<td style=\"width: 48.4672%;height: 23px\">T\u00f3picos Especiais(*)<\/td>\n<td style=\"text-align: center;width: 13.4307%;height: 23px\">1 a 4<\/td>\n<td style=\"text-align: center;width: 22.6277%;height: 23px\">15 a 60<\/td>\n<\/tr>\n<\/tbody>\n<\/table>\n<p>[\/vc_column_text][\/vc_column][\/vc_row]<\/p>\n<\/div>","protected":false},"excerpt":{"rendered":"<p>[vc_row][vc_column][vc_column_text css=&#8221;&#8221;] As disciplinas do PPGF s\u00e3o ofertadas semestralmente, possuindo carga hor\u00e1ria de 60 horas (4 cr\u00e9ditos), procurando atender \u00e0s linhas e projetos de pesquisas dos alunos dos cursos de mestrado e doutorado. No curso de mestrado, o aluno necessita para a sua forma\u00e7\u00e3o concluir 24 cr\u00e9ditos em disciplinas regulares e o aluno bolsista necessita [&hellip;]<\/p>\n","protected":false},"author":3,"featured_media":0,"parent":749,"menu_order":0,"comment_status":"closed","ping_status":"closed","template":"","meta":{"_exactmetrics_skip_tracking":false,"_exactmetrics_sitenote_active":false,"_exactmetrics_sitenote_note":"","_exactmetrics_sitenote_category":0,"footnotes":"","_links_to":"","_links_to_target":""},"class_list":["post-28","page","type-page","status-publish","hentry"],"_links":{"self":[{"href":"https:\/\/www3.unicentro.br\/ppgf\/wp-json\/wp\/v2\/pages\/28","targetHints":{"allow":["GET"]}}],"collection":[{"href":"https:\/\/www3.unicentro.br\/ppgf\/wp-json\/wp\/v2\/pages"}],"about":[{"href":"https:\/\/www3.unicentro.br\/ppgf\/wp-json\/wp\/v2\/types\/page"}],"author":[{"embeddable":true,"href":"https:\/\/www3.unicentro.br\/ppgf\/wp-json\/wp\/v2\/users\/3"}],"replies":[{"embeddable":true,"href":"https:\/\/www3.unicentro.br\/ppgf\/wp-json\/wp\/v2\/comments?post=28"}],"version-history":[{"count":2,"href":"https:\/\/www3.unicentro.br\/ppgf\/wp-json\/wp\/v2\/pages\/28\/revisions"}],"predecessor-version":[{"id":5268,"href":"https:\/\/www3.unicentro.br\/ppgf\/wp-json\/wp\/v2\/pages\/28\/revisions\/5268"}],"up":[{"embeddable":true,"href":"https:\/\/www3.unicentro.br\/ppgf\/wp-json\/wp\/v2\/pages\/749"}],"wp:attachment":[{"href":"https:\/\/www3.unicentro.br\/ppgf\/wp-json\/wp\/v2\/media?parent=28"}],"curies":[{"name":"wp","href":"https:\/\/api.w.org\/{rel}","templated":true}]}}