{"id":26,"date":"2014-11-19T00:00:00","date_gmt":"2014-11-19T02:00:00","guid":{"rendered":"https:\/\/www3.unicentro.br\/ppgf\/linhas-de-pesquisa\/"},"modified":"2021-12-03T14:09:39","modified_gmt":"2021-12-03T17:09:39","slug":"linhas-de-pesquisa","status":"publish","type":"page","link":"https:\/\/www3.unicentro.br\/ppgf\/proposta-curricular\/linhas-de-pesquisa\/","title":{"rendered":"Linhas de Pesquisa"},"content":{"rendered":"<h3><strong>Manejo de Florestas Naturais: <\/strong><\/h3>\n<p style=\"text-align: justify\">Esta Linha de Pesquisa desenvolve atividades de ensino e pesquisa relacionados \u00e0 din\u00e2mica da floresta e o manejo dos ecossistemas naturais, com \u00eanfase na fitossociologia, din\u00e2mica, desenvolvimento de modelos de crescimento, ingresso e sobreviv\u00eancia, regenera\u00e7\u00e3o, mapeamento e monitoramento, prote\u00e7\u00e3o florestal, gen\u00e9tica e melhoramento, silvicultura urbana, energia de biomassa, e tecnologia de produtos florestais.<\/p>\n<p>&nbsp;<\/p>\n<h3><strong>Manejo de Florestas Plantadas: <\/strong><\/h3>\n<p style=\"text-align: justify\">Esta Linha de Pesquisa desenvolve atividades de ensino e pesquisa relacionados ao gerenciamento e a tecnologia dos plantios florestais, abordando as \u00e1reas de solos e nutri\u00e7\u00e3o, gen\u00e9tica e melhoramento, silvicultura, biometria, modelagem do crescimento e produ\u00e7\u00e3o, planejamento, colheita e log\u00edstica, prote\u00e7\u00e3o florestal, biomassa e carbono, ergonomia, energia de biomassa, e tecnologia de produtos florestais.<\/p>\n","protected":false},"excerpt":{"rendered":"<p>Manejo de Florestas Naturais: Esta Linha de Pesquisa desenvolve atividades de ensino e pesquisa relacionados \u00e0 din\u00e2mica da floresta e o manejo dos ecossistemas naturais, com \u00eanfase na fitossociologia, din\u00e2mica, desenvolvimento de modelos de crescimento, ingresso e sobreviv\u00eancia, regenera\u00e7\u00e3o, mapeamento e monitoramento, prote\u00e7\u00e3o florestal, gen\u00e9tica e melhoramento, silvicultura urbana, energia de biomassa, e tecnologia de [&hellip;]<\/p>\n","protected":false},"author":3,"featured_media":0,"parent":749,"menu_order":0,"comment_status":"closed","ping_status":"closed","template":"","meta":{"_exactmetrics_skip_tracking":false,"_exactmetrics_sitenote_active":false,"_exactmetrics_sitenote_note":"","_exactmetrics_sitenote_category":0,"footnotes":"","_links_to":"","_links_to_target":""},"class_list":["post-26","page","type-page","status-publish","hentry"],"_links":{"self":[{"href":"https:\/\/www3.unicentro.br\/ppgf\/wp-json\/wp\/v2\/pages\/26","targetHints":{"allow":["GET"]}}],"collection":[{"href":"https:\/\/www3.unicentro.br\/ppgf\/wp-json\/wp\/v2\/pages"}],"about":[{"href":"https:\/\/www3.unicentro.br\/ppgf\/wp-json\/wp\/v2\/types\/page"}],"author":[{"embeddable":true,"href":"https:\/\/www3.unicentro.br\/ppgf\/wp-json\/wp\/v2\/users\/3"}],"replies":[{"embeddable":true,"href":"https:\/\/www3.unicentro.br\/ppgf\/wp-json\/wp\/v2\/comments?post=26"}],"version-history":[{"count":0,"href":"https:\/\/www3.unicentro.br\/ppgf\/wp-json\/wp\/v2\/pages\/26\/revisions"}],"up":[{"embeddable":true,"href":"https:\/\/www3.unicentro.br\/ppgf\/wp-json\/wp\/v2\/pages\/749"}],"wp:attachment":[{"href":"https:\/\/www3.unicentro.br\/ppgf\/wp-json\/wp\/v2\/media?parent=26"}],"curies":[{"name":"wp","href":"https:\/\/api.w.org\/{rel}","templated":true}]}}