{"id":25,"date":"2014-11-19T00:00:00","date_gmt":"2014-11-19T02:00:00","guid":{"rendered":"https:\/\/www3.unicentro.br\/ppgf\/area-de-concentracao\/"},"modified":"2021-12-03T14:08:28","modified_gmt":"2021-12-03T17:08:28","slug":"area-de-concentracao","status":"publish","type":"page","link":"https:\/\/www3.unicentro.br\/ppgf\/proposta-curricular\/area-de-concentracao\/","title":{"rendered":"\u00c1rea de Concentra\u00e7\u00e3o"},"content":{"rendered":"<h3><strong>Manejo Sustent\u00e1vel de Recursos Florestais<\/strong><\/h3>\n<p style=\"text-align: justify\">A regi\u00e3o Sul do Brasil possui grande voca\u00e7\u00e3o florestal, sendo caracterizada por importantes remanescentes da floresta ombr\u00f3fila mista e por importantes empresas de base florestal com plantios de pinus e eucaliptos. O setor florestal nesta regi\u00e3o \u00e9 caracterizado pela produ\u00e7\u00e3o, utiliza\u00e7\u00e3o e mercado de produtos florestais madeireiros e n\u00e3o madeireiros, conserva\u00e7\u00e3o e preserva\u00e7\u00e3o dos recursos naturais. Neste sentido, o Programa tem sua estrutura curricular voltada para atender a \u00e1rea de concentra\u00e7\u00e3o \u201cManejo Sustent\u00e1vel de Recursos Florestais\u201d, que prev\u00ea a realiza\u00e7\u00e3o de estudos e o desenvolvimento de pesquisas em florestas naturais e plantadas, buscando a preserva\u00e7\u00e3o, a conserva\u00e7\u00e3o e o manejo sustent\u00e1vel dessas tipologias florestais.<\/p>\n","protected":false},"excerpt":{"rendered":"<p>Manejo Sustent\u00e1vel de Recursos Florestais A regi\u00e3o Sul do Brasil possui grande voca\u00e7\u00e3o florestal, sendo caracterizada por importantes remanescentes da floresta ombr\u00f3fila mista e por importantes empresas de base florestal com plantios de pinus e eucaliptos. O setor florestal nesta regi\u00e3o \u00e9 caracterizado pela produ\u00e7\u00e3o, utiliza\u00e7\u00e3o e mercado de produtos florestais madeireiros e n\u00e3o madeireiros, [&hellip;]<\/p>\n","protected":false},"author":3,"featured_media":0,"parent":749,"menu_order":0,"comment_status":"closed","ping_status":"closed","template":"","meta":{"_exactmetrics_skip_tracking":false,"_exactmetrics_sitenote_active":false,"_exactmetrics_sitenote_note":"","_exactmetrics_sitenote_category":0,"footnotes":"","_links_to":"","_links_to_target":""},"class_list":["post-25","page","type-page","status-publish","hentry"],"_links":{"self":[{"href":"https:\/\/www3.unicentro.br\/ppgf\/wp-json\/wp\/v2\/pages\/25","targetHints":{"allow":["GET"]}}],"collection":[{"href":"https:\/\/www3.unicentro.br\/ppgf\/wp-json\/wp\/v2\/pages"}],"about":[{"href":"https:\/\/www3.unicentro.br\/ppgf\/wp-json\/wp\/v2\/types\/page"}],"author":[{"embeddable":true,"href":"https:\/\/www3.unicentro.br\/ppgf\/wp-json\/wp\/v2\/users\/3"}],"replies":[{"embeddable":true,"href":"https:\/\/www3.unicentro.br\/ppgf\/wp-json\/wp\/v2\/comments?post=25"}],"version-history":[{"count":0,"href":"https:\/\/www3.unicentro.br\/ppgf\/wp-json\/wp\/v2\/pages\/25\/revisions"}],"up":[{"embeddable":true,"href":"https:\/\/www3.unicentro.br\/ppgf\/wp-json\/wp\/v2\/pages\/749"}],"wp:attachment":[{"href":"https:\/\/www3.unicentro.br\/ppgf\/wp-json\/wp\/v2\/media?parent=25"}],"curies":[{"name":"wp","href":"https:\/\/api.w.org\/{rel}","templated":true}]}}