{"id":24,"date":"2014-11-19T00:00:00","date_gmt":"2014-11-19T02:00:00","guid":{"rendered":"https:\/\/www3.unicentro.br\/ppgf\/coordenacao\/"},"modified":"2026-01-20T15:08:56","modified_gmt":"2026-01-20T18:08:56","slug":"coordenacao","status":"publish","type":"page","link":"https:\/\/www3.unicentro.br\/ppgf\/o-programa\/coordenacao\/","title":{"rendered":"Coordena\u00e7\u00e3o"},"content":{"rendered":"<p>O Programa de P\u00f3s-Gradua\u00e7\u00e3o em Ci\u00eancias Florestais \u00e9 administrado pelo Coordenador e Vice-Coordenadora e as delibera\u00e7\u00f5es s\u00e3o tomadas pelo Colegiado.<\/p>\n<p style=\"padding-left: 40px\"><strong>Coordenador<\/strong><br \/>\nProf. Dr. Rog\u00e9rio Bobrowski <a href=\"https:\/\/www3.unicentro.br\/ppgf\/wp-content\/uploads\/sites\/96\/2026\/01\/Portaria-N\u00b0-30-PROPESP-UNICENTRO-Colegiado-PPGF.pdf\">(Portaria)<\/a><\/p>\n<p style=\"padding-left: 40px\"><strong>Vice-Coordenadora<br \/>\n<\/strong>Prof\u00aa. Dra. Daniele Ukan <a href=\"https:\/\/www3.unicentro.br\/ppgf\/wp-content\/uploads\/sites\/96\/2026\/01\/Portaria-N\u00b0-30-PROPESP-UNICENTRO-Colegiado-PPGF.pdf\">(Portaria)<\/a><\/p>\n<p style=\"padding-left: 40px\"><strong>Chefe da Divis\u00e3o de Secretaria\u00a0<\/strong><br \/>\nAlexandre Techy de Almeida Garrett\u00a0 <a href=\"https:\/\/www3.unicentro.br\/ppgf\/wp-content\/uploads\/sites\/96\/2026\/01\/Portaria-1589-GR-UNICENTRO-Chefia-Secretaria-Alexandre-Garrett.pdf\">(Portaria)<\/a><\/p>\n<p>&nbsp;<\/p>\n","protected":false},"excerpt":{"rendered":"<p>O Programa de P\u00f3s-Gradua\u00e7\u00e3o em Ci\u00eancias Florestais \u00e9 administrado pelo Coordenador e Vice-Coordenadora e as delibera\u00e7\u00f5es s\u00e3o tomadas pelo Colegiado. Coordenador Prof. Dr. Rog\u00e9rio Bobrowski (Portaria) Vice-Coordenadora Prof\u00aa. Dra. Daniele Ukan (Portaria) Chefe da Divis\u00e3o de Secretaria\u00a0 Alexandre Techy de Almeida Garrett\u00a0 (Portaria) &nbsp;<\/p>\n","protected":false},"author":3,"featured_media":0,"parent":90,"menu_order":0,"comment_status":"closed","ping_status":"closed","template":"","meta":{"_exactmetrics_skip_tracking":false,"_exactmetrics_sitenote_active":false,"_exactmetrics_sitenote_note":"","_exactmetrics_sitenote_category":0,"footnotes":"","_links_to":"","_links_to_target":""},"class_list":["post-24","page","type-page","status-publish","hentry"],"_links":{"self":[{"href":"https:\/\/www3.unicentro.br\/ppgf\/wp-json\/wp\/v2\/pages\/24","targetHints":{"allow":["GET"]}}],"collection":[{"href":"https:\/\/www3.unicentro.br\/ppgf\/wp-json\/wp\/v2\/pages"}],"about":[{"href":"https:\/\/www3.unicentro.br\/ppgf\/wp-json\/wp\/v2\/types\/page"}],"author":[{"embeddable":true,"href":"https:\/\/www3.unicentro.br\/ppgf\/wp-json\/wp\/v2\/users\/3"}],"replies":[{"embeddable":true,"href":"https:\/\/www3.unicentro.br\/ppgf\/wp-json\/wp\/v2\/comments?post=24"}],"version-history":[{"count":2,"href":"https:\/\/www3.unicentro.br\/ppgf\/wp-json\/wp\/v2\/pages\/24\/revisions"}],"predecessor-version":[{"id":5566,"href":"https:\/\/www3.unicentro.br\/ppgf\/wp-json\/wp\/v2\/pages\/24\/revisions\/5566"}],"up":[{"embeddable":true,"href":"https:\/\/www3.unicentro.br\/ppgf\/wp-json\/wp\/v2\/pages\/90"}],"wp:attachment":[{"href":"https:\/\/www3.unicentro.br\/ppgf\/wp-json\/wp\/v2\/media?parent=24"}],"curies":[{"name":"wp","href":"https:\/\/api.w.org\/{rel}","templated":true}]}}