{"id":23,"date":"2014-11-19T00:00:00","date_gmt":"2014-11-19T02:00:00","guid":{"rendered":"https:\/\/www3.unicentro.br\/ppgf\/objetivos\/"},"modified":"2021-12-03T14:37:01","modified_gmt":"2021-12-03T17:37:01","slug":"objetivos","status":"publish","type":"page","link":"https:\/\/www3.unicentro.br\/ppgf\/o-programa\/objetivos\/","title":{"rendered":"Objetivos"},"content":{"rendered":"<p style=\"text-align: justify\">O Programa de P\u00f3s-gradua\u00e7\u00e3o <em>Stricto Sensu<\/em> em Ci\u00eancias Florestais da Universidade Estadual do Centro-Oeste, Unicentro, tem por objetivo geral oferecer conhecimentos cient\u00edfico e tecnol\u00f3gico para a capacita\u00e7\u00e3o de recursos humanos altamente qualificados, de modo a atuar na doc\u00eancia, na pesquisa e como profissionais no mercado de trabalho, contribuindo para a produ\u00e7\u00e3o e a dissemina\u00e7\u00e3o do conhecimento e o desenvolvimento da sociedade do estado do Paran\u00e1 e do Brasil.<\/p>\n<p>Os objetivos espec\u00edficos s\u00e3o:<\/p>\n<ol>\n<li style=\"text-align: justify\">Oferecer conhecimentos t\u00e9cnicos e cient\u00edficos adequados aos discentes, permitindo uma forma\u00e7\u00e3o de excel\u00eancia para o mercado de trabalho, e estimulando-os ao desenvolvimento da doc\u00eancia, de pesquisa b\u00e1sica, aplicada e de inova\u00e7\u00e3o, bem como a coloca\u00e7\u00e3o no mercado de profissionais de excel\u00eancia;<\/li>\n<li style=\"text-align: justify\">Ampliar a contribui\u00e7\u00e3o da institui\u00e7\u00e3o nas \u00e1reas do ensino e da pesquisa, formando recursos humanos de excel\u00eancia, gerando tecnologia para aplica\u00e7\u00e3o na sociedade brasileira;<\/li>\n<li style=\"text-align: justify\">Contribuir na atualiza\u00e7\u00e3o dos conhecimentos do corpo docente, tornando-os aptos a fomentar novas linhas de investiga\u00e7\u00e3o e de cria\u00e7\u00e3o; e<\/li>\n<li style=\"text-align: justify\">Contribuir para o desenvolvimento regional e nacional, por meio da transfer\u00eancia de conhecimentos e tecnologias para a melhoria na qualidade vida da sociedade brasileira.<\/li>\n<\/ol>\n","protected":false},"excerpt":{"rendered":"<p>O Programa de P\u00f3s-gradua\u00e7\u00e3o Stricto Sensu em Ci\u00eancias Florestais da Universidade Estadual do Centro-Oeste, Unicentro, tem por objetivo geral oferecer conhecimentos cient\u00edfico e tecnol\u00f3gico para a capacita\u00e7\u00e3o de recursos humanos altamente qualificados, de modo a atuar na doc\u00eancia, na pesquisa e como profissionais no mercado de trabalho, contribuindo para a produ\u00e7\u00e3o e a dissemina\u00e7\u00e3o do [&hellip;]<\/p>\n","protected":false},"author":3,"featured_media":0,"parent":90,"menu_order":0,"comment_status":"closed","ping_status":"closed","template":"","meta":{"_exactmetrics_skip_tracking":false,"_exactmetrics_sitenote_active":false,"_exactmetrics_sitenote_note":"","_exactmetrics_sitenote_category":0,"footnotes":"","_links_to":"","_links_to_target":""},"class_list":["post-23","page","type-page","status-publish","hentry"],"_links":{"self":[{"href":"https:\/\/www3.unicentro.br\/ppgf\/wp-json\/wp\/v2\/pages\/23","targetHints":{"allow":["GET"]}}],"collection":[{"href":"https:\/\/www3.unicentro.br\/ppgf\/wp-json\/wp\/v2\/pages"}],"about":[{"href":"https:\/\/www3.unicentro.br\/ppgf\/wp-json\/wp\/v2\/types\/page"}],"author":[{"embeddable":true,"href":"https:\/\/www3.unicentro.br\/ppgf\/wp-json\/wp\/v2\/users\/3"}],"replies":[{"embeddable":true,"href":"https:\/\/www3.unicentro.br\/ppgf\/wp-json\/wp\/v2\/comments?post=23"}],"version-history":[{"count":0,"href":"https:\/\/www3.unicentro.br\/ppgf\/wp-json\/wp\/v2\/pages\/23\/revisions"}],"up":[{"embeddable":true,"href":"https:\/\/www3.unicentro.br\/ppgf\/wp-json\/wp\/v2\/pages\/90"}],"wp:attachment":[{"href":"https:\/\/www3.unicentro.br\/ppgf\/wp-json\/wp\/v2\/media?parent=23"}],"curies":[{"name":"wp","href":"https:\/\/api.w.org\/{rel}","templated":true}]}}